{"id":46861,"date":"2025-07-29T21:34:04","date_gmt":"2025-07-29T13:34:04","guid":{"rendered":"https:\/\/aiviouvapes.com\/?post_type=product&#038;p=46861"},"modified":"2026-04-17T13:00:41","modified_gmt":"2026-04-17T05:00:41","slug":"bang-blaze-starry-50000","status":"publish","type":"product","link":"https:\/\/aiviouvapes.com\/sl\/product\/bang-blaze-starry-50000\/","title":{"rendered":"Bang Blaze Starry 50000 Puffs | dvodelni na\u010din za enkratno uporabo vape na debelo"},"content":{"rendered":"<h2>Zakaj izbrati Bang Blaze Starry 50000?<\/h2>\n<ul>\n<li><strong>\ud83d\udca5 Dominantnost dvojnega na\u010dina:<\/strong> Nemoteno preklapljajte med dolgotrajnimi <strong>Obi\u010dajni na\u010din (50k puffov)<\/strong> za dosledno u\u017eivanje in mo\u010dan <strong>Pulzni na\u010din (25k vdihov)<\/strong> za intenzivnej\u0161i okus in ve\u010djo koli\u010dino pare.<\/li>\n<li><strong>\ud83d\udd0b Ekstremna dolgo\u017eivost:<\/strong> Ta naprava z neverjetno zmogljivostjo 50 000 izpihov in baterijo s 550 mAh za ponovno polnjenje je izdelana za dolgo \u017eivljenjsko dobo, zagotavlja neprimerljivo vrednost in zmanj\u0161uje potrebo po pogostih zamenjavah.<\/li>\n<li><strong>\u2699\ufe0f Napredna tehnologija VPU:<\/strong> Spoznajte prihodnost vapinga. Vgrajena enota za obdelavo vapinga zagotavlja vrhunsko skladnost okusa, bogatej\u0161o proizvodnjo pare in optimizirano upravljanje energije za vsakokratno brezhibno seanso.<\/li>\n<li><strong>\ud83d\udca1 Pametno in varno delovanje:<\/strong> Kristalno jasen zaslon LED vas na prvi pogled obve\u0161\u010da o stanju baterije in e-teko\u010dine, medtem ko na\u010din \"Zapri\", ki je za\u0161\u010diten pred otroki, zagotavlja miren spanec.<\/li>\n<li><strong>\ud83d\udce6 Pripravljeni na poslovanje:<\/strong> Bang Blaze Starry 50000 je pakiran v priro\u010dne \u0161katle po 10 kosov in je popolnoma optimiziran za trgovine z vapeji, distributerje in veleprodajne kupce, ki \u017eelijo imeti na zalogi izdelek z visokim povpra\u0161evanjem in visoko zmogljivostjo.<\/li>\n<\/ul>\n<p>Bang Blaze Starry 50000 je vrhunska naprava za zahtevne uporabnike, ki zahtevajo dolgo \u017eivljenjsko dobo, in lovce na intenzivne okuse. Zaradi visokega \u0161tevila puhov in zanesljivega delovanja je obvezna oprema v vsaki trgovini z vape opremo. Na voljo je v 10 pakiranjih, zato je popolnoma optimiziran za distribucijo na debelo. Pove\u010dajte svojo zalogo in svojim strankam ponudite naslednjo veliko stvar na podro\u010dju vapinga!<\/p>\n<h3>Izbruhajte z neprimerljivo mo\u010djo in okusom \ud83d\ude80<\/h3>\n<p>Pripravite se na vzlet! Bang Blaze Starry 50000 je tu, da revolucionarno spremeni va\u0161e potovanje z vapingom. Ta naprava je zasnovana za popolno zadovoljstvo z astronomskim \u0161tevilom 50.000 vdihov v obi\u010dajnem na\u010dinu in intenzivnim pulznim na\u010dinom za lovce na okuse. Z ble\u0161\u010de\u010dim zaslonom LED in vrhunsko tehnologijo VPU je vsak pokuri\u010dek do\u017eivetje, ki ga krasijo zvezde. \u2728 To je novo merilo za zmogljivost, dolgotrajnost in okus.<\/p>\n<h3>Specifikacije izdelka<\/h3>\n<p>Bang Blaze Starry 50000 je zasnovan za dolgo \u017eivljenjsko dobo in zmogljivost ter ima inovativno tehnologijo VPU za dosleden okus in paro. Pametni zaslon LED vas obve\u0161\u010da o dogajanju, medtem ko vam funkcija dveh na\u010dinov omogo\u010da, da prilagodite svojo seanso vapiranja. Z baterijo za ponovno polnjenje in zaklepom, varnim pred otroki, je to vrhunska kombinacija mo\u010di, varnosti in udobja.<\/p>\n<table>\n<tbody>\n<tr>\n<th>Funkcija<\/th>\n<th>Specifikacija<\/th>\n<\/tr>\n<tr>\n<td><strong>\u0160tevilo puffov<\/strong><\/td>\n<td>Obi\u010dajni na\u010din: 50.000 vdihov | Pulzni na\u010din: 25.000 vdihov<\/td>\n<\/tr>\n<tr>\n<td><strong>Mo\u017enosti na\u010dina<\/strong><\/td>\n<td>1. Zapri (za\u0161\u010dita pred otroki) | 2. Obi\u010dajni na\u010din | 3. Pulzni na\u010din<\/td>\n<\/tr>\n<tr>\n<td><strong>Mo\u010d nikotina<\/strong><\/td>\n<td>2% \/ 3% \/ 5%<\/td>\n<\/tr>\n<tr>\n<td><strong>Baterija<\/strong><\/td>\n<td>550 mAh za polnjenje<\/td>\n<\/tr>\n<tr>\n<td><strong>Tehnologija tuljave<\/strong><\/td>\n<td>Dvojna mre\u017ena tuljava<\/td>\n<\/tr>\n<tr>\n<td><strong>Osnovna tehnologija<\/strong><\/td>\n<td>VPU (Vape Processing Unit) v notranjosti<\/td>\n<\/tr>\n<tr>\n<td><strong>Prikaz<\/strong><\/td>\n<td>Pametni zaslon LED (za stanje baterije in e-teko\u010dine)<\/td>\n<\/tr>\n<tr>\n<td><strong>Polnilna vrata<\/strong><\/td>\n<td>Type-C<\/td>\n<\/tr>\n<tr>\n<td><strong>Veleprodajno pakiranje<\/strong><\/td>\n<td>10 kosov \/ prikazovalnik<\/td>\n<\/tr>\n<\/tbody>\n<\/table>\n<h3>Vesolje okusov \ud83c\udf0c<\/h3>\n<p>Spoznajte 12 zvezdni\u0161kih okusov, izdelanih do popolnosti, za nepozabno do\u017eivetje okusa. Vsak je zasnovan tako, da je \u017eivahen in skladen od prvega do zadnjega izdiha.<br \/>\nlubenica, jagodna lubenica, borovni\u010dev led, borovni\u010deva malina, Love 66, brusni\u010dni grozdni led, breskov led, jagodni mango, trojno jagodi\u010dje, mango breskev, poletni \u010das, ananasov kokos.<\/p>\n<h3>Pogosto zastavljena vpra\u0161anja<\/h3>\n<p><strong>V: Kako preklopim med obi\u010dajnim in pulznim na\u010dinom?<\/strong><br \/>\nO: Naprava ima obi\u010dajno preprost gumb za upravljanje. Posebno zaporedje je navedeno v priro\u010dniku za uporabo, vendar je ponavadi potrebno nekaj hitrih klikov za preklop med na\u010dini zapiranja, rednega delovanja in pulziranja.<\/p>\n<p><strong>V: Kaj je tehnologija VPU?<\/strong><br \/>\nO: VPU je kratica za Vape Processing Unit. Gre za napreden mikroprocesor, ki nadzoruje izhodno mo\u010d in doslednost segrevanja, kar zagotavlja bistveno bolj\u0161i okus in proizvodnjo pare v celotni \u017eivljenjski dobi naprave.<\/p>\n<p><strong>V: Kaj po\u010dne na\u010din \"Zapri\"?<\/strong><br \/>\nO: Na\u010din \"Zapri\" je varnostna funkcija za otroke. Ko je aktiviran, deaktivira napravo, da prepre\u010di nenamerno uporabo, zaradi \u010desar je varnej\u0161a za prena\u0161anje in shranjevanje.<\/p>\n<p><strong>V: Koliko naprav je v veleprodajnem paketu?<\/strong><br \/>\nO: Blaze Starry 50000 Bang je pakiran v razstavnih \u0161katlah z 10 posameznimi napravami, kar olaj\u0161a upravljanje zalog in razstavljanje v maloprodaji.<\/p>","protected":false},"excerpt":{"rendered":"<p>Odkrijte Bang Blaze Starry 50000, vape za enkratno uporabo z visokim izpuhom in na\u010dinoma Regular (50k) in Pulse (25k). Ima pametni zaslon LED, tehnologijo VPU in je na voljo za prodajo na debelo.<\/p>","protected":false},"featured_media":46870,"comment_status":"open","ping_status":"closed","template":"","meta":[],"product_brand":[239],"product_cat":[37,137,146,138,141,143],"product_tag":[],"class_list":{"0":"post-46861","1":"product","2":"type-product","3":"status-publish","4":"has-post-thumbnail","6":"product_brand-bang","7":"product_cat-bang","8":"product_cat-disposable-vapes-in-germany","9":"product_cat-disposable-vapes-in-hungary","10":"product_cat-disposable-vapes-in-ltaly","11":"product_cat-disposable-vapes-in-poland","12":"product_cat-disposable-vapes-in-spain","14":"first","15":"instock","16":"shipping-taxable","17":"purchasable","18":"product-type-variable","19":"has-default-attributes"},"jetpack_sharing_enabled":true,"tiered_pricing_type":"fixed","tiered_pricing_fixed_rules":{"30":8.5600000000000004973799150320701301097869873046875,"50":6.7400000000000002131628207280300557613372802734375,"100":6.089999999999999857891452847979962825775146484375,"200":5.70000000000000017763568394002504646778106689453125,"400":5.25},"tiered_pricing_product_settings":{"layout":"default","base_unit_name":{"singular":null,"plural":null},"default_variation":null},"tiered_pricing_minimum_quantity":10,"tiered_pricing_roles_data":[],"tiered_pricing_percentage_rules":[],"tiered_pricing_maximum_quantity":null,"tiered_pricing_quantity_step":"10","_links":{"self":[{"href":"https:\/\/aiviouvapes.com\/sl\/wp-json\/wp\/v2\/product\/46861","targetHints":{"allow":["GET"]}}],"collection":[{"href":"https:\/\/aiviouvapes.com\/sl\/wp-json\/wp\/v2\/product"}],"about":[{"href":"https:\/\/aiviouvapes.com\/sl\/wp-json\/wp\/v2\/types\/product"}],"replies":[{"embeddable":true,"href":"https:\/\/aiviouvapes.com\/sl\/wp-json\/wp\/v2\/comments?post=46861"}],"wp:featuredmedia":[{"embeddable":true,"href":"https:\/\/aiviouvapes.com\/sl\/wp-json\/wp\/v2\/media\/46870"}],"wp:attachment":[{"href":"https:\/\/aiviouvapes.com\/sl\/wp-json\/wp\/v2\/media?parent=46861"}],"wp:term":[{"taxonomy":"product_brand","embeddable":true,"href":"https:\/\/aiviouvapes.com\/sl\/wp-json\/wp\/v2\/product_brand?post=46861"},{"taxonomy":"product_cat","embeddable":true,"href":"https:\/\/aiviouvapes.com\/sl\/wp-json\/wp\/v2\/product_cat?post=46861"},{"taxonomy":"product_tag","embeddable":true,"href":"https:\/\/aiviouvapes.com\/sl\/wp-json\/wp\/v2\/product_tag?post=46861"}],"curies":[{"name":"wp","href":"https:\/\/api.w.org\/{rel}","templated":true}]}}