{"id":41846,"date":"2025-07-04T09:51:19","date_gmt":"2025-07-04T01:51:19","guid":{"rendered":"https:\/\/aiviouvapes.com\/?post_type=product&#038;p=41846"},"modified":"2026-03-24T11:26:56","modified_gmt":"2026-03-24T03:26:56","slug":"bang-blaze-60k-shisha","status":"publish","type":"product","link":"https:\/\/aiviouvapes.com\/sl\/product\/bang-blaze-60k-shisha\/","title":{"rendered":"Bang Blaze 60K Shisha 60000 Puffs | dolgotrajen vape za enkratno uporabo"},"content":{"rendered":"<h3>Zakaj izbrati Bang Blaze 60K Shisha?<\/h3>\n<ul>\n<li>\ud83d\ude80 Velika zmogljivost 60.000 izpihov za dalj\u0161o uporabo<\/li>\n<li>\ud83c\udf53 Sve\u017ei okusi za neskon\u010dne kombinacije okusov<\/li>\n<li>\u26a1 Akumulatorska baterija 1000 mAh s hitrim polnjenjem tipa C<\/li>\n<li>\ud83d\udd0d Pametni zaslon LED za enostavno spremljanje stanja baterije in soka<\/li>\n<li>\ud83d\udc8e Kristalno prozorno ohi\u0161je za eleganten, vrhunski videz<\/li>\n<li>\ud83c\udf2c\ufe0f Gladki in zadovoljivi udarci DTL (Direct-To-Lung) z 0,6\u03a9 mre\u017easto tuljavo<\/li>\n<li>\ud83d\udce6 Veleprodaji prijazna embala\u017ea za la\u017ejo distribucijo<\/li>\n<\/ul>\n<p>The <strong>Bang Blaze 60K Shisha<\/strong> je ustvarjen za zahtevne uporabnike, lovce na okuse in vape podjetja, ki potrebujejo zmogljiv in vsestranski vape za enkratno uporabo, ki nikoli ne razo\u010dara. Ne glede na to, ali si delate zaloge za svojo trgovino ali i\u0161\u010dete napravo z neverjetnimi funkcijami, ta mojstrovina, navdihnjena s \u0161i\u0161o, vsaki\u010d zagotavlja dosledno delovanje in neprekosljivo zadovoljstvo z okusom.<\/p>\n<h2>\ud83d\udd25 Predstavljamo \u0161i\u0161o Bang Blaze 60K! \ud83d\udd25<\/h2>\n<p>\ud83d\udca8 Ste pripravljeni, da vaping v slogu shisha dvignete na vi\u0161jo raven? Spoznajte <strong>Bang Blaze 60K Shisha<\/strong> - najsodobnej\u0161i vape za enkratno uporabo z izjemno zmogljivostjo 60.000 izpuhov in zmogljivo 1000 mAh akumulatorsko baterijo. Ne glede na to, ali ste navdu\u0161enec nad okusom ali te\u017eaven vaper, ta kristalno \u010dista mo\u010d z zaslonom LED zagotavlja drzen okus in gladke oblake vsaki\u010d znova. Idealen za preprodajalce, trgovce na debelo in vse, ki \u017eelijo u\u017eivati v najbolj\u0161i izku\u0161nji vapanja, navdihnjeni s \u0161i\u0161o, na trgu!<\/p>\n<h3>Specifikacije<\/h3>\n<table>\n<tbody>\n<tr>\n<th>Kapaciteta Puff<\/th>\n<td>Do 60.000 vdihov<\/td>\n<\/tr>\n<tr>\n<th>Kapaciteta e-teko\u010dine<\/th>\n<td>40 ml<\/td>\n<\/tr>\n<tr>\n<th>Baterija<\/th>\n<td>1000 mAh, tip C za polnjenje<\/td>\n<\/tr>\n<tr>\n<th>Vrsta tuljave<\/th>\n<td>0.6\u03a9 Mesh Coil<\/td>\n<\/tr>\n<tr>\n<th>Mo\u017enosti nikotina<\/th>\n<td>0%, 2%, 3%, 5%<\/td>\n<\/tr>\n<tr>\n<th>Prikaz<\/th>\n<td>Pametni zaslon LED<\/td>\n<\/tr>\n<tr>\n<th>Oblikovanje<\/th>\n<td>Kristalno \u010disto telo<\/td>\n<\/tr>\n<tr>\n<th>Pakiranje<\/th>\n<td>8 kosov\/paket<\/td>\n<\/tr>\n<\/tbody>\n<\/table>\n<h3>Seznam okusov<\/h3>\n<p>Hladna meta<br \/>\nDvojno jabolko<br \/>\njagoda kivi<br \/>\nlubenica jagoda melona<br \/>\nMe\u0161ano jagodi\u010devje<br \/>\nRjavi ale<br \/>\nCherry Mint<br \/>\nBreskev mango lubenica<br \/>\nModri razz<br \/>\nPasijonka<\/p>","protected":false},"excerpt":{"rendered":"<p>Bang Blaze 60K Shisha vape za enkratno uporabo zagotavlja do 60.000 vdihov z dvojnimi okusi, zmogljivo 1000 mAh baterijo in 0,6\u03a9 mre\u017easto tuljavo - kot nala\u0161\u010d za intenzivne vaperje, vape trgovine in trgovce na debelo.<\/p>","protected":false},"featured_media":41847,"comment_status":"open","ping_status":"closed","template":"","meta":[],"product_brand":[239],"product_cat":[37,320,137,146,138,141,143],"product_tag":[],"class_list":{"0":"post-41846","1":"product","2":"type-product","3":"status-publish","4":"has-post-thumbnail","6":"product_brand-bang","7":"product_cat-bang","8":"product_cat-best-disposable-vapes","9":"product_cat-disposable-vapes-in-germany","10":"product_cat-disposable-vapes-in-hungary","11":"product_cat-disposable-vapes-in-ltaly","12":"product_cat-disposable-vapes-in-poland","13":"product_cat-disposable-vapes-in-spain","15":"first","16":"instock","17":"shipping-taxable","18":"purchasable","19":"product-type-variable","20":"has-default-attributes"},"jetpack_sharing_enabled":true,"tiered_pricing_type":"fixed","tiered_pricing_fixed_rules":{"30":9.3300000000000000710542735760100185871124267578125,"50":7.519999999999999573674358543939888477325439453125,"100":6.87000000000000010658141036401502788066864013671875,"200":6.61000000000000031974423109204508364200592041015625,"400":6.089999999999999857891452847979962825775146484375},"tiered_pricing_product_settings":{"layout":"default","base_unit_name":{"singular":null,"plural":null},"default_variation":null},"tiered_pricing_minimum_quantity":10,"tiered_pricing_roles_data":[],"tiered_pricing_percentage_rules":[],"tiered_pricing_maximum_quantity":null,"tiered_pricing_quantity_step":"10","_links":{"self":[{"href":"https:\/\/aiviouvapes.com\/sl\/wp-json\/wp\/v2\/product\/41846","targetHints":{"allow":["GET"]}}],"collection":[{"href":"https:\/\/aiviouvapes.com\/sl\/wp-json\/wp\/v2\/product"}],"about":[{"href":"https:\/\/aiviouvapes.com\/sl\/wp-json\/wp\/v2\/types\/product"}],"replies":[{"embeddable":true,"href":"https:\/\/aiviouvapes.com\/sl\/wp-json\/wp\/v2\/comments?post=41846"}],"wp:featuredmedia":[{"embeddable":true,"href":"https:\/\/aiviouvapes.com\/sl\/wp-json\/wp\/v2\/media\/41847"}],"wp:attachment":[{"href":"https:\/\/aiviouvapes.com\/sl\/wp-json\/wp\/v2\/media?parent=41846"}],"wp:term":[{"taxonomy":"product_brand","embeddable":true,"href":"https:\/\/aiviouvapes.com\/sl\/wp-json\/wp\/v2\/product_brand?post=41846"},{"taxonomy":"product_cat","embeddable":true,"href":"https:\/\/aiviouvapes.com\/sl\/wp-json\/wp\/v2\/product_cat?post=41846"},{"taxonomy":"product_tag","embeddable":true,"href":"https:\/\/aiviouvapes.com\/sl\/wp-json\/wp\/v2\/product_tag?post=41846"}],"curies":[{"name":"wp","href":"https:\/\/api.w.org\/{rel}","templated":true}]}}