{"id":41615,"date":"2025-07-02T00:17:15","date_gmt":"2025-07-01T16:17:15","guid":{"rendered":"https:\/\/aiviouvapes.com\/?post_type=product&#038;p=41615"},"modified":"2026-04-15T09:06:42","modified_gmt":"2026-04-15T01:06:42","slug":"bang-king-triple-flavors-85000","status":"publish","type":"product","link":"https:\/\/aiviouvapes.com\/sl\/product\/bang-king-triple-flavors-85000\/","title":{"rendered":"Bang King 85K 3-v-1 85000 Puffs | trikratni okus za enkratno uporabo"},"content":{"rendered":"<h2>\ud83c\udf89 <strong>Zakaj kupiti Bang King 85K?<\/strong><\/h2>\n<p>\u010ce si \u017eelite dolgotrajnega in mo\u010dnega vapinga z izjemno prilagodljivostjo okusa, je Bang King 85K va\u0161 novi najbolj\u0161i prijatelj. U\u017eivajte na <strong>85.000 izpuhov<\/strong>, ogromno <strong>63 ml<\/strong> skupno zmogljivost e-teko\u010dine in mo\u017enost preklapljanja med tremi nastavljivimi okusi. Ne glede na to, ali imate radi sadne, ledene ali s sodo navdihnjene me\u0161anice, ta vape s trojno mre\u017easto tuljavo zagotavlja gladke in konsistentne oblake pri vsakem zadetku. Idealen za kupce v velikih koli\u010dinah, trgovce na drobno ali intenzivne vaperje, ki i\u0161\u010dejo zanesljive in zadovoljujo\u010de seanse.<\/p>\n<h3>\ud83d\udd0d <strong>Specifikacije<\/strong><\/h3>\n<ul>\n<li><strong>Mo\u010d nikotina:<\/strong> 0% \/ 2% \/ 3% \/ 5%<\/li>\n<li><strong>\u0160tevilo puffov:<\/strong> 85.000 izpuhov<\/li>\n<li><strong>Okusi Prilagoditi:<\/strong> 3 nastavljivi okusi<\/li>\n<li><strong>Kapaciteta e-teko\u010dine:<\/strong> 21 ml \u00d7 3 (skupaj 63 ml)<\/li>\n<li><strong>Zmogljivost baterije:<\/strong> 600 mAh za polnjenje<\/li>\n<li><strong>Vrsta tuljave:<\/strong> Trojna mre\u017ena tuljava (1,0\u03a9)<\/li>\n<li><strong>Zaslon:<\/strong> Zaslon LED<\/li>\n<li><strong>Polnjenje:<\/strong> Type-C<\/li>\n<li><strong>Pakiranje:<\/strong> 10 kosov v paketu<\/li>\n<li><strong>Mo\u017enosti okusa:<\/strong> 16 kombinacij s trojnim okusom<\/li>\n<\/ul>\n<h3>\ud83c\udf08 <strong>Mo\u017enosti okusa<\/strong><\/h3>\n<p>Spoznajte te omamne kombinacije, ki bodo zadovoljile vsak okus:<\/p>\n<ul>\n<li>Ledena lubenica &amp; Red Bull &amp; jagodni kivi<\/li>\n<li>Jagodno-vaniljeva kokakola &amp; Black Dragon Ice &amp; Peach Ice<\/li>\n<li>Blueberry Ice &amp; Lemon Lime &amp; Strawberry Watermelon<\/li>\n<li>Kivi Pasijonka Guava &amp; Lush Ice &amp; Straw Mango<\/li>\n<li>Jagodna banana in roza limonada ter malinova lubenica<\/li>\n<li>Blue Razz Ice &amp; Strawberry Watermelon &amp; Watermelon Ice<\/li>\n<li>Peach Mango &amp; Blue Razz Cherry &amp; Cool Mint<\/li>\n<li>Jagodna limonada in jagoda Red Bull in jagoda Pomp<\/li>\n<li>Tropsko sadje in limona breskev in jagoda lubenica<\/li>\n<li>Dvojno jabolko in ananas Ice &amp; Fruity Fusion<\/li>\n<li>Ananas Kokos &amp; Blue Razz &amp; Strawberry Banana<\/li>\n<li>Cola Ice &amp; Cherry Cola &amp; Mr Blue<\/li>\n<li>Jagodna lubenica in trojni melonski in jagodni led<\/li>\n<li>Jagodni krof &amp; Love 66 &amp; Banana Ice<\/li>\n<li>Me\u0161ano jagodi\u010devje in mango Breskev in grozdni led<\/li>\n<li>Ledeni \u010daj Lemon Ice Ice &amp; Lychee Ice &amp; Mango On Ice<\/li>\n<\/ul>","protected":false},"excerpt":{"rendered":"<p>Pripravite se na trojno mo\u010d okusa! Novi Bang King 85K zagotavlja 85.000 puhov, 3 nastavljive okuse in veliko zmogljivost v enem drznem vapeju za enkratno uporabo z mo\u017enostjo polnjenja.<\/p>","protected":false},"featured_media":41617,"comment_status":"open","ping_status":"closed","template":"","meta":[],"product_brand":[239],"product_cat":[37,336,242,320,90],"product_tag":[384,382,381,383,385],"class_list":{"0":"post-41615","1":"product","2":"type-product","3":"status-publish","4":"has-post-thumbnail","6":"product_brand-bang","7":"product_cat-bang","8":"product_cat-100k-puffs-disposable-vape","9":"product_cat-60000-puffs-disposable-vape","10":"product_cat-best-disposable-vapes","11":"product_cat-big-puffs-vapes","12":"product_tag-3-in-1-adjustable-flavor-vape","13":"product_tag-85000-puffs-triple-flavor-vape","14":"product_tag-bang-king-85k-disposable-vape","15":"product_tag-bulk-rechargeable-vape-device","16":"product_tag-long-lasting-mesh-coil-vape","18":"first","19":"instock","20":"shipping-taxable","21":"purchasable","22":"product-type-variable","23":"has-default-attributes"},"jetpack_sharing_enabled":true,"tiered_pricing_type":"fixed","tiered_pricing_fixed_rules":{"2000":5.37000000000000010658141036401502788066864013671875},"tiered_pricing_product_settings":{"layout":"default","base_unit_name":{"singular":null,"plural":null},"default_variation":null},"tiered_pricing_minimum_quantity":1000,"tiered_pricing_roles_data":[],"tiered_pricing_percentage_rules":[],"tiered_pricing_maximum_quantity":null,"tiered_pricing_quantity_step":"10","_links":{"self":[{"href":"https:\/\/aiviouvapes.com\/sl\/wp-json\/wp\/v2\/product\/41615","targetHints":{"allow":["GET"]}}],"collection":[{"href":"https:\/\/aiviouvapes.com\/sl\/wp-json\/wp\/v2\/product"}],"about":[{"href":"https:\/\/aiviouvapes.com\/sl\/wp-json\/wp\/v2\/types\/product"}],"replies":[{"embeddable":true,"href":"https:\/\/aiviouvapes.com\/sl\/wp-json\/wp\/v2\/comments?post=41615"}],"wp:featuredmedia":[{"embeddable":true,"href":"https:\/\/aiviouvapes.com\/sl\/wp-json\/wp\/v2\/media\/41617"}],"wp:attachment":[{"href":"https:\/\/aiviouvapes.com\/sl\/wp-json\/wp\/v2\/media?parent=41615"}],"wp:term":[{"taxonomy":"product_brand","embeddable":true,"href":"https:\/\/aiviouvapes.com\/sl\/wp-json\/wp\/v2\/product_brand?post=41615"},{"taxonomy":"product_cat","embeddable":true,"href":"https:\/\/aiviouvapes.com\/sl\/wp-json\/wp\/v2\/product_cat?post=41615"},{"taxonomy":"product_tag","embeddable":true,"href":"https:\/\/aiviouvapes.com\/sl\/wp-json\/wp\/v2\/product_tag?post=41615"}],"curies":[{"name":"wp","href":"https:\/\/api.w.org\/{rel}","templated":true}]}}