{"id":40022,"date":"2025-06-25T11:26:32","date_gmt":"2025-06-25T03:26:32","guid":{"rendered":"https:\/\/aiviouvapes.com\/?post_type=product&#038;p=40022"},"modified":"2026-04-17T13:00:50","modified_gmt":"2026-04-17T05:00:50","slug":"vozol-star-40000-puffs","status":"publish","type":"product","link":"https:\/\/aiviouvapes.com\/sl\/product\/vozol-star-40000-puffs\/","title":{"rendered":"Vozol Star 40000 Puffs | dvojni na\u010din 40000 puffov za enkratno uporabo z valovitim zaslonom"},"content":{"rendered":"<h2><img data-recalc-dims=\"1\" loading=\"lazy\" decoding=\"async\" class=\"aligncenter wp-image-40824 size-full\" src=\"https:\/\/i0.wp.com\/aiviouvapes.com\/wp-content\/uploads\/2025\/06\/38881750159394_.pic_hd.jpg?resize=1020%2C1442&#038;ssl=1\" alt=\",\" width=\"1020\" height=\"1442\" title=\"\" srcset=\"https:\/\/i0.wp.com\/aiviouvapes.com\/wp-content\/uploads\/2025\/06\/38881750159394_.pic_hd.jpg?w=1358&amp;ssl=1 1358w, https:\/\/i0.wp.com\/aiviouvapes.com\/wp-content\/uploads\/2025\/06\/38881750159394_.pic_hd.jpg?resize=212%2C300&amp;ssl=1 212w, https:\/\/i0.wp.com\/aiviouvapes.com\/wp-content\/uploads\/2025\/06\/38881750159394_.pic_hd.jpg?resize=724%2C1024&amp;ssl=1 724w, https:\/\/i0.wp.com\/aiviouvapes.com\/wp-content\/uploads\/2025\/06\/38881750159394_.pic_hd.jpg?resize=768%2C1086&amp;ssl=1 768w, https:\/\/i0.wp.com\/aiviouvapes.com\/wp-content\/uploads\/2025\/06\/38881750159394_.pic_hd.jpg?resize=1086%2C1536&amp;ssl=1 1086w, https:\/\/i0.wp.com\/aiviouvapes.com\/wp-content\/uploads\/2025\/06\/38881750159394_.pic_hd.jpg?resize=8%2C12&amp;ssl=1 8w, https:\/\/i0.wp.com\/aiviouvapes.com\/wp-content\/uploads\/2025\/06\/38881750159394_.pic_hd.jpg?resize=1320%2C1866&amp;ssl=1 1320w, https:\/\/i0.wp.com\/aiviouvapes.com\/wp-content\/uploads\/2025\/06\/38881750159394_.pic_hd.jpg?resize=800%2C1131&amp;ssl=1 800w\" sizes=\"auto, (max-width: 1020px) 100vw, 1020px\" \/><br \/>\n<img data-recalc-dims=\"1\" loading=\"lazy\" decoding=\"async\" class=\"aligncenter wp-image-40825 size-full\" src=\"https:\/\/i0.wp.com\/aiviouvapes.com\/wp-content\/uploads\/2025\/06\/38891750159406_.pic_hd.jpg?resize=1020%2C1442&#038;ssl=1\" alt=\",\" width=\"1020\" height=\"1442\" title=\"\" srcset=\"https:\/\/i0.wp.com\/aiviouvapes.com\/wp-content\/uploads\/2025\/06\/38891750159406_.pic_hd.jpg?w=1358&amp;ssl=1 1358w, https:\/\/i0.wp.com\/aiviouvapes.com\/wp-content\/uploads\/2025\/06\/38891750159406_.pic_hd.jpg?resize=212%2C300&amp;ssl=1 212w, https:\/\/i0.wp.com\/aiviouvapes.com\/wp-content\/uploads\/2025\/06\/38891750159406_.pic_hd.jpg?resize=724%2C1024&amp;ssl=1 724w, https:\/\/i0.wp.com\/aiviouvapes.com\/wp-content\/uploads\/2025\/06\/38891750159406_.pic_hd.jpg?resize=768%2C1086&amp;ssl=1 768w, https:\/\/i0.wp.com\/aiviouvapes.com\/wp-content\/uploads\/2025\/06\/38891750159406_.pic_hd.jpg?resize=1086%2C1536&amp;ssl=1 1086w, https:\/\/i0.wp.com\/aiviouvapes.com\/wp-content\/uploads\/2025\/06\/38891750159406_.pic_hd.jpg?resize=8%2C12&amp;ssl=1 8w, https:\/\/i0.wp.com\/aiviouvapes.com\/wp-content\/uploads\/2025\/06\/38891750159406_.pic_hd.jpg?resize=1320%2C1866&amp;ssl=1 1320w, https:\/\/i0.wp.com\/aiviouvapes.com\/wp-content\/uploads\/2025\/06\/38891750159406_.pic_hd.jpg?resize=800%2C1131&amp;ssl=1 800w\" sizes=\"auto, (max-width: 1020px) 100vw, 1020px\" \/><\/h2>\n<h2>\u2b50 Vozol Star 40000 Puffs - slog se sre\u010da z zmogljivostjo<\/h2>\n<p>I\u0161\u010dete vape, ki dolgo zdr\u017ei, je videti eleganten in zadene ravno prav? . <strong>Vozol Star 40000<\/strong> zagotavlja vse.<\/p>\n<p>Z do <strong>40.000 vpihov<\/strong>, mo\u010dan <strong>1000 mAh baterija<\/strong>in <strong>50 mg\/ml nikotina<\/strong>, je ta naprava narejena za resne vaperje, ki ne \u017eelijo pogosto polniti ali menjati. Spletna stran <strong>estetski ukrivljeni zaslon<\/strong> in <strong>dva na\u010dina okusa<\/strong> vsakemu puhu dodajo futuristi\u010den pridih.<\/p>\n<p>Hitro polnjenje in dolgo u\u017eivanje - to je zmogljivost in slog v eni kompaktni napravi.<\/p>\n<h3>\ud83d\udd27 Klju\u010dne specifikacije<\/h3>\n<table>\n<thead>\n<tr>\n<th>Funkcija<\/th>\n<th>Podrobnosti<\/th>\n<\/tr>\n<\/thead>\n<tbody>\n<tr>\n<td><strong>\u0160tevilo puffov<\/strong><\/td>\n<td>Do 40.000<\/td>\n<\/tr>\n<tr>\n<td><strong>Baterija<\/strong><\/td>\n<td>1000 mAh za polnjenje<\/td>\n<\/tr>\n<tr>\n<td><strong>Raven nikotina<\/strong><\/td>\n<td>50 mg\/ml<\/td>\n<\/tr>\n<tr>\n<td><strong>Zaslon<\/strong><\/td>\n<td>Valovito ukrivljen zaslon LED<\/td>\n<\/tr>\n<tr>\n<td><strong>Oblikovanje<\/strong><\/td>\n<td>Eleganten, sodoben, \u017eepne velikosti<\/td>\n<\/tr>\n<tr>\n<td><strong>Na\u010dini okusov<\/strong><\/td>\n<td>Na\u010din dvojnega okusa<\/td>\n<\/tr>\n<tr>\n<td><strong>Polnjenje<\/strong><\/td>\n<td>Hitro polnjenje, ure uporabe<\/td>\n<\/tr>\n<\/tbody>\n<\/table>\n<h3>\ud83c\udf53 Razpolo\u017eljivi okusi<\/h3>\n<table>\n<thead>\n<tr>\n<th>Sadni in sladki<\/th>\n<th>Minty &amp; Cool<\/th>\n<\/tr>\n<\/thead>\n<tbody>\n<tr>\n<td>Borovni\u010dev led<\/td>\n<td>Hladna meta<\/td>\n<\/tr>\n<tr>\n<td>Borovni\u010deva meta<\/td>\n<td>Grozdni led<\/td>\n<\/tr>\n<tr>\n<td>Borovnica lubenica<\/td>\n<td>Mango Ice<\/td>\n<\/tr>\n<tr>\n<td>Cherimoya Grapefruit Berries<\/td>\n<td>Melonski led<\/td>\n<\/tr>\n<tr>\n<td>Cherry Cola<\/td>\n<td>Kisli jabol\u010dni led<\/td>\n<\/tr>\n<tr>\n<td>Mango breskev<\/td>\n<td>Jagodni led<\/td>\n<\/tr>\n<tr>\n<td>Melonski gumi<\/td>\n<td>Led iz lubenice<\/td>\n<\/tr>\n<tr>\n<td>Ledena breskev<\/td>\n<td>lubenica kisla breskev<\/td>\n<\/tr>\n<tr>\n<td>jagoda kivi<\/td>\n<td><\/td>\n<\/tr>\n<\/tbody>\n<\/table>\n<table>\n<thead>\n<tr>\n<th>Eksoti\u010dne me\u0161anice<\/th>\n<th>Sladkarije in pija\u010de<\/th>\n<\/tr>\n<\/thead>\n<tbody>\n<tr>\n<td>Blue Razz Led<\/td>\n<td>lubenica Bubble Gum<\/td>\n<\/tr>\n<tr>\n<td>Slamnik breskev<\/td>\n<td>Vzbull (navdih za energijski napitek)<\/td>\n<\/tr>\n<tr>\n<td>Jagodna lubenica<\/td>\n<td><\/td>\n<\/tr>\n<tr>\n<td>lubenica Grozdje Boysenberry<\/td>\n<td><\/td>\n<\/tr>\n<tr>\n<td>Bela breskev malina<\/td>\n<td><\/td>\n<\/tr>\n<\/tbody>\n<\/table>\n<p>\ud83d\uded2 <strong>Odli\u010dno za trgovce na debelo in redne uporabnike<\/strong>Vozol Star 40000 je izdelan tako, da navdu\u0161uje z okusom, vzdr\u017eljivostjo in elegantno obliko. Ne glede na to, ali se spro\u0161\u010date doma ali na poti, ta naprava zagotavlja gladko in dosledno zadovoljstvo - z vsakim izpihom.<\/p>","protected":false},"excerpt":{"rendered":"<p>\u2b50 Vozol Star 40000 Puffs \u2013 Style Meets Performance Looking for a vape that lasts long, looks sleek, and hits just right? The Vozol Star 40000 delivers it all. With up to 40,000 puffs, a powerful 1000mAh battery, and 50mg\/ml nicotine strength, this device is made for serious vapers who don\u2019t want to charge or [&#8230;]\n","protected":false},"featured_media":46162,"comment_status":"open","ping_status":"closed","template":"","meta":[],"product_brand":[250],"product_cat":[249],"product_tag":[],"class_list":{"0":"post-40022","1":"product","2":"type-product","3":"status-publish","4":"has-post-thumbnail","6":"product_brand-vozol","7":"product_cat-vozol","9":"first","10":"instock","11":"shipping-taxable","12":"purchasable","13":"product-type-variable","14":"has-default-attributes"},"jetpack_sharing_enabled":true,"tiered_pricing_type":"fixed","tiered_pricing_fixed_rules":{"30":10.3699999999999992184029906638897955417633056640625,"50":9.199999999999999289457264239899814128875732421875,"100":8.8100000000000004973799150320701301097869873046875,"200":8.6899999999999995026200849679298698902130126953125,"400":8.300000000000000710542735760100185871124267578125},"tiered_pricing_product_settings":{"layout":"default","base_unit_name":{"singular":null,"plural":null},"default_variation":null},"tiered_pricing_minimum_quantity":10,"tiered_pricing_roles_data":[],"tiered_pricing_percentage_rules":[],"tiered_pricing_maximum_quantity":null,"tiered_pricing_quantity_step":"10","_links":{"self":[{"href":"https:\/\/aiviouvapes.com\/sl\/wp-json\/wp\/v2\/product\/40022","targetHints":{"allow":["GET"]}}],"collection":[{"href":"https:\/\/aiviouvapes.com\/sl\/wp-json\/wp\/v2\/product"}],"about":[{"href":"https:\/\/aiviouvapes.com\/sl\/wp-json\/wp\/v2\/types\/product"}],"replies":[{"embeddable":true,"href":"https:\/\/aiviouvapes.com\/sl\/wp-json\/wp\/v2\/comments?post=40022"}],"wp:featuredmedia":[{"embeddable":true,"href":"https:\/\/aiviouvapes.com\/sl\/wp-json\/wp\/v2\/media\/46162"}],"wp:attachment":[{"href":"https:\/\/aiviouvapes.com\/sl\/wp-json\/wp\/v2\/media?parent=40022"}],"wp:term":[{"taxonomy":"product_brand","embeddable":true,"href":"https:\/\/aiviouvapes.com\/sl\/wp-json\/wp\/v2\/product_brand?post=40022"},{"taxonomy":"product_cat","embeddable":true,"href":"https:\/\/aiviouvapes.com\/sl\/wp-json\/wp\/v2\/product_cat?post=40022"},{"taxonomy":"product_tag","embeddable":true,"href":"https:\/\/aiviouvapes.com\/sl\/wp-json\/wp\/v2\/product_tag?post=40022"}],"curies":[{"name":"wp","href":"https:\/\/api.w.org\/{rel}","templated":true}]}}