{"id":39912,"date":"2025-06-24T16:09:54","date_gmt":"2025-06-24T08:09:54","guid":{"rendered":"https:\/\/aiviouvapes.com\/?post_type=product&#038;p=39912"},"modified":"2026-03-24T11:26:14","modified_gmt":"2026-03-24T03:26:14","slug":"uwin-crystal-twins-40k","status":"publish","type":"product","link":"https:\/\/aiviouvapes.com\/sl\/product\/uwin-crystal-twins-40k\/","title":{"rendered":"Uwin Crystal Twins 40K | dvojni okus 40000 puffov, mre\u017ena tuljava za enkratno uporabo"},"content":{"rendered":"<p><img data-recalc-dims=\"1\" loading=\"lazy\" decoding=\"async\" class=\"aligncenter wp-image-40419 size-full\" src=\"https:\/\/i0.wp.com\/aiviouvapes.com\/wp-content\/uploads\/2025\/06\/%E6%B5%B7%E6%8A%A5%E6%A8%AA%E5%B9%85.jpg?resize=1020%2C510&#038;ssl=1\" alt=\",\" width=\"1020\" height=\"510\" title=\"\" srcset=\"https:\/\/i0.wp.com\/aiviouvapes.com\/wp-content\/uploads\/2025\/06\/%E6%B5%B7%E6%8A%A5%E6%A8%AA%E5%B9%85.jpg?w=1920&amp;ssl=1 1920w, https:\/\/i0.wp.com\/aiviouvapes.com\/wp-content\/uploads\/2025\/06\/%E6%B5%B7%E6%8A%A5%E6%A8%AA%E5%B9%85.jpg?resize=300%2C150&amp;ssl=1 300w, https:\/\/i0.wp.com\/aiviouvapes.com\/wp-content\/uploads\/2025\/06\/%E6%B5%B7%E6%8A%A5%E6%A8%AA%E5%B9%85.jpg?resize=1024%2C512&amp;ssl=1 1024w, https:\/\/i0.wp.com\/aiviouvapes.com\/wp-content\/uploads\/2025\/06\/%E6%B5%B7%E6%8A%A5%E6%A8%AA%E5%B9%85.jpg?resize=768%2C384&amp;ssl=1 768w, https:\/\/i0.wp.com\/aiviouvapes.com\/wp-content\/uploads\/2025\/06\/%E6%B5%B7%E6%8A%A5%E6%A8%AA%E5%B9%85.jpg?resize=1536%2C768&amp;ssl=1 1536w, https:\/\/i0.wp.com\/aiviouvapes.com\/wp-content\/uploads\/2025\/06\/%E6%B5%B7%E6%8A%A5%E6%A8%AA%E5%B9%85.jpg?resize=18%2C9&amp;ssl=1 18w, https:\/\/i0.wp.com\/aiviouvapes.com\/wp-content\/uploads\/2025\/06\/%E6%B5%B7%E6%8A%A5%E6%A8%AA%E5%B9%85.jpg?resize=1320%2C660&amp;ssl=1 1320w, https:\/\/i0.wp.com\/aiviouvapes.com\/wp-content\/uploads\/2025\/06\/%E6%B5%B7%E6%8A%A5%E6%A8%AA%E5%B9%85.jpg?resize=800%2C400&amp;ssl=1 800w\" sizes=\"auto, (max-width: 1020px) 100vw, 1020px\" \/><\/p>\n<h2>\ud83d\udd25 Uwin Crystal Twins 40k - dvojni okus, ogromni pufi<\/h2>\n<p>The <strong>Uwin Crystal Twins 40k<\/strong> s svojo elegantno kristalno \u010disto obliko, nastavitvijo dvojnega okusa in napredno tehnologijo dviguje vaping za enkratno uporabo na vi\u0161jo raven. Ne glede na to, ali ste ljubitelj oblakov ali okusa, ta vape zagotavlja do <strong>40.000 vpihov<\/strong>, a <strong>pametni zaslon<\/strong>in prilagodljiv <strong>mo\u010d nikotina<\/strong> od <strong>0% do 5%<\/strong>zato je kot nala\u0161\u010d za vse uporabnike.<\/p>\n<p>Ni treba sklepati kompromisov -<strong>dva neverjetna okusa v eni napravi<\/strong>, v paru z <strong>mre\u017easta tuljava za bogate in gladke udarce<\/strong> vsaki\u010d.<\/p>\n<h3>\ud83d\udd27 <strong>Specifikacije<\/strong><\/h3>\n<table>\n<thead>\n<tr>\n<th>Funkcija<\/th>\n<th>Podrobnosti<\/th>\n<\/tr>\n<\/thead>\n<tbody>\n<tr>\n<td><strong>Kapaciteta Puff<\/strong><\/td>\n<td>Do 40.000 vpihov<\/td>\n<\/tr>\n<tr>\n<td><strong>Kapaciteta e-teko\u010dine<\/strong><\/td>\n<td>32 ml<\/td>\n<\/tr>\n<tr>\n<td><strong>Mo\u010d nikotina<\/strong><\/td>\n<td>0%, 2%, 3%, 5%<\/td>\n<\/tr>\n<tr>\n<td><strong>Baterija<\/strong><\/td>\n<td>850 mAh, polnjenje tipa C<\/td>\n<\/tr>\n<tr>\n<td><strong>Vrsta tuljave<\/strong><\/td>\n<td>Napredna 0,6\u03a9 mre\u017easta tuljava<\/td>\n<\/tr>\n<tr>\n<td><strong>Prikaz<\/strong><\/td>\n<td>Pametni zaslon (baterija in e-teko\u010dina)<\/td>\n<\/tr>\n<tr>\n<td><strong>Oblikovanje<\/strong><\/td>\n<td>Elegantno kristalno prozorno telo<\/td>\n<\/tr>\n<\/tbody>\n<\/table>\n<h3>\ud83c\udf08 <strong>Kombinacije okusov - Raznolikost z dvema komorama<\/strong><\/h3>\n<table>\n<thead>\n<tr>\n<th>Komora A<\/th>\n<th>Komora B<\/th>\n<\/tr>\n<\/thead>\n<tbody>\n<tr>\n<td>Borovnice na ledu<\/td>\n<td>Poletni breskov led<\/td>\n<\/tr>\n<tr>\n<td>Kivi Pasijonka Guava<\/td>\n<td>Borovnica malina<\/td>\n<\/tr>\n<tr>\n<td>jagoda kivi<\/td>\n<td>Grozdni led<\/td>\n<\/tr>\n<tr>\n<td>Kivi Pasijonka Guava<\/td>\n<td>Dva jabolka<\/td>\n<\/tr>\n<tr>\n<td>Jagodna lubenica<\/td>\n<td>Limona Limeta<\/td>\n<\/tr>\n<tr>\n<td>Borovnica malina<\/td>\n<td>Cherry Ice<\/td>\n<\/tr>\n<tr>\n<td>Jagoda malina \u010de\u0161nja<\/td>\n<td>Gospod Modri<\/td>\n<\/tr>\n<tr>\n<td>Breskev Mango Ananas<\/td>\n<td>Red Bull<\/td>\n<\/tr>\n<tr>\n<td>Led iz lubenice<\/td>\n<td>Me\u0161ano jagodi\u010devje<\/td>\n<\/tr>\n<tr>\n<td>Jagoda Banana<\/td>\n<td>Ljubezen 66<\/td>\n<\/tr>\n<tr>\n<td>Dragon Fruit Banana Cherry<\/td>\n<td>Roza limonada<\/td>\n<\/tr>\n<tr>\n<td>breskev mango<\/td>\n<td>Cherry Cola<\/td>\n<\/tr>\n<tr>\n<td>Jagodni led<\/td>\n<td>Mango na ledu<\/td>\n<\/tr>\n<tr>\n<td>Blue Razz Led<\/td>\n<td>Led z zmajskim sadjem<\/td>\n<\/tr>\n<tr>\n<td>Jagodni Red Bull<\/td>\n<td>Cherry Ice<\/td>\n<\/tr>\n<\/tbody>\n<\/table>\n<h3>\ud83d\udca1 Zakaj izbrati Uwin Crystal Twins 40k?<\/h3>\n<ul>\n<li><strong>Stroki z dvojnim okusom<\/strong> lahko brez te\u017eav spreminjate okuse.<\/li>\n<li><strong>Mo\u017enost Zero-nic<\/strong> na voljo za u\u017eivanje brez nikotina.<\/li>\n<li><strong>Hitro polnjenje tipa C<\/strong> pomeni manj \u010dasa za izostanke in ve\u010d vapljanja.<\/li>\n<li><strong>Tehnologija mre\u017eastih tuljav<\/strong> zagotavlja \u010dist, dosleden okus in paro.<\/li>\n<li><strong>Pametni zaslon<\/strong> vas obve\u0161\u010da - ni\u010d ve\u010d ugibanj.<\/li>\n<li><strong>Kristalno \u010dista zasnova<\/strong> va\u0161emu vapeju daje vrhunski in sodoben videz.<\/li>\n<\/ul>\n<p>Uwin Crystal Twins 40k je idealen za intenzivne uporabnike, raziskovalce okusov in lastnike vape trgovin ter je va\u0161a nova vsestranska mo\u010d za enkratno uporabo - idealna za naro\u010dila vape v razsutem stanju in distribucijo na debelo.<\/p>","protected":false},"excerpt":{"rendered":"<p data-start=\"212\" data-end=\"391\">Uwin Crystal Twins 40000 puffs vape ponuja dva okusa, 0-5% nikotina, 32 ml e-teko\u010dine, 850 mAh akumulatorsko baterijo, mre\u017easto tuljavo in pametni zaslon v elegantnem kristalnem dizajnu.<\/p>","protected":false},"featured_media":39913,"comment_status":"open","ping_status":"closed","template":"","meta":[],"product_brand":[247],"product_cat":[224],"product_tag":[],"class_list":{"0":"post-39912","1":"product","2":"type-product","3":"status-publish","4":"has-post-thumbnail","6":"product_brand-uwin","7":"product_cat-uwin","9":"first","10":"instock","11":"shipping-taxable","12":"purchasable","13":"product-type-variable","14":"has-default-attributes"},"jetpack_sharing_enabled":true,"tiered_pricing_type":"fixed","tiered_pricing_fixed_rules":{"30":7.96999999999999975131004248396493494510650634765625,"50":6.519999999999999573674358543939888477325439453125,"100":6.2599999999999997868371792719699442386627197265625,"200":5.87000000000000010658141036401502788066864013671875,"400":5.29000000000000003552713678800500929355621337890625},"tiered_pricing_product_settings":{"layout":"default","base_unit_name":{"singular":null,"plural":null},"default_variation":null},"tiered_pricing_minimum_quantity":10,"tiered_pricing_roles_data":[],"tiered_pricing_percentage_rules":[],"tiered_pricing_maximum_quantity":null,"tiered_pricing_quantity_step":"10","_links":{"self":[{"href":"https:\/\/aiviouvapes.com\/sl\/wp-json\/wp\/v2\/product\/39912","targetHints":{"allow":["GET"]}}],"collection":[{"href":"https:\/\/aiviouvapes.com\/sl\/wp-json\/wp\/v2\/product"}],"about":[{"href":"https:\/\/aiviouvapes.com\/sl\/wp-json\/wp\/v2\/types\/product"}],"replies":[{"embeddable":true,"href":"https:\/\/aiviouvapes.com\/sl\/wp-json\/wp\/v2\/comments?post=39912"}],"wp:featuredmedia":[{"embeddable":true,"href":"https:\/\/aiviouvapes.com\/sl\/wp-json\/wp\/v2\/media\/39913"}],"wp:attachment":[{"href":"https:\/\/aiviouvapes.com\/sl\/wp-json\/wp\/v2\/media?parent=39912"}],"wp:term":[{"taxonomy":"product_brand","embeddable":true,"href":"https:\/\/aiviouvapes.com\/sl\/wp-json\/wp\/v2\/product_brand?post=39912"},{"taxonomy":"product_cat","embeddable":true,"href":"https:\/\/aiviouvapes.com\/sl\/wp-json\/wp\/v2\/product_cat?post=39912"},{"taxonomy":"product_tag","embeddable":true,"href":"https:\/\/aiviouvapes.com\/sl\/wp-json\/wp\/v2\/product_tag?post=39912"}],"curies":[{"name":"wp","href":"https:\/\/api.w.org\/{rel}","templated":true}]}}