{"id":39475,"date":"2025-07-02T10:19:59","date_gmt":"2025-07-02T02:19:59","guid":{"rendered":"https:\/\/aiviouvapes.com\/?post_type=product&#038;p=39475"},"modified":"2026-04-17T13:00:43","modified_gmt":"2026-04-17T05:00:43","slug":"mrvi-growing-60k-3t-spin","status":"publish","type":"product","link":"https:\/\/aiviouvapes.com\/sl\/product\/mrvi-growing-60k-3t-spin\/","title":{"rendered":"MRVI GROWING 60K 3T SPIN 60000 Puffs | trikratni okus za enkratno uporabo"},"content":{"rendered":"<h2>\ud83c\udf1fKaj izbrati MRVI GROWING 60K 3T SPIN?<\/h2>\n<ul>\n<li>\ud83d\udd25 Do 60.000 vdihov za neverjetno dolgo \u017eivljenjsko dobo<\/li>\n<li>\ud83c\udfaf Stikalo s trojnim okusom za neskon\u010dne pustolov\u0161\u010dine okusov<\/li>\n<li>\u26a1 Hitro polnjenje tipa C vas ohranja v pogonu<\/li>\n<li>\ud83d\udca7 48 ml e-teko\u010dine za manj zamenjav<\/li>\n<li>\ud83d\udda5\ufe0f Pametni zaslon za spremljanje napajanja in ravni e-teko\u010dine<\/li>\n<li>\ud83d\udc8e Kristalno \u010disto ohi\u0161je z vrhunskim dizajnom<\/li>\n<li>\ud83d\udce6 Veleprodaji prijazno pakiranje: 1 kos na \u0161katlo, 10 kosov na zaslon<\/li>\n<\/ul>\n<p>\u010ce i\u0161\u010dete zmogljiv in vsestranski vape za enkratno uporabo, ki izpolnjuje vse zahteve, je MRVI GROWING 60K 3T SPIN va\u0161a najbolj\u0161a izbira. Ta naprava, izdelana za intenzivne uporabnike, ljubitelje okusov, prodajalne vape in distributerje v velikih koli\u010dinah, zagotavlja velik promet in zadovoljne stranke. Ne zamudite naslednje generacije vapinga za enkratno uporabo!<\/p>\n<h3>\ud83d\ude80 Do\u017eivite trojno svobodo okusa z MRVI GROWING 60K 3T SPIN!<\/h3>\n<p>Ste pripravljeni, da svojo igro vapinga dvignete na vi\u0161jo raven? Na spletni strani . <strong>MRVI RASTE 60K 3T SPIN<\/strong> je vrhunski vape za enkratno uporabo v ve\u010djih koli\u010dinah, narejen za resne vaperje in lastnike trgovin, ki zahtevajo najbolj\u0161e. To je naslednja generacija vapljanja za enkratno uporabo, na katero ste \u010dakali, saj ima trojno rotacijo okusov, ogromno zmogljivost 60.000 izpuhov ter pametni zaslon za napajanje in e-teko\u010dino. MRVI GROWING 60K 3T SPIN ponuja neprekosljivo zadovoljstvo za lovce na okuse in intenzivne uporabnike, od kristalno \u010distega ohi\u0161ja do nemotenega polnjenja tipa C. \ud83c\udf1f<\/p>\n<h3>Specifikacije<\/h3>\n<table>\n<tbody>\n<tr>\n<td><strong>Kapaciteta Puff<\/strong><\/td>\n<td>60.000 vpihov<\/td>\n<\/tr>\n<tr>\n<td><strong>Kapaciteta e-teko\u010dine<\/strong><\/td>\n<td>48 ml<\/td>\n<\/tr>\n<tr>\n<td><strong>Baterija<\/strong><\/td>\n<td>650 mAh, tip C za polnjenje<\/td>\n<\/tr>\n<tr>\n<td><strong>Vrsta tuljave<\/strong><\/td>\n<td>Dvojna mre\u017ena tuljava<\/td>\n<\/tr>\n<tr>\n<td><strong>Mo\u017enosti nikotina<\/strong><\/td>\n<td>2%, 5%<\/td>\n<\/tr>\n<tr>\n<td><strong>Prikaz<\/strong><\/td>\n<td>Pametni zaslon za napajanje in e-teko\u010dino<\/td>\n<\/tr>\n<tr>\n<td><strong>Oblikovanje<\/strong><\/td>\n<td>Kristalno \u010disto telo<\/td>\n<\/tr>\n<\/tbody>\n<\/table>\n<h3>Kombinacije okusov<\/h3>\n<table>\n<tbody>\n<tr>\n<th>Komora A<\/th>\n<th>Komora B<\/th>\n<th>Komora C<\/th>\n<\/tr>\n<tr>\n<td>Led iz lubenice<\/td>\n<td>Red Bull<\/td>\n<td>jagoda kivi<\/td>\n<\/tr>\n<tr>\n<td>Limona Limeta<\/td>\n<td>Jagodna lubenica<\/td>\n<td>Borovni\u010dev led<\/td>\n<\/tr>\n<tr>\n<td>Ananas Kokos<\/td>\n<td>Banana<\/td>\n<td>Blue Razz Led<\/td>\n<\/tr>\n<tr>\n<td>Malina lubenica<\/td>\n<td>Kola Led<\/td>\n<td>Kislo jabolko<\/td>\n<\/tr>\n<tr>\n<td>Tropska me\u0161anica<\/td>\n<td>Jagodni sladoled<\/td>\n<td>Mango Ice<\/td>\n<\/tr>\n<tr>\n<td>Jagoda malina \u010de\u0161nja<\/td>\n<td>Love 666<\/td>\n<td>Cherry Candy Ice<\/td>\n<\/tr>\n<tr>\n<td>Me\u0161ano jagodi\u010devje<\/td>\n<td>Gumijasti medvedek<\/td>\n<td>Ledena breskev<\/td>\n<\/tr>\n<tr>\n<td>Grozdni led<\/td>\n<td>Jagodna sladkarija<\/td>\n<td>Ice Pop<\/td>\n<\/tr>\n<\/tbody>\n<\/table>\n<p><img data-recalc-dims=\"1\" loading=\"lazy\" decoding=\"async\" class=\"alignnone wp-image-42240 size-full\" src=\"https:\/\/i0.wp.com\/aiviouvapes.com\/wp-content\/uploads\/2025\/06\/%E5%85%A8%E5%AE%B6%E7%A6%8F_%E7%94%BB%E6%9D%BF-1-%E5%89%AF%E6%9C%AC-1.jpg?resize=1020%2C1442&#038;ssl=1\" alt=\",\" width=\"1020\" height=\"1442\" title=\"\" srcset=\"https:\/\/i0.wp.com\/aiviouvapes.com\/wp-content\/uploads\/2025\/06\/%E5%85%A8%E5%AE%B6%E7%A6%8F_%E7%94%BB%E6%9D%BF-1-%E5%89%AF%E6%9C%AC-1.jpg?w=1358&amp;ssl=1 1358w, https:\/\/i0.wp.com\/aiviouvapes.com\/wp-content\/uploads\/2025\/06\/%E5%85%A8%E5%AE%B6%E7%A6%8F_%E7%94%BB%E6%9D%BF-1-%E5%89%AF%E6%9C%AC-1.jpg?resize=212%2C300&amp;ssl=1 212w, https:\/\/i0.wp.com\/aiviouvapes.com\/wp-content\/uploads\/2025\/06\/%E5%85%A8%E5%AE%B6%E7%A6%8F_%E7%94%BB%E6%9D%BF-1-%E5%89%AF%E6%9C%AC-1.jpg?resize=724%2C1024&amp;ssl=1 724w, https:\/\/i0.wp.com\/aiviouvapes.com\/wp-content\/uploads\/2025\/06\/%E5%85%A8%E5%AE%B6%E7%A6%8F_%E7%94%BB%E6%9D%BF-1-%E5%89%AF%E6%9C%AC-1.jpg?resize=768%2C1086&amp;ssl=1 768w, https:\/\/i0.wp.com\/aiviouvapes.com\/wp-content\/uploads\/2025\/06\/%E5%85%A8%E5%AE%B6%E7%A6%8F_%E7%94%BB%E6%9D%BF-1-%E5%89%AF%E6%9C%AC-1.jpg?resize=1086%2C1536&amp;ssl=1 1086w, https:\/\/i0.wp.com\/aiviouvapes.com\/wp-content\/uploads\/2025\/06\/%E5%85%A8%E5%AE%B6%E7%A6%8F_%E7%94%BB%E6%9D%BF-1-%E5%89%AF%E6%9C%AC-1.jpg?resize=8%2C12&amp;ssl=1 8w, https:\/\/i0.wp.com\/aiviouvapes.com\/wp-content\/uploads\/2025\/06\/%E5%85%A8%E5%AE%B6%E7%A6%8F_%E7%94%BB%E6%9D%BF-1-%E5%89%AF%E6%9C%AC-1.jpg?resize=1320%2C1866&amp;ssl=1 1320w, https:\/\/i0.wp.com\/aiviouvapes.com\/wp-content\/uploads\/2025\/06\/%E5%85%A8%E5%AE%B6%E7%A6%8F_%E7%94%BB%E6%9D%BF-1-%E5%89%AF%E6%9C%AC-1.jpg?resize=800%2C1131&amp;ssl=1 800w\" sizes=\"auto, (max-width: 1020px) 100vw, 1020px\" \/><\/p>","protected":false},"excerpt":{"rendered":"<p>MRVI GROWING 60K 3T SPIN vape za enkratno uporabo zagotavlja do 60.000 vdihov s trojnim preklopom okusov, 48 ml e-teko\u010dine in dvojno mre\u017easto tuljavo - kot nala\u0161\u010d za distribucijo vape na debelo.<\/p>","protected":false},"featured_media":39477,"comment_status":"open","ping_status":"closed","template":"","meta":[],"product_brand":[229],"product_cat":[33,137,146,138,141,143,572],"product_tag":[],"class_list":{"0":"post-39475","1":"product","2":"type-product","3":"status-publish","4":"has-post-thumbnail","6":"product_brand-mrvi","7":"product_cat-mrvi","8":"product_cat-disposable-vapes-in-germany","9":"product_cat-disposable-vapes-in-hungary","10":"product_cat-disposable-vapes-in-ltaly","11":"product_cat-disposable-vapes-in-poland","12":"product_cat-disposable-vapes-in-spain","13":"product_cat-new-2","15":"first","16":"instock","17":"shipping-taxable","18":"purchasable","19":"product-type-variable","20":"has-default-attributes"},"jetpack_sharing_enabled":true,"tiered_pricing_type":"fixed","tiered_pricing_fixed_rules":{"100":6.910000000000000142108547152020037174224853515625,"200":6.54000000000000003552713678800500929355621337890625,"400":6.11000000000000031974423109204508364200592041015625},"tiered_pricing_product_settings":{"layout":"default","base_unit_name":{"singular":null,"plural":null},"default_variation":null},"tiered_pricing_minimum_quantity":50,"tiered_pricing_roles_data":[],"tiered_pricing_percentage_rules":[],"tiered_pricing_maximum_quantity":null,"tiered_pricing_quantity_step":"10","_links":{"self":[{"href":"https:\/\/aiviouvapes.com\/sl\/wp-json\/wp\/v2\/product\/39475","targetHints":{"allow":["GET"]}}],"collection":[{"href":"https:\/\/aiviouvapes.com\/sl\/wp-json\/wp\/v2\/product"}],"about":[{"href":"https:\/\/aiviouvapes.com\/sl\/wp-json\/wp\/v2\/types\/product"}],"replies":[{"embeddable":true,"href":"https:\/\/aiviouvapes.com\/sl\/wp-json\/wp\/v2\/comments?post=39475"}],"wp:featuredmedia":[{"embeddable":true,"href":"https:\/\/aiviouvapes.com\/sl\/wp-json\/wp\/v2\/media\/39477"}],"wp:attachment":[{"href":"https:\/\/aiviouvapes.com\/sl\/wp-json\/wp\/v2\/media?parent=39475"}],"wp:term":[{"taxonomy":"product_brand","embeddable":true,"href":"https:\/\/aiviouvapes.com\/sl\/wp-json\/wp\/v2\/product_brand?post=39475"},{"taxonomy":"product_cat","embeddable":true,"href":"https:\/\/aiviouvapes.com\/sl\/wp-json\/wp\/v2\/product_cat?post=39475"},{"taxonomy":"product_tag","embeddable":true,"href":"https:\/\/aiviouvapes.com\/sl\/wp-json\/wp\/v2\/product_tag?post=39475"}],"curies":[{"name":"wp","href":"https:\/\/api.w.org\/{rel}","templated":true}]}}