{"id":39345,"date":"2025-06-26T10:15:51","date_gmt":"2025-06-26T02:15:51","guid":{"rendered":"https:\/\/aiviouvapes.com\/?post_type=product&#038;p=39345"},"modified":"2026-04-17T13:00:49","modified_gmt":"2026-04-17T05:00:49","slug":"fihp-60k-triple-3-in-1","status":"publish","type":"product","link":"https:\/\/aiviouvapes.com\/sl\/product\/fihp-60k-triple-3-in-1\/","title":{"rendered":"FIHP 60K Triple 3-in-1 | 60000 puffs trojni okus enkratno vape na debelo"},"content":{"rendered":"<p><img data-recalc-dims=\"1\" loading=\"lazy\" decoding=\"async\" class=\"wp-image-40631 size-full\" src=\"https:\/\/i0.wp.com\/aiviouvapes.com\/wp-content\/uploads\/2025\/06\/%E5%A8%B4%E9%94%8B%E5%A7%A4%E9%8D%A5%E7%B6%BAA-6.jpg?resize=1020%2C1445&#038;ssl=1\" alt=\",\" width=\"1020\" height=\"1445\" data-wp-editing=\"1\" title=\"\" srcset=\"https:\/\/i0.wp.com\/aiviouvapes.com\/wp-content\/uploads\/2025\/06\/%E5%A8%B4%E9%94%8B%E5%A7%A4%E9%8D%A5%E7%B6%BAA-6.jpg?w=1200&amp;ssl=1 1200w, https:\/\/i0.wp.com\/aiviouvapes.com\/wp-content\/uploads\/2025\/06\/%E5%A8%B4%E9%94%8B%E5%A7%A4%E9%8D%A5%E7%B6%BAA-6.jpg?resize=212%2C300&amp;ssl=1 212w, https:\/\/i0.wp.com\/aiviouvapes.com\/wp-content\/uploads\/2025\/06\/%E5%A8%B4%E9%94%8B%E5%A7%A4%E9%8D%A5%E7%B6%BAA-6.jpg?resize=723%2C1024&amp;ssl=1 723w, https:\/\/i0.wp.com\/aiviouvapes.com\/wp-content\/uploads\/2025\/06\/%E5%A8%B4%E9%94%8B%E5%A7%A4%E9%8D%A5%E7%B6%BAA-6.jpg?resize=768%2C1088&amp;ssl=1 768w, https:\/\/i0.wp.com\/aiviouvapes.com\/wp-content\/uploads\/2025\/06\/%E5%A8%B4%E9%94%8B%E5%A7%A4%E9%8D%A5%E7%B6%BAA-6.jpg?resize=1084%2C1536&amp;ssl=1 1084w, https:\/\/i0.wp.com\/aiviouvapes.com\/wp-content\/uploads\/2025\/06\/%E5%A8%B4%E9%94%8B%E5%A7%A4%E9%8D%A5%E7%B6%BAA-6.jpg?resize=8%2C12&amp;ssl=1 8w, https:\/\/i0.wp.com\/aiviouvapes.com\/wp-content\/uploads\/2025\/06\/%E5%A8%B4%E9%94%8B%E5%A7%A4%E9%8D%A5%E7%B6%BAA-6.jpg?resize=800%2C1133&amp;ssl=1 800w\" sizes=\"auto, (max-width: 1020px) 100vw, 1020px\" \/><\/p>\n<p>&nbsp;<\/p>\n<h2>\ud83d\ude80 FIHP 60000 Triple 3-v-1 - trojni okus, trojna mo\u010d \ud83d\udca8<\/h2>\n<p>Svojo izku\u0161njo vape za enkratno uporabo dvignite na novo raven z <strong>FIHP 60000 Trojni 3-v-1<\/strong>. Ta mo\u010d zagotavlja noro <strong>60.000 vpihov<\/strong> ki ga podpira visokozmogljiva <strong>54ml rezervoar za e-teko\u010dino<\/strong> in <strong>dvojne mre\u017easte tuljave<\/strong> za neprekosljiv okus in proizvodnjo oblakov. Z <strong>trije vrtljivi okusi<\/strong> v eni elegantni napravi. <strong>Pametni zaslon LED<\/strong>in hitro <strong>Polnjenje tipa C<\/strong>, je najbolj\u0161a izbira za lovce na okus, zahtevne uporabnike in resne preprodajalce. \ud83d\udd25<\/p>\n<h3>\ud83d\udccb Specifikacije<\/h3>\n<table>\n<tbody>\n<tr>\n<td><strong>Kapaciteta Puff<\/strong><\/td>\n<td>60.000 vpihov<\/td>\n<\/tr>\n<tr>\n<td><strong>Kapaciteta e-teko\u010dine<\/strong><\/td>\n<td>54 ml (trojni okusi)<\/td>\n<\/tr>\n<tr>\n<td><strong>Baterija<\/strong><\/td>\n<td>850 mAh, za polnjenje (tip C)<\/td>\n<\/tr>\n<tr>\n<td><strong>Vrsta tuljave<\/strong><\/td>\n<td>Dvojna mre\u017ena tuljava (0,9\u03a9)<\/td>\n<\/tr>\n<tr>\n<td><strong>Mo\u010d nikotina<\/strong><\/td>\n<td>2% \/ 5%<\/td>\n<\/tr>\n<tr>\n<td><strong>Prikaz<\/strong><\/td>\n<td>Pametni zaslon LED<\/td>\n<\/tr>\n<tr>\n<td><strong>Oblikovanje<\/strong><\/td>\n<td>Kompaktna, krepka, ergonomska<\/td>\n<\/tr>\n<tr>\n<td><strong>Velikost izdelka<\/strong><\/td>\n<td>42 \u00d7 42 \u00d7 110 mm<\/td>\n<\/tr>\n<tr>\n<td><strong>Informacije o \u0161katli<\/strong><\/td>\n<td>160 kosov \/ 470 \u00d7 390 \u00d7 260 mm<\/td>\n<\/tr>\n<\/tbody>\n<\/table>\n<h3>\ud83c\udf53 Kombinacije okusov<\/h3>\n<table>\n<tbody>\n<tr>\n<th>Komora A<\/th>\n<th>Komora B<\/th>\n<th>Komora C<\/th>\n<\/tr>\n<tr>\n<td>Led iz lubenice<\/td>\n<td>Red Bull<\/td>\n<td>jagoda kivi<\/td>\n<\/tr>\n<tr>\n<td>Limona Limeta<\/td>\n<td>Jagodna lubenica<\/td>\n<td>Borovni\u010dev led<\/td>\n<\/tr>\n<tr>\n<td>Jagoda Banana<\/td>\n<td>Dvojno jabolko<\/td>\n<td>Malina lubenica<\/td>\n<\/tr>\n<tr>\n<td>jagoda kivi<\/td>\n<td>Kisli mango ananas<\/td>\n<td>Red Bull<\/td>\n<\/tr>\n<tr>\n<td>Tropsko sadje<\/td>\n<td>Jagodna lubenica<\/td>\n<td>Citronska breskev<\/td>\n<\/tr>\n<tr>\n<td>Ananas Kokos<\/td>\n<td>Modri razz<\/td>\n<td>Jagoda Banana<\/td>\n<\/tr>\n<tr>\n<td>Jagoda malina<\/td>\n<td>Trojna melona<\/td>\n<td>Kisli mango ananas<\/td>\n<\/tr>\n<tr>\n<td>Me\u0161ano jagodi\u010devje<\/td>\n<td>Malina lubenica<\/td>\n<td>Mango breskev<\/td>\n<\/tr>\n<tr>\n<td>Borovnica malina<\/td>\n<td>Jagodna kokakola z vaniljo<\/td>\n<td>Limona Limeta<\/td>\n<\/tr>\n<tr>\n<td>Led iz lubenice<\/td>\n<td>Peach Berry<\/td>\n<td>Trojna melona<\/td>\n<\/tr>\n<\/tbody>\n<\/table>\n<h3>\u2705 Zakaj izbrati FIHP 60000 Triple?<\/h3>\n<ul>\n<li>\u26a1 <strong>Zasnova s trojno komoro<\/strong> - U\u017eivajte v treh vrtljivih okusih v eni napravi.<\/li>\n<li>\ud83d\udd25 <strong>Masivno \u0161tevilo puffov<\/strong> - Do 60.000 vdihov za dolgotrajno zadovoljstvo.<\/li>\n<li>\ud83c\udf00 <strong>Dvojne mre\u017easte tuljave<\/strong> - Gladka, bogata para z intenzivnim okusom.<\/li>\n<li>\ud83d\udd0b <strong>Polnjenje prek tipa C<\/strong> - Hitro polnjenje, brez izpadov.<\/li>\n<li>\ud83d\udcfa <strong>Pametni zaslon LED<\/strong> - Bodite obve\u0161\u010deni s spremljanjem baterije in napihnjenosti.<\/li>\n<li>\ud83d\udcbc <strong>Odli\u010dno za nadaljnjo prodajo<\/strong> - Kartonu prijazna velikost s 160 kosi v \u0161katli.<\/li>\n<li>\ud83d\udce6 <strong>Pripravljen za prodajo na debelo<\/strong> - Zasnovan za distribucijo B2B v velikem obsegu.<\/li>\n<\/ul>\n<p>\u010ce ste navdu\u0161enec nad vapiranjem, okusom ali vodite podjetje za vape, je <strong>FIHP 60000 Trojni 3-v-1<\/strong> je obvezen pripomo\u010dek. Z velikim \u0161tevilom puhov, prilagodljivostjo okusa in pametno zasnovo je ustvarjen tako, da prina\u0161a rezultate na vseh ravneh. Zdaj si zagotovite zaloge in poskrbite za trojno zadovoljstvo na svojih policah ali pri svojih strankah.<\/p>","protected":false},"excerpt":{"rendered":"<p>FIHP 60000 trojni vape - 60.000 izpuhov, trojna rotacija okusov, dvojne mre\u017easte tuljave in drzna zmogljivost. Ustvarjeno za profesionalce in kot nala\u0161\u010d za prodajo na debelo!<\/p>","protected":false},"featured_media":39346,"comment_status":"open","ping_status":"closed","template":"","meta":[],"product_brand":[236],"product_cat":[18,242,90,117,81,76,134,135,133,136,137,146,138,139,140,141,142,143,144,145,572,82],"product_tag":[],"class_list":{"0":"post-39345","1":"product","2":"type-product","3":"status-publish","4":"has-post-thumbnail","6":"product_brand-fihp","7":"product_cat-fihp","8":"product_cat-60000-puffs-disposable-vape","9":"product_cat-big-puffs-vapes","10":"product_cat-different-puffs-of-diposable-vapes","11":"product_cat-digital-box-vapes","12":"product_cat-disposable-vape-types","13":"product_cat-disposable-vapes-in-austria","14":"product_cat-disposable-vapes-in-belgium","15":"product_cat-disposable-vapes-in-europe","16":"product_cat-disposable-vapes-in-france","17":"product_cat-disposable-vapes-in-germany","18":"product_cat-disposable-vapes-in-hungary","19":"product_cat-disposable-vapes-in-ltaly","20":"product_cat-disposable-vapes-in-netherlands","21":"product_cat-disposable-vapes-in-norway","22":"product_cat-disposable-vapes-in-poland","23":"product_cat-disposable-vapes-in-portugal","24":"product_cat-disposable-vapes-in-spain","25":"product_cat-disposable-vapes-in-sweden","26":"product_cat-disposable-vapes-in-switzerland","27":"product_cat-new-2","28":"product_cat-smart-screen-vapes","30":"first","31":"instock","32":"shipping-taxable","33":"purchasable","34":"product-type-variable","35":"has-default-attributes"},"jetpack_sharing_enabled":true,"tiered_pricing_type":"fixed","tiered_pricing_fixed_rules":{"2000":9.9000000000000003552713678800500929355621337890625},"tiered_pricing_product_settings":{"layout":"default","base_unit_name":{"singular":null,"plural":null},"default_variation":null},"tiered_pricing_minimum_quantity":1000,"tiered_pricing_roles_data":[],"tiered_pricing_percentage_rules":[],"tiered_pricing_maximum_quantity":null,"tiered_pricing_quantity_step":"10","_links":{"self":[{"href":"https:\/\/aiviouvapes.com\/sl\/wp-json\/wp\/v2\/product\/39345","targetHints":{"allow":["GET"]}}],"collection":[{"href":"https:\/\/aiviouvapes.com\/sl\/wp-json\/wp\/v2\/product"}],"about":[{"href":"https:\/\/aiviouvapes.com\/sl\/wp-json\/wp\/v2\/types\/product"}],"replies":[{"embeddable":true,"href":"https:\/\/aiviouvapes.com\/sl\/wp-json\/wp\/v2\/comments?post=39345"}],"wp:featuredmedia":[{"embeddable":true,"href":"https:\/\/aiviouvapes.com\/sl\/wp-json\/wp\/v2\/media\/39346"}],"wp:attachment":[{"href":"https:\/\/aiviouvapes.com\/sl\/wp-json\/wp\/v2\/media?parent=39345"}],"wp:term":[{"taxonomy":"product_brand","embeddable":true,"href":"https:\/\/aiviouvapes.com\/sl\/wp-json\/wp\/v2\/product_brand?post=39345"},{"taxonomy":"product_cat","embeddable":true,"href":"https:\/\/aiviouvapes.com\/sl\/wp-json\/wp\/v2\/product_cat?post=39345"},{"taxonomy":"product_tag","embeddable":true,"href":"https:\/\/aiviouvapes.com\/sl\/wp-json\/wp\/v2\/product_tag?post=39345"}],"curies":[{"name":"wp","href":"https:\/\/api.w.org\/{rel}","templated":true}]}}