{"id":3816,"date":"2024-08-20T07:35:01","date_gmt":"2024-08-19T23:35:01","guid":{"rendered":"https:\/\/aiviouvapes.com\/?post_type=product&#038;p=3816"},"modified":"2026-03-17T10:43:36","modified_gmt":"2026-03-17T02:43:36","slug":"bang-25000-puffs-0-2-3-5-low-nicotine-bulk-buy-rechargeable-disposable-vapes-pen-wholesale","status":"publish","type":"product","link":"https:\/\/aiviouvapes.com\/sl\/product\/bang-25000-puffs-0-2-3-5-low-nicotine-bulk-buy-rechargeable-disposable-vapes-pen-wholesale\/","title":{"rendered":"Bang 25000 Puffs | 0%-5% nikotin, 25ml, 650mAh, vape za enkratno uporabo"},"content":{"rendered":"<p><iframe title=\"VideoPress Video predvajalnik\" aria-label='VideoPress Video predvajalnik' width='1020' height='574' src='https:\/\/videopress.com\/embed\/Hmr9nGsM?hd=0&amp;cover=1' frameborder='0' allowfullscreen allow='clipboard-write'><\/iframe><script src='https:\/\/v0.wordpress.com\/js\/next\/videopress-iframe.js?m=1739540970'><\/script><\/p>\n<h2>Bang 25000 puffs | 0% 2% 3% 5% nikotin, 25ml e-teko\u010dina, 650mAh baterija, mre\u017ena tuljava, tip C za ponovno polnjenje, nakup na debelo za enkratno uporabo<\/h2>\n<h3>Bang 25000 Puffs Pregled<\/h3>\n<ul>\n<li><strong>Visoka zmogljivost puhanja<\/strong>: Do 25.000 vdihov za dalj\u0161o uporabo in zadovoljstvo.<\/li>\n<li><strong>Velik zalogovnik za e-teko\u010dino<\/strong>: 25 ml prostornine zmanj\u0161uje potrebo po pogostem polnjenju.<\/li>\n<li><strong>Zanesljiva baterija<\/strong>: 650 mAh baterija s polnjenjem tipa C za hitro in u\u010dinkovito polnjenje.<\/li>\n<li><strong>Mo\u017enosti nikotina<\/strong>: Na voljo so stopnje nikotina 0%, 2%, 3% in 5%, ki ustrezajo osebnim \u017eeljam.<\/li>\n<li><strong>Nemoteno proizvajanje pare<\/strong>: 1,0\u03a9 mre\u017ena tuljava zagotavlja dosledno, aromati\u010dno paro z vsakim curkom.<\/li>\n<li><strong>Uporabniku prijazen zaslon<\/strong>: Vgrajeni zaslon spremlja stanje baterije in e-teko\u010dine za dodatno udobje.<\/li>\n<\/ul>\n<h3>Bang 25000 puffov Lastnosti<\/h3>\n<ul>\n<li><strong>Izjemna \u017eivljenjska doba<\/strong>: 25.000 vpihov na napravo zagotavlja izjemno vrednost in vzdr\u017eljivost.<\/li>\n<li><strong>Prenosna zasnova<\/strong>: Kompakten in eleganten za enostavno uparjanje na poti.<\/li>\n<li><strong>Priro\u010dnost polnjenja<\/strong>: Polnilni priklju\u010dek tipa C skraj\u0161a \u010das izpada in omogo\u010da hitro polnjenje.<\/li>\n<li><strong>Enostavno spremljanje<\/strong>: Zaslon omogo\u010da enostavno spremljanje \u017eivljenjske dobe baterije in stanja e-teko\u010dine.<\/li>\n<\/ul>\n<h3>Bang 25000 Puffs Izbor okusov<\/h3>\n<p>Borovni\u010dev led, jagodni kivi, jagodna lubenica, me\u0161ano sadje, borovni\u010deva meta, tigrova kri, mangova breskev, grozdni led, borovni\u010deva malina, lubeni\u010dni led, lubeni\u010dni \u017eve\u010dilni gumi, jagodni led<\/p>\n<h3>Zakaj izbrati Bang 25000 Puffs?<\/h3>\n<p>Bang 25000 Puffs ponuja visoko zmogljivost, bogat okus in vrhunske priro\u010dne funkcije. Ta naprava je idealna za vaperje, ki cenijo dolgotrajno uporabo, saj zdru\u017euje kakovost in enostavnost z elegantno obliko in hitrim polnjenjem. Naprava je na voljo za prodajo na debelo in je odli\u010dna izbira za trgovce na drobno, ki \u017eelijo v svojo ponudbo dodati zanesljiv in zmogljiv vape. S Bang 25000 izbolj\u0161ajte svojo pot vapinga in u\u017eivajte v zadovoljivih okusih z vsakim vdihom.<\/p>\n<h3>Zakaj izbrati AiviouVapes<\/h3>\n<p>Dobrodo\u0161li v <a href=\"https:\/\/aiviouvapes.com\/sl\/\">AiviouVapes<\/a> - va\u0161 zaupanja vreden vir za vrhunske, cenovno ugodne <a href=\"https:\/\/aiviouvapes.com\/sl\/shop\/\">veleprodaja vapes za enkratno uporabo<\/a> po resni\u010dno nizkih cenah. Z ve\u010d kot petimi leti izku\u0161enj v industriji vape ponujamo ro\u010dno izbran izbor vodilnih blagovnih znamk, kot so <a href=\"https:\/\/aiviouvapes.com\/sl\/kategorija-izdelka\/waspe\/\">WASPE<\/a>, <a href=\"https:\/\/aiviouvapes.com\/sl\/kategorija-izdelka\/bang\/\">Bang Vape<\/a>, <a href=\"https:\/\/aiviouvapes.com\/sl\/kategorija-izdelka\/vapme-vapes\/\">Vapme<\/a>in <a href=\"https:\/\/aiviouvapes.com\/sl\/kategorija-izdelka\/mrvi\/\">MRVI<\/a>.<\/p>\n<p>Od naprav z visokim izpihom, kot je <a href=\"https:\/\/aiviouvapes.com\/sl\/izdelek\/waspe-4-in-1-100000-puffs\/\">WASPE 100K okus 4 v 1<\/a> do krepkih priljubljenih izdelkov, kot je <a href=\"https:\/\/aiviouvapes.com\/sl\/izdelek\/bang-king-triple-flavors-85000\/\">Bang 85.000 Trojni puh<\/a>in celo vznemirljivo <a class=\"woocommerce-LoopProduct-link woocommerce-loop-product__link\" href=\"https:\/\/aiviouvapes.com\/sl\/izdelek\/mystery-vape-blind-box\/\">Skrivnostna \u0161katla Vape za enkratno uporabo<\/a>, vsak izdelek je izbran zaradi vrhunske kakovosti in neprekosljive vrednosti. Pri AiviouVapes boste u\u017eivali v odli\u010dnih storitvah, veleprodajnih prihrankih in zbirki, ki je zasnovana tako, da ustreza va\u0161im potrebam po vapingu.<\/p>\n<div class=\"row row-large row-full-width align-middle\"  id=\"row-403100888\">\n\n\n\t<div id=\"col-1040921633\" class=\"col medium-3 small-6 large-3\"  >\n\t\t\t\t<div class=\"col-inner text-center\"  >\n\t\t\t\n\t\t\t\n\n\n\t\t<div class=\"icon-box featured-box icon-box-top text-left\"  >\n\t\t\t\t\t<div class=\"icon-box-img\" style=\"width: 90px\">\n\t\t\t\t<div class=\"icon\">\n\t\t\t\t\t<div class=\"icon-inner\" >\n\t\t\t\t\t\t<img loading=\"lazy\" decoding=\"async\" width=\"200\" height=\"200\" src=\"https:\/\/i0.wp.com\/aiviouvapes.com\/wp-content\/uploads\/2024\/08\/vape-1-1.png?fit=200%2C200&amp;ssl=1\" class=\"attachment-medium size-medium\" alt=\"Zakaj izbrati AIVIOUVAPES\" srcset=\"https:\/\/i0.wp.com\/aiviouvapes.com\/wp-content\/uploads\/2024\/08\/vape-1-1.png?w=200&amp;ssl=1 200w, https:\/\/i0.wp.com\/aiviouvapes.com\/wp-content\/uploads\/2024\/08\/vape-1-1.png?resize=150%2C150&amp;ssl=1 150w, https:\/\/i0.wp.com\/aiviouvapes.com\/wp-content\/uploads\/2024\/08\/vape-1-1.png?resize=12%2C12&amp;ssl=1 12w, https:\/\/i0.wp.com\/aiviouvapes.com\/wp-content\/uploads\/2024\/08\/vape-1-1.png?resize=100%2C100&amp;ssl=1 100w\" sizes=\"auto, (max-width: 200px) 100vw, 200px\" title=\"\">\t\t\t\t\t<\/div>\n\t\t\t\t<\/div>\n\t\t\t<\/div>\n\t\t\t\t<div class=\"icon-box-text last-reset\">\n\t\t\t\t\t\t\t\t\t\n\n\t<div id=\"text-3062706135\" class=\"text\">\n\t\t\n\n<h3 style=\"text-align: center;\">Obse\u017ena raznolikost izdelkov Vape<\/h3>\n<p style=\"text-align: center;\">Odkrijte na\u0161o \u0161iroko paleto izdelkov, izdelanih za vse \u017eelje.<\/p>\n\t\t\n<style>\n#text-3062706135 {\n  font-size: 0.9rem;\n}\n<\/style>\n\t<\/div>\n\t\n\n\t\t<\/div>\n\t<\/div>\n\t\n\t\n\n\t\t<\/div>\n\t\t\t\t\t<\/div>\n\n\t\n\n\t<div id=\"col-188989512\" class=\"col medium-3 small-6 large-3\"  >\n\t\t\t\t<div class=\"col-inner text-center\"  >\n\t\t\t\n\t\t\t\n\n\n\t\t<div class=\"icon-box featured-box icon-box-top text-left\"  >\n\t\t\t\t\t<div class=\"icon-box-img\" style=\"width: 90px\">\n\t\t\t\t<div class=\"icon\">\n\t\t\t\t\t<div class=\"icon-inner\" >\n\t\t\t\t\t\t<img loading=\"lazy\" decoding=\"async\" width=\"200\" height=\"200\" src=\"https:\/\/i0.wp.com\/aiviouvapes.com\/wp-content\/uploads\/2024\/08\/save-money-1-1-1.png?fit=200%2C200&amp;ssl=1\" class=\"attachment-medium size-medium\" alt=\"Zakaj izbrati AIVIOUVAPES\" srcset=\"https:\/\/i0.wp.com\/aiviouvapes.com\/wp-content\/uploads\/2024\/08\/save-money-1-1-1.png?w=200&amp;ssl=1 200w, https:\/\/i0.wp.com\/aiviouvapes.com\/wp-content\/uploads\/2024\/08\/save-money-1-1-1.png?resize=150%2C150&amp;ssl=1 150w, https:\/\/i0.wp.com\/aiviouvapes.com\/wp-content\/uploads\/2024\/08\/save-money-1-1-1.png?resize=12%2C12&amp;ssl=1 12w, https:\/\/i0.wp.com\/aiviouvapes.com\/wp-content\/uploads\/2024\/08\/save-money-1-1-1.png?resize=100%2C100&amp;ssl=1 100w\" sizes=\"auto, (max-width: 200px) 100vw, 200px\" title=\"\">\t\t\t\t\t<\/div>\n\t\t\t\t<\/div>\n\t\t\t<\/div>\n\t\t\t\t<div class=\"icon-box-text last-reset\">\n\t\t\t\t\t\t\t\t\t\n\n\t<div id=\"text-4149445718\" class=\"text\">\n\t\t\n\n<h3 style=\"text-align: center;\">Nepremagljiva vrednost<\/h3>\n<p style=\"text-align: center;\">U\u017eivajte v vrhunskih izdelkih po cenah, ki ustrezajo va\u0161emu prora\u010dunu.<\/p>\n\t\t\n<style>\n#text-4149445718 {\n  font-size: 0.9rem;\n}\n<\/style>\n\t<\/div>\n\t\n\n\t\t<\/div>\n\t<\/div>\n\t\n\t\n\n\t\t<\/div>\n\t\t\t\t\t<\/div>\n\n\t\n\n\t<div id=\"col-1628601339\" class=\"col medium-3 small-6 large-3\"  >\n\t\t\t\t<div class=\"col-inner text-center\"  >\n\t\t\t\n\t\t\t\n\n\n\t\t<div class=\"icon-box featured-box icon-box-top text-left\"  >\n\t\t\t\t\t<div class=\"icon-box-img\" style=\"width: 90px\">\n\t\t\t\t<div class=\"icon\">\n\t\t\t\t\t<div class=\"icon-inner\" >\n\t\t\t\t\t\t<img loading=\"lazy\" decoding=\"async\" width=\"200\" height=\"200\" src=\"https:\/\/i0.wp.com\/aiviouvapes.com\/wp-content\/uploads\/2024\/08\/delivery-truck-1-1.png?fit=200%2C200&amp;ssl=1\" class=\"attachment-medium size-medium\" alt=\"Zakaj izbrati AIVIOUVAPES\" srcset=\"https:\/\/i0.wp.com\/aiviouvapes.com\/wp-content\/uploads\/2024\/08\/delivery-truck-1-1.png?w=200&amp;ssl=1 200w, https:\/\/i0.wp.com\/aiviouvapes.com\/wp-content\/uploads\/2024\/08\/delivery-truck-1-1.png?resize=150%2C150&amp;ssl=1 150w, https:\/\/i0.wp.com\/aiviouvapes.com\/wp-content\/uploads\/2024\/08\/delivery-truck-1-1.png?resize=12%2C12&amp;ssl=1 12w, https:\/\/i0.wp.com\/aiviouvapes.com\/wp-content\/uploads\/2024\/08\/delivery-truck-1-1.png?resize=100%2C100&amp;ssl=1 100w\" sizes=\"auto, (max-width: 200px) 100vw, 200px\" title=\"\">\t\t\t\t\t<\/div>\n\t\t\t\t<\/div>\n\t\t\t<\/div>\n\t\t\t\t<div class=\"icon-box-text last-reset\">\n\t\t\t\t\t\t\t\t\t\n\n\t<div id=\"text-432510062\" class=\"text\">\n\t\t\n\n<h3 style=\"text-align: center;\">Hitra Globalna Dostava<\/h3>\n<p style=\"text-align: center;\">Dostavo po vsem svetu zagotavljamo z zagotovljenim carinjenjem, kar zagotavlja brezhibno izku\u0161njo.<\/p>\n\t\t\n<style>\n#text-432510062 {\n  font-size: 0.9rem;\n}\n<\/style>\n\t<\/div>\n\t\n\n\t\t<\/div>\n\t<\/div>\n\t\n\t\n\n\t\t<\/div>\n\t\t\t\t\t<\/div>\n\n\t\n\n\t<div id=\"col-1056542716\" class=\"col medium-3 small-6 large-3\"  >\n\t\t\t\t<div class=\"col-inner text-center\"  >\n\t\t\t\n\t\t\t\n\n\n\t\t<div class=\"icon-box featured-box icon-box-top text-left\"  >\n\t\t\t\t\t<div class=\"icon-box-img\" style=\"width: 90px\">\n\t\t\t\t<div class=\"icon\">\n\t\t\t\t\t<div class=\"icon-inner\" >\n\t\t\t\t\t\t<img loading=\"lazy\" decoding=\"async\" width=\"200\" height=\"200\" src=\"https:\/\/i0.wp.com\/aiviouvapes.com\/wp-content\/uploads\/2024\/08\/support-1-1.png?fit=200%2C200&amp;ssl=1\" class=\"attachment-medium size-medium\" alt=\"Zakaj izbrati AIVIOUVAPES\" srcset=\"https:\/\/i0.wp.com\/aiviouvapes.com\/wp-content\/uploads\/2024\/08\/support-1-1.png?w=200&amp;ssl=1 200w, https:\/\/i0.wp.com\/aiviouvapes.com\/wp-content\/uploads\/2024\/08\/support-1-1.png?resize=150%2C150&amp;ssl=1 150w, https:\/\/i0.wp.com\/aiviouvapes.com\/wp-content\/uploads\/2024\/08\/support-1-1.png?resize=12%2C12&amp;ssl=1 12w, https:\/\/i0.wp.com\/aiviouvapes.com\/wp-content\/uploads\/2024\/08\/support-1-1.png?resize=100%2C100&amp;ssl=1 100w\" sizes=\"auto, (max-width: 200px) 100vw, 200px\" title=\"\">\t\t\t\t\t<\/div>\n\t\t\t\t<\/div>\n\t\t\t<\/div>\n\t\t\t\t<div class=\"icon-box-text last-reset\">\n\t\t\t\t\t\t\t\t\t\n\n\t<div id=\"text-1015452404\" class=\"text\">\n\t\t\n\n<h3 style=\"text-align: center;\">Pomo\u010d po celodnevni uri<\/h3>\n<p style=\"text-align: center;\">Na\u0161o ekipo za podporo lahko kadar koli, 24 ur na dan, 7 dni v tednu, prek aplikacije WhatsApp ali e-po\u0161te.<\/p>\n\t\t\n<style>\n#text-1015452404 {\n  font-size: 0.9rem;\n}\n<\/style>\n\t<\/div>\n\t\n\n\t\t<\/div>\n\t<\/div>\n\t\n\t\n\n\t\t<\/div>\n\t\t\t\t\t<\/div>\n\n\t\n\n<\/div>\n<div class=\"row row-full-width align-middle\"  id=\"row-1072607571\">\n\n\n\t<div id=\"col-1847013624\" class=\"col medium-6 small-12 large-6\"  >\n\t\t\t\t<div class=\"col-inner\"  >\n\t\t\t\n\t\t\t\n\n\t<div class=\"img has-hover x md-x lg-x y md-y lg-y\" id=\"image_149810248\">\n\t\t\t\t\t\t\t\t<div class=\"img-inner dark\" >\n\t\t\t<img loading=\"lazy\" decoding=\"async\" width=\"930\" height=\"1024\" src=\"https:\/\/i0.wp.com\/aiviouvapes.com\/wp-content\/uploads\/2024\/08\/%E6%8B%BC%E5%9B%BE.jpg?fit=930%2C1024&amp;ssl=1\" class=\"attachment-large size-large\" alt=\"Zakaj izbrati AIVIOUVAPES\" title=\"\">\t\t\t\t\t\t\n\t\t\t\t\t<\/div>\n\t\t\t\t\t\t\t\t\n<style>\n#image_149810248 {\n  width: 100%;\n}\n<\/style>\n\t<\/div>\n\t\n\n\n\t\t<\/div>\n\t\t\t\t\t<\/div>\n\n\t\n\n\t<div id=\"col-987627863\" class=\"col medium-6 small-12 large-6\"  >\n\t\t\t\t<div class=\"col-inner\"  >\n\t\t\t\n\t\t\t\n\n<div class=\"container section-title-container\" ><h4 class=\"section-title section-title-normal\"><b aria-hidden=\"true\"><\/b><span class=\"section-title-main\" style=\"font-size:91%;\">Na\u0161e prednosti<\/span><b aria-hidden=\"true\"><\/b><\/h4><\/div>\n\n<div class=\"accordion\">\n\n\t<div id=\"accordion-2878015641\" class=\"accordion-item\">\n\t\t<a id=\"accordion-2878015641-label\" class=\"accordion-title plain\" href=\"#accordion-item-commitment-to-quality\" aria-expanded=\"false\" aria-controls=\"accordion-2878015641-content\">\n\t\t\t<button class=\"toggle\" aria-label=\"Toggle\"><i class=\"icon-angle-down\" aria-hidden=\"true\"><\/i><\/button>\n\t\t\t<span>Zavezanost kakovosti<\/span>\n\t\t<\/a>\n\t\t<div id=\"accordion-2878015641-content\" class=\"accordion-inner\" aria-labelledby=\"accordion-2878015641-label\">\n\t\t\t\n\n<p>Pri <a href=\"https:\/\/aiviouvapes.com\/sl\/\">AiviouVape<\/a>kakovost je gonilo vsega, kar po\u010dnemo. Na\u0161i vapeji za enkratno uporabo so skrbno izdelani in strogo preizku\u0161eni, da izpolnjujejo najvi\u0161je standarde, kar zagotavlja nemoteno in zanesljivo izku\u0161njo vapljanja vsaki\u010d znova. Z na\u0161o zavezanostjo k ni\u010d napakam in ni\u010d prito\u017ebam lahko zaupate, da ste dobili najbolj\u0161e.<\/p>\n\n\t\t<\/div>\n\t<\/div>\n\t\n\t<div id=\"accordion-1361063053\" class=\"accordion-item\">\n\t\t<a id=\"accordion-1361063053-label\" class=\"accordion-title plain\" href=\"#accordion-item-diverse-range-of-products\" aria-expanded=\"false\" aria-controls=\"accordion-1361063053-content\">\n\t\t\t<button class=\"toggle\" aria-label=\"Toggle\"><i class=\"icon-angle-down\" aria-hidden=\"true\"><\/i><\/button>\n\t\t\t<span>Raznovrstni izdelki<\/span>\n\t\t<\/a>\n\t\t<div id=\"accordion-1361063053-content\" class=\"accordion-inner\" aria-labelledby=\"accordion-1361063053-label\">\n\t\t\t\n\n<p>Ponosni smo, da ponujamo \u0161iroko paleto vrhunskih vapes za enkratno uporabo, ki ustrezajo vsem \u017eeljam. V na\u0161i ponudbi so zaupanja vredne blagovne znamke, kot so Waspe, Vapme, RandM Tornado, Bang Box, ELF Box in Bang King, od najnovej\u0161ih inovacij do dolgoletnih priljubljenih izdelkov. Ne glede na to, ali i\u0161\u010dete drzne okuse Vapme ali elegantno obliko RandM Tornado, je na\u0161a zbirka oblikovana tako, da vam pomaga odkriti popoln vape, ki ustreza va\u0161emu okusu in \u017eivljenjskemu slogu.<\/p>\n\n\n\t\t<\/div>\n\t<\/div>\n\t\n\t<div id=\"accordion-970713660\" class=\"accordion-item\">\n\t\t<a id=\"accordion-970713660-label\" class=\"accordion-title plain\" href=\"#accordion-item-wholesale-and-retail-solutions\" aria-expanded=\"false\" aria-controls=\"accordion-970713660-content\">\n\t\t\t<button class=\"toggle\" aria-label=\"Toggle\"><i class=\"icon-angle-down\" aria-hidden=\"true\"><\/i><\/button>\n\t\t\t<span>Veleprodajne in maloprodajne re\u0161itve<\/span>\n\t\t<\/a>\n\t\t<div id=\"accordion-970713660-content\" class=\"accordion-inner\" aria-labelledby=\"accordion-970713660-label\">\n\t\t\t\n\n<p>AiviouVape izpolnjuje zahteve maloprodajnih in veleprodajnih strank ter vsaki\u010d zagotavlja izjemne izdelke in storitve. \u010ce ste novinec, vam priporo\u010damo, da za\u010dnete z majhno serijo in izkusite na\u0161o kakovost iz prve roke. S konkuren\u010dnimi cenami in vrhunskimi standardi smo zaupanja vredna izbira v industriji vape za enkratno uporabo.\u00a0<\/p>\n\n\t\t<\/div>\n\t<\/div>\n\t\n\t<div id=\"accordion-3770956650\" class=\"accordion-item\">\n\t\t<a id=\"accordion-3770956650-label\" class=\"accordion-title plain\" href=\"#accordion-item-continuous-improvement\" aria-expanded=\"false\" aria-controls=\"accordion-3770956650-content\">\n\t\t\t<button class=\"toggle\" aria-label=\"Toggle\"><i class=\"icon-angle-down\" aria-hidden=\"true\"><\/i><\/button>\n\t\t\t<span>Nenehno izbolj\u0161evanje<\/span>\n\t\t<\/a>\n\t\t<div id=\"accordion-3770956650-content\" class=\"accordion-inner\" aria-labelledby=\"accordion-3770956650-label\">\n\t\t\t\n\n<p>Podjetje AiviouVape odlikuje na\u0161a predanost izjemnim storitvam za stranke. \u010ce potrebujete nasvet pred nakupom ali pomo\u010d pri naro\u010dilu, je na\u0161a ekipa vedno na voljo prek aplikacije WhatsApp ali e-po\u0161te. Prizadevamo si vzpostaviti trajne odnose s strankami in zagotavljamo va\u0161e zadovoljstvo na vsakem koraku.<\/p>\n\n\t\t<\/div>\n\t<\/div>\n\t\n\t<div id=\"accordion-3644651282\" class=\"accordion-item\">\n\t\t<a id=\"accordion-3644651282-label\" class=\"accordion-title plain\" href=\"#accordion-item-quality-assurance\" aria-expanded=\"false\" aria-controls=\"accordion-3644651282-content\">\n\t\t\t<button class=\"toggle\" aria-label=\"Toggle\"><i class=\"icon-angle-down\" aria-hidden=\"true\"><\/i><\/button>\n\t\t\t<span>Zagotavljanje kakovosti<\/span>\n\t\t<\/a>\n\t\t<div id=\"accordion-3644651282-content\" class=\"accordion-inner\" aria-labelledby=\"accordion-3644651282-label\">\n\t\t\t\n\n<p>Na vseh stopnjah razvoja, proizvodnje, tr\u017eenja in distribucije izdelkov na\u0161a zavezanost kakovosti nikoli ne popusti. Na\u0161i izdelki za enkratno uporabo so podvr\u017eeni strogim testom, ki zagotavljajo, da so nestrupeni, \u010disti in zagotavljajo izjemen okus. Ta predanost odli\u010dnosti je temelj na\u0161e korporativne kulture.<\/p>\n\n\t\t<\/div>\n\t<\/div>\n\t\n\t<div id=\"accordion-27574028\" class=\"accordion-item\">\n\t\t<a id=\"accordion-27574028-label\" class=\"accordion-title plain\" href=\"#accordion-item-efficient-logistics-and-delivery\" aria-expanded=\"false\" aria-controls=\"accordion-27574028-content\">\n\t\t\t<button class=\"toggle\" aria-label=\"Toggle\"><i class=\"icon-angle-down\" aria-hidden=\"true\"><\/i><\/button>\n\t\t\t<span>U\u010dinkovita logistika in dostava<\/span>\n\t\t<\/a>\n\t\t<div id=\"accordion-27574028-content\" class=\"accordion-inner\" aria-labelledby=\"accordion-27574028-label\">\n\t\t\t\n\n<p>AiviouVape zagotavlja u\u010dinkovito logistiko in dostavo, vklju\u010dno s storitvami DDP (Delivered Duty Paid), ki zagotavljajo nemoteno carinjenje brez kakr\u0161nih koli pristojbin ali davkov. S hitro dostavo in izjemno podporo strankam ponujamo nemoteno in zanesljivo izku\u0161njo, zaradi \u010desar smo zaupanja vreden partner v industriji.<\/p>\n\n\t\t<\/div>\n\t<\/div>\n\t\n\t<div id=\"accordion-2302968660\" class=\"accordion-item\">\n\t\t<a id=\"accordion-2302968660-label\" class=\"accordion-title plain\" href=\"#accordion-item-odm-and-oem-services\" aria-expanded=\"false\" aria-controls=\"accordion-2302968660-content\">\n\t\t\t<button class=\"toggle\" aria-label=\"Toggle\"><i class=\"icon-angle-down\" aria-hidden=\"true\"><\/i><\/button>\n\t\t\t<span>Storitve ODM in OEM<\/span>\n\t\t<\/a>\n\t\t<div id=\"accordion-2302968660-content\" class=\"accordion-inner\" aria-labelledby=\"accordion-2302968660-label\">\n\t\t\t\n\n<p>AiviouVapes ponuja popolne storitve ODM (Original Design Manufacturing) in OEM (Original Equipment Manufacturing). Z dvema velikima obratoma strankam pomagamo oblikovati edinstvene izdelke in privla\u010dne logotipe za embala\u017eo. Zagotavljamo tudi brezpla\u010dne smernice za oblikovanje embala\u017ee in podpiramo stranke, ki same pakirajo svoje izdelke, s \u010dimer zagotavljamo, da njihova blagovna znamka zasije na trgu.<\/p>\n\n\t\t<\/div>\n\t<\/div>\n\t\n\n<\/div>\n\n\t\t<\/div>\n\t\t\t\t\t<\/div>\n\n\t\n\n<\/div>","protected":false},"excerpt":{"rendered":"<p>Bang 25000 Puffs Vape za enkratno uporabo zagotavlja do 25.000 puffov s 25ml rezervoarjem za e-teko\u010dino in 650mAh baterijo za ponovno polnjenje. U\u017eivajte v gladki pari, razli\u010dnih okusih in priro\u010dnih funkcijah, kot sta uporabniku prijazen zaslon in polnjenje Type-C, za vrhunsko in dolgotrajno izku\u0161njo vapinga.<\/p>","protected":false},"featured_media":3862,"comment_status":"open","ping_status":"closed","template":"","meta":[],"product_brand":[239],"product_cat":[37,130,90,117,81,76,134,135,133,136,137,146,138,139,140,141,142,143,144,145,79,132,82],"product_tag":[],"class_list":{"0":"post-3816","1":"product","2":"type-product","3":"status-publish","4":"has-post-thumbnail","6":"product_brand-bang","7":"product_cat-bang","8":"product_cat-25000-puffs-disposable-vape","9":"product_cat-big-puffs-vapes","10":"product_cat-different-puffs-of-diposable-vapes","11":"product_cat-digital-box-vapes","12":"product_cat-disposable-vape-types","13":"product_cat-disposable-vapes-in-austria","14":"product_cat-disposable-vapes-in-belgium","15":"product_cat-disposable-vapes-in-europe","16":"product_cat-disposable-vapes-in-france","17":"product_cat-disposable-vapes-in-germany","18":"product_cat-disposable-vapes-in-hungary","19":"product_cat-disposable-vapes-in-ltaly","20":"product_cat-disposable-vapes-in-netherlands","21":"product_cat-disposable-vapes-in-norway","22":"product_cat-disposable-vapes-in-poland","23":"product_cat-disposable-vapes-in-portugal","24":"product_cat-disposable-vapes-in-spain","25":"product_cat-disposable-vapes-in-sweden","26":"product_cat-disposable-vapes-in-switzerland","27":"product_cat-dual-mesh-vapes","28":"product_cat-rechargeable-vapes","29":"product_cat-smart-screen-vapes","31":"first","32":"instock","33":"shipping-taxable","34":"purchasable","35":"product-type-variable","36":"has-default-attributes"},"jetpack_sharing_enabled":true,"tiered_pricing_type":"fixed","tiered_pricing_fixed_rules":{"30":8.1699999999999999289457264239899814128875732421875,"50":7.2599999999999997868371792719699442386627197265625,"100":6.480000000000000426325641456060111522674560546875,"200":6.089999999999999857891452847979962825775146484375,"400":5.57000000000000028421709430404007434844970703125},"tiered_pricing_product_settings":{"layout":"default","base_unit_name":{"singular":null,"plural":null},"default_variation":null},"tiered_pricing_minimum_quantity":10,"tiered_pricing_roles_data":[],"tiered_pricing_percentage_rules":[],"tiered_pricing_maximum_quantity":null,"tiered_pricing_quantity_step":"10","_links":{"self":[{"href":"https:\/\/aiviouvapes.com\/sl\/wp-json\/wp\/v2\/product\/3816","targetHints":{"allow":["GET"]}}],"collection":[{"href":"https:\/\/aiviouvapes.com\/sl\/wp-json\/wp\/v2\/product"}],"about":[{"href":"https:\/\/aiviouvapes.com\/sl\/wp-json\/wp\/v2\/types\/product"}],"replies":[{"embeddable":true,"href":"https:\/\/aiviouvapes.com\/sl\/wp-json\/wp\/v2\/comments?post=3816"}],"wp:featuredmedia":[{"embeddable":true,"href":"https:\/\/aiviouvapes.com\/sl\/wp-json\/wp\/v2\/media\/3862"}],"wp:attachment":[{"href":"https:\/\/aiviouvapes.com\/sl\/wp-json\/wp\/v2\/media?parent=3816"}],"wp:term":[{"taxonomy":"product_brand","embeddable":true,"href":"https:\/\/aiviouvapes.com\/sl\/wp-json\/wp\/v2\/product_brand?post=3816"},{"taxonomy":"product_cat","embeddable":true,"href":"https:\/\/aiviouvapes.com\/sl\/wp-json\/wp\/v2\/product_cat?post=3816"},{"taxonomy":"product_tag","embeddable":true,"href":"https:\/\/aiviouvapes.com\/sl\/wp-json\/wp\/v2\/product_tag?post=3816"}],"curies":[{"name":"wp","href":"https:\/\/api.w.org\/{rel}","templated":true}]}}