{"id":37402,"date":"2025-06-12T22:56:20","date_gmt":"2025-06-12T14:56:20","guid":{"rendered":"https:\/\/aiviouvapes.com\/?post_type=product&#038;p=37402"},"modified":"2026-04-17T13:00:52","modified_gmt":"2026-04-17T05:00:52","slug":"fumot-randm-tornado-30000","status":"publish","type":"product","link":"https:\/\/aiviouvapes.com\/sl\/product\/fumot-randm-tornado-30000\/","title":{"rendered":"Fumot RandM Tornado 30000 Puffs | glasbeno-reaktivne lu\u010di, mre\u017ena tuljava, polnilna vape za enkratno uporabo"},"content":{"rendered":"<p><!-- SEO Meta Description --><\/p>\n<p><!-- Product Title --><\/p>\n<h2>Fumot RandM Tornado 30000 Puffs Vape za enkratno uporabo<\/h2>\n<p><!-- Key Features --><\/p>\n<h2>\ud83d\udd11 Klju\u010dne lastnosti izdelka Fumot RandM Tornado 30000 Puffs<\/h2>\n<ul>\n<li><strong>Velika zmogljivost puffa:<\/strong> Do 30.000 vdihov za dalj\u0161o in brezskrbno uporabo.<\/li>\n<li><strong>Mo\u017enosti nikotina:<\/strong> Na voljo sta nikotina 2% in 5%, ki ustrezata vsem \u017eeljam.<\/li>\n<li><strong>30mL E-teko\u010dina Kapaciteta:<\/strong> Zagotavlja dolgotrajen okus z vsakim izpihom.<\/li>\n<li><strong>Napredna mre\u017ena tuljava (1,0\u03a9):<\/strong> Gladka para in izrazit okus ob vsakem vdihu.<\/li>\n<li><strong>Baterija za polnjenje (600 mAh):<\/strong> Okolju prijazen in zanesljiv vir energije.<\/li>\n<li><strong>Hitro polnjenje tipa C:<\/strong> Hitro in u\u010dinkovito polnjenje za neprekinjene seanse.<\/li>\n<li><strong>Lu\u010di, ki se odzivajo na glasbo:<\/strong> Lu\u010di LED se odzivajo na zvok, kar zagotavlja dinami\u010dno vapiranje.<\/li>\n<\/ul>\n<p><!-- Why Choose Section --><\/p>\n<h2>\ud83c\udf1f Zakaj izbrati Fumot RandM Tornado 30000 Puffs?<\/h2>\n<p>The <strong>Fumot RandM Tornado 30000 Puffs<\/strong> ni le \u0161e en vape za enkratno uporabo - je elegantna, tehnolo\u0161ko napredna izku\u0161nja. Ne glede na to, ali i\u0161\u010dete zmogljivost, estetiko ali raznolikost okusov, ta naprava zagotavlja vse. Odli\u010dna je za dru\u017eenje ali samostojno u\u017eivanje, saj je zaradi glasbeno sinhroniziranih LED-lu\u010di in mo\u010dnega \u0161tevila izpuhov najbolj\u0161a izbira za sodobne vaperje.<\/p>\n<p><!-- Flavor List --><\/p>\n<h2>\ud83c\udf53 Raznolikost okusov - 30 okusov za zadovoljitev vsakega okusa<\/h2>\n<ul>\n<li>Banana led<\/li>\n<li>\u010crni led<\/li>\n<li>Blue Razz Led<\/li>\n<li>Borovnice na ledu<\/li>\n<li>Borovnica malina<\/li>\n<li>Borovnica kisla malina<\/li>\n<li>Cherry Ice<\/li>\n<li>Cherry Cola<\/li>\n<li>Kola Led<\/li>\n<li>Hladna meta<\/li>\n<li>Dvojno jabolko<\/li>\n<li>Dr. Blue<\/li>\n<li>Grozdni led<\/li>\n<li>Ice Pop<\/li>\n<li>Kivi Pasijonka Guava<\/li>\n<li>Ljubezen 66<\/li>\n<li>Bujni led<\/li>\n<li>Me\u0161ano jagodi\u010devje<\/li>\n<li>Peach Berry<\/li>\n<li>Ledena breskev<\/li>\n<li>Peachy Mango Ananas<\/li>\n<li>Ananasov led<\/li>\n<li>Roza limonada<\/li>\n<li>Skittles<\/li>\n<li>Jagoda Banana<\/li>\n<li>jagoda grozdje<\/li>\n<li>Jagodni led<\/li>\n<li>Jagodna lubenica<\/li>\n<li>Trojni mango<\/li>\n<li>Vimto<\/li>\n<\/ul>\n<p>Ne glede na to, ali si \u017eelite sadnih, ledenih ali bonbonskih okusov, se najde pravi okus za vas.<\/p>","protected":false},"excerpt":{"rendered":"<p>Izkusite \u017eivahno vaping s Fumot RandM Tornado 30000 puffov - ogromno puffov, 30 okusov, polnilna mo\u010d in glasbeno sinhronizirane lu\u010di za zabavno in aromati\u010dno potovanje.<\/p>","protected":false},"featured_media":37403,"comment_status":"open","ping_status":"closed","template":"","meta":[],"product_brand":[231],"product_cat":[35,131],"product_tag":[],"class_list":{"0":"post-37402","1":"product","2":"type-product","3":"status-publish","4":"has-post-thumbnail","6":"product_brand-randm","7":"product_cat-randm","8":"product_cat-30000-puffs-disposable-vape","10":"first","11":"instock","12":"featured","13":"shipping-taxable","14":"purchasable","15":"product-type-variable","16":"has-default-attributes"},"jetpack_sharing_enabled":true,"tiered_pricing_type":"fixed","tiered_pricing_fixed_rules":{"2000":5.9900000000000002131628207280300557613372802734375},"tiered_pricing_product_settings":{"layout":"default","base_unit_name":{"singular":null,"plural":null},"default_variation":null},"tiered_pricing_minimum_quantity":1000,"tiered_pricing_roles_data":[],"tiered_pricing_percentage_rules":[],"tiered_pricing_maximum_quantity":null,"tiered_pricing_quantity_step":"10","_links":{"self":[{"href":"https:\/\/aiviouvapes.com\/sl\/wp-json\/wp\/v2\/product\/37402","targetHints":{"allow":["GET"]}}],"collection":[{"href":"https:\/\/aiviouvapes.com\/sl\/wp-json\/wp\/v2\/product"}],"about":[{"href":"https:\/\/aiviouvapes.com\/sl\/wp-json\/wp\/v2\/types\/product"}],"replies":[{"embeddable":true,"href":"https:\/\/aiviouvapes.com\/sl\/wp-json\/wp\/v2\/comments?post=37402"}],"wp:featuredmedia":[{"embeddable":true,"href":"https:\/\/aiviouvapes.com\/sl\/wp-json\/wp\/v2\/media\/37403"}],"wp:attachment":[{"href":"https:\/\/aiviouvapes.com\/sl\/wp-json\/wp\/v2\/media?parent=37402"}],"wp:term":[{"taxonomy":"product_brand","embeddable":true,"href":"https:\/\/aiviouvapes.com\/sl\/wp-json\/wp\/v2\/product_brand?post=37402"},{"taxonomy":"product_cat","embeddable":true,"href":"https:\/\/aiviouvapes.com\/sl\/wp-json\/wp\/v2\/product_cat?post=37402"},{"taxonomy":"product_tag","embeddable":true,"href":"https:\/\/aiviouvapes.com\/sl\/wp-json\/wp\/v2\/product_tag?post=37402"}],"curies":[{"name":"wp","href":"https:\/\/api.w.org\/{rel}","templated":true}]}}