{"id":37374,"date":"2025-06-12T22:50:24","date_gmt":"2025-06-12T14:50:24","guid":{"rendered":"https:\/\/aiviouvapes.com\/?post_type=product&#038;p=37374"},"modified":"2026-03-17T10:36:08","modified_gmt":"2026-03-17T02:36:08","slug":"bang-blaze-40k","status":"publish","type":"product","link":"https:\/\/aiviouvapes.com\/sl\/product\/bang-blaze-40k\/","title":{"rendered":"Bang Blaze 40K 40000 Puffs | dvojni okus, 40ml, 32 okusov, polnilna naprava za enkratno uporabo"},"content":{"rendered":"<p><!-- SEO Meta Description (First 30 Words) --><\/p>\n<p><!-- Product Title --><\/p>\n<h2>Bang Blaze 40K Vape za enkratno uporabo - dvojni okus, 40.000 vdihov, 32 mo\u017enosti okusov<\/h2>\n<p><!-- Key Features Section --><\/p>\n<h2>\ud83d\udd11 Klju\u010dne lastnosti Bang Blaze 40K za enkratno uporabo<\/h2>\n<ul>\n<li><strong>Velika zmogljivost puffa:<\/strong> Do 40.000 vpihov - kot nala\u0161\u010d za ve\u010dtedensko neprekinjeno vapiranje.<\/li>\n<li><strong>Dvojno stikalo za okus:<\/strong> S funkcijo Slide-to-Switch lahko takoj zamenjate dva okusa.<\/li>\n<li><strong>Velika zmogljivost e-teko\u010dine:<\/strong> Predhodno napolnjen s 40 ml visokokakovostnega e-teko\u010dina za dolgotrajno u\u017eivanje.<\/li>\n<li><strong>Ve\u010d vrst nikotina:<\/strong> Izbirate lahko med 0%, 2%, 3% ali 5% nikotina po svojih \u017eeljah.<\/li>\n<li><strong>Baterija za ponovno polnjenje:<\/strong> Napaja ga zanesljiva 650 mAh baterija za dolge seanse.<\/li>\n<li><strong>Dvojna mre\u017ena tuljava (1,2\u03a9):<\/strong> Vsaki\u010d ustvarja gladko paro in bogat, enakomeren okus.<\/li>\n<li><strong>Hitro polnjenje USB-C:<\/strong> Vhod tipa C zagotavlja hitro in u\u010dinkovito polnjenje.<\/li>\n<\/ul>\n<p><!-- Why Choose Section --><\/p>\n<h2>\ud83d\udca1 Zakaj izbrati Bang Blaze 40K Vape?<\/h2>\n<ul>\n<li><strong>\u2705 Neprimerljiva \u017eivljenjska doba:<\/strong> \u017divljenjska doba 40.000 izpuhov in rezervoar za 40 ml pomenita manj zamenjav in ve\u010d zadovoljstva.<\/li>\n<li><strong>\u2705 Udobje dveh okusov:<\/strong> Ne zadovoljite se z enim okusom - z drsnim mehanizmom takoj zamenjajte okus.<\/li>\n<li><strong>\u2705 Prilagojena nikotinska izku\u0161nja:<\/strong> Od ni\u010d do mo\u010dno - izberite mo\u010d od 0%, 2%, 3% ali 5%.<\/li>\n<li><strong>\u2705 Svilnata kakovost pare:<\/strong> Dvojna mre\u017easta spirala zagotavlja gladko in aromati\u010dno \u017eganje.<\/li>\n<li><strong>\u2705 Kompakten in polnilni:<\/strong> Vzemite ga s seboj kamorkoli - hitro polnjenje tipa C in \u017eepu prijazna zasnova.<\/li>\n<\/ul>\n<p>Ne glede na to, ali ste lovec na okuse, lovec na oblake ali kupec velikih koli\u010din, Bang Blaze 40K Vape za enkratno uporabo zagotavlja vrhunsko zmogljivost, neprekosljivo udobje in resni\u010dno aromati\u010dno vaping potovanje.<\/p>\n<p><!-- Flavor List Section --><\/p>\n<h2>\ud83c\udf53 Seznam okusov - Razi\u0161\u010dite 32 edinstvenih kombinacij dveh okusov<\/h2>\n<ul>\n<li data-start=\"71\" data-end=\"108\">\n<p data-start=\"74\" data-end=\"108\">lubenica\/jagoda lubenica<\/p>\n<\/li>\n<li data-start=\"109\" data-end=\"147\">\n<p data-start=\"112\" data-end=\"147\">Borovni\u010dev led\/borovni\u010deva malina<\/p>\n<\/li>\n<li data-start=\"148\" data-end=\"179\">\n<p data-start=\"151\" data-end=\"179\">Mango Ice\/Strawberry Mango<\/p>\n<\/li>\n<li data-start=\"180\" data-end=\"216\">\n<p data-start=\"183\" data-end=\"216\">Lubenica\/Watermelon Bubblegum<\/p>\n<\/li>\n<li data-start=\"217\" data-end=\"253\">\n<p data-start=\"220\" data-end=\"253\">Ananasov led\/ananasov kokos<\/p>\n<\/li>\n<li data-start=\"254\" data-end=\"283\">\n<p data-start=\"257\" data-end=\"283\">Me\u0161ano sadje\/Triple Berry<\/p>\n<\/li>\n<li data-start=\"284\" data-end=\"310\">\n<p data-start=\"287\" data-end=\"310\">Peach Ice\/Mango Peach<\/p>\n<\/li>\n<li data-start=\"311\" data-end=\"334\">\n<p data-start=\"314\" data-end=\"334\">\u010ce\u0161nja\/\u010de\u0161njevec s koksom<\/p>\n<\/li>\n<li data-start=\"335\" data-end=\"361\">\n<p data-start=\"338\" data-end=\"361\">Grozdje\/borovnica Grozdje<\/p>\n<\/li>\n<li data-start=\"362\" data-end=\"387\">\n<p data-start=\"366\" data-end=\"387\">Meta\/Blueberry Mint<\/p>\n<\/li>\n<li data-start=\"388\" data-end=\"419\">\n<p data-start=\"392\" data-end=\"419\">Black Dragon Ice\/Red Bull<\/p>\n<\/li>\n<li data-start=\"420\" data-end=\"456\">\n<p data-start=\"424\" data-end=\"456\">Jagodni led\/jagodni kivi<\/p>\n<\/li>\n<li data-start=\"457\" data-end=\"496\">\n<p data-start=\"461\" data-end=\"496\">Tropsko sadje\/troj\u010dek lubenice<\/p>\n<\/li>\n<li data-start=\"497\" data-end=\"534\">\n<p data-start=\"501\" data-end=\"534\">Kisel mango ananas\/limeta limona<\/p>\n<\/li>\n<li data-start=\"535\" data-end=\"562\">\n<p data-start=\"539\" data-end=\"562\">Poletni \u010das\/jabol\u010dni led<\/p>\n<\/li>\n<li data-start=\"563\" data-end=\"598\">\n<p data-start=\"567\" data-end=\"598\">Mavri\u010dni bonboni\/Arkti\u010dno zamrzovanje<\/p>\n<\/li>\n<li data-start=\"599\" data-end=\"635\">\n<p data-start=\"603\" data-end=\"635\">Malina lubenica\/Jieshuang<\/p>\n<\/li>\n<li data-start=\"636\" data-end=\"673\">\n<p data-start=\"640\" data-end=\"673\">Lemon Romance\/California Cherry<\/p>\n<\/li>\n<li data-start=\"674\" data-end=\"713\">\n<p data-start=\"678\" data-end=\"713\">Mango breskev marelica\/bele \u017eve\u010dilke<\/p>\n<\/li>\n<li data-start=\"714\" data-end=\"753\">\n<p data-start=\"718\" data-end=\"753\">Mary's Dream\/Aloe Mango Melon Ice<\/p>\n<\/li>\n<li data-start=\"754\" data-end=\"804\">\n<p data-start=\"758\" data-end=\"804\">Borovnica Brusnica \u010ce\u0161nja\/Watermelon \u010ce\u0161nja<\/p>\n<\/li>\n<li data-start=\"805\" data-end=\"848\">\n<p data-start=\"809\" data-end=\"848\">Ananasov mango\/ananasov kokosov led<\/p>\n<\/li>\n<li data-start=\"849\" data-end=\"891\">\n<p data-start=\"853\" data-end=\"891\">malina lubenica\/Aloe Vera grozdje<\/p>\n<\/li>\n<li data-start=\"892\" data-end=\"926\">\n<p data-start=\"896\" data-end=\"926\">Li\u010dej ledeni\/jagodni li\u010di<\/p>\n<\/li>\n<li data-start=\"927\" data-end=\"972\">\n<p data-start=\"931\" data-end=\"972\">Jagodni sladoled\/jagodni vanilijev sladoled<\/p>\n<\/li>\n<li data-start=\"973\" data-end=\"1013\">\n<p data-start=\"977\" data-end=\"1013\">Gumijasti medvedek\/malinova \u010drna ble\u0161\u010dica<\/p>\n<\/li>\n<li data-start=\"1014\" data-end=\"1054\">\n<p data-start=\"1018\" data-end=\"1054\">Jagodi\u010devje Cool\/Watermelon Sour Peach<\/p>\n<\/li>\n<\/ul>","protected":false},"excerpt":{"rendered":"<p>Bang Blaze 40K za enkratno uporabo ponuja 40.000 puhov, dva okusa, 40 ml e-teko\u010dine, 32 mo\u017enosti okusov in do 5% nikotina. Visoko zmogljiv vape za enkratno uporabo z mo\u017enostjo polnjenja za ljubitelje okusov.<\/p>","protected":false},"featured_media":37387,"comment_status":"open","ping_status":"closed","template":"","meta":[],"product_brand":[239],"product_cat":[37,219,137,146,138,141,143],"product_tag":[],"class_list":{"0":"post-37374","1":"product","2":"type-product","3":"status-publish","4":"has-post-thumbnail","6":"product_brand-bang","7":"product_cat-bang","8":"product_cat-40000-puffs-disposable-vape","9":"product_cat-disposable-vapes-in-germany","10":"product_cat-disposable-vapes-in-hungary","11":"product_cat-disposable-vapes-in-ltaly","12":"product_cat-disposable-vapes-in-poland","13":"product_cat-disposable-vapes-in-spain","15":"first","16":"instock","17":"shipping-taxable","18":"purchasable","19":"product-type-variable","20":"has-default-attributes"},"jetpack_sharing_enabled":true,"tiered_pricing_type":"fixed","tiered_pricing_fixed_rules":{"30":7.78000000000000024868995751603506505489349365234375,"50":6.61000000000000031974423109204508364200592041015625,"100":5.70000000000000017763568394002504646778106689453125,"200":5.30999999999999960920149533194489777088165283203125,"400":4.730000000000000426325641456060111522674560546875},"tiered_pricing_product_settings":{"layout":"default","base_unit_name":{"singular":null,"plural":null},"default_variation":null},"tiered_pricing_minimum_quantity":10,"tiered_pricing_roles_data":[],"tiered_pricing_percentage_rules":[],"tiered_pricing_maximum_quantity":null,"tiered_pricing_quantity_step":"10","_links":{"self":[{"href":"https:\/\/aiviouvapes.com\/sl\/wp-json\/wp\/v2\/product\/37374","targetHints":{"allow":["GET"]}}],"collection":[{"href":"https:\/\/aiviouvapes.com\/sl\/wp-json\/wp\/v2\/product"}],"about":[{"href":"https:\/\/aiviouvapes.com\/sl\/wp-json\/wp\/v2\/types\/product"}],"replies":[{"embeddable":true,"href":"https:\/\/aiviouvapes.com\/sl\/wp-json\/wp\/v2\/comments?post=37374"}],"wp:featuredmedia":[{"embeddable":true,"href":"https:\/\/aiviouvapes.com\/sl\/wp-json\/wp\/v2\/media\/37387"}],"wp:attachment":[{"href":"https:\/\/aiviouvapes.com\/sl\/wp-json\/wp\/v2\/media?parent=37374"}],"wp:term":[{"taxonomy":"product_brand","embeddable":true,"href":"https:\/\/aiviouvapes.com\/sl\/wp-json\/wp\/v2\/product_brand?post=37374"},{"taxonomy":"product_cat","embeddable":true,"href":"https:\/\/aiviouvapes.com\/sl\/wp-json\/wp\/v2\/product_cat?post=37374"},{"taxonomy":"product_tag","embeddable":true,"href":"https:\/\/aiviouvapes.com\/sl\/wp-json\/wp\/v2\/product_tag?post=37374"}],"curies":[{"name":"wp","href":"https:\/\/api.w.org\/{rel}","templated":true}]}}