{"id":36829,"date":"2025-06-24T15:51:22","date_gmt":"2025-06-24T07:51:22","guid":{"rendered":"https:\/\/aiviouvapes.com\/?post_type=product&#038;p=36829"},"modified":"2026-03-17T23:57:03","modified_gmt":"2026-03-17T15:57:03","slug":"okso-shisha-max-40000-puffs","status":"publish","type":"product","link":"https:\/\/aiviouvapes.com\/sl\/product\/okso-shisha-max-40000-puffs\/","title":{"rendered":"OKSO Shisha Max 40000 Puffs | 36mL mre\u017ena tuljava, LED zaslon, nadzor pretoka zraka, otro\u0161ka klju\u010davnica, veleprodaja vape za enkratno uporabo"},"content":{"rendered":"<p><!-- SEO Meta Description --><\/p>\n<p><!-- Product Title --><\/p>\n<h2>OKSO Shisha Max 40K | 40.000 Puffov, mre\u017ena tuljava, LED zaslon za enkratno uporabo<\/h2>\n<p><!-- Key Features of OKSO Shisha Max 40K --><\/p>\n<h2>\ud83d\udd11 Klju\u010dne funkcije<\/h2>\n<ul>\n<li><strong>Velika zmogljivost puffa:<\/strong> U\u017eivajte v do 40.000 zadovoljujo\u010dih puhih na napravo.<\/li>\n<li><strong>Mre\u017easta tuljava (0,6\u03a9):<\/strong> Zagotavlja bogat, enakomeren okus in gladko paro.<\/li>\n<li><strong>Velik volumen e-teko\u010dine:<\/strong> Predhodno napolnjen s 36 ml vrhunskega soka za vape.<\/li>\n<li><strong>Mo\u017enosti nikotina:<\/strong> Na voljo so modeli 0%, 2%, 3% ali 5% - izberite svojo mo\u010d.<\/li>\n<li><strong>Baterija za ponovno polnjenje:<\/strong> Kapaciteta 800 mAh s hitrim polnjenjem tipa C.<\/li>\n<li><strong>Zaslon LED:<\/strong> Enostaven zaslon prikazuje informacije o bateriji in napihnjenosti.<\/li>\n<li><strong>Nastavljiva mo\u010d in pretok zraka:<\/strong> Popolnoma prilagodite svoj zadetek.<\/li>\n<li><strong>Otro\u0161ka klju\u010davnica:<\/strong> Vgrajen varnostni mehanizem za miren spanec.<\/li>\n<\/ul>\n<p><!-- Why Choose OKSO Shisha Max 40K --><\/p>\n<h2>\u2728 Zakaj izbrati OKSO Shisha Max 40K?<\/h2>\n<p>OKSO Shisha Max 40K ni le \u0161e ena naprava za enkratno uporabo - je vrhunsko do\u017eivetje v va\u0161em \u017eepu. Z nastavljivo mo\u010djo, nadzorom pretoka zraka in \u017eivahnim LED-zaslonom imate nadzor nad vsakim puhom. Ne glede na to, ali i\u0161\u010dete oblake, okus ali nikotinsko svobodo, je ta vape zasnovan tako, da zadovolji vse vrste vaperjev za ve\u010d dni.<\/p>\n<p><!-- Flavor List --><\/p>\n<h2>\ud83c\udf53 Razpolo\u017eljivi okusi<\/h2>\n<ul>\n<li>Dva jabolka<\/li>\n<li>Grozdna meta<\/li>\n<li>Fiesta s \u010de\u0161njami<\/li>\n<li>Ledena breskev<\/li>\n<li>\u010carobna ljubezen<\/li>\n<li>Jagodni pun\u010d<\/li>\n<li>Blue Razz Led<\/li>\n<li>Bujni led<\/li>\n<li>Jagodna lubenica<\/li>\n<li>Jagodna meta<\/li>\n<\/ul>\n<p><img data-recalc-dims=\"1\" loading=\"lazy\" decoding=\"async\" class=\"alignnone size-full wp-image-37044\" src=\"https:\/\/i0.wp.com\/aiviouvapes.com\/wp-content\/uploads\/2025\/06\/OKSO-Shisha-Max-40k-5.jpg?resize=1020%2C573&#038;ssl=1\" alt=\",\" width=\"1020\" height=\"573\" title=\"\" srcset=\"https:\/\/i0.wp.com\/aiviouvapes.com\/wp-content\/uploads\/2025\/06\/OKSO-Shisha-Max-40k-5.jpg?w=1920&amp;ssl=1 1920w, https:\/\/i0.wp.com\/aiviouvapes.com\/wp-content\/uploads\/2025\/06\/OKSO-Shisha-Max-40k-5.jpg?resize=300%2C169&amp;ssl=1 300w, https:\/\/i0.wp.com\/aiviouvapes.com\/wp-content\/uploads\/2025\/06\/OKSO-Shisha-Max-40k-5.jpg?resize=1024%2C575&amp;ssl=1 1024w, https:\/\/i0.wp.com\/aiviouvapes.com\/wp-content\/uploads\/2025\/06\/OKSO-Shisha-Max-40k-5.jpg?resize=768%2C432&amp;ssl=1 768w, https:\/\/i0.wp.com\/aiviouvapes.com\/wp-content\/uploads\/2025\/06\/OKSO-Shisha-Max-40k-5.jpg?resize=1536%2C863&amp;ssl=1 1536w, https:\/\/i0.wp.com\/aiviouvapes.com\/wp-content\/uploads\/2025\/06\/OKSO-Shisha-Max-40k-5.jpg?resize=18%2C10&amp;ssl=1 18w, https:\/\/i0.wp.com\/aiviouvapes.com\/wp-content\/uploads\/2025\/06\/OKSO-Shisha-Max-40k-5.jpg?resize=1320%2C742&amp;ssl=1 1320w, https:\/\/i0.wp.com\/aiviouvapes.com\/wp-content\/uploads\/2025\/06\/OKSO-Shisha-Max-40k-5.jpg?resize=800%2C450&amp;ssl=1 800w\" sizes=\"auto, (max-width: 1020px) 100vw, 1020px\" \/><\/p>","protected":false},"excerpt":{"rendered":"<p>OKSO Shisha Max 40K za enkratno uporabo omogo\u010da do 40.000 vdihov z nadzorom mo\u010di, prilagoditvijo pretoka zraka in 10 bogatimi okusi - ustvarjenimi za dolgotrajno, prilagodljivo in aromati\u010dno u\u017eivanje v vapiranju.<\/p>","protected":false},"featured_media":37001,"comment_status":"open","ping_status":"closed","template":"","meta":[],"product_brand":[244],"product_cat":[243,219],"product_tag":[],"class_list":{"0":"post-36829","1":"product","2":"type-product","3":"status-publish","4":"has-post-thumbnail","6":"product_brand-okso","7":"product_cat-okso","8":"product_cat-40000-puffs-disposable-vape","10":"first","11":"instock","12":"shipping-taxable","13":"purchasable","14":"product-type-variable","15":"has-default-attributes"},"jetpack_sharing_enabled":true,"tiered_pricing_type":"fixed","tiered_pricing_fixed_rules":{"30":8.660000000000000142108547152020037174224853515625,"50":6.839999999999999857891452847979962825775146484375,"100":6.20000000000000017763568394002504646778106689453125,"200":5.80999999999999960920149533194489777088165283203125,"400":5.3499999999999996447286321199499070644378662109375},"tiered_pricing_product_settings":{"layout":"default","base_unit_name":{"singular":null,"plural":null},"default_variation":null},"tiered_pricing_minimum_quantity":10,"tiered_pricing_roles_data":[],"tiered_pricing_percentage_rules":[],"tiered_pricing_maximum_quantity":null,"tiered_pricing_quantity_step":"10","_links":{"self":[{"href":"https:\/\/aiviouvapes.com\/sl\/wp-json\/wp\/v2\/product\/36829","targetHints":{"allow":["GET"]}}],"collection":[{"href":"https:\/\/aiviouvapes.com\/sl\/wp-json\/wp\/v2\/product"}],"about":[{"href":"https:\/\/aiviouvapes.com\/sl\/wp-json\/wp\/v2\/types\/product"}],"replies":[{"embeddable":true,"href":"https:\/\/aiviouvapes.com\/sl\/wp-json\/wp\/v2\/comments?post=36829"}],"wp:featuredmedia":[{"embeddable":true,"href":"https:\/\/aiviouvapes.com\/sl\/wp-json\/wp\/v2\/media\/37001"}],"wp:attachment":[{"href":"https:\/\/aiviouvapes.com\/sl\/wp-json\/wp\/v2\/media?parent=36829"}],"wp:term":[{"taxonomy":"product_brand","embeddable":true,"href":"https:\/\/aiviouvapes.com\/sl\/wp-json\/wp\/v2\/product_brand?post=36829"},{"taxonomy":"product_cat","embeddable":true,"href":"https:\/\/aiviouvapes.com\/sl\/wp-json\/wp\/v2\/product_cat?post=36829"},{"taxonomy":"product_tag","embeddable":true,"href":"https:\/\/aiviouvapes.com\/sl\/wp-json\/wp\/v2\/product_tag?post=36829"}],"curies":[{"name":"wp","href":"https:\/\/api.w.org\/{rel}","templated":true}]}}