{"id":36827,"date":"2025-06-24T15:43:59","date_gmt":"2025-06-24T07:43:59","guid":{"rendered":"https:\/\/aiviouvapes.com\/?post_type=product&#038;p=36827"},"modified":"2026-03-17T23:57:15","modified_gmt":"2026-03-17T15:57:15","slug":"okso-crystal-bar-800","status":"publish","type":"product","link":"https:\/\/aiviouvapes.com\/sl\/product\/okso-crystal-bar-800\/","title":{"rendered":"OKSO Crystal Bar 800 Puffs | mre\u017ena tuljava, RGB LED, 0-5% nikotin za enkratno uporabo"},"content":{"rendered":"<h2>\ud83d\udd11 Klju\u010dne lastnosti OKSO Crystal Bar 800 za enkratno uporabo<\/h2>\n<ul>\n<li><strong>800 puffov:<\/strong> Idealen je za obi\u010dajne in srednje zahtevne uporabnike, saj ponuja dolgo \u017eivljenjsko dobo v majhnem paketu.<\/li>\n<li><strong>Tehnologija mre\u017easte tuljave:<\/strong> Zagotavlja enakomeren, bogat okus pri vsakem potegu.<\/li>\n<li><strong>2mL E-teko\u010dina Kapaciteta:<\/strong> Predhodno napolnjen za udobje - polnjenje ni potrebno.<\/li>\n<li><strong>Ve\u010d mo\u017enosti nikotina:<\/strong> Izberite med 0%, 2%, 3% ali 5%, ki ustrezajo va\u0161im \u017eeljam.<\/li>\n<li><strong>400 mAh baterija:<\/strong> Vzdr\u017ei vseh 800 pufov s stabilno mo\u010djo.<\/li>\n<li><strong>RGB LED osvetlitev:<\/strong> Z vsakim izpihom doda \u017eivahen vizualni pridih.<\/li>\n<li><strong>Izjemno lahka zasnova:<\/strong> Tehta le 36 g - eleganten, diskreten in enostaven za prena\u0161anje.<\/li>\n<\/ul>\n<h2>\ud83c\udf1f Zakaj izbrati OKSO Crystal Bar 800?<\/h2>\n<p>OKSO Crystal Bar 800 je kompakten, aromati\u010den in \u017eivahen vape za enkratno uporabo, narejen za preprostost in zadovoljstvo. Ne glede na to, ali si \u017eelite intenzivnega okusa ali prilagodljivosti nikotina, ta naprava ima vse, kar je zapakirano v kristalno \u010distem ohi\u0161ju s pridihom RGB. Idealna za za\u010detnike in izku\u0161ene vaperje, ki cenijo prenosljivost, ne da bi pri tem \u017ertvovali kakovost.<\/p>\n<h2>\ud83c\udf53 Razpolo\u017eljivi okusi<\/h2>\n<ul>\n<li>Meta<\/li>\n<li>Ledena breskev<\/li>\n<li>Roza limona<\/li>\n<li>Tigrova kri<\/li>\n<li>Grozdni led<\/li>\n<li>Led iz lubenice<\/li>\n<li>Blue Razz Led<\/li>\n<li>Breskev mango lubenica<\/li>\n<li>Cherry Ice<\/li>\n<li>Jagodni led<\/li>\n<\/ul>\n<p>&nbsp;<\/p>\n<p>&nbsp;<\/p>\n<p>&nbsp;<\/p>","protected":false},"excerpt":{"rendered":"<p>OKSO Crystal Bar 800 za enkratno uporabo zagotavlja 800 gladkih puhov, u\u010dinke RGB LED in 10 drznih okusov v kompaktni, elegantni obliki - idealno za vsakodnevno vapanje na poti.<\/p>","protected":false},"featured_media":36832,"comment_status":"open","ping_status":"closed","template":"","meta":[],"product_brand":[244],"product_cat":[243,118],"product_tag":[],"class_list":{"0":"post-36827","1":"product","2":"type-product","3":"status-publish","4":"has-post-thumbnail","6":"product_brand-okso","7":"product_cat-okso","8":"product_cat-800-puffs-disposable-vape","10":"first","11":"instock","12":"shipping-taxable","13":"purchasable","14":"product-type-variable","15":"has-default-attributes"},"jetpack_sharing_enabled":true,"tiered_pricing_type":"fixed","tiered_pricing_fixed_rules":{"30":5.19000000000000039079850466805510222911834716796875,"50":3.62999999999999989341858963598497211933135986328125,"100":3.04999999999999982236431605997495353221893310546875,"200":2.850000000000000088817841970012523233890533447265625,"400":2.45999999999999996447286321199499070644378662109375},"tiered_pricing_product_settings":{"layout":"default","base_unit_name":{"singular":null,"plural":null},"default_variation":null},"tiered_pricing_minimum_quantity":10,"tiered_pricing_roles_data":[],"tiered_pricing_percentage_rules":[],"tiered_pricing_maximum_quantity":null,"tiered_pricing_quantity_step":"10","_links":{"self":[{"href":"https:\/\/aiviouvapes.com\/sl\/wp-json\/wp\/v2\/product\/36827","targetHints":{"allow":["GET"]}}],"collection":[{"href":"https:\/\/aiviouvapes.com\/sl\/wp-json\/wp\/v2\/product"}],"about":[{"href":"https:\/\/aiviouvapes.com\/sl\/wp-json\/wp\/v2\/types\/product"}],"replies":[{"embeddable":true,"href":"https:\/\/aiviouvapes.com\/sl\/wp-json\/wp\/v2\/comments?post=36827"}],"wp:featuredmedia":[{"embeddable":true,"href":"https:\/\/aiviouvapes.com\/sl\/wp-json\/wp\/v2\/media\/36832"}],"wp:attachment":[{"href":"https:\/\/aiviouvapes.com\/sl\/wp-json\/wp\/v2\/media?parent=36827"}],"wp:term":[{"taxonomy":"product_brand","embeddable":true,"href":"https:\/\/aiviouvapes.com\/sl\/wp-json\/wp\/v2\/product_brand?post=36827"},{"taxonomy":"product_cat","embeddable":true,"href":"https:\/\/aiviouvapes.com\/sl\/wp-json\/wp\/v2\/product_cat?post=36827"},{"taxonomy":"product_tag","embeddable":true,"href":"https:\/\/aiviouvapes.com\/sl\/wp-json\/wp\/v2\/product_tag?post=36827"}],"curies":[{"name":"wp","href":"https:\/\/api.w.org\/{rel}","templated":true}]}}