{"id":33282,"date":"2025-04-24T17:00:12","date_gmt":"2025-04-24T09:00:12","guid":{"rendered":"https:\/\/aiviouvapes.com\/?post_type=product&#038;p=33282"},"modified":"2026-03-17T23:58:55","modified_gmt":"2026-03-17T15:58:55","slug":"mrvi-df-40k-puff","status":"publish","type":"product","link":"https:\/\/aiviouvapes.com\/sl\/product\/mrvi-df-40k-puff\/","title":{"rendered":"MRVI DF 40000 Puffs | dvojni okus, 40ml e-teko\u010dina za enkratno uporabo vape v razsutem stanju"},"content":{"rendered":"<p><strong>MRVI DF 40000 dvojni okus za enkratno uporabo Vape<\/strong> - Dvakrat ve\u010d okusa, dvakrat ve\u010d zabave.<\/p>\n<p>Spoznajte <strong>MRVI DF 40000<\/strong>, vape za enkratno uporabo, ki vam prina\u0161a dvojni okus in dvojni u\u017eitek. Z do <strong>40.000 vpihov<\/strong>, ogromno <strong>40ml rezervoar za e-teko\u010dino<\/strong>in najsodobnej\u0161i <strong>dvojna mre\u017ena tuljava<\/strong> Ta naprava je zasnovana za gladko in bogato paro, ki traja dlje, kot ste si kdajkoli mislili. Ne glede na to, ali ste prilo\u017enostni vaper ali kupec na debelo, MRVI DF 40000 vsebuje vse, kar potrebujete, v eni elegantni, \u017eepu prijazni napravi.<\/p>\n<p>Opremljen je z <strong>850 mAh akumulatorska baterija<\/strong> in <strong>Polnjenje tipa C<\/strong> za hitro polnjenje, je ta naprava tako zmogljiva kot priro\u010dna. Izbirate lahko med <strong>5% ali 2% vsebnost nikotina<\/strong> za prilagajanje svoje izku\u0161nje. Poleg tega z <strong>10 edinstvenih kombinacij dveh okusov<\/strong>, vedno lahko poskusite kaj novega.<\/p>\n<p>MRVI DF 40000 je idealen za osebno uporabo ali za zaloge za nadaljnjo prodajo, saj vam zagotavlja kakovost in koli\u010dino.<\/p>\n<h3><strong>MRVI DF 40000 Lastnosti:<\/strong><\/h3>\n<ul>\n<li><strong>Masivno \u0161tevilo puffov:<\/strong> Do 40.000 vdihov na napravo<\/li>\n<li><strong>Velika zmogljivost E-teko\u010dina:<\/strong> 40 ml premium e-teko\u010dine<\/li>\n<li><strong>Zmogljiva baterija:<\/strong> 850 mAh akumulatorska baterija<\/li>\n<li><strong>Hitro polnjenje:<\/strong> Priklju\u010dek tipa C (popolnoma napolnjen v 2 urah)<\/li>\n<li><strong>Dvojna mre\u017ena tuljava:<\/strong> Gladka, bogata para pri vsakem potegu<\/li>\n<li><strong>Mo\u017enosti nikotina:<\/strong> 5% ali 2% brez nikotina<\/li>\n<li><strong>Raznolikost okusov:<\/strong> 10 vznemirljivih kombinacij dveh okusov<\/li>\n<li><strong>Enostavna aktivacija:<\/strong> Vdihnite za aktiviranje - gumbi niso potrebni<\/li>\n<li><strong>Kompaktna zasnova:<\/strong> \u017depu prijazen in ergonomi\u010den (92*41*19 mm)<\/li>\n<li><strong>Prijazna trgovina na debelo:<\/strong> 10 kosov na prikazovalnik<\/li>\n<\/ul>","protected":false},"excerpt":{"rendered":"<p class=\"\" data-start=\"97\" data-end=\"366\">MRVI DF 40000 vape za enkratno uporabo ponuja do 40.000 puhov, dvojne mre\u017easte tuljave, 40 ml e-teko\u010dine in 10 dinami\u010dnih kombinacij okusov. Odli\u010den za dolgotrajno in brezskrbno vapiranje, idealen za osebno ali veleprodajno uporabo.<\/p>","protected":false},"featured_media":33307,"comment_status":"open","ping_status":"closed","template":"","meta":[],"product_brand":[229],"product_cat":[33,219,80,79],"product_tag":[],"class_list":{"0":"post-33282","1":"product","2":"type-product","3":"status-publish","4":"has-post-thumbnail","6":"product_brand-mrvi","7":"product_cat-mrvi","8":"product_cat-40000-puffs-disposable-vape","9":"product_cat-dual-flavor-vapes","10":"product_cat-dual-mesh-vapes","12":"first","13":"instock","14":"shipping-taxable","15":"purchasable","16":"product-type-variable","17":"has-default-attributes"},"jetpack_sharing_enabled":true,"tiered_pricing_type":"fixed","tiered_pricing_fixed_rules":{"100":7.05999999999999960920149533194489777088165283203125,"200":6.4199999999999999289457264239899814128875732421875,"400":6.089999999999999857891452847979962825775146484375},"tiered_pricing_product_settings":{"layout":"default","base_unit_name":{"singular":null,"plural":null},"default_variation":null},"tiered_pricing_minimum_quantity":50,"tiered_pricing_roles_data":[],"tiered_pricing_percentage_rules":[],"tiered_pricing_maximum_quantity":null,"tiered_pricing_quantity_step":"10","_links":{"self":[{"href":"https:\/\/aiviouvapes.com\/sl\/wp-json\/wp\/v2\/product\/33282","targetHints":{"allow":["GET"]}}],"collection":[{"href":"https:\/\/aiviouvapes.com\/sl\/wp-json\/wp\/v2\/product"}],"about":[{"href":"https:\/\/aiviouvapes.com\/sl\/wp-json\/wp\/v2\/types\/product"}],"replies":[{"embeddable":true,"href":"https:\/\/aiviouvapes.com\/sl\/wp-json\/wp\/v2\/comments?post=33282"}],"wp:featuredmedia":[{"embeddable":true,"href":"https:\/\/aiviouvapes.com\/sl\/wp-json\/wp\/v2\/media\/33307"}],"wp:attachment":[{"href":"https:\/\/aiviouvapes.com\/sl\/wp-json\/wp\/v2\/media?parent=33282"}],"wp:term":[{"taxonomy":"product_brand","embeddable":true,"href":"https:\/\/aiviouvapes.com\/sl\/wp-json\/wp\/v2\/product_brand?post=33282"},{"taxonomy":"product_cat","embeddable":true,"href":"https:\/\/aiviouvapes.com\/sl\/wp-json\/wp\/v2\/product_cat?post=33282"},{"taxonomy":"product_tag","embeddable":true,"href":"https:\/\/aiviouvapes.com\/sl\/wp-json\/wp\/v2\/product_tag?post=33282"}],"curies":[{"name":"wp","href":"https:\/\/api.w.org\/{rel}","templated":true}]}}