{"id":31338,"date":"2025-04-01T16:19:45","date_gmt":"2025-04-01T08:19:45","guid":{"rendered":"https:\/\/aiviouvapes.com\/?post_type=product&#038;p=31338"},"modified":"2026-04-03T21:15:11","modified_gmt":"2026-04-03T13:15:11","slug":"bang-king-50000-disposable-vape","status":"publish","type":"product","link":"https:\/\/aiviouvapes.com\/sl\/product\/bang-king-50000-disposable-vape\/","title":{"rendered":"Bang King 50K Puffs | dvojni okus okusa, dolgotrajen vape za enkratno uporabo"},"content":{"rendered":"<h3>Zakaj izbrati Bang King 50000?<\/h3>\n<ul>\n<li>\ud83d\udd25 Velika zmogljivost 50.000 izpuhov za dalj\u0161e vapiranje<\/li>\n<li>\ud83c\udf08 Funkcija dvojnega okusa za bolj\u0161e do\u017eivetje okusa<\/li>\n<li>\ud83d\udcca LCD-zaslon za udobje prikazuje preostale pufe<\/li>\n<li>\ud83d\udc4c Zasnova za enkratno uporabo, ki ne potrebuje vzdr\u017eevanja<\/li>\n<li>\ud83c\udfc6 Na voljo je ve\u010d nikotinskih stopenj za vsakega vaperja<\/li>\n<li>\ud83d\udcbc Odli\u010dno za veleprodajo, maloprodajo ali osebno uporabo<\/li>\n<\/ul>\n<h3>Specifikacije<\/h3>\n<table>\n<tbody>\n<tr>\n<th>Funkcija<\/th>\n<th>Podrobnosti<\/th>\n<\/tr>\n<tr>\n<td>\u0160tevilo puffov<\/td>\n<td>Do 50.000 vpihov<\/td>\n<\/tr>\n<tr>\n<td>Mo\u010d nikotina<\/td>\n<td>2%, 3%, 5%<\/td>\n<\/tr>\n<tr>\n<td>Okus<\/td>\n<td>Me\u0161anica dvojnega okusa<\/td>\n<\/tr>\n<tr>\n<td>Prikaz<\/td>\n<td>LCD \u0161tevec napihnjenosti<\/td>\n<\/tr>\n<tr>\n<td>Tip<\/td>\n<td>Za enkratno uporabo, polnjenje ni potrebno<\/td>\n<\/tr>\n<tr>\n<td>Trgovina na debelo<\/td>\n<td>Idealno za velika naro\u010dila in nadaljnjo prodajo<\/td>\n<\/tr>\n<\/tbody>\n<\/table>\n<h2>Bang King 50000 50K Puffs | Double Taste Long-Lasting Bulk Disposable Vape<\/h2>\n<p>\ud83d\ude80 Izkusite vrhunsko vaping za enkratno uporabo z <strong>Bang King 50000<\/strong> - Zasnovan tako, da zagotavlja izjemnih 50.000 izpuhov krepkega in gladkega okusa. Ta vrhunski vape za enkratno uporabo ponuja jakosti nikotina 2%, 3% ali 5%, ki se popolnoma prilagajajo va\u0161im \u017eeljam, njegova edinstvena funkcija dvojnega okusa pa vsakemu vdihu doda slasten pridih. Uporabniku prijazen zaslon LCD vas obve\u0161\u010da o preostalih vdihih, tako da lahko vapirate brez prekinitev.<\/p>\n<p>Bang King 50000 je izdelan za tiste, ki cenijo priro\u010dnost, prenosnost in vrhunsko zmogljivost. Ta elegantna naprava z dolgo \u017eivljenjsko dobo je odli\u010dna izbira, ne glede na to, ali ste prilo\u017enostni vaper, navdu\u0161enec nad okusi ali trgovec na drobno, ki i\u0161\u010de najbolje prodajano veleprodajno mo\u017enost. U\u017eivajte v bogatem, zadovoljivem okusu brez vzdr\u017eevanja ali polnjenja - preprosto jo vzemite in vapirajte.<\/p>\n<p>S Bang King 50000 dvignite raven vapinga na vi\u0161jo raven - zmogljiv, eleganten in zadovoljiv vape za enkratno uporabo, ki je zasnovan za gladko u\u017eivanje z okusom kadar koli in kjer koli. <strong>Pridobite svoj \u0161e danes!<\/strong><\/p>","protected":false},"excerpt":{"rendered":"<p data-start=\"0\" data-end=\"178\">U\u017eivajte v 50.000 vdihih z Bang King 50000 - dvojni okus, zaslon LCD in gladko, zadovoljivo vapiranje za enkratno uporabo za veleprodajo ali osebno uporabo.<\/p>","protected":false},"featured_media":31282,"comment_status":"open","ping_status":"closed","template":"","meta":[],"product_brand":[239],"product_cat":[37,219],"product_tag":[],"class_list":{"0":"post-31338","1":"product","2":"type-product","3":"status-publish","4":"has-post-thumbnail","6":"product_brand-bang","7":"product_cat-bang","8":"product_cat-40000-puffs-disposable-vape","10":"first","11":"instock","12":"featured","13":"shipping-taxable","14":"purchasable","15":"product-type-variable","16":"has-default-attributes"},"jetpack_sharing_enabled":true,"tiered_pricing_type":"fixed","tiered_pricing_fixed_rules":{"30":8.42999999999999971578290569595992565155029296875,"50":7.2599999999999997868371792719699442386627197265625,"100":6.480000000000000426325641456060111522674560546875,"200":6.089999999999999857891452847979962825775146484375,"400":5.5099999999999997868371792719699442386627197265625},"tiered_pricing_product_settings":{"layout":"default","base_unit_name":{"singular":null,"plural":null},"default_variation":null},"tiered_pricing_minimum_quantity":10,"tiered_pricing_roles_data":[],"tiered_pricing_percentage_rules":[],"tiered_pricing_maximum_quantity":null,"tiered_pricing_quantity_step":"10","_links":{"self":[{"href":"https:\/\/aiviouvapes.com\/sl\/wp-json\/wp\/v2\/product\/31338","targetHints":{"allow":["GET"]}}],"collection":[{"href":"https:\/\/aiviouvapes.com\/sl\/wp-json\/wp\/v2\/product"}],"about":[{"href":"https:\/\/aiviouvapes.com\/sl\/wp-json\/wp\/v2\/types\/product"}],"replies":[{"embeddable":true,"href":"https:\/\/aiviouvapes.com\/sl\/wp-json\/wp\/v2\/comments?post=31338"}],"wp:featuredmedia":[{"embeddable":true,"href":"https:\/\/aiviouvapes.com\/sl\/wp-json\/wp\/v2\/media\/31282"}],"wp:attachment":[{"href":"https:\/\/aiviouvapes.com\/sl\/wp-json\/wp\/v2\/media?parent=31338"}],"wp:term":[{"taxonomy":"product_brand","embeddable":true,"href":"https:\/\/aiviouvapes.com\/sl\/wp-json\/wp\/v2\/product_brand?post=31338"},{"taxonomy":"product_cat","embeddable":true,"href":"https:\/\/aiviouvapes.com\/sl\/wp-json\/wp\/v2\/product_cat?post=31338"},{"taxonomy":"product_tag","embeddable":true,"href":"https:\/\/aiviouvapes.com\/sl\/wp-json\/wp\/v2\/product_tag?post=31338"}],"curies":[{"name":"wp","href":"https:\/\/api.w.org\/{rel}","templated":true}]}}