{"id":31281,"date":"2025-04-01T16:36:07","date_gmt":"2025-04-01T08:36:07","guid":{"rendered":"https:\/\/aiviouvapes.com\/?post_type=product&#038;p=31281"},"modified":"2026-04-02T15:53:48","modified_gmt":"2026-04-02T07:53:48","slug":"bang-e-shisha-42000-puffs","status":"publish","type":"product","link":"https:\/\/aiviouvapes.com\/sl\/product\/bang-e-shisha-42000-puffs\/","title":{"rendered":"Bang E-Shisha Head 42000 Puffs | 42K puffs zlati LED zaslon v razsutem stanju za enkratno uporabo vape"},"content":{"rendered":"<h3>Zakaj izbrati Bang E-Shisha Head 42000?<\/h3>\n<ul>\n<li>\ud83d\ude80 Masivnih 42.000 puhov za dolgotrajno zadovoljstvo<\/li>\n<li>\ud83c\udf1f Premium zlata obdelava doda slog vsakemu puhu<\/li>\n<li>\ud83d\udcca LED zaslon za enostavno sledenje napihnjenosti<\/li>\n<li>\ud83d\udc4c Zasnova za enkratno uporabo in brez vzdr\u017eevanja<\/li>\n<li>\ud83c\udfd6\ufe0f Kompakten in lahek, idealen za potovanja in dogodke<\/li>\n<li>\ud83d\udd25 \u0160iroka paleta bogatih in gladkih okusov<\/li>\n<\/ul>\n<p>\u010ce i\u0161\u010dete eleganten, brezskrben vape za enkratno uporabo, ki zagotavlja izjemen okus in zmogljivost, je Bang E-Shisha Head 42000 va\u0161a popolna izbira. Poslovite se od stalnega polnjenja in zapletenega vzdr\u017eevanja - u\u017eivajte v krepkem, zadovoljujo\u010dem vapiranju kadarkoli in kjerkoli.<\/p>\n<p><strong>Vzemite svojo \u0161e danes in izkusite popolno me\u0161anico sloga, zmogljivosti in udobja z Bang E-Shisha Head 42000!<\/strong><\/p>\n<h3>Specifikacije<\/h3>\n<table>\n<tbody>\n<tr>\n<th>Funkcija<\/th>\n<th>Podrobnosti<\/th>\n<\/tr>\n<tr>\n<td>\u0160tevilo puffov<\/td>\n<td>Do 42.000 vpihov<\/td>\n<\/tr>\n<tr>\n<td>Oblikovanje<\/td>\n<td>Zlati zaklju\u010dek v elegantnem slogu<\/td>\n<\/tr>\n<tr>\n<td>Prikaz<\/td>\n<td>Prikazovalnik LED za spremljanje napihnjenosti<\/td>\n<\/tr>\n<tr>\n<td>Tip<\/td>\n<td>Za enkratno uporabo, brez vzdr\u017eevanja<\/td>\n<\/tr>\n<tr>\n<td>Prenosljivost<\/td>\n<td>Kompakten, primeren za potovanje<\/td>\n<\/tr>\n<tr>\n<td>Okusi<\/td>\n<td>\u0160iroka paleta drznih okusov<\/td>\n<\/tr>\n<\/tbody>\n<\/table>\n<h2>Bang E-Shisha Head 42000 Puffs | Gold LED Display Bulk Disposable Vape<\/h2>\n<p>\u2728 Izbolj\u0161ajte svojo igro vapinga z <strong>Bang E-Shisha Head 42000<\/strong> - zmogljiv in eleganten vape za enkratno uporabo, ki omogo\u010da neverjetnih 42.000 vdihov. Ta naprava je idealna tako za za\u010detnike kot za izku\u0161ene vaperje, saj zdru\u017euje vrhunsko udobje in privla\u010dno obliko. Izdelana v elegantni zlati barvi z \u017eivahnim LED-zaslonom, je privla\u010dna in tako prakti\u010dna kot impresivna.<\/p>\n<p>Z Bang E-Shisha Head 42000 ne boste nikoli ve\u010d skrbeli za polnjenje ali ponovno polnjenje. Preprosto jo vzemite v roke in kadite naprej! Ne glede na to, ali u\u017eivate v no\u010dni zabavi, se spro\u0161\u010date doma ali potujete, ta elegantna naprava za enkratno uporabo zagotavlja bogate in zadovoljive okuse, kadar koli jih potrebujete. Zaradi kompaktne, potovalno prijazne velikosti ga je enostavno prena\u0161ati, zaslon LED pa vas obve\u0161\u010da o stanju napihovanja, kar zagotavlja nemoteno in prijetno izku\u0161njo vapljanja.<\/p>","protected":false},"excerpt":{"rendered":"<p>Izkusite 42.000 krepkih puhov z Bang E-Shisha Head 42000 z zlatim zaklju\u010dkom, zaslonom LED in kompaktno obliko za enkratno uporabo - idealno za elegantno in brezskrbno uparjanje kadar koli in kjer koli.<\/p>","protected":false},"featured_media":31385,"comment_status":"open","ping_status":"closed","template":"","meta":[],"product_brand":[239],"product_cat":[37,219],"product_tag":[],"class_list":{"0":"post-31281","1":"product","2":"type-product","3":"status-publish","4":"has-post-thumbnail","6":"product_brand-bang","7":"product_cat-bang","8":"product_cat-40000-puffs-disposable-vape","10":"first","11":"instock","12":"shipping-taxable","13":"purchasable","14":"product-type-variable","15":"has-default-attributes"},"jetpack_sharing_enabled":true,"tiered_pricing_type":"fixed","tiered_pricing_fixed_rules":{"30":9.46000000000000085265128291212022304534912109375,"50":8.5600000000000004973799150320701301097869873046875,"100":7.78000000000000024868995751603506505489349365234375,"200":7.38999999999999968025576890795491635799407958984375,"400":6.80999999999999960920149533194489777088165283203125},"tiered_pricing_product_settings":{"layout":"default","base_unit_name":{"singular":null,"plural":null},"default_variation":null},"tiered_pricing_minimum_quantity":10,"tiered_pricing_roles_data":[],"tiered_pricing_percentage_rules":[],"tiered_pricing_maximum_quantity":null,"tiered_pricing_quantity_step":"10","_links":{"self":[{"href":"https:\/\/aiviouvapes.com\/sl\/wp-json\/wp\/v2\/product\/31281","targetHints":{"allow":["GET"]}}],"collection":[{"href":"https:\/\/aiviouvapes.com\/sl\/wp-json\/wp\/v2\/product"}],"about":[{"href":"https:\/\/aiviouvapes.com\/sl\/wp-json\/wp\/v2\/types\/product"}],"replies":[{"embeddable":true,"href":"https:\/\/aiviouvapes.com\/sl\/wp-json\/wp\/v2\/comments?post=31281"}],"wp:featuredmedia":[{"embeddable":true,"href":"https:\/\/aiviouvapes.com\/sl\/wp-json\/wp\/v2\/media\/31385"}],"wp:attachment":[{"href":"https:\/\/aiviouvapes.com\/sl\/wp-json\/wp\/v2\/media?parent=31281"}],"wp:term":[{"taxonomy":"product_brand","embeddable":true,"href":"https:\/\/aiviouvapes.com\/sl\/wp-json\/wp\/v2\/product_brand?post=31281"},{"taxonomy":"product_cat","embeddable":true,"href":"https:\/\/aiviouvapes.com\/sl\/wp-json\/wp\/v2\/product_cat?post=31281"},{"taxonomy":"product_tag","embeddable":true,"href":"https:\/\/aiviouvapes.com\/sl\/wp-json\/wp\/v2\/product_tag?post=31281"}],"curies":[{"name":"wp","href":"https:\/\/api.w.org\/{rel}","templated":true}]}}