{"id":30767,"date":"2025-03-21T12:56:55","date_gmt":"2025-03-21T04:56:55","guid":{"rendered":"https:\/\/aiviouvapes.com\/?post_type=product&#038;p=30767"},"modified":"2026-04-02T18:23:44","modified_gmt":"2026-04-02T10:23:44","slug":"waspe-60k-3-in-1-60000-puffs","status":"publish","type":"product","link":"https:\/\/aiviouvapes.com\/sl\/product\/waspe-60k-3-in-1-60000-puffs\/","title":{"rendered":"WASPE 60K | 3-v-1 60000 puffov, trojni okus, vape za enkratno uporabo"},"content":{"rendered":"<p><img data-recalc-dims=\"1\" loading=\"lazy\" decoding=\"async\" class=\"alignnone wp-image-33901\" src=\"https:\/\/i0.wp.com\/aiviouvapes.com\/wp-content\/uploads\/2025\/03\/%E5%BE%AE%E4%BF%A1%E5%9B%BE%E7%89%87_20250502143652-e1746694635211.jpg?resize=1000%2C591&#038;ssl=1\" alt=\",\" width=\"1000\" height=\"591\" title=\"\" srcset=\"https:\/\/i0.wp.com\/aiviouvapes.com\/wp-content\/uploads\/2025\/03\/%E5%BE%AE%E4%BF%A1%E5%9B%BE%E7%89%87_20250502143652-e1746694635211.jpg?w=1280&amp;ssl=1 1280w, https:\/\/i0.wp.com\/aiviouvapes.com\/wp-content\/uploads\/2025\/03\/%E5%BE%AE%E4%BF%A1%E5%9B%BE%E7%89%87_20250502143652-e1746694635211.jpg?resize=300%2C177&amp;ssl=1 300w, https:\/\/i0.wp.com\/aiviouvapes.com\/wp-content\/uploads\/2025\/03\/%E5%BE%AE%E4%BF%A1%E5%9B%BE%E7%89%87_20250502143652-e1746694635211.jpg?resize=1024%2C606&amp;ssl=1 1024w, https:\/\/i0.wp.com\/aiviouvapes.com\/wp-content\/uploads\/2025\/03\/%E5%BE%AE%E4%BF%A1%E5%9B%BE%E7%89%87_20250502143652-e1746694635211.jpg?resize=768%2C454&amp;ssl=1 768w, https:\/\/i0.wp.com\/aiviouvapes.com\/wp-content\/uploads\/2025\/03\/%E5%BE%AE%E4%BF%A1%E5%9B%BE%E7%89%87_20250502143652-e1746694635211.jpg?resize=18%2C12&amp;ssl=1 18w, https:\/\/i0.wp.com\/aiviouvapes.com\/wp-content\/uploads\/2025\/03\/%E5%BE%AE%E4%BF%A1%E5%9B%BE%E7%89%87_20250502143652-e1746694635211.jpg?resize=800%2C473&amp;ssl=1 800w\" sizes=\"auto, (max-width: 1000px) 100vw, 1000px\" \/> <img data-recalc-dims=\"1\" loading=\"lazy\" decoding=\"async\" class=\"alignnone wp-image-33902\" src=\"https:\/\/i0.wp.com\/aiviouvapes.com\/wp-content\/uploads\/2025\/03\/%E5%BE%AE%E4%BF%A1%E5%9B%BE%E7%89%87_20250502143744.jpg?resize=1000%2C750&#038;ssl=1\" alt=\",\" width=\"1000\" height=\"750\" title=\"\" srcset=\"https:\/\/i0.wp.com\/aiviouvapes.com\/wp-content\/uploads\/2025\/03\/%E5%BE%AE%E4%BF%A1%E5%9B%BE%E7%89%87_20250502143744.jpg?w=1707&amp;ssl=1 1707w, https:\/\/i0.wp.com\/aiviouvapes.com\/wp-content\/uploads\/2025\/03\/%E5%BE%AE%E4%BF%A1%E5%9B%BE%E7%89%87_20250502143744.jpg?resize=300%2C225&amp;ssl=1 300w, https:\/\/i0.wp.com\/aiviouvapes.com\/wp-content\/uploads\/2025\/03\/%E5%BE%AE%E4%BF%A1%E5%9B%BE%E7%89%87_20250502143744.jpg?resize=1024%2C768&amp;ssl=1 1024w, https:\/\/i0.wp.com\/aiviouvapes.com\/wp-content\/uploads\/2025\/03\/%E5%BE%AE%E4%BF%A1%E5%9B%BE%E7%89%87_20250502143744.jpg?resize=768%2C576&amp;ssl=1 768w, https:\/\/i0.wp.com\/aiviouvapes.com\/wp-content\/uploads\/2025\/03\/%E5%BE%AE%E4%BF%A1%E5%9B%BE%E7%89%87_20250502143744.jpg?resize=1536%2C1152&amp;ssl=1 1536w, https:\/\/i0.wp.com\/aiviouvapes.com\/wp-content\/uploads\/2025\/03\/%E5%BE%AE%E4%BF%A1%E5%9B%BE%E7%89%87_20250502143744.jpg?resize=16%2C12&amp;ssl=1 16w, https:\/\/i0.wp.com\/aiviouvapes.com\/wp-content\/uploads\/2025\/03\/%E5%BE%AE%E4%BF%A1%E5%9B%BE%E7%89%87_20250502143744.jpg?resize=1320%2C990&amp;ssl=1 1320w, https:\/\/i0.wp.com\/aiviouvapes.com\/wp-content\/uploads\/2025\/03\/%E5%BE%AE%E4%BF%A1%E5%9B%BE%E7%89%87_20250502143744.jpg?resize=800%2C600&amp;ssl=1 800w\" sizes=\"auto, (max-width: 1000px) 100vw, 1000px\" \/><\/p>\n<p><iframe title=\"VideoPress Video predvajalnik\" aria-label='VideoPress Video predvajalnik' width='1020' height='574' src='https:\/\/videopress.com\/embed\/ejPBp6IM?hd=0&amp;cover=1' frameborder='0' allowfullscreen allow='clipboard-write'><\/iframe><script src='https:\/\/v0.wordpress.com\/js\/next\/videopress-iframe.js?m=1770107250'><\/script><\/p>\n<h2>\ud83c\udf53 WASPE 60K Trojne kombinacije okusov<\/h2>\n<p>Vsak WASPE AIVIOU 60000 ponuja <strong>3 edinstveni okusi v eni napravi<\/strong>tako da ga lahko zamenjate, ne da bi potrebovali nov vape.<\/p>\n<table class=\"w-fit min-w-(--thread-content-width)\">\n<thead>\n<tr>\n<th>Kombinacija \u0161t.<\/th>\n<th>Trio okusov<\/th>\n<\/tr>\n<\/thead>\n<tbody>\n<tr>\n<td>1<\/td>\n<td><strong>Led iz lubenice<\/strong>, <strong>jagoda kivi<\/strong>, <strong>Limona Limeta<\/strong><\/td>\n<\/tr>\n<tr>\n<td>2<\/td>\n<td><strong>Jagodna lubenica<\/strong>, <strong>Jagodno-malinova sladkarija<\/strong>, <strong>Grozdni led<\/strong><\/td>\n<\/tr>\n<tr>\n<td>3<\/td>\n<td><strong>Borovni\u010dev led<\/strong>, <strong>Ledeni \u010crni Zmaj<\/strong>, <strong>Fizzy Cherry Ice<\/strong><\/td>\n<\/tr>\n<tr>\n<td>4<\/td>\n<td><strong>Jagoda malina \u010de\u0161nja<\/strong>, <strong>Love 666<\/strong>, <strong>Cherry Candy Ice<\/strong><\/td>\n<\/tr>\n<tr>\n<td>5<\/td>\n<td><strong>Ledena breskev<\/strong>, <strong>Ananas Mango Breskev<\/strong>, <strong>Brusnica Lemon<\/strong><\/td>\n<\/tr>\n<tr>\n<td>6<\/td>\n<td><strong>Red Bull led<\/strong>, <strong>Jagoda Mango<\/strong>, <strong>Jagoda lubenica \u017dve\u010dilni gumi<\/strong><\/td>\n<\/tr>\n<tr>\n<td>7<\/td>\n<td><strong>Me\u0161ano jagodi\u010devje<\/strong>, <strong>Gumijasti medvedek<\/strong>, <strong>Me\u0161ano sadje<\/strong><\/td>\n<\/tr>\n<tr>\n<td>8<\/td>\n<td><strong>Trojni melonin led<\/strong>, <strong>Mavri\u010dne sladkarije<\/strong>, <strong>Borovnice Candy<\/strong><\/td>\n<\/tr>\n<tr>\n<td>9<\/td>\n<td><strong>Grozdni led<\/strong>, <strong>Jagodna sladkarija<\/strong>, <strong>Jagoda malina \u010de\u0161nja<\/strong><\/td>\n<\/tr>\n<tr>\n<td>10<\/td>\n<td><strong>Jagoda Banana<\/strong>, <strong>Ananasov kokosov led<\/strong>, <strong>Mango Ice<\/strong><\/td>\n<\/tr>\n<tr>\n<td>11<\/td>\n<td><strong>\u010ce\u0161nja kola led<\/strong>, <strong>Jagodna kola<\/strong>, <strong>Kola Led<\/strong><\/td>\n<\/tr>\n<tr>\n<td>12<\/td>\n<td><strong>Borovnica malina<\/strong>, <strong>Borovni\u010deva sladkorna bomba<\/strong>, <strong>Dvojni jabol\u010dni led<\/strong><\/td>\n<\/tr>\n<\/tbody>\n<\/table>\n<p>\ud83c\udf00 Ne glede na to, ali imate radi sadne, ledene ali sladkobne izpare - za vsak okus se najde kombinacija.<\/p>\n<h2>\ud83d\udce6 WASPE AIVIOU 60000 Puffs - klju\u010dne specifikacije<\/h2>\n<table class=\"w-fit min-w-(--thread-content-width)\">\n<thead>\n<tr>\n<th>Funkcija<\/th>\n<th>Opis<\/th>\n<\/tr>\n<\/thead>\n<tbody>\n<tr>\n<td><strong>Skupna koli\u010dina puffov<\/strong><\/td>\n<td>Do <strong>60.000 vpihov<\/strong> - dolgotrajen in odli\u010den za dalj\u0161o uporabo<\/td>\n<\/tr>\n<tr>\n<td><strong>Mo\u017enosti okusov<\/strong><\/td>\n<td><strong>3-v-1<\/strong> - preklapljanje med tremi vgrajenimi okusi v eni napravi<\/td>\n<\/tr>\n<tr>\n<td><strong>Jakosti nikotina<\/strong><\/td>\n<td>Na voljo v <strong>0%, 2% ali 5% nikotin<\/strong> - izberite \u017eeleno mo\u010d<\/td>\n<\/tr>\n<tr>\n<td><strong>Kapaciteta e-teko\u010dine<\/strong><\/td>\n<td><strong>54 ml<\/strong> - veliko teko\u010dine za celodnevno vapiranje<\/td>\n<\/tr>\n<tr>\n<td><strong>Prikaz<\/strong><\/td>\n<td><strong>Zaslon LED<\/strong> jasno prikazuje raven napolnjenosti baterije in stanje e-teko\u010dine<\/td>\n<\/tr>\n<tr>\n<td><strong>Tuljave<\/strong><\/td>\n<td><strong>Trojne mre\u017ene tuljave<\/strong> - za bolj\u0161i okus in gladko proizvodnjo pare<\/td>\n<\/tr>\n<tr>\n<td><strong>Polnjenje<\/strong><\/td>\n<td><strong>Tip C za polnjenje<\/strong> - hitro in priro\u010dno polnjenje<\/td>\n<\/tr>\n<tr>\n<td><strong>Prenosljivost<\/strong><\/td>\n<td>Kompaktna velikost: <strong>47 mm x 47 mm x 116 mm<\/strong> - se zlahka spravi v roko ali \u017eep<\/td>\n<\/tr>\n<tr>\n<td><strong>Idealno za<\/strong><\/td>\n<td><strong>Trgovina na debelo in drobno<\/strong> na Nizozemskem, v Nem\u010diji, Belgiji in \u0160paniji.<\/td>\n<\/tr>\n<\/tbody>\n<\/table>\n<h3>\u2753 Pogosto zastavljena vpra\u0161anja - WASPE AIVIOU 60000 Puffs Vape za enkratno uporabo<\/h3>\n<h4>\u2705 Zakaj je WASPE AIVIOU 60000 Puffs dobra izbira?<\/h4>\n<p>WASPE 60K se odlikuje po <strong>zmogljivost 60.000 vpihov<\/strong>, <strong>Sistem okusa 3 v 1<\/strong>in <strong>Prikazovalnik LED<\/strong>. Narejen je za uporabnike, ki si \u017eelijo dolgotrajnej\u0161e in bolj aromati\u010dne izku\u0161nje vape. Poleg tega je prijazen do za\u010detnikov in ga lahko polnite s kablom tipa C.<\/p>\n<h4>\ud83c\udf53 Koliko okusov je vklju\u010denih v en WASPE 60K vape?<\/h4>\n<p>Vsaka naprava WASPE AIVIOU 60000 Puffs vsebuje <strong>trije razli\u010dni vgrajeni okusi<\/strong>. Med njimi lahko preklapljate za raznolikost, ne da bi spremenili svoj vape. Obstajajo <strong>12 razli\u010dnih kombinacij okusov<\/strong> na voljo za vse okuse.<\/p>\n<h4>\ud83d\udd0b Ali lahko WASPE 60K ponovno napolnite?<\/h4>\n<p>Da. Naprava je opremljena z <strong>akumulatorska baterija<\/strong> in <strong>Vrata za polnjenje tipa C<\/strong>, kar zagotavlja hitrej\u0161e polnjenje in dalj\u0161o uporabo.<\/p>\n<h4>\ud83d\udce6 Kako je vape WASPE 60K pakiran za naro\u010dila na debelo?<\/h4>\n<p>WASPE AIVIOU 60K je na voljo v dveh mo\u017enostih pakiranja:<\/p>\n<ul>\n<li><strong>\u0160katla:<\/strong> 10 enot v \u0161katli<\/li>\n<li><strong>\u0160katla:<\/strong> 160 enot v \u0161katli (pribli\u017eno 21 kg)<br \/>\nOba sta primerna za <strong>velika naro\u010dila in hitra dostava<\/strong>.<\/li>\n<\/ul>\n<h4>\ud83c\udf0d Kje lahko prodam WASPE AIVIOU 60000 Puffs vape?<\/h4>\n<p>Idealen je za <strong>trgovina na debelo in drobno<\/strong> v <strong>Nizozemska<\/strong>, <strong>Nem\u010dija<\/strong>, <strong>Belgija<\/strong>in <strong>\u0160panija<\/strong>. Ta izdelek je optimiziran za trge EU, ne glede na to, ali imate fizi\u010dno trgovino ali prodajate prek spleta.<\/p>\n<h4>\ud83d\uded2 Zakaj kupiti pri AiviouVape?<\/h4>\n<p><strong>AiviouVape<\/strong> je zaupanja vreden <strong>veletrgovec z vape<\/strong> neposredno sodeluje s proizvajalci in ponuja:<\/p>\n<ul>\n<li>\u2705 Konkuren\u010dne cene<\/li>\n<li>\u2705 Avtenti\u010dni, varni izdelki<\/li>\n<li>\u2705 Hitra dostava, tudi za velika naro\u010dila<\/li>\n<li>\u2705 Odli\u010dna podpora za lastnike trgovin in preprodajalce<\/li>\n<\/ul>\n<h4>\ud83d\udccf Kak\u0161ne so mere naprave WASPE 60K?<\/h4>\n<p>Vsaka vape meri <strong>47 mm x 47 mm x 116 mm<\/strong>zato je lahek in \u017eepu prijazen.<\/p>\n<p><img data-recalc-dims=\"1\" loading=\"lazy\" decoding=\"async\" class=\"alignnone size-full wp-image-33904\" src=\"https:\/\/i0.wp.com\/aiviouvapes.com\/wp-content\/uploads\/2025\/03\/%E5%8C%85%E8%A3%85%E5%9B%BE-140000.jpg?resize=1020%2C612&#038;ssl=1\" alt=\",\" width=\"1020\" height=\"612\" title=\"\" srcset=\"https:\/\/i0.wp.com\/aiviouvapes.com\/wp-content\/uploads\/2025\/03\/%E5%8C%85%E8%A3%85%E5%9B%BE-140000.jpg?w=1920&amp;ssl=1 1920w, https:\/\/i0.wp.com\/aiviouvapes.com\/wp-content\/uploads\/2025\/03\/%E5%8C%85%E8%A3%85%E5%9B%BE-140000.jpg?resize=300%2C180&amp;ssl=1 300w, https:\/\/i0.wp.com\/aiviouvapes.com\/wp-content\/uploads\/2025\/03\/%E5%8C%85%E8%A3%85%E5%9B%BE-140000.jpg?resize=1024%2C614&amp;ssl=1 1024w, https:\/\/i0.wp.com\/aiviouvapes.com\/wp-content\/uploads\/2025\/03\/%E5%8C%85%E8%A3%85%E5%9B%BE-140000.jpg?resize=768%2C461&amp;ssl=1 768w, https:\/\/i0.wp.com\/aiviouvapes.com\/wp-content\/uploads\/2025\/03\/%E5%8C%85%E8%A3%85%E5%9B%BE-140000.jpg?resize=1536%2C922&amp;ssl=1 1536w, https:\/\/i0.wp.com\/aiviouvapes.com\/wp-content\/uploads\/2025\/03\/%E5%8C%85%E8%A3%85%E5%9B%BE-140000.jpg?resize=18%2C12&amp;ssl=1 18w, https:\/\/i0.wp.com\/aiviouvapes.com\/wp-content\/uploads\/2025\/03\/%E5%8C%85%E8%A3%85%E5%9B%BE-140000.jpg?resize=1320%2C792&amp;ssl=1 1320w, https:\/\/i0.wp.com\/aiviouvapes.com\/wp-content\/uploads\/2025\/03\/%E5%8C%85%E8%A3%85%E5%9B%BE-140000.jpg?resize=800%2C480&amp;ssl=1 800w\" sizes=\"auto, (max-width: 1020px) 100vw, 1020px\" \/>\u00a0<img data-recalc-dims=\"1\" loading=\"lazy\" decoding=\"async\" class=\"alignnone wp-image-30768 size-full\" src=\"https:\/\/i0.wp.com\/aiviouvapes.com\/wp-content\/uploads\/2025\/03\/WASPE-60k-3-in-1-60000-Puffs-1.jpg?resize=1020%2C574&#038;ssl=1\" alt=\",\" width=\"1020\" height=\"574\" title=\"\" srcset=\"https:\/\/i0.wp.com\/aiviouvapes.com\/wp-content\/uploads\/2025\/03\/WASPE-60k-3-in-1-60000-Puffs-1.jpg?w=1920&amp;ssl=1 1920w, https:\/\/i0.wp.com\/aiviouvapes.com\/wp-content\/uploads\/2025\/03\/WASPE-60k-3-in-1-60000-Puffs-1.jpg?resize=300%2C169&amp;ssl=1 300w, https:\/\/i0.wp.com\/aiviouvapes.com\/wp-content\/uploads\/2025\/03\/WASPE-60k-3-in-1-60000-Puffs-1.jpg?resize=1024%2C576&amp;ssl=1 1024w, https:\/\/i0.wp.com\/aiviouvapes.com\/wp-content\/uploads\/2025\/03\/WASPE-60k-3-in-1-60000-Puffs-1.jpg?resize=768%2C432&amp;ssl=1 768w, https:\/\/i0.wp.com\/aiviouvapes.com\/wp-content\/uploads\/2025\/03\/WASPE-60k-3-in-1-60000-Puffs-1.jpg?resize=1536%2C864&amp;ssl=1 1536w, https:\/\/i0.wp.com\/aiviouvapes.com\/wp-content\/uploads\/2025\/03\/WASPE-60k-3-in-1-60000-Puffs-1.jpg?resize=18%2C10&amp;ssl=1 18w, https:\/\/i0.wp.com\/aiviouvapes.com\/wp-content\/uploads\/2025\/03\/WASPE-60k-3-in-1-60000-Puffs-1.jpg?resize=750%2C422&amp;ssl=1 750w\" sizes=\"auto, (max-width: 1020px) 100vw, 1020px\" \/><img data-recalc-dims=\"1\" loading=\"lazy\" decoding=\"async\" class=\"alignnone size-full wp-image-30772\" src=\"https:\/\/i0.wp.com\/aiviouvapes.com\/wp-content\/uploads\/2025\/03\/WASPE-60k-3-in-1-60000-Puffs-5.jpg?resize=1020%2C543&#038;ssl=1\" alt=\",\" width=\"1020\" height=\"543\" title=\"\" srcset=\"https:\/\/i0.wp.com\/aiviouvapes.com\/wp-content\/uploads\/2025\/03\/WASPE-60k-3-in-1-60000-Puffs-5.jpg?w=1920&amp;ssl=1 1920w, https:\/\/i0.wp.com\/aiviouvapes.com\/wp-content\/uploads\/2025\/03\/WASPE-60k-3-in-1-60000-Puffs-5.jpg?resize=300%2C160&amp;ssl=1 300w, https:\/\/i0.wp.com\/aiviouvapes.com\/wp-content\/uploads\/2025\/03\/WASPE-60k-3-in-1-60000-Puffs-5.jpg?resize=1024%2C546&amp;ssl=1 1024w, https:\/\/i0.wp.com\/aiviouvapes.com\/wp-content\/uploads\/2025\/03\/WASPE-60k-3-in-1-60000-Puffs-5.jpg?resize=768%2C409&amp;ssl=1 768w, https:\/\/i0.wp.com\/aiviouvapes.com\/wp-content\/uploads\/2025\/03\/WASPE-60k-3-in-1-60000-Puffs-5.jpg?resize=1536%2C818&amp;ssl=1 1536w, https:\/\/i0.wp.com\/aiviouvapes.com\/wp-content\/uploads\/2025\/03\/WASPE-60k-3-in-1-60000-Puffs-5.jpg?resize=18%2C10&amp;ssl=1 18w, https:\/\/i0.wp.com\/aiviouvapes.com\/wp-content\/uploads\/2025\/03\/WASPE-60k-3-in-1-60000-Puffs-5.jpg?resize=750%2C400&amp;ssl=1 750w\" sizes=\"auto, (max-width: 1020px) 100vw, 1020px\" \/><\/p>","protected":false},"excerpt":{"rendered":"<p class=\"translation-block\">Pripravite se na trojno zabavo okusov! Posodobljeni WASPE 60K vam omogo\u010da u\u017eivati \u200b\u200btri \u010dudovite okuse v enem elegantnem vape-u. Temelji na priljubljenem med obo\u017eevalci <span style=\"color: #000000\"><a style=\"color: #000000\" href=\"https:\/\/aiviouvapes.com\/sl\/izdelek\/waspe-crystal-40k-double-flavor-40000-puffs-rechargeable-bulk-buy-disposable-vape-wholesale\/\" target=\"_self\">WASPE Crystal<\/a><\/span>.<\/p>","protected":false},"featured_media":30783,"comment_status":"open","ping_status":"closed","template":"","meta":[],"product_brand":[227],"product_cat":[19,219,242,320,280,505],"product_tag":[306,308,303,305,304,302],"class_list":{"0":"post-30767","1":"product","2":"type-product","3":"status-publish","4":"has-post-thumbnail","6":"product_brand-waspe","7":"product_cat-waspe","8":"product_cat-40000-puffs-disposable-vape","9":"product_cat-60000-puffs-disposable-vape","10":"product_cat-best-disposable-vapes","11":"product_cat-cheap-rechargeable-disposable-vapes","12":"product_cat-in-stock-at-eu-warehouse","13":"product_tag-best-disposable-vapes","14":"product_tag-disposable-vape-in-europe","15":"product_tag-screen-vape","16":"product_tag-vape-suppliers","17":"product_tag-wholesale-vapes","18":"product_tag-wholesale-vapor","20":"first","21":"instock","22":"shipping-taxable","23":"purchasable","24":"product-type-variable","25":"has-default-attributes"},"jetpack_sharing_enabled":true,"tiered_pricing_type":"fixed","tiered_pricing_fixed_rules":{"30":9.07000000000000028421709430404007434844970703125,"50":7.910000000000000142108547152020037174224853515625,"100":7.38999999999999968025576890795491635799407958984375,"200":6.7400000000000002131628207280300557613372802734375,"400":6.4199999999999999289457264239899814128875732421875},"tiered_pricing_product_settings":{"layout":"default","base_unit_name":{"singular":null,"plural":null},"default_variation":null},"tiered_pricing_minimum_quantity":10,"tiered_pricing_roles_data":[],"tiered_pricing_percentage_rules":[],"tiered_pricing_maximum_quantity":null,"tiered_pricing_quantity_step":"10","_links":{"self":[{"href":"https:\/\/aiviouvapes.com\/sl\/wp-json\/wp\/v2\/product\/30767","targetHints":{"allow":["GET"]}}],"collection":[{"href":"https:\/\/aiviouvapes.com\/sl\/wp-json\/wp\/v2\/product"}],"about":[{"href":"https:\/\/aiviouvapes.com\/sl\/wp-json\/wp\/v2\/types\/product"}],"replies":[{"embeddable":true,"href":"https:\/\/aiviouvapes.com\/sl\/wp-json\/wp\/v2\/comments?post=30767"}],"wp:featuredmedia":[{"embeddable":true,"href":"https:\/\/aiviouvapes.com\/sl\/wp-json\/wp\/v2\/media\/30783"}],"wp:attachment":[{"href":"https:\/\/aiviouvapes.com\/sl\/wp-json\/wp\/v2\/media?parent=30767"}],"wp:term":[{"taxonomy":"product_brand","embeddable":true,"href":"https:\/\/aiviouvapes.com\/sl\/wp-json\/wp\/v2\/product_brand?post=30767"},{"taxonomy":"product_cat","embeddable":true,"href":"https:\/\/aiviouvapes.com\/sl\/wp-json\/wp\/v2\/product_cat?post=30767"},{"taxonomy":"product_tag","embeddable":true,"href":"https:\/\/aiviouvapes.com\/sl\/wp-json\/wp\/v2\/product_tag?post=30767"}],"curies":[{"name":"wp","href":"https:\/\/api.w.org\/{rel}","templated":true}]}}