{"id":30076,"date":"2025-03-14T16:37:29","date_gmt":"2025-03-14T08:37:29","guid":{"rendered":"https:\/\/aiviouvapes.com\/?post_type=product&#038;p=30076"},"modified":"2025-09-30T10:06:30","modified_gmt":"2025-09-30T02:06:30","slug":"fizzy-nova-20000-puffs","status":"publish","type":"product","link":"https:\/\/aiviouvapes.com\/sl\/product\/fizzy-nova-20000-puffs\/","title":{"rendered":"Fizzy Nova 20000 Puffs | dvojna mre\u017ena tuljava, LCD zaslon, polnjenje za enkratno uporabo vape v razsutem stanju in na debelo"},"content":{"rendered":"<p>Do\u017eivite vrhunec tehnologije uparjanja z <strong>Fizzy Nova 20000 Puffs polnjenje za enkratno uporabo Vape<\/strong>. Ta naprava ponuja neprimerljivo kombinacijo zmogljivosti, udobja in sloga. Zdaj je na voljo za prodajo na debelo pri AiviouVape, va\u0161em glavnem spletnem distributerju za vape na Nizozemskem, v Nem\u010diji, Belgiji in \u0160paniji.<\/p>\n<h2>Zakaj Fizzy Nova 20000 Puffs izstopa:<\/h2>\n<ul>\n<li><strong>Zmogljivost 20000 puffov brez primere:<\/strong> U\u017eivajte v dalj\u0161ih seansah vapinga brez te\u017eav s pogostimi zamenjavami.<\/li>\n<li><strong>Napredna tehnologija Dual Mesh Coil:<\/strong> Z vsakim potegom izkusite bogat, enakomeren okus in gosto proizvodnjo pare.<\/li>\n<li><strong>Dolgotrajna baterija za polnjenje z zmogljivostjo 850 mAh:<\/strong> Z zmogljivo baterijo, ki jo je mogo\u010de ponovno napolniti, se lahko poslovite od strahu pred baterijo.<\/li>\n<li><strong>Intuitivni zaslon LCD:<\/strong> Na prvi pogled bodite obve\u0161\u010deni o trajanju baterije in ravni e-teko\u010dine.<\/li>\n<li><strong>Prilagodljivi var\u010dni in turbo na\u010dini:<\/strong> Prilagodite izku\u0161njo vapinga svojim \u017eeljam, ne glede na to, ali imate raje dalj\u0161o \u017eivljenjsko dobo baterije ali intenziven okus.<\/li>\n<li><strong>Dvojna mo\u010d nikotina:<\/strong> Na voljo sta 2% in 5% z nikotinom, da bi zadovoljili \u0161irok spekter \u017eelja strank.<\/li>\n<li><strong>Premium kovinska konstrukcija:<\/strong> U\u017eivajte v elegantnem, vzdr\u017eljivem in razko\u0161nem pisalu za vape z vrhunskim kovinskim zaklju\u010dkom.<\/li>\n<li><strong>Obse\u017een izbor okusov:<\/strong> Prepustite se raznolikemu naboru skrbno pripravljenih okusov.<\/li>\n<\/ul>\n<p><iframe title=\"VideoPress Video predvajalnik\" aria-label='VideoPress Video predvajalnik' width='1020' height='574' src='https:\/\/videopress.com\/embed\/5n4svF8i?hd=0&amp;cover=1' frameborder='0' allowfullscreen allow='clipboard-write'><\/iframe><script src='https:\/\/v0.wordpress.com\/js\/next\/videopress-iframe.js?m=1739540970'><\/script><\/p>\n<h3>Podrobne zna\u010dilnosti:<\/h3>\n<h4>Tehnologija dvojne mre\u017easte tuljave<\/h4>\n<p>Fizzy Nova 20000 Puffs uporablja napredno tehnologijo dvojne mre\u017easte tuljave, ki zagotavlja ve\u010djo povr\u0161ino za bolj\u0161o dostavo okusa in proizvodnjo pare. To zagotavlja dosledno zadovoljivo izku\u0161njo vapinga od prvega do zadnjega vdiha.<\/p>\n<h4>Eco in turbo na\u010dina<\/h4>\n<p>Prilagodite svoje vaping seanse z edinstvenima na\u010dinoma Eco in Turbo naprave Fizzy Nova. Na\u010din Eco optimizira \u017eivljenjsko dobo baterije in porabo e-teko\u010dine za dalj\u0161o uporabo, medtem ko na\u010din Turbo zagotavlja intenzivnej\u0161e in mo\u010dnej\u0161e vapiranje.<\/p>\n<h4>Baterija za polnjenje 850 mAh<\/h4>\n<p>Fizzy Nova 20000 Puffs je opremljen z zmogljivo 850 mAh akumulatorsko baterijo, ki zagotavlja dolgotrajno delovanje in vam omogo\u010da u\u017eivanje v vapu brez pogostega polnjenja.<\/p>\n<h4>LCD zaslon z indikatorji<\/h4>\n<p>Vgrajeni zaslon LCD v realnem \u010dasu zagotavlja informacije o \u017eivljenjski dobi baterije in ravni e-teko\u010dine, tako da ste vedno pripravljeni in nikoli presene\u010deni.<\/p>\n<h4>Kovinska obrt vrhunske kakovosti<\/h4>\n<p>Fizzy Nova 20000 Puffs je izdelan iz visokokakovostne kovine in se pona\u0161a z elegantno in stilsko zasnovo, ki je vzdr\u017eljiva in vizualno privla\u010dna.<\/p>\n<h3>Razi\u0161\u010dite na\u0161o \u0161iroko paleto okusov:<\/h3>\n<ul>\n<li><strong>Sadni u\u017eitki:<\/strong> Limona Limeta, me\u0161ano jagodi\u010devje, jagoda Kivi, lubenica, jagoda, borovnica, grozdje, malina Limona, ananas Breskev Pasijonka, kivi Pasijonka Guava<\/li>\n<li><strong>Sladke senzacije:<\/strong> Fizzy Cherry, Pink Lemonade, Peach, Blueberry Coconut<\/li>\n<li><strong>Trpko in osve\u017eujo\u010de:<\/strong> Kislo jabolko<\/li>\n<\/ul>\n<h3>Zakaj izbrati AiviouVape za veleprodajo v razsutem stanju?<\/h3>\n<ul>\n<li><strong>Najve\u010dja spletna platforma za prodajo na debelo:<\/strong> Storitve na Nizozemskem, v Nem\u010diji, Belgiji in \u0160paniji.<\/li>\n<li><strong>Konkuren\u010dne cene v razsutem stanju:<\/strong> Pove\u010dajte svoje stopnje dobi\u010dka z na\u0161imi privla\u010dnimi veleprodajnimi cenami.<\/li>\n<li><strong>Hitra in zanesljiva dostava:<\/strong> Zagotovite pravo\u010dasno dobavo in izpolnite zahteve strank.<\/li>\n<li><strong>Odli\u010dna podpora strankam:<\/strong> Na\u0161a ekipa je predana zagotavljanju izjemnih storitev.<\/li>\n<li><strong>Izvirni tovarni\u0161ki izdelki:<\/strong> Zagotovite svojim strankam najvi\u0161jo kakovost in pristnost.<\/li>\n<\/ul>\n<p>Dobrodo\u0161li, da oddate svoje naro\u010dilo Fizzy Nova 20000 Puffs v razsutem stanju na tej strani in izbolj\u0161ate svojo ponudbo izdelkov za vape!<\/p>","protected":false},"excerpt":{"rendered":"<p>Fizzy Nova 20000 puffov! S <strong data-start=\"457\" data-end=\"476\">dvojne mre\u017easte tuljave<\/strong> za bolj\u0161i okus, in <strong>formula z nizko vsebnostjo nikotina<\/strong> za bolj gladke zadetke in <strong data-start=\"550\" data-end=\"570\">jasen zaslon LCD<\/strong> za spremljanje ravni baterije in e-teko\u010dine. Ta vape za enkratno uporabo z mo\u017enostjo polnjenja je kot nala\u0161\u010d za kupce na debelo, ki i\u0161\u010dejo visokokakovostne mo\u017enosti po ugodnih cenah.<\/p>","protected":false},"featured_media":30095,"comment_status":"open","ping_status":"closed","template":"","meta":[],"product_brand":[248],"product_cat":[129,223],"product_tag":[],"class_list":{"0":"post-30076","1":"product","2":"type-product","3":"status-publish","4":"has-post-thumbnail","6":"product_brand-fizzy","7":"product_cat-20000-puffs-disposable-vape","8":"product_cat-fizzy","10":"first","11":"instock","12":"shipping-taxable","13":"purchasable","14":"product-type-variable","15":"has-default-attributes"},"jetpack_sharing_enabled":true,"tiered_pricing_type":"fixed","tiered_pricing_fixed_rules":{"200":6.5999999999999996447286321199499070644378662109375,"500":5.9000000000000003552713678800500929355621337890625},"tiered_pricing_product_settings":{"layout":"default","base_unit_name":{"singular":null,"plural":null},"default_variation":null},"tiered_pricing_minimum_quantity":100,"tiered_pricing_roles_data":[],"tiered_pricing_percentage_rules":[],"tiered_pricing_maximum_quantity":null,"tiered_pricing_quantity_step":"10","_links":{"self":[{"href":"https:\/\/aiviouvapes.com\/sl\/wp-json\/wp\/v2\/product\/30076","targetHints":{"allow":["GET"]}}],"collection":[{"href":"https:\/\/aiviouvapes.com\/sl\/wp-json\/wp\/v2\/product"}],"about":[{"href":"https:\/\/aiviouvapes.com\/sl\/wp-json\/wp\/v2\/types\/product"}],"replies":[{"embeddable":true,"href":"https:\/\/aiviouvapes.com\/sl\/wp-json\/wp\/v2\/comments?post=30076"}],"wp:featuredmedia":[{"embeddable":true,"href":"https:\/\/aiviouvapes.com\/sl\/wp-json\/wp\/v2\/media\/30095"}],"wp:attachment":[{"href":"https:\/\/aiviouvapes.com\/sl\/wp-json\/wp\/v2\/media?parent=30076"}],"wp:term":[{"taxonomy":"product_brand","embeddable":true,"href":"https:\/\/aiviouvapes.com\/sl\/wp-json\/wp\/v2\/product_brand?post=30076"},{"taxonomy":"product_cat","embeddable":true,"href":"https:\/\/aiviouvapes.com\/sl\/wp-json\/wp\/v2\/product_cat?post=30076"},{"taxonomy":"product_tag","embeddable":true,"href":"https:\/\/aiviouvapes.com\/sl\/wp-json\/wp\/v2\/product_tag?post=30076"}],"curies":[{"name":"wp","href":"https:\/\/api.w.org\/{rel}","templated":true}]}}