{"id":29120,"date":"2025-02-21T15:04:17","date_gmt":"2025-02-21T07:04:17","guid":{"rendered":"https:\/\/aiviouvapes.com\/?post_type=product&#038;p=29120"},"modified":"2026-03-23T13:30:00","modified_gmt":"2026-03-23T05:30:00","slug":"mystery-vape-blind-box","status":"publish","type":"product","link":"https:\/\/aiviouvapes.com\/sl\/product\/mystery-vape-blind-box\/","title":{"rendered":"Skrivnostna \u0160katla Enkratnih Vape - paket presene\u010denja za drzne!"},"content":{"rendered":"<p>Pripravite se na razburljivo pustolov\u0161\u010dino z na\u0161imi <strong>Skrivnostna \u0161katla Vape za enkratno uporabo<\/strong>, kjer vsako odpiranje \u0161katle prinese \u010dudovito presene\u010denje. V notranjosti boste na\u0161li skrbno izbrane okuse e-cigaret, od brez\u010dasnih klasi\u010dnih do drznih, eksoti\u010dnih me\u0161anic. Ne glede na to, ali si \u017eelite osve\u017eilnih, po\u017eivljajo\u010dih not ali bogate, zadovoljujo\u010de intenzivnosti, vsaka \u0161katla ponuja novo izku\u0161njo okusa, ki vas bo vedno znova navdu\u0161ila.<\/p>\n<p>Idealen za avanturisti\u010dne vaperje ali vse, ki ljubijo vznemirjenje ob nakupovanju presene\u010denj. <strong>Skrivnostna \u0161katla Vape za enkratno uporabo<\/strong> je navdu\u0161enje nad odkrivanjem novih, naklju\u010dno izbranih okusov. Vsak puh je nepri\u010dakovano potovanje!<\/p>\n<h3>Kako deluje skrivnostna \u0161katla<\/h3>\n<p>Pripravite se na vrhunsko pustolov\u0161\u010dino z na\u0161imi <strong>Skrivnostna \u0161katla Vape za enkratno uporabo<\/strong>! Vsaka \u0161katla vsebuje 10 vrhunskih vapesov za enkratno uporabo, ki so polni me\u0161anice vznemirljivih in raznolikih okusov. \u010ceprav ne moremo zagotoviti dolo\u010denih okusov, lahko v vsaki \u0161katli pri\u010dakujete vznemirljivo presene\u010denje, vklju\u010dno s priljubljenimi modeli, kot so <strong>WASPE,UWIN,ELF-WORLD,VOPK,Randm,MRVI<\/strong>\u00a0- z ve\u010d kot 100 edinstvenimi okusi, ki jih lahko raziskujete!<\/p>\n<ul>\n<li><strong>Vse prodaje so kon\u010dne<\/strong>: Zaradi narave izdelka ne moremo ponuditi povra\u010dila ali zamenjave, razen v primeru te\u017eav s kakovostjo izdelka.<\/li>\n<li><strong>Brezpla\u010dna dostava<\/strong>: U\u017eivajte v brezpla\u010dni dostavi na vseh naro\u010dilih <strong>Skrivnostna \u0161katla Vape za enkratno uporabo<\/strong>.<\/li>\n<li><strong>Starostne zahteve<\/strong>: Kupci morajo biti za nakup in uporabo tega izdelka polnoletni v svoji jurisdikciji.<\/li>\n<li>Z nakupom <strong>Skrivnostna \u0161katla Vape za enkratno uporabo<\/strong>, se strinjate s temi pogoji in dolo\u010dili.<\/li>\n<\/ul>\n<h3>Na\u010dini po\u0161iljanja<\/h3>\n<p>Sodelujemo z zaupanja vrednimi prevozniki, kot so UPS, DHL, FedEx in DPD, da zagotovimo hitro dostavo va\u0161ega naro\u010dila. Na\u010din po\u0161iljanja bo izbran glede na va\u0161o lokacijo dostave za najhitrej\u0161o in najzanesljivej\u0161o storitev.<\/p>\n<ul>\n<li><strong>Evropske dr\u017eave<\/strong>: Obi\u010dajno dostavljeno v 12-15 dneh.<\/li>\n<li><strong>Zdru\u017eene dr\u017eave Amerike<\/strong>: Obi\u010dajno prispe v 10 dneh.<\/li>\n<li><strong>Sledenje v realnem \u010dasu<\/strong>: Na vsakem koraku vas bomo obve\u0161\u010dali o logisti\u010dnih informacijah v \u017eivo.<\/li>\n<\/ul>\n<p>Bodite prepri\u010dani, da bomo v va\u0161em imenu opravili vse postopke carinjenja in tako zagotovili nemoteno in brezskrbno izku\u0161njo. Poleg tega ne boste pla\u010dali nobenih dodatnih davkov in zagotavljamo, da <strong>100% na\u0161ih izdelkov bo pre\u0161lo carinjenje<\/strong>.<\/p>\n<style>.tier-pricing-summary-table {display:none !important}<br \/>.mysterybox1 {display:none}<br \/><\/style>","protected":false},"excerpt":{"rendered":"<p>Odprite najve\u010dje presene\u010denje za vape z na\u0161im <strong>Skrivnostna \u0161katla Vape za enkratno uporabo<\/strong> - na voljo zdaj na nepremagljivem popustu, ni potrebna koda kupona! Pakirano z <strong>10 premium vapes za enkratno uporabo<\/strong>, je v vsaki \u0161katli me\u0161anica vznemirljivih okusov, vklju\u010dno z najljub\u0161imi, kot je <strong>WASPE, UWIN, ELFWORLD, VOPK, Randm, MRVI<\/strong>. Vsak puh prina\u0161a novo pustolov\u0161\u010dino z ve\u010d kot 100 razli\u010dnimi okusi, ki jih lahko odkrijete!<\/p>","protected":false},"featured_media":29126,"comment_status":"open","ping_status":"closed","template":"","meta":[],"product_brand":[],"product_cat":[133,280],"product_tag":[306,308,303,305,304,302],"class_list":{"0":"post-29120","1":"product","2":"type-product","3":"status-publish","4":"has-post-thumbnail","6":"product_cat-disposable-vapes-in-europe","7":"product_cat-cheap-rechargeable-disposable-vapes","8":"product_tag-best-disposable-vapes","9":"product_tag-disposable-vape-in-europe","10":"product_tag-screen-vape","11":"product_tag-vape-suppliers","12":"product_tag-wholesale-vapes","13":"product_tag-wholesale-vapor","15":"first","16":"instock","17":"sale","18":"shipping-taxable","19":"purchasable","20":"product-type-simple"},"jetpack_sharing_enabled":true,"tiered_pricing_type":"fixed","tiered_pricing_fixed_rules":[],"tiered_pricing_product_settings":{"layout":"default","base_unit_name":{"singular":null,"plural":null},"default_variation":null},"tiered_pricing_minimum_quantity":null,"tiered_pricing_roles_data":[],"tiered_pricing_percentage_rules":[],"tiered_pricing_maximum_quantity":null,"tiered_pricing_quantity_step":null,"_links":{"self":[{"href":"https:\/\/aiviouvapes.com\/sl\/wp-json\/wp\/v2\/product\/29120","targetHints":{"allow":["GET"]}}],"collection":[{"href":"https:\/\/aiviouvapes.com\/sl\/wp-json\/wp\/v2\/product"}],"about":[{"href":"https:\/\/aiviouvapes.com\/sl\/wp-json\/wp\/v2\/types\/product"}],"replies":[{"embeddable":true,"href":"https:\/\/aiviouvapes.com\/sl\/wp-json\/wp\/v2\/comments?post=29120"}],"wp:featuredmedia":[{"embeddable":true,"href":"https:\/\/aiviouvapes.com\/sl\/wp-json\/wp\/v2\/media\/29126"}],"wp:attachment":[{"href":"https:\/\/aiviouvapes.com\/sl\/wp-json\/wp\/v2\/media?parent=29120"}],"wp:term":[{"taxonomy":"product_brand","embeddable":true,"href":"https:\/\/aiviouvapes.com\/sl\/wp-json\/wp\/v2\/product_brand?post=29120"},{"taxonomy":"product_cat","embeddable":true,"href":"https:\/\/aiviouvapes.com\/sl\/wp-json\/wp\/v2\/product_cat?post=29120"},{"taxonomy":"product_tag","embeddable":true,"href":"https:\/\/aiviouvapes.com\/sl\/wp-json\/wp\/v2\/product_tag?post=29120"}],"curies":[{"name":"wp","href":"https:\/\/api.w.org\/{rel}","templated":true}]}}