{"id":2518,"date":"2024-08-17T02:40:58","date_gmt":"2024-08-17T02:40:58","guid":{"rendered":"https:\/\/aiviouvapes.com\/?post_type=product&#038;p=2518"},"modified":"2026-03-27T09:19:35","modified_gmt":"2026-03-27T01:19:35","slug":"poco-bl10000-puffs-disposable-wholesale","status":"publish","type":"product","link":"https:\/\/aiviouvapes.com\/sl\/product\/poco-bl10000-puffs-disposable-wholesale\/","title":{"rendered":"POCO BL10000 Puffs | nastavljiv pretok zraka, 5% nikotin, vape za enkratno uporabo"},"content":{"rendered":"<h2>POCO BL10000 puffs | enkratno vape 5% nikotin v razsutem stanju kupi posel debelo nastavljiv zra\u010dni tok dolgotrajno vape polnilna elektronska cigareta tipa C<\/h2>\n<h3>POCO BL10000 Puffs Pregled in funkcije<\/h3>\n<p>Predstavljamo POCO BL10000 Puffs, inovativen vape za enkratno uporabo, ki je zasnovan tako, da z naprednimi funkcijami in visoko zmogljivostjo zagotavlja izjemno izku\u0161njo vapinga. Ta naprava z do 10.000 puffi omogo\u010da obse\u017eno uporabo in je idealna tako za vaperje kot za trgovce, ki i\u0161\u010dejo kakovost in vrednost. Naprava ima velik 20-mililitrski rezervoar za e-teko\u010dino, zmogljivo baterijo s kapaciteto 650 mAh in nastavljiv pretok zraka, kar uporabnikom omogo\u010da, da u\u017eivajo v prilagojeni izku\u0161nji vapanja, ki ustreza njihovim \u017eeljam.<\/p>\n<ul>\n<li><strong>Do 10.000 vdihov<\/strong>: Zagotavlja dolgotrajno zadovoljstvo in odli\u010dno vrednost.<\/li>\n<li><strong>20ml E-teko\u010dina Kapaciteta<\/strong>: Zmanj\u0161a pogostost polnjenja za neprekinjeno u\u017eivanje.<\/li>\n<li><strong>Baterija za polnjenje 650 mAh<\/strong>: Zagotavlja zanesljivo napajanje in polnjenje tipa C za ve\u010djo u\u010dinkovitost.<\/li>\n<li><strong>Nastavljiv pretok zraka<\/strong>: Omogo\u010da prilagajanje proizvodnje hlapov glede na \u017eelje posameznika.<\/li>\n<\/ul>\n<h3>POCO BL10000 Puffs Okusi na zalogi:<\/h3>\n<p>jagoda kivi, borovnica \u010de\u0161nja Cola, \u010drni led Dragon Fruit jagoda, malina lubenica, jagoda banana, mango pomaran\u010da grenivka, breskev borovnica Soft Candy, aloe grozdje, Cool Mint, jagoda mango, pasijonka kivi guava, jabolko breskev, borovnica malina, grozdje \u010drni ribez Soda.<\/p>\n<h3>Zakaj izbrati POCO BL10000 Puffs?<\/h3>\n<p>POCO BL10000 Puffs zdru\u017euje visoko zmogljivost, bogate mo\u017enosti okusov in priro\u010dnost, zato je najbolj\u0161a izbira za vaperje, ki i\u0161\u010dejo vsestransko in zadovoljivo izku\u0161njo. Zaradi elegantne, prenosne oblike in polnilne baterije je idealen za uporabo na poti, medtem ko nastavljiv zra\u010dni tok izbolj\u0161a vsak puh in zagotavlja gladek zadetek z okusom. Ta naprava, ki je na voljo za distribucijo na debelo, ustreza individualnim \u017eeljam in zagotavlja vrhunsko izku\u0161njo vapinga tako za osebno uporabo kot za prodajo na drobno.<\/p>\n<h3>POCO BL10000 Puffs Original Factory Bulk Wholesale Disposable Vapes<\/h3>\n<p>Odprite popolno pot vapinga z POCO BL10000 Puffs. Ta naprava je kot nala\u0161\u010d za tiste, ki cenijo dolgo \u017eivljenjsko dobo in raznolikost okusov, saj je na voljo za prodajo na debelo, zato je odli\u010den dodatek k vsaki liniji izdelkov za vaping.<\/p>\n<h3>Zakaj izbrati AiviouVapes<\/h3>\n<p>Dobrodo\u0161li v <a href=\"https:\/\/aiviouvapes.com\/sl\/\">AiviouVapes<\/a> - va\u0161 zaupanja vreden vir za vrhunske, cenovno ugodne <a href=\"https:\/\/aiviouvapes.com\/sl\/shop\/\">veleprodaja vapes za enkratno uporabo<\/a> po resni\u010dno nizkih cenah. Z ve\u010d kot petimi leti izku\u0161enj v industriji vape ponujamo ro\u010dno izbran izbor vodilnih blagovnih znamk, kot so <a href=\"https:\/\/aiviouvapes.com\/sl\/kategorija-izdelka\/waspe\/\">WASPE<\/a>, <a href=\"https:\/\/aiviouvapes.com\/sl\/kategorija-izdelka\/bang\/\">Bang Vape<\/a>, <a href=\"https:\/\/aiviouvapes.com\/sl\/kategorija-izdelka\/vapme-vapes\/\">Vapme<\/a>in <a href=\"https:\/\/aiviouvapes.com\/sl\/kategorija-izdelka\/mrvi\/\">MRVI<\/a>.<\/p>\n<p>Od naprav z visokim izpihom, kot je <a href=\"https:\/\/aiviouvapes.com\/sl\/izdelek\/waspe-4-in-1-100000-puffs\/\">WASPE 100K okus 4 v 1<\/a> do krepkih priljubljenih izdelkov, kot je <a href=\"https:\/\/aiviouvapes.com\/sl\/izdelek\/bang-king-triple-flavors-85000\/\">Bang 85.000 Trojni puh<\/a>in celo vznemirljivo <a class=\"woocommerce-LoopProduct-link woocommerce-loop-product__link\" href=\"https:\/\/aiviouvapes.com\/sl\/izdelek\/mystery-vape-blind-box\/\">Skrivnostna \u0161katla Vape za enkratno uporabo<\/a>, vsak izdelek je izbran zaradi vrhunske kakovosti in neprekosljive vrednosti. Pri AiviouVapes boste u\u017eivali v odli\u010dnih storitvah, veleprodajnih prihrankih in zbirki, ki je zasnovana tako, da ustreza va\u0161im potrebam po vapingu.<\/p>\n<div class=\"row row-large row-full-width align-middle\"  id=\"row-772919616\">\n\n\n\t<div id=\"col-262506848\" class=\"col medium-3 small-6 large-3\"  >\n\t\t\t\t<div class=\"col-inner text-center\"  >\n\t\t\t\n\t\t\t\n\n\n\t\t<div class=\"icon-box featured-box icon-box-top text-left\"  >\n\t\t\t\t\t<div class=\"icon-box-img\" style=\"width: 90px\">\n\t\t\t\t<div class=\"icon\">\n\t\t\t\t\t<div class=\"icon-inner\" >\n\t\t\t\t\t\t<img loading=\"lazy\" decoding=\"async\" width=\"200\" height=\"200\" src=\"https:\/\/i0.wp.com\/aiviouvapes.com\/wp-content\/uploads\/2024\/08\/vape-1-1.png?fit=200%2C200&amp;ssl=1\" class=\"attachment-medium size-medium\" alt=\"Zakaj izbrati AIVIOUVAPES\" srcset=\"https:\/\/i0.wp.com\/aiviouvapes.com\/wp-content\/uploads\/2024\/08\/vape-1-1.png?w=200&amp;ssl=1 200w, https:\/\/i0.wp.com\/aiviouvapes.com\/wp-content\/uploads\/2024\/08\/vape-1-1.png?resize=150%2C150&amp;ssl=1 150w, https:\/\/i0.wp.com\/aiviouvapes.com\/wp-content\/uploads\/2024\/08\/vape-1-1.png?resize=12%2C12&amp;ssl=1 12w, https:\/\/i0.wp.com\/aiviouvapes.com\/wp-content\/uploads\/2024\/08\/vape-1-1.png?resize=100%2C100&amp;ssl=1 100w\" sizes=\"auto, (max-width: 200px) 100vw, 200px\" title=\"\">\t\t\t\t\t<\/div>\n\t\t\t\t<\/div>\n\t\t\t<\/div>\n\t\t\t\t<div class=\"icon-box-text last-reset\">\n\t\t\t\t\t\t\t\t\t\n\n\t<div id=\"text-170101986\" class=\"text\">\n\t\t\n\n<h3 style=\"text-align: center;\">Obse\u017ena raznolikost izdelkov Vape<\/h3>\n<p style=\"text-align: center;\">Odkrijte na\u0161o \u0161iroko paleto izdelkov, izdelanih za vse \u017eelje.<\/p>\n\t\t\n<style>\n#text-170101986 {\n  font-size: 0.9rem;\n}\n<\/style>\n\t<\/div>\n\t\n\n\t\t<\/div>\n\t<\/div>\n\t\n\t\n\n\t\t<\/div>\n\t\t\t\t\t<\/div>\n\n\t\n\n\t<div id=\"col-1622325865\" class=\"col medium-3 small-6 large-3\"  >\n\t\t\t\t<div class=\"col-inner text-center\"  >\n\t\t\t\n\t\t\t\n\n\n\t\t<div class=\"icon-box featured-box icon-box-top text-left\"  >\n\t\t\t\t\t<div class=\"icon-box-img\" style=\"width: 90px\">\n\t\t\t\t<div class=\"icon\">\n\t\t\t\t\t<div class=\"icon-inner\" >\n\t\t\t\t\t\t<img loading=\"lazy\" decoding=\"async\" width=\"200\" height=\"200\" src=\"https:\/\/i0.wp.com\/aiviouvapes.com\/wp-content\/uploads\/2024\/08\/save-money-1-1-1.png?fit=200%2C200&amp;ssl=1\" class=\"attachment-medium size-medium\" alt=\"Zakaj izbrati AIVIOUVAPES\" srcset=\"https:\/\/i0.wp.com\/aiviouvapes.com\/wp-content\/uploads\/2024\/08\/save-money-1-1-1.png?w=200&amp;ssl=1 200w, https:\/\/i0.wp.com\/aiviouvapes.com\/wp-content\/uploads\/2024\/08\/save-money-1-1-1.png?resize=150%2C150&amp;ssl=1 150w, https:\/\/i0.wp.com\/aiviouvapes.com\/wp-content\/uploads\/2024\/08\/save-money-1-1-1.png?resize=12%2C12&amp;ssl=1 12w, https:\/\/i0.wp.com\/aiviouvapes.com\/wp-content\/uploads\/2024\/08\/save-money-1-1-1.png?resize=100%2C100&amp;ssl=1 100w\" sizes=\"auto, (max-width: 200px) 100vw, 200px\" title=\"\">\t\t\t\t\t<\/div>\n\t\t\t\t<\/div>\n\t\t\t<\/div>\n\t\t\t\t<div class=\"icon-box-text last-reset\">\n\t\t\t\t\t\t\t\t\t\n\n\t<div id=\"text-3352711336\" class=\"text\">\n\t\t\n\n<h3 style=\"text-align: center;\">Nepremagljiva vrednost<\/h3>\n<p style=\"text-align: center;\">U\u017eivajte v vrhunskih izdelkih po cenah, ki ustrezajo va\u0161emu prora\u010dunu.<\/p>\n\t\t\n<style>\n#text-3352711336 {\n  font-size: 0.9rem;\n}\n<\/style>\n\t<\/div>\n\t\n\n\t\t<\/div>\n\t<\/div>\n\t\n\t\n\n\t\t<\/div>\n\t\t\t\t\t<\/div>\n\n\t\n\n\t<div id=\"col-1960006319\" class=\"col medium-3 small-6 large-3\"  >\n\t\t\t\t<div class=\"col-inner text-center\"  >\n\t\t\t\n\t\t\t\n\n\n\t\t<div class=\"icon-box featured-box icon-box-top text-left\"  >\n\t\t\t\t\t<div class=\"icon-box-img\" style=\"width: 90px\">\n\t\t\t\t<div class=\"icon\">\n\t\t\t\t\t<div class=\"icon-inner\" >\n\t\t\t\t\t\t<img loading=\"lazy\" decoding=\"async\" width=\"200\" height=\"200\" src=\"https:\/\/i0.wp.com\/aiviouvapes.com\/wp-content\/uploads\/2024\/08\/delivery-truck-1-1.png?fit=200%2C200&amp;ssl=1\" class=\"attachment-medium size-medium\" alt=\"Zakaj izbrati AIVIOUVAPES\" srcset=\"https:\/\/i0.wp.com\/aiviouvapes.com\/wp-content\/uploads\/2024\/08\/delivery-truck-1-1.png?w=200&amp;ssl=1 200w, https:\/\/i0.wp.com\/aiviouvapes.com\/wp-content\/uploads\/2024\/08\/delivery-truck-1-1.png?resize=150%2C150&amp;ssl=1 150w, https:\/\/i0.wp.com\/aiviouvapes.com\/wp-content\/uploads\/2024\/08\/delivery-truck-1-1.png?resize=12%2C12&amp;ssl=1 12w, https:\/\/i0.wp.com\/aiviouvapes.com\/wp-content\/uploads\/2024\/08\/delivery-truck-1-1.png?resize=100%2C100&amp;ssl=1 100w\" sizes=\"auto, (max-width: 200px) 100vw, 200px\" title=\"\">\t\t\t\t\t<\/div>\n\t\t\t\t<\/div>\n\t\t\t<\/div>\n\t\t\t\t<div class=\"icon-box-text last-reset\">\n\t\t\t\t\t\t\t\t\t\n\n\t<div id=\"text-752562408\" class=\"text\">\n\t\t\n\n<h3 style=\"text-align: center;\">Hitra Globalna Dostava<\/h3>\n<p style=\"text-align: center;\">Dostavo po vsem svetu zagotavljamo z zagotovljenim carinjenjem, kar zagotavlja brezhibno izku\u0161njo.<\/p>\n\t\t\n<style>\n#text-752562408 {\n  font-size: 0.9rem;\n}\n<\/style>\n\t<\/div>\n\t\n\n\t\t<\/div>\n\t<\/div>\n\t\n\t\n\n\t\t<\/div>\n\t\t\t\t\t<\/div>\n\n\t\n\n\t<div id=\"col-27693971\" class=\"col medium-3 small-6 large-3\"  >\n\t\t\t\t<div class=\"col-inner text-center\"  >\n\t\t\t\n\t\t\t\n\n\n\t\t<div class=\"icon-box featured-box icon-box-top text-left\"  >\n\t\t\t\t\t<div class=\"icon-box-img\" style=\"width: 90px\">\n\t\t\t\t<div class=\"icon\">\n\t\t\t\t\t<div class=\"icon-inner\" >\n\t\t\t\t\t\t<img loading=\"lazy\" decoding=\"async\" width=\"200\" height=\"200\" src=\"https:\/\/i0.wp.com\/aiviouvapes.com\/wp-content\/uploads\/2024\/08\/support-1-1.png?fit=200%2C200&amp;ssl=1\" class=\"attachment-medium size-medium\" alt=\"Zakaj izbrati AIVIOUVAPES\" srcset=\"https:\/\/i0.wp.com\/aiviouvapes.com\/wp-content\/uploads\/2024\/08\/support-1-1.png?w=200&amp;ssl=1 200w, https:\/\/i0.wp.com\/aiviouvapes.com\/wp-content\/uploads\/2024\/08\/support-1-1.png?resize=150%2C150&amp;ssl=1 150w, https:\/\/i0.wp.com\/aiviouvapes.com\/wp-content\/uploads\/2024\/08\/support-1-1.png?resize=12%2C12&amp;ssl=1 12w, https:\/\/i0.wp.com\/aiviouvapes.com\/wp-content\/uploads\/2024\/08\/support-1-1.png?resize=100%2C100&amp;ssl=1 100w\" sizes=\"auto, (max-width: 200px) 100vw, 200px\" title=\"\">\t\t\t\t\t<\/div>\n\t\t\t\t<\/div>\n\t\t\t<\/div>\n\t\t\t\t<div class=\"icon-box-text last-reset\">\n\t\t\t\t\t\t\t\t\t\n\n\t<div id=\"text-1466393086\" class=\"text\">\n\t\t\n\n<h3 style=\"text-align: center;\">Pomo\u010d po celodnevni uri<\/h3>\n<p style=\"text-align: center;\">Na\u0161o ekipo za podporo lahko kadar koli, 24 ur na dan, 7 dni v tednu, prek aplikacije WhatsApp ali e-po\u0161te.<\/p>\n\t\t\n<style>\n#text-1466393086 {\n  font-size: 0.9rem;\n}\n<\/style>\n\t<\/div>\n\t\n\n\t\t<\/div>\n\t<\/div>\n\t\n\t\n\n\t\t<\/div>\n\t\t\t\t\t<\/div>\n\n\t\n\n<\/div>\n<div class=\"row row-full-width align-middle\"  id=\"row-256349660\">\n\n\n\t<div id=\"col-68110649\" class=\"col medium-6 small-12 large-6\"  >\n\t\t\t\t<div class=\"col-inner\"  >\n\t\t\t\n\t\t\t\n\n\t<div class=\"img has-hover x md-x lg-x y md-y lg-y\" id=\"image_1045141748\">\n\t\t\t\t\t\t\t\t<div class=\"img-inner dark\" >\n\t\t\t<img loading=\"lazy\" decoding=\"async\" width=\"930\" height=\"1024\" src=\"https:\/\/i0.wp.com\/aiviouvapes.com\/wp-content\/uploads\/2024\/08\/%E6%8B%BC%E5%9B%BE.jpg?fit=930%2C1024&amp;ssl=1\" class=\"attachment-large size-large\" alt=\"Zakaj izbrati AIVIOUVAPES\" title=\"\">\t\t\t\t\t\t\n\t\t\t\t\t<\/div>\n\t\t\t\t\t\t\t\t\n<style>\n#image_1045141748 {\n  width: 100%;\n}\n<\/style>\n\t<\/div>\n\t\n\n\n\t\t<\/div>\n\t\t\t\t\t<\/div>\n\n\t\n\n\t<div id=\"col-1586221573\" class=\"col medium-6 small-12 large-6\"  >\n\t\t\t\t<div class=\"col-inner\"  >\n\t\t\t\n\t\t\t\n\n<div class=\"container section-title-container\" ><h4 class=\"section-title section-title-normal\"><b aria-hidden=\"true\"><\/b><span class=\"section-title-main\" style=\"font-size:91%;\">Na\u0161e prednosti<\/span><b aria-hidden=\"true\"><\/b><\/h4><\/div>\n\n<div class=\"accordion\">\n\n\t<div id=\"accordion-250887125\" class=\"accordion-item\">\n\t\t<a id=\"accordion-250887125-label\" class=\"accordion-title plain\" href=\"#accordion-item-commitment-to-quality\" aria-expanded=\"false\" aria-controls=\"accordion-250887125-content\">\n\t\t\t<button class=\"toggle\" aria-label=\"Toggle\"><i class=\"icon-angle-down\" aria-hidden=\"true\"><\/i><\/button>\n\t\t\t<span>Zavezanost kakovosti<\/span>\n\t\t<\/a>\n\t\t<div id=\"accordion-250887125-content\" class=\"accordion-inner\" aria-labelledby=\"accordion-250887125-label\">\n\t\t\t\n\n<p>Pri <a href=\"https:\/\/aiviouvapes.com\/sl\/\">AiviouVape<\/a>kakovost je gonilo vsega, kar po\u010dnemo. Na\u0161i vapeji za enkratno uporabo so skrbno izdelani in strogo preizku\u0161eni, da izpolnjujejo najvi\u0161je standarde, kar zagotavlja nemoteno in zanesljivo izku\u0161njo vapljanja vsaki\u010d znova. Z na\u0161o zavezanostjo k ni\u010d napakam in ni\u010d prito\u017ebam lahko zaupate, da ste dobili najbolj\u0161e.<\/p>\n\n\t\t<\/div>\n\t<\/div>\n\t\n\t<div id=\"accordion-3987256181\" class=\"accordion-item\">\n\t\t<a id=\"accordion-3987256181-label\" class=\"accordion-title plain\" href=\"#accordion-item-diverse-range-of-products\" aria-expanded=\"false\" aria-controls=\"accordion-3987256181-content\">\n\t\t\t<button class=\"toggle\" aria-label=\"Toggle\"><i class=\"icon-angle-down\" aria-hidden=\"true\"><\/i><\/button>\n\t\t\t<span>Raznovrstni izdelki<\/span>\n\t\t<\/a>\n\t\t<div id=\"accordion-3987256181-content\" class=\"accordion-inner\" aria-labelledby=\"accordion-3987256181-label\">\n\t\t\t\n\n<p>Ponosni smo, da ponujamo \u0161iroko paleto vrhunskih vapes za enkratno uporabo, ki ustrezajo vsem \u017eeljam. V na\u0161i ponudbi so zaupanja vredne blagovne znamke, kot so Waspe, Vapme, RandM Tornado, Bang Box, ELF Box in Bang King, od najnovej\u0161ih inovacij do dolgoletnih priljubljenih izdelkov. Ne glede na to, ali i\u0161\u010dete drzne okuse Vapme ali elegantno obliko RandM Tornado, je na\u0161a zbirka oblikovana tako, da vam pomaga odkriti popoln vape, ki ustreza va\u0161emu okusu in \u017eivljenjskemu slogu.<\/p>\n\n\n\t\t<\/div>\n\t<\/div>\n\t\n\t<div id=\"accordion-1522606592\" class=\"accordion-item\">\n\t\t<a id=\"accordion-1522606592-label\" class=\"accordion-title plain\" href=\"#accordion-item-wholesale-and-retail-solutions\" aria-expanded=\"false\" aria-controls=\"accordion-1522606592-content\">\n\t\t\t<button class=\"toggle\" aria-label=\"Toggle\"><i class=\"icon-angle-down\" aria-hidden=\"true\"><\/i><\/button>\n\t\t\t<span>Veleprodajne in maloprodajne re\u0161itve<\/span>\n\t\t<\/a>\n\t\t<div id=\"accordion-1522606592-content\" class=\"accordion-inner\" aria-labelledby=\"accordion-1522606592-label\">\n\t\t\t\n\n<p>AiviouVape izpolnjuje zahteve maloprodajnih in veleprodajnih strank ter vsaki\u010d zagotavlja izjemne izdelke in storitve. \u010ce ste novinec, vam priporo\u010damo, da za\u010dnete z majhno serijo in izkusite na\u0161o kakovost iz prve roke. S konkuren\u010dnimi cenami in vrhunskimi standardi smo zaupanja vredna izbira v industriji vape za enkratno uporabo.\u00a0<\/p>\n\n\t\t<\/div>\n\t<\/div>\n\t\n\t<div id=\"accordion-1759780383\" class=\"accordion-item\">\n\t\t<a id=\"accordion-1759780383-label\" class=\"accordion-title plain\" href=\"#accordion-item-continuous-improvement\" aria-expanded=\"false\" aria-controls=\"accordion-1759780383-content\">\n\t\t\t<button class=\"toggle\" aria-label=\"Toggle\"><i class=\"icon-angle-down\" aria-hidden=\"true\"><\/i><\/button>\n\t\t\t<span>Nenehno izbolj\u0161evanje<\/span>\n\t\t<\/a>\n\t\t<div id=\"accordion-1759780383-content\" class=\"accordion-inner\" aria-labelledby=\"accordion-1759780383-label\">\n\t\t\t\n\n<p>Podjetje AiviouVape odlikuje na\u0161a predanost izjemnim storitvam za stranke. \u010ce potrebujete nasvet pred nakupom ali pomo\u010d pri naro\u010dilu, je na\u0161a ekipa vedno na voljo prek aplikacije WhatsApp ali e-po\u0161te. Prizadevamo si vzpostaviti trajne odnose s strankami in zagotavljamo va\u0161e zadovoljstvo na vsakem koraku.<\/p>\n\n\t\t<\/div>\n\t<\/div>\n\t\n\t<div id=\"accordion-882169855\" class=\"accordion-item\">\n\t\t<a id=\"accordion-882169855-label\" class=\"accordion-title plain\" href=\"#accordion-item-quality-assurance\" aria-expanded=\"false\" aria-controls=\"accordion-882169855-content\">\n\t\t\t<button class=\"toggle\" aria-label=\"Toggle\"><i class=\"icon-angle-down\" aria-hidden=\"true\"><\/i><\/button>\n\t\t\t<span>Zagotavljanje kakovosti<\/span>\n\t\t<\/a>\n\t\t<div id=\"accordion-882169855-content\" class=\"accordion-inner\" aria-labelledby=\"accordion-882169855-label\">\n\t\t\t\n\n<p>Na vseh stopnjah razvoja, proizvodnje, tr\u017eenja in distribucije izdelkov na\u0161a zavezanost kakovosti nikoli ne popusti. Na\u0161i izdelki za enkratno uporabo so podvr\u017eeni strogim testom, ki zagotavljajo, da so nestrupeni, \u010disti in zagotavljajo izjemen okus. Ta predanost odli\u010dnosti je temelj na\u0161e korporativne kulture.<\/p>\n\n\t\t<\/div>\n\t<\/div>\n\t\n\t<div id=\"accordion-1622285966\" class=\"accordion-item\">\n\t\t<a id=\"accordion-1622285966-label\" class=\"accordion-title plain\" href=\"#accordion-item-efficient-logistics-and-delivery\" aria-expanded=\"false\" aria-controls=\"accordion-1622285966-content\">\n\t\t\t<button class=\"toggle\" aria-label=\"Toggle\"><i class=\"icon-angle-down\" aria-hidden=\"true\"><\/i><\/button>\n\t\t\t<span>U\u010dinkovita logistika in dostava<\/span>\n\t\t<\/a>\n\t\t<div id=\"accordion-1622285966-content\" class=\"accordion-inner\" aria-labelledby=\"accordion-1622285966-label\">\n\t\t\t\n\n<p>AiviouVape zagotavlja u\u010dinkovito logistiko in dostavo, vklju\u010dno s storitvami DDP (Delivered Duty Paid), ki zagotavljajo nemoteno carinjenje brez kakr\u0161nih koli pristojbin ali davkov. S hitro dostavo in izjemno podporo strankam ponujamo nemoteno in zanesljivo izku\u0161njo, zaradi \u010desar smo zaupanja vreden partner v industriji.<\/p>\n\n\t\t<\/div>\n\t<\/div>\n\t\n\t<div id=\"accordion-393610209\" class=\"accordion-item\">\n\t\t<a id=\"accordion-393610209-label\" class=\"accordion-title plain\" href=\"#accordion-item-odm-and-oem-services\" aria-expanded=\"false\" aria-controls=\"accordion-393610209-content\">\n\t\t\t<button class=\"toggle\" aria-label=\"Toggle\"><i class=\"icon-angle-down\" aria-hidden=\"true\"><\/i><\/button>\n\t\t\t<span>Storitve ODM in OEM<\/span>\n\t\t<\/a>\n\t\t<div id=\"accordion-393610209-content\" class=\"accordion-inner\" aria-labelledby=\"accordion-393610209-label\">\n\t\t\t\n\n<p>AiviouVapes ponuja popolne storitve ODM (Original Design Manufacturing) in OEM (Original Equipment Manufacturing). Z dvema velikima obratoma strankam pomagamo oblikovati edinstvene izdelke in privla\u010dne logotipe za embala\u017eo. Zagotavljamo tudi brezpla\u010dne smernice za oblikovanje embala\u017ee in podpiramo stranke, ki same pakirajo svoje izdelke, s \u010dimer zagotavljamo, da njihova blagovna znamka zasije na trgu.<\/p>\n\n\t\t<\/div>\n\t<\/div>\n\t\n\n<\/div>\n\n\t\t<\/div>\n\t\t\t\t\t<\/div>\n\n\t\n\n<\/div>","protected":false},"excerpt":{"rendered":"<p>POCO BL10000 Puffs ponuja do 10.000 puffov z zmogljivostjo 20 ml e-teko\u010dine in nastavljivim pretokom zraka. Z akumulatorsko baterijo 650 mAh in polnjenjem tipa C zagotavlja dolgotrajno in prilagodljivo uplinjanje z razli\u010dnimi okusi - idealno za osebno uporabo ali prodajo na debelo.<\/p>\n<div style=\"border-radius: 5px; padding: 5px; margin-top: 0px; background-color: whitesmoke; color: black; margin-bottom: 12px;\">Na voljo v na\u0161em evropskem skladi\u0161\u010du - hitra dostava v le 3-5 dneh!<\/div>","protected":false},"featured_media":2577,"comment_status":"open","ping_status":"closed","template":"","meta":[],"product_brand":[232],"product_cat":[36,122,90,117,76,134,135,133,136,137,146,138,139,140,141,142,143,144,145,132],"product_tag":[],"class_list":{"0":"post-2518","1":"product","2":"type-product","3":"status-publish","4":"has-post-thumbnail","6":"product_brand-poco","7":"product_cat-poco","8":"product_cat-10000-puffs-disposable-vape","9":"product_cat-big-puffs-vapes","10":"product_cat-different-puffs-of-diposable-vapes","11":"product_cat-disposable-vape-types","12":"product_cat-disposable-vapes-in-austria","13":"product_cat-disposable-vapes-in-belgium","14":"product_cat-disposable-vapes-in-europe","15":"product_cat-disposable-vapes-in-france","16":"product_cat-disposable-vapes-in-germany","17":"product_cat-disposable-vapes-in-hungary","18":"product_cat-disposable-vapes-in-ltaly","19":"product_cat-disposable-vapes-in-netherlands","20":"product_cat-disposable-vapes-in-norway","21":"product_cat-disposable-vapes-in-poland","22":"product_cat-disposable-vapes-in-portugal","23":"product_cat-disposable-vapes-in-spain","24":"product_cat-disposable-vapes-in-sweden","25":"product_cat-disposable-vapes-in-switzerland","26":"product_cat-rechargeable-vapes","28":"first","29":"instock","30":"shipping-taxable","31":"purchasable","32":"product-type-variable","33":"has-default-attributes"},"jetpack_sharing_enabled":true,"tiered_pricing_type":"fixed","tiered_pricing_fixed_rules":{"2000":5.69000000000000039079850466805510222911834716796875},"tiered_pricing_product_settings":{"layout":"default","base_unit_name":{"singular":null,"plural":null},"default_variation":null},"tiered_pricing_minimum_quantity":1000,"tiered_pricing_roles_data":[],"tiered_pricing_percentage_rules":[],"tiered_pricing_maximum_quantity":null,"tiered_pricing_quantity_step":"10","_links":{"self":[{"href":"https:\/\/aiviouvapes.com\/sl\/wp-json\/wp\/v2\/product\/2518","targetHints":{"allow":["GET"]}}],"collection":[{"href":"https:\/\/aiviouvapes.com\/sl\/wp-json\/wp\/v2\/product"}],"about":[{"href":"https:\/\/aiviouvapes.com\/sl\/wp-json\/wp\/v2\/types\/product"}],"replies":[{"embeddable":true,"href":"https:\/\/aiviouvapes.com\/sl\/wp-json\/wp\/v2\/comments?post=2518"}],"wp:featuredmedia":[{"embeddable":true,"href":"https:\/\/aiviouvapes.com\/sl\/wp-json\/wp\/v2\/media\/2577"}],"wp:attachment":[{"href":"https:\/\/aiviouvapes.com\/sl\/wp-json\/wp\/v2\/media?parent=2518"}],"wp:term":[{"taxonomy":"product_brand","embeddable":true,"href":"https:\/\/aiviouvapes.com\/sl\/wp-json\/wp\/v2\/product_brand?post=2518"},{"taxonomy":"product_cat","embeddable":true,"href":"https:\/\/aiviouvapes.com\/sl\/wp-json\/wp\/v2\/product_cat?post=2518"},{"taxonomy":"product_tag","embeddable":true,"href":"https:\/\/aiviouvapes.com\/sl\/wp-json\/wp\/v2\/product_tag?post=2518"}],"curies":[{"name":"wp","href":"https:\/\/api.w.org\/{rel}","templated":true}]}}