{"id":24616,"date":"2024-11-09T14:42:54","date_gmt":"2024-11-09T06:42:54","guid":{"rendered":"https:\/\/aiviouvapes.com\/?post_type=product&#038;p=24616"},"modified":"2025-12-30T17:14:46","modified_gmt":"2025-12-30T09:14:46","slug":"mrvi-winning-30k-puffs-2-5-nicotine-rechargeable-bulk-buy-disposable-vape-wholesale","status":"publish","type":"product","link":"https:\/\/aiviouvapes.com\/sl\/product\/mrvi-winning-30k-puffs-2-5-nicotine-rechargeable-bulk-buy-disposable-vape-wholesale\/","title":{"rendered":"MRVI WINNING 30000 Puffs | 2%-5% nikotin, 35ml, 800mAh, vape za enkratno uporabo"},"content":{"rendered":"<p><iframe title=\"VideoPress Video predvajalnik\" aria-label='VideoPress Video predvajalnik' width='1020' height='574' src='https:\/\/videopress.com\/embed\/13e6MPsk?hd=0&amp;cover=1' frameborder='0' allowfullscreen allow='clipboard-write'><\/iframe><script src='https:\/\/v0.wordpress.com\/js\/next\/videopress-iframe.js?m=1739540970'><\/script><\/p>\n<h2><strong>MRVI WINNING 30K - 30.000 Puff za enkratno uporabo Vape<\/strong><\/h2>\n<p>MRVI WINNING 30K vape za enkratno uporabo je zasnovan za neprekosljivo izku\u0161njo vapinga, saj omogo\u010da do neverjetnih 30.000 izpihov. Njegova napredna tehnologija zagotavlja dolgotrajno u\u017eivanje v okusu, zato je idealen tako za predane vaperje kot tudi za novince.<\/p>\n<p>MRVI WINNING 30K je zasnovan z veliko zmogljivostjo 35 ml e-teko\u010dine in baterijo s kapaciteto 800 mAh, zato obljublja gladek in neprekinjen u\u017eitek vapinga. Ta elegantna, prenosna naprava se zlahka spravi v \u017eep, zato je idealna za doma\u010do uporabo ali vaping na poti.<\/p>\n<p>MRVI WINNING 30K z vrhunsko mre\u017easto spiralko zagotavlja intenziven in zadovoljiv okus z vsakim izpihom. Svojo izku\u0161njo prilagodite z dvema mo\u017enostma jakosti nikotina - 2% in 5% - in u\u017eivajte v udobju hitrega polnjenja z vhodom Type-C za minimalen izostanek med seansami.<\/p>\n<h3>MRVI WINNING 30000 Puff Poudarki izdelka:<\/h3>\n<ul>\n<li><strong>\u0160tevilo puffov:<\/strong> Do 30.000 vpihov za dalj\u0161e seanse vapinga<\/li>\n<li><strong>Kapaciteta e-teko\u010dine:<\/strong> 35 ml za manj polnjenj in ve\u010d \u010dasa za vaping<\/li>\n<li><strong>Zmogljivost baterije:<\/strong> 800 mAh za dolgotrajno delovanje<\/li>\n<li><strong>Mo\u010d nikotina:<\/strong> Izberite med 2% in 5% po svojih \u017eeljah<\/li>\n<li><strong>Priklju\u010dek za polnjenje:<\/strong> Hitro polnjenje tipa C za hitro polnjenje<\/li>\n<li><strong>Tehnologija mre\u017easte tuljave:<\/strong> Gladka, konsistentna para z izbolj\u0161ano kakovostjo okusa<\/li>\n<\/ul>\n<h3>MRVI WINNING 30000 Puff Razpolo\u017eljivi okusi:<\/h3>\n<p>Borovni\u010deva lubenica, \u010de\u0161njeva limona, Blue Razz Ice, me\u0161ano jagodi\u010devje, jagodni led, lubeni\u010dni led, so\u010dna breskev, ananasov mango, grozdni led, kislo jabolko.<\/p>\n<p>Razi\u0161\u010dite razburljivo paleto okusov, ki zadovoljijo vsak okus, od sadnih, kot sta borovni\u010deva lubenica in so\u010dna breskev, do ledenih, kot sta jagodni led in grozdni led. Vsak okus je skrbno pripravljen za bogato in prijetno izku\u0161njo.<\/p>\n<h3>MRVI Zmaga 30000 Puff Bulk &amp; Individual Purchase Opportunity:<\/h3>\n<p>MRVI WINNING 30000 Puff je odli\u010dna izbira za vse, ki i\u0161\u010dejo dolgo \u017eivljenjsko dobo, kakovost in \u0161irok izbor okusov. Ta vrhunski vape ponuja do 30.000 puhov, hitro polnjenje Type-C in zanesljivo delovanje ter tako zagotavlja izjemno vrednost in nepozabno izku\u0161njo, ne glede na to, ali kupujete v razsutem stanju za poslovne namene ali posami\u010dno za osebno u\u017eivanje.<\/p>\n<h4>MRVI WINNING 30K puffs | 2% 5% nikotin, 35mL e-teko\u010dina, mre\u017ena tuljava, 800mAh baterija, tip C za ponovno polnjenje, do 30.000 puffs, nakup na debelo za enkratno uporabo vape na debelo<\/h4>\n<p><img data-recalc-dims=\"1\" loading=\"lazy\" decoding=\"async\" class=\"alignnone size-full wp-image-24620\" title=\"MRVI WINNING 30K Puffs 2% 5% Nikotin za ponovno polnjenje v razsutem stanju Kupite enkratno Vape na debelo\" src=\"https:\/\/i0.wp.com\/aiviouvapes.com\/wp-content\/uploads\/2024\/11\/%E5%BE%AE%E4%BF%A1%E5%9B%BE%E7%89%87_20240924171847.jpg?resize=1020%2C1020&#038;ssl=1\" alt=\"MRVI WINNING 30K Puffs 2% 5% Nikotin za ponovno polnjenje v razsutem stanju Kupite enkratno Vape na debelo\" width=\"1020\" height=\"1020\" srcset=\"https:\/\/i0.wp.com\/aiviouvapes.com\/wp-content\/uploads\/2024\/11\/%E5%BE%AE%E4%BF%A1%E5%9B%BE%E7%89%87_20240924171847.jpg?w=1600&amp;ssl=1 1600w, https:\/\/i0.wp.com\/aiviouvapes.com\/wp-content\/uploads\/2024\/11\/%E5%BE%AE%E4%BF%A1%E5%9B%BE%E7%89%87_20240924171847.jpg?resize=300%2C300&amp;ssl=1 300w, https:\/\/i0.wp.com\/aiviouvapes.com\/wp-content\/uploads\/2024\/11\/%E5%BE%AE%E4%BF%A1%E5%9B%BE%E7%89%87_20240924171847.jpg?resize=1024%2C1024&amp;ssl=1 1024w, https:\/\/i0.wp.com\/aiviouvapes.com\/wp-content\/uploads\/2024\/11\/%E5%BE%AE%E4%BF%A1%E5%9B%BE%E7%89%87_20240924171847.jpg?resize=150%2C150&amp;ssl=1 150w, https:\/\/i0.wp.com\/aiviouvapes.com\/wp-content\/uploads\/2024\/11\/%E5%BE%AE%E4%BF%A1%E5%9B%BE%E7%89%87_20240924171847.jpg?resize=768%2C768&amp;ssl=1 768w, https:\/\/i0.wp.com\/aiviouvapes.com\/wp-content\/uploads\/2024\/11\/%E5%BE%AE%E4%BF%A1%E5%9B%BE%E7%89%87_20240924171847.jpg?resize=1536%2C1536&amp;ssl=1 1536w, https:\/\/i0.wp.com\/aiviouvapes.com\/wp-content\/uploads\/2024\/11\/%E5%BE%AE%E4%BF%A1%E5%9B%BE%E7%89%87_20240924171847.jpg?resize=12%2C12&amp;ssl=1 12w, https:\/\/i0.wp.com\/aiviouvapes.com\/wp-content\/uploads\/2024\/11\/%E5%BE%AE%E4%BF%A1%E5%9B%BE%E7%89%87_20240924171847.jpg?resize=800%2C800&amp;ssl=1 800w, https:\/\/i0.wp.com\/aiviouvapes.com\/wp-content\/uploads\/2024\/11\/%E5%BE%AE%E4%BF%A1%E5%9B%BE%E7%89%87_20240924171847.jpg?resize=100%2C100&amp;ssl=1 100w\" sizes=\"auto, (max-width: 1020px) 100vw, 1020px\" \/><\/p>\n<p>&nbsp;<\/p>","protected":false},"excerpt":{"rendered":"<p>MRVI WINNING 30K Vape za enkratno uporabo ponuja do 30.000 vdihov s 35 ml e-teko\u010dine in 800 mAh baterijo za dalj\u0161e in nemoteno vapiranje. Z mre\u017easto tuljavo, hitrim polnjenjem tipa C in razli\u010dnimi okusi je idealen tako za prilo\u017enostne kot izku\u0161ene vaperje.<\/p>","protected":false},"featured_media":24621,"comment_status":"open","ping_status":"closed","template":"","meta":[],"product_brand":[229],"product_cat":[33,131,320,90,117,81,76,134,135,133,136,137,146,138,139,140,141,142,143,144,145,79,132,82],"product_tag":[],"class_list":{"0":"post-24616","1":"product","2":"type-product","3":"status-publish","4":"has-post-thumbnail","6":"product_brand-mrvi","7":"product_cat-mrvi","8":"product_cat-30000-puffs-disposable-vape","9":"product_cat-best-disposable-vapes","10":"product_cat-big-puffs-vapes","11":"product_cat-different-puffs-of-diposable-vapes","12":"product_cat-digital-box-vapes","13":"product_cat-disposable-vape-types","14":"product_cat-disposable-vapes-in-austria","15":"product_cat-disposable-vapes-in-belgium","16":"product_cat-disposable-vapes-in-europe","17":"product_cat-disposable-vapes-in-france","18":"product_cat-disposable-vapes-in-germany","19":"product_cat-disposable-vapes-in-hungary","20":"product_cat-disposable-vapes-in-ltaly","21":"product_cat-disposable-vapes-in-netherlands","22":"product_cat-disposable-vapes-in-norway","23":"product_cat-disposable-vapes-in-poland","24":"product_cat-disposable-vapes-in-portugal","25":"product_cat-disposable-vapes-in-spain","26":"product_cat-disposable-vapes-in-sweden","27":"product_cat-disposable-vapes-in-switzerland","28":"product_cat-dual-mesh-vapes","29":"product_cat-rechargeable-vapes","30":"product_cat-smart-screen-vapes","32":"first","33":"instock","34":"shipping-taxable","35":"purchasable","36":"product-type-variable","37":"has-default-attributes"},"jetpack_sharing_enabled":true,"tiered_pricing_type":"fixed","tiered_pricing_fixed_rules":[],"tiered_pricing_product_settings":{"layout":"default","base_unit_name":{"singular":null,"plural":null},"default_variation":null},"tiered_pricing_minimum_quantity":1000,"tiered_pricing_roles_data":[],"tiered_pricing_percentage_rules":[],"tiered_pricing_maximum_quantity":null,"tiered_pricing_quantity_step":"10","_links":{"self":[{"href":"https:\/\/aiviouvapes.com\/sl\/wp-json\/wp\/v2\/product\/24616","targetHints":{"allow":["GET"]}}],"collection":[{"href":"https:\/\/aiviouvapes.com\/sl\/wp-json\/wp\/v2\/product"}],"about":[{"href":"https:\/\/aiviouvapes.com\/sl\/wp-json\/wp\/v2\/types\/product"}],"replies":[{"embeddable":true,"href":"https:\/\/aiviouvapes.com\/sl\/wp-json\/wp\/v2\/comments?post=24616"}],"wp:featuredmedia":[{"embeddable":true,"href":"https:\/\/aiviouvapes.com\/sl\/wp-json\/wp\/v2\/media\/24621"}],"wp:attachment":[{"href":"https:\/\/aiviouvapes.com\/sl\/wp-json\/wp\/v2\/media?parent=24616"}],"wp:term":[{"taxonomy":"product_brand","embeddable":true,"href":"https:\/\/aiviouvapes.com\/sl\/wp-json\/wp\/v2\/product_brand?post=24616"},{"taxonomy":"product_cat","embeddable":true,"href":"https:\/\/aiviouvapes.com\/sl\/wp-json\/wp\/v2\/product_cat?post=24616"},{"taxonomy":"product_tag","embeddable":true,"href":"https:\/\/aiviouvapes.com\/sl\/wp-json\/wp\/v2\/product_tag?post=24616"}],"curies":[{"name":"wp","href":"https:\/\/api.w.org\/{rel}","templated":true}]}}