{"id":115739,"date":"2026-03-17T09:45:58","date_gmt":"2026-03-17T01:45:58","guid":{"rendered":"https:\/\/aiviouvapes.com\/?post_type=product&#038;p=115739"},"modified":"2026-04-07T10:00:10","modified_gmt":"2026-04-07T02:00:10","slug":"happ-bar-gr100k-pro","status":"publish","type":"product","link":"https:\/\/aiviouvapes.com\/sl\/product\/happ-bar-gr100k-pro\/","title":{"rendered":"Happ Bar GR100K Pro | 100000 puffov, 56ml, mre\u017ena tuljava, 15 okusov, vape za enkratno uporabo"},"content":{"rendered":"<h2>Spoznajte Happ Bar GR100K Pro \ud83d\udd25<\/h2>\n<p>I\u0161\u010dete vape za enkratno uporabo, ki se kar nadaljuje? . <strong>Happ Bar GR100K Pro<\/strong> zagotavlja do <strong>100.000 vdihov<\/strong> z velikim <strong>56ml<\/strong> prostornino za e-teko\u010dino, vse to pa je zapakirano v elegantno in privla\u010dno obliko. To je najnovej\u0161a in najzmogljivej\u0161a naprava iz serije Happ Bar GR - izdelana za vaperje, ki ne \u017eelijo nenehno menjavati svojih naprav, ter pametna pridobitev za trgovine in veleprodajne kupce, ki i\u0161\u010dejo izdelek z velikim povpra\u0161evanjem.<\/p>\n<h2>Zakaj izbrati Happ Bar GR100K Pro? \u2705<\/h2>\n<ul>\n<li><strong>Do 100.000 potegov<\/strong> za izjemno dolgotrajno uparjanje - manj zamenjav, ve\u010d u\u017eitka \ud83d\udd25<\/li>\n<li><strong>56ml e-teko\u010dine<\/strong> da lahko vapirate ve\u010d tednov, ne da bi vam zmanjkalo<\/li>\n<li><strong>1,0\u03a9 mre\u017ena tuljava<\/strong> za gladko, enakomerno in aromati\u010dno paro vsaki\u010d \u2601\ufe0f<\/li>\n<li><strong>Baterija za ponovno polnjenje 650 mAh<\/strong> s polnjenjem tipa C za hitro polnjenje \u26a1<\/li>\n<li><strong>15 okusnih okusov<\/strong> od sadnih do ledenih in klasi\u010dnih me\u0161anic \ud83c\udf53<\/li>\n<li><strong>Nikotinske mo\u017enosti: 2% in 5%<\/strong> za razli\u010dne trge in \u017eelje.<\/li>\n<li><strong>Ikoni\u010dna zasnova serije GR<\/strong>-nadgradnja priljubljenih modelov GR30K in GR50K<\/li>\n<li><strong>Odli\u010dno za trgovine in veleprodajo<\/strong>-kategorija z visokim povpra\u0161evanjem 100K puhov, ki se hitro premika \ud83d\udce6<\/li>\n<\/ul>\n<h2>Happ Bar GR100K Pro Specifikacije \ud83d\udccc<\/h2>\n<table>\n<tbody>\n<tr>\n<td><strong>Ime izdelka<\/strong><\/td>\n<td>Happ Bar GR100K Pro Vape za enkratno uporabo<\/td>\n<\/tr>\n<tr>\n<td><strong>Max Puffs<\/strong><\/td>\n<td>Do 100.000 potegov<\/td>\n<\/tr>\n<tr>\n<td><strong>Kapaciteta e-teko\u010dine<\/strong><\/td>\n<td>56ml<\/td>\n<\/tr>\n<tr>\n<td><strong>Tuljava<\/strong><\/td>\n<td>Mesh Coil 1.0\u03a9<\/td>\n<\/tr>\n<tr>\n<td><strong>Mo\u010d nikotina<\/strong><\/td>\n<td>2% \/ 5%<\/td>\n<\/tr>\n<tr>\n<td><strong>Baterija<\/strong><\/td>\n<td>650 mAh<\/td>\n<\/tr>\n<tr>\n<td><strong>Polnjenje<\/strong><\/td>\n<td>USB Type-C za polnjenje<\/td>\n<\/tr>\n<\/tbody>\n<\/table>\n<h2>Happ Bar GR100K Pro Seznam okusov \ud83c\udf53\ud83c\udf49\ud83e\uddca<\/h2>\n<p>GR100K Pro je na voljo v <strong>15 neverjetnih okusov<\/strong>-od osve\u017eujo\u010dega ledenega sadja do sladkih me\u0161anic, navdihnjenih s sladkarijami. Za vsak okus se najde nekaj!<\/p>\n<ul>\n<li><strong>Kokosovo-melonin led<\/strong> - kremni kokos se sre\u010da s sladko melono s hladnim zaklju\u010dkom \ud83e\udd65\ud83c\udf48<\/li>\n<li><strong>Roza limonada<\/strong> - sladka in pikantna roza limonada, svetla in osve\u017eilna \ud83c\udf4b\ud83d\udc97<\/li>\n<li><strong>Lemonova to\u010da<\/strong> - s pikantno limono z ledenim pridihom \ud83c\udf4b\ud83e\uddca<\/li>\n<li><strong>San Francisco<\/strong> - edinstvena me\u0161anica pomaran\u010de, limone in breskve \ud83c\udf4a\ud83c\udf51<\/li>\n<li><strong>Tropski sadni led<\/strong> - eksoti\u010dno tropsko sadje s hladnim pridihom \ud83c\udf34\u2744\ufe0f<\/li>\n<li><strong>Modra gora<\/strong> - hladna meta, pome\u0161ana z rde\u010dimi jagodami \ud83e\uded0\ud83e\uddca<\/li>\n<li><strong>Ljubezen 66<\/strong> - sladek, skrivnosten okus, navdihnjen s sladkarijami \ud83d\udc9c<\/li>\n<li><strong>jagoda kivi<\/strong> - klasi\u010dna kombinacija jagode in kivija, sve\u017ea in sadna \ud83c\udf53\ud83e\udd5d<\/li>\n<li><strong>Led iz lubenice<\/strong> - so\u010dna lubenica z mrzlim zaklju\u010dkom \ud83c\udf49\u2744\ufe0f<\/li>\n<li><strong>\u010crni zmaj Jagodni led<\/strong> - krepko zmajevo sadje se sre\u010da s sladko jagodo z ledom \ud83d\udc09\ud83c\udf53<\/li>\n<li><strong>Jagodna lubenica<\/strong> - duet sladkih jagod in lubenice \ud83c\udf53\ud83c\udf49<\/li>\n<li><strong>Gospod Modri<\/strong> - hladna, modra malinova klasika \ud83d\udc99<\/li>\n<li><strong>To\u010da breskev<\/strong> - zrela breskev z ledeno nevihto \ud83c\udf51\ud83e\uddca<\/li>\n<li><strong>Poletne sanje<\/strong> - gladka, sadna poletna me\u0161anica \ud83c\udf1e<\/li>\n<li><strong>Modri jagodni led<\/strong> - borovnice in jagode s hladnim preobratom \ud83e\uded0\ud83c\udf53\u2744\ufe0f<\/li>\n<\/ul>\n<h2>Ustvarjeno za uspeh v maloprodaji in veleprodaji \ud83c\udfea\ud83d\udce6<\/h2>\n<p>The <strong>Happ Bar GR100K Pro<\/strong> je kot nala\u0161\u010d za <strong>te\u017eki vaperji<\/strong> ki \u017eelijo napravo z dolgo \u017eivljenjsko dobo, <strong>ljubitelji okusov<\/strong> ki u\u017eivajo v raznolikosti s 15 mo\u017enostmi, in <strong>prodajalne vape<\/strong> i\u0161\u010dete vrhunsko privla\u010dnost na policah z ikoni\u010dnim dizajnom serije GR. Za <strong>distributerji in veletrgovci<\/strong>, je kategorija s 100.000 izpuhi eden najhitreje rasto\u010dih segmentov - ta naprava preverja vse mo\u017enosti s svojim visokim \u0161tevilom izpuhov, veliko zmogljivostjo e-teko\u010dine in \u0161irokim naborom okusov.<\/p>\n<h2>Happ Bar GR100K Pro Pogosta vpra\u0161anja \u2753<\/h2>\n<h3>Koliko vdihov omogo\u010da Happ Bar GR100K Pro?<\/h3>\n<p>Zagotavlja do <strong>100.000 vdihov<\/strong>, zato je to eden od najdalj\u0161ih razpolo\u017eljivih vapesov za enkratno uporabo. \ud83d\udd25<\/p>\n<h3>Ali je Happ Bar GR100K Pro mogo\u010de ponovno napolniti?<\/h3>\n<p>Da! Ima <strong>650 mAh<\/strong> baterijo z <strong>USB Type-C<\/strong> polnjenje za hitro in enostavno polnjenje. \u26a1<\/p>\n<h3>Katere jakosti nikotina so na voljo?<\/h3>\n<p>Na voljo je v <strong>2%<\/strong> in <strong>5%<\/strong> vsebnost nikotina, ki ustreza razli\u010dnim \u017eeljam in tr\u017enim predpisom.<\/p>\n<h3>Kak\u0161no tuljavo uporablja naprava GR100K Pro?<\/h3>\n<p>Uporablja <strong>1,0\u03a9 mre\u017ena tuljava<\/strong> za gladko, dosledno in aromati\u010dno proizvodnjo pare. \u2601\ufe0f<\/p>\n<h3>Koliko e-teko\u010dine je v notranjosti?<\/h3>\n<p>Predhodno je napolnjen z <strong>56ml<\/strong> vrhunskega e-teko\u010dina za dalj\u0161i \u010das vapinga.<\/p>\n<h3>Koliko okusov je na voljo?<\/h3>\n<p>Obstajajo <strong>15 okusov<\/strong> med katerimi lahko izbirate med sadnimi, ledenimi, sladkimi in tropskimi. \ud83c\udf53<\/p>\n<h3>Ali je dober za vape trgovine in veleprodajna naro\u010dila?<\/h3>\n<p>Absolutno. Kategorija puhov za 100 tiso\u010dakov je zelo priljubljena, serija GR pa je zelo prepoznavna, zato je odli\u010dna izbira za <strong>maloprodajne police<\/strong> in <strong>distribucija v razsutem stanju<\/strong>. \ud83d\udce6<\/p>","protected":false},"excerpt":{"rendered":"<p>Happ Bar GR100K Pro Vape za enkratno uporabo s 100.000 puffi, 56 ml e-teko\u010dine, mre\u017easto tuljavo in polnjenjem tipa C. Izbirate lahko med 15 krepkimi okusi - idealno za maloprodajne in veleprodajne kupce. \u2728<\/p>","protected":false},"featured_media":115780,"comment_status":"open","ping_status":"closed","template":"","meta":[],"product_brand":[531],"product_cat":[336,320,90,280,133,522,521,132],"product_tag":[428,447,446,479,523,525,524,358],"class_list":{"0":"post-115739","1":"product","2":"type-product","3":"status-publish","4":"has-post-thumbnail","6":"product_brand-happ","7":"product_cat-100k-puffs-disposable-vape","8":"product_cat-best-disposable-vapes","9":"product_cat-big-puffs-vapes","10":"product_cat-cheap-rechargeable-disposable-vapes","11":"product_cat-disposable-vapes-in-europe","12":"product_cat-happ-bar","13":"product_cat-new","14":"product_cat-rechargeable-vapes","15":"product_tag-100000-puffs-disposable-vape","16":"product_tag-100000-puffs-vape-wholesale","17":"product_tag-100k-disposable-vape","18":"product_tag-100k-puffs-vape","19":"product_tag-happ-bar","20":"product_tag-happ-bar-disposable-vape","21":"product_tag-happ-bar-gr100k-pro","22":"product_tag-rechargeable-100000-puff-disposable-vape","24":"first","25":"instock","26":"shipping-taxable","27":"purchasable","28":"product-type-variable","29":"has-default-attributes"},"jetpack_sharing_enabled":true,"tiered_pricing_type":"fixed","tiered_pricing_fixed_rules":{"100":7.38999999999999968025576890795491635799407958984375,"200":6.87000000000000010658141036401502788066864013671875,"400":6.61000000000000031974423109204508364200592041015625},"tiered_pricing_product_settings":{"layout":"default","base_unit_name":{"singular":null,"plural":null},"default_variation":null},"tiered_pricing_minimum_quantity":50,"tiered_pricing_roles_data":[],"tiered_pricing_percentage_rules":[],"tiered_pricing_maximum_quantity":null,"tiered_pricing_quantity_step":"10","_links":{"self":[{"href":"https:\/\/aiviouvapes.com\/sl\/wp-json\/wp\/v2\/product\/115739","targetHints":{"allow":["GET"]}}],"collection":[{"href":"https:\/\/aiviouvapes.com\/sl\/wp-json\/wp\/v2\/product"}],"about":[{"href":"https:\/\/aiviouvapes.com\/sl\/wp-json\/wp\/v2\/types\/product"}],"replies":[{"embeddable":true,"href":"https:\/\/aiviouvapes.com\/sl\/wp-json\/wp\/v2\/comments?post=115739"}],"wp:featuredmedia":[{"embeddable":true,"href":"https:\/\/aiviouvapes.com\/sl\/wp-json\/wp\/v2\/media\/115780"}],"wp:attachment":[{"href":"https:\/\/aiviouvapes.com\/sl\/wp-json\/wp\/v2\/media?parent=115739"}],"wp:term":[{"taxonomy":"product_brand","embeddable":true,"href":"https:\/\/aiviouvapes.com\/sl\/wp-json\/wp\/v2\/product_brand?post=115739"},{"taxonomy":"product_cat","embeddable":true,"href":"https:\/\/aiviouvapes.com\/sl\/wp-json\/wp\/v2\/product_cat?post=115739"},{"taxonomy":"product_tag","embeddable":true,"href":"https:\/\/aiviouvapes.com\/sl\/wp-json\/wp\/v2\/product_tag?post=115739"}],"curies":[{"name":"wp","href":"https:\/\/api.w.org\/{rel}","templated":true}]}}