{"id":114776,"date":"2026-03-12T11:41:24","date_gmt":"2026-03-12T03:41:24","guid":{"rendered":"https:\/\/aiviouvapes.com\/?post_type=product&#038;p=114776"},"modified":"2026-03-28T12:20:07","modified_gmt":"2026-03-28T04:20:07","slug":"bang-leader-350k","status":"publish","type":"product","link":"https:\/\/aiviouvapes.com\/sl\/product\/bang-leader-350k\/","title":{"rendered":"Bang Leader 350K | 8 okusov, 8 v 1, 350000 puffov, pametni zaslon, vape za enkratno uporabo"},"content":{"rendered":"<p><img data-recalc-dims=\"1\" loading=\"lazy\" decoding=\"async\" class=\"alignnone size-full wp-image-114792\" src=\"https:\/\/i0.wp.com\/aiviouvapes.com\/wp-content\/uploads\/2026\/03\/BANG-LEADER-350K-16.jpg?resize=1020%2C605&#038;ssl=1\" alt=\"Bang Leader 350K\" width=\"1020\" height=\"605\" title=\"\" srcset=\"https:\/\/i0.wp.com\/aiviouvapes.com\/wp-content\/uploads\/2026\/03\/BANG-LEADER-350K-16.jpg?w=1920&amp;ssl=1 1920w, https:\/\/i0.wp.com\/aiviouvapes.com\/wp-content\/uploads\/2026\/03\/BANG-LEADER-350K-16.jpg?resize=300%2C178&amp;ssl=1 300w, https:\/\/i0.wp.com\/aiviouvapes.com\/wp-content\/uploads\/2026\/03\/BANG-LEADER-350K-16.jpg?resize=1024%2C607&amp;ssl=1 1024w, https:\/\/i0.wp.com\/aiviouvapes.com\/wp-content\/uploads\/2026\/03\/BANG-LEADER-350K-16.jpg?resize=768%2C455&amp;ssl=1 768w, https:\/\/i0.wp.com\/aiviouvapes.com\/wp-content\/uploads\/2026\/03\/BANG-LEADER-350K-16.jpg?resize=1536%2C910&amp;ssl=1 1536w, https:\/\/i0.wp.com\/aiviouvapes.com\/wp-content\/uploads\/2026\/03\/BANG-LEADER-350K-16.jpg?resize=18%2C12&amp;ssl=1 18w, https:\/\/i0.wp.com\/aiviouvapes.com\/wp-content\/uploads\/2026\/03\/BANG-LEADER-350K-16.jpg?resize=800%2C474&amp;ssl=1 800w\" sizes=\"auto, (max-width: 1020px) 100vw, 1020px\" \/><\/p>\n<p>I\u0161\u010dete vrhunski mega puff vape za prodajo na debelo? Bang Leader 350K zdru\u017euje dolg \u010das uporabe, gladek izhod okusa, prilagoditev OEM\/ODM in prilagodljive nikotinske mo\u017enosti za svetovne trge.<\/p>\n<h3>Zakaj izbrati Bang Leader 350K?<\/h3>\n<ul>\n<li>\ud83d\udd25 Do 350000 vpihov za dolgotrajno uporabo<\/li>\n<li>\ud83c\udf08 8 v 1 za ve\u010d razli\u010dnih okusov v eni napravi<\/li>\n<li>\u26a1 Polnjenje z vhodom za polnjenje tipa C<\/li>\n<li>\ud83d\udca8 1.0 mre\u017ena tuljava za bolj gladek okus in stabilen par<\/li>\n<li>\ud83d\udd0b Vgrajena baterija 17350 850 mAh<\/li>\n<li>\ud83d\udee0\ufe0f OEM\/ODM podpira projekte blagovnih znamk po meri<\/li>\n<li>\ud83c\udf0d Jezik embala\u017ee lahko prilagodite angle\u0161\u010dini, ru\u0161\u010dini, \u0161pan\u0161\u010dini in drugim jezikom.<\/li>\n<li>\ud83e\uddea Mo\u017enost izbire jakosti nikotina: 0%, 2%, 3%, 5%<\/li>\n<li>\ud83c\udfea Odli\u010dno za trgovce na debelo, distributerje in prodajalne vape na drobno<\/li>\n<\/ul>\n<h3>Bang Leader 350K Pregled<\/h3>\n<p>Bang Leader 350K je zasnovan za stranke, ki \u017eelijo zelo veliko \u0161tevilo izpuhov in ve\u010d okusov v enem vapeju za enkratno uporabo. Nastavitev 8 v 1 uporabnikom omogo\u010da 4 glavne okuse in 4 me\u0161ane kombinacije okusov, zaradi \u010desar je izku\u0161nja vapinga bolj zanimiva in prilagodljiva. Zaradi tega je naprava \u0161e posebej privla\u010dna za uporabnike, ki radi menjavajo okuse, ne da bi s seboj nosili ve\u010d vapes.<\/p>\n<p>Za kupce B2B ima ta model tudi veliko komercialno vrednost. Podpira storitve OEM\/ODM, ve\u010d mo\u017enosti nikotina in ve\u010djezi\u010dno embala\u017eo, kar distributerjem pomaga prilagoditi izdelek razli\u010dnim trgom. Zaradi drznega videza, velike zmogljivosti in koncepta z bogatim okusom je primeren kot vodilni izdelek z visokim dele\u017eem napitka v trgovinah z vape in veleprodajnih katalogih.<\/p>\n<p>Bang Leader 350K je drzen mega puff vape za enkratno uporabo, namenjen strankam, ki si \u017eelijo dolgega \u010dasa uporabe, bogatej\u0161ega izbora in mo\u010dne tr\u017ene privla\u010dnosti. S kombinacijami okusov 8 v 1, polnilno zasnovo tipa C, izhodom mre\u017easte tuljave in podporo OEM\/ODM je zmogljiva mo\u017enost za te\u017eke uporabnike, lovce na okuse, prodajalne vape in globalne veleprodajne kupce. \u010ce \u017eelite vrhunski izdelek z visokim dele\u017eem vdihavanja za okrepitev svojega kataloga, je Bang Leader 350K mo\u010dan kandidat za vodilni izdelek.<\/p>\n<h3>Bang Leader 350K Specifikacije<\/h3>\n<table>\n<tbody>\n<tr>\n<th>Funkcija<\/th>\n<th>Podrobnosti<\/th>\n<\/tr>\n<tr>\n<td>Ime izdelka<\/td>\n<td>Bang Leader 350K<\/td>\n<\/tr>\n<tr>\n<td>Vrsta naprave<\/td>\n<td>8 v 1 za enkratno uporabo vape<\/td>\n<\/tr>\n<tr>\n<td>\u0160tevilo puffov<\/td>\n<td>Do 350000 vpihov<\/td>\n<\/tr>\n<tr>\n<td>Baterija<\/td>\n<td>17350 850 mAh<\/td>\n<\/tr>\n<tr>\n<td>Vrsta tuljave<\/td>\n<td>1,0-okvirna tuljava<\/td>\n<\/tr>\n<tr>\n<td>Polnilna vrata<\/td>\n<td>Type-C<\/td>\n<\/tr>\n<tr>\n<td>Mo\u010d nikotina<\/td>\n<td>0% \/ 2% \/ 3% \/ 5%<\/td>\n<\/tr>\n<tr>\n<td>Prilagajanje<\/td>\n<td>OEM \/ ODM podpira<\/td>\n<\/tr>\n<tr>\n<td>Jeziki pakiranja<\/td>\n<td>angle\u0161\u010dina \/ ru\u0161\u010dina \/ \u0161pan\u0161\u010dina \/ jeziki po meri<\/td>\n<\/tr>\n<tr>\n<td>Te\u017ea posamezne naprave<\/td>\n<td>140g<\/td>\n<\/tr>\n<tr>\n<td>10 naprav Te\u017ea<\/td>\n<td>1400g<\/td>\n<\/tr>\n<tr>\n<td>Koli\u010dina kartona<\/td>\n<td>200 kosov<\/td>\n<\/tr>\n<tr>\n<td>Velikost \u0161katle<\/td>\n<td>51,5 \u00d7 51,5 \u00d7 30,5 cm<\/td>\n<\/tr>\n<tr>\n<td>Te\u017ea \u0161katle<\/td>\n<td>28 kg (brez zunanje te\u017ee \u0161katle)<\/td>\n<\/tr>\n<tr>\n<td>MOQ<\/td>\n<td>10 kosov v kompletu z enim okusom<\/td>\n<\/tr>\n<\/tbody>\n<\/table>\n<h3><img data-recalc-dims=\"1\" loading=\"lazy\" decoding=\"async\" class=\"alignnone size-full wp-image-114777\" src=\"https:\/\/i0.wp.com\/aiviouvapes.com\/wp-content\/uploads\/2026\/03\/BANG-LEADER-350K-1.jpg?resize=1020%2C372&#038;ssl=1\" alt=\"Bang Leader 350K\" width=\"1020\" height=\"372\" title=\"\" srcset=\"https:\/\/i0.wp.com\/aiviouvapes.com\/wp-content\/uploads\/2026\/03\/BANG-LEADER-350K-1.jpg?w=1920&amp;ssl=1 1920w, https:\/\/i0.wp.com\/aiviouvapes.com\/wp-content\/uploads\/2026\/03\/BANG-LEADER-350K-1.jpg?resize=300%2C109&amp;ssl=1 300w, https:\/\/i0.wp.com\/aiviouvapes.com\/wp-content\/uploads\/2026\/03\/BANG-LEADER-350K-1.jpg?resize=1024%2C373&amp;ssl=1 1024w, https:\/\/i0.wp.com\/aiviouvapes.com\/wp-content\/uploads\/2026\/03\/BANG-LEADER-350K-1.jpg?resize=768%2C280&amp;ssl=1 768w, https:\/\/i0.wp.com\/aiviouvapes.com\/wp-content\/uploads\/2026\/03\/BANG-LEADER-350K-1.jpg?resize=1536%2C560&amp;ssl=1 1536w, https:\/\/i0.wp.com\/aiviouvapes.com\/wp-content\/uploads\/2026\/03\/BANG-LEADER-350K-1.jpg?resize=18%2C7&amp;ssl=1 18w, https:\/\/i0.wp.com\/aiviouvapes.com\/wp-content\/uploads\/2026\/03\/BANG-LEADER-350K-1.jpg?resize=800%2C292&amp;ssl=1 800w\" sizes=\"auto, (max-width: 1020px) 100vw, 1020px\" \/><\/h3>\n<h3>Kombinacije okusov<\/h3>\n<p>Bang Leader 350K uporablja inovativno <strong>Sistem za preklapljanje okusov 8 v 1<\/strong>. Vsaka naprava vklju\u010duje \u0161tiri osnovne okuse in \u0161tiri samodejne kombinacije me\u0161anja (1+2, 2+3, 3+4 in 4+1), tako da lahko uporabniki v enem vapu u\u017eivajo v \u010distih okusih in me\u0161anih okusih.<\/p>\n<p>Sklopi okusov zajemajo \u0161irok nabor priljubljenih profilov. Nekateri se osredoto\u010dajo na <strong>hladne sadne klasike<\/strong> kot so Blue Razz Ice, Watermelon Ice, Strawberry Ice in Lemon Lime. Drugi prina\u0161ajo <strong>me\u0161anice sladkih jagod in tropskih sade\u017eev<\/strong> kot so Blueberry Ice, Tropical Fruit, Apple Kiwi Ice in Blue Razz Cherry.<\/p>\n<p>Na voljo so tudi bolj igrive kombinacije, ki so jih navdihnile pija\u010de in sladice, kot so Cherry Cola, Pink Lemonade, Mango Passion Fruit in Lemon Peach. Za ljubitelje tropskega podnebja so tu okusi, kot so ananasov kokosov led, kivi pasijonka guava in breskev mango lubenica, ki zagotavljajo bogatej\u0161i eksoti\u010dni okus.<\/p>\n<p>\u0160tevilni kompleti poudarjajo priljubljene me\u0161anice jagodi\u010devja in lubenice, kot so jagoda lubenica, malina lubenica, borovnica malina in jagoda banana, drugi pa vsebujejo edinstvene okuse, kot so zmajski sade\u017e led, \u010de\u0161njevo granatno jabolko, Love 66 in dobro znani profil Fucking Fab.<\/p>\n<p>Na splo\u0161no je ponudba okusov Bang Leader 350K zasnovana tako, da poskrbi za sve\u017eo in zanimivo izku\u0161njo. Ne glede na to, ali imajo uporabniki raje ledeno sadje, tropske me\u0161anice, sladko jagodi\u010devje ali okuse v slogu pija\u010d, sistem za preklapljanje ve\u010d okusov omogo\u010da enostavno raziskovanje razli\u010dnih okusov brez menjave naprav.<\/p>\n<h3>Za koga je ta vape najbolj\u0161i?<\/h3>\n<ul>\n<li>Te\u017eki uporabniki, ki \u017eelijo dolgotrajno napravo z visokim izpuhom<\/li>\n<li>Ljubitelji okusov, ki radi menjavajo razli\u010dne okuse<\/li>\n<li>Trgovine Vape, ki si \u017eelijo izstopajo\u010dega paradnega konja za enkratno uporabo vape<\/li>\n<li>Veletrgovci in distributerji, ki i\u0161\u010dejo mega puhaste izdelke, pripravljene za OEM<\/li>\n<li>Izvozni kupci, ki potrebujejo prilagodljive mo\u017enosti za nikotin in pakiranje.<\/li>\n<\/ul>\n<h3>POGOSTA VPRA\u0160ANJA<\/h3>\n<h4>1. Koliko puhov ponuja Bang Leader 350K?<\/h4>\n<p>Bang Leader 350K omogo\u010da do 350000 vdihov, zato je izjemno zmogljiv vape za enkratno uporabo za dolgotrajno uporabo.<\/p>\n<h4>2. Ali je Bang Leader 350K mogo\u010de ponovno napolniti?<\/h4>\n<p>Da. podpira polnjenje tipa C, ki uporabnikom omogo\u010da udobnej\u0161e izkori\u0161\u010danje celotne zmogljivosti naprave.<\/p>\n<h4>3. Kak\u0161no baterijo uporablja ta naprava?<\/h4>\n<p>Naprava uporablja baterijo 17350 850 mAh.<\/p>\n<h4>4. Katera tuljava se uporablja v Bang Leader 350K?<\/h4>\n<p>Uporablja tuljavo z mre\u017eico 1,0 za stabilno segrevanje, bolj gladko paro in bolj\u0161i okus.<\/p>\n<h4>5. Kak\u0161ne jakosti nikotina so na voljo?<\/h4>\n<p>Mo\u017enosti jakosti nikotina vklju\u010dujejo 0%, 2%, 3% in 5%.<\/p>\n<h4>6. Ali ta izdelek podpira OEM ali ODM?<\/h4>\n<p>Da. Bang Leader 350K podpira prilagajanje OEM in ODM, kar je idealno za zasebne blagovne znamke in projekte na debelo.<\/p>\n<h4>7. Kateri jeziki pakiranja so na voljo?<\/h4>\n<p>Embala\u017eo je mogo\u010de prilagoditi v angle\u0161\u010dini, ru\u0161\u010dini, \u0161pan\u0161\u010dini in drugih jezikih glede na potrebe trga.<\/p>\n<h4>8. Koliko mo\u017enosti okusov je v eni napravi?<\/h4>\n<p>Vsaka naprava Bang Leader 350K je zasnovana kot vape 8 v 1 s 4 glavnimi okusi in 4 me\u0161animi kombinacijami.<\/p>\n<h4>9. Kak\u0161en je MOQ?<\/h4>\n<p>Najmanj\u0161a koli\u010dina naro\u010dila je 10 kosov za en komplet okusov.<\/p>\n<h4>10. Ali je Bang Leader 350K primeren za prodajo na debelo?<\/h4>\n<p>Da. zaradi velikega \u0161tevila puhov, podpore za prilagajanje, izvozu prijaznih mo\u017enosti pakiranja in privla\u010dnega sistema okusov je dobra izbira za veleprodajo.<\/p>\n<h3><img data-recalc-dims=\"1\" loading=\"lazy\" decoding=\"async\" class=\"alignnone size-full wp-image-114793\" src=\"https:\/\/i0.wp.com\/aiviouvapes.com\/wp-content\/uploads\/2026\/03\/BANG-LEADER-350K-17.jpg?resize=800%2C1920&#038;ssl=1\" alt=\"Bang Leader 350K\" width=\"800\" height=\"1920\" title=\"\" srcset=\"https:\/\/i0.wp.com\/aiviouvapes.com\/wp-content\/uploads\/2026\/03\/BANG-LEADER-350K-17.jpg?w=800&amp;ssl=1 800w, https:\/\/i0.wp.com\/aiviouvapes.com\/wp-content\/uploads\/2026\/03\/BANG-LEADER-350K-17.jpg?resize=125%2C300&amp;ssl=1 125w, https:\/\/i0.wp.com\/aiviouvapes.com\/wp-content\/uploads\/2026\/03\/BANG-LEADER-350K-17.jpg?resize=427%2C1024&amp;ssl=1 427w, https:\/\/i0.wp.com\/aiviouvapes.com\/wp-content\/uploads\/2026\/03\/BANG-LEADER-350K-17.jpg?resize=768%2C1843&amp;ssl=1 768w, https:\/\/i0.wp.com\/aiviouvapes.com\/wp-content\/uploads\/2026\/03\/BANG-LEADER-350K-17.jpg?resize=640%2C1536&amp;ssl=1 640w, https:\/\/i0.wp.com\/aiviouvapes.com\/wp-content\/uploads\/2026\/03\/BANG-LEADER-350K-17.jpg?resize=5%2C12&amp;ssl=1 5w\" sizes=\"auto, (max-width: 800px) 100vw, 800px\" \/><\/h3>","protected":false},"excerpt":{"rendered":"<p>Bang Leader 350K je visokozmogljiv vape za enkratno uporabo 8 v 1, narejen za intenzivne uporabnike, ljubitelje okusov in kupce na debelo. Z zmogljivostjo do 350000 puhov, polnjenjem z akumulatorjem tipa C, mre\u017easto tuljavo in 8 na\u010dini okusov v eni napravi je odli\u010dna izbira za trgovine z vapeji in distributerje.<\/p>","protected":false},"featured_media":114785,"comment_status":"open","ping_status":"closed","template":"","meta":[],"product_brand":[239],"product_cat":[37],"product_tag":[],"class_list":{"0":"post-114776","1":"product","2":"type-product","3":"status-publish","4":"has-post-thumbnail","6":"product_brand-bang","7":"product_cat-bang","9":"first","10":"instock","11":"shipping-taxable","12":"product-type-simple"},"jetpack_sharing_enabled":true,"tiered_pricing_type":"fixed","tiered_pricing_fixed_rules":[],"tiered_pricing_product_settings":{"layout":"default","base_unit_name":{"singular":null,"plural":null},"default_variation":null},"tiered_pricing_minimum_quantity":null,"tiered_pricing_roles_data":[],"tiered_pricing_percentage_rules":[],"tiered_pricing_maximum_quantity":null,"tiered_pricing_quantity_step":null,"_links":{"self":[{"href":"https:\/\/aiviouvapes.com\/sl\/wp-json\/wp\/v2\/product\/114776","targetHints":{"allow":["GET"]}}],"collection":[{"href":"https:\/\/aiviouvapes.com\/sl\/wp-json\/wp\/v2\/product"}],"about":[{"href":"https:\/\/aiviouvapes.com\/sl\/wp-json\/wp\/v2\/types\/product"}],"replies":[{"embeddable":true,"href":"https:\/\/aiviouvapes.com\/sl\/wp-json\/wp\/v2\/comments?post=114776"}],"wp:featuredmedia":[{"embeddable":true,"href":"https:\/\/aiviouvapes.com\/sl\/wp-json\/wp\/v2\/media\/114785"}],"wp:attachment":[{"href":"https:\/\/aiviouvapes.com\/sl\/wp-json\/wp\/v2\/media?parent=114776"}],"wp:term":[{"taxonomy":"product_brand","embeddable":true,"href":"https:\/\/aiviouvapes.com\/sl\/wp-json\/wp\/v2\/product_brand?post=114776"},{"taxonomy":"product_cat","embeddable":true,"href":"https:\/\/aiviouvapes.com\/sl\/wp-json\/wp\/v2\/product_cat?post=114776"},{"taxonomy":"product_tag","embeddable":true,"href":"https:\/\/aiviouvapes.com\/sl\/wp-json\/wp\/v2\/product_tag?post=114776"}],"curies":[{"name":"wp","href":"https:\/\/api.w.org\/{rel}","templated":true}]}}