{"id":111831,"date":"2026-02-28T11:05:29","date_gmt":"2026-02-28T03:05:29","guid":{"rendered":"https:\/\/aiviouvapes.com\/?post_type=product&#038;p=111831"},"modified":"2026-03-19T14:48:38","modified_gmt":"2026-03-19T06:48:38","slug":"bang-king-250k","status":"publish","type":"product","link":"https:\/\/aiviouvapes.com\/sl\/product\/bang-king-250k\/","title":{"rendered":"Bang King 250K | 4-v-1, \u0161tiri okuse, 250000 puffov, dolgotrajen, obse\u017een vape za enkratno uporabo"},"content":{"rendered":"<h2>Bang King 250K | 4-v-1 quad okus 250000 puffs visoko zmogljivostjo razsutem stanju enkratno vape<\/h2>\n<p><strong>Bang King 250K \u0161tiri okuse 4 v 1 za enkratno uporabo<\/strong> je zasnovan za najve\u010djo zmogljivost in raznolikost. S 4 vgrajenimi okusi v eni napravi, veliko zmogljivostjo e-teko\u010dine in zmogljivimi \u0161tirimi 1,0\u03a9 tuljavami je ta visoko zmogljiva naprava za enkratno uporabo idealna za vape trgovine, distributerje in intenzivne uporabnike, ki \u017eelijo dolgotrajno vrednost in razburljivo menjavanje okusov. \ud83d\udd25\ud83d\udca8<\/p>\n<h3>Zakaj izbrati Bang King 250K \u0161tiri okusi 4 v 1 za enkratno uporabo? \ud83d\ude80<\/h3>\n<ul>\n<li><strong>Do 250.000 puffov:<\/strong> Izjemno veliko \u0161tevilo puhov je zasnovano za dolgotrajno uporabo in mo\u010dno privla\u010dnost v maloprodaji.<\/li>\n<li><strong>Sistem \u0161tirih okusov 4 v 1:<\/strong> Preklapljajte med \u0161tirimi okusi v eni napravi - ve\u010d zabave, ve\u010d raznolikosti! \ud83c\udf53\ud83c\udf49\ud83c\udf4b<\/li>\n<li><strong>4 x 15ml E-teko\u010dina Kapaciteta:<\/strong> Skupaj 60 ml za dalj\u0161e vapiranje brez pogoste menjave.<\/li>\n<li><strong>Vgrajena baterija 650 mAh:<\/strong> Stabilna izhodna mo\u010d za nemoteno in stalno delovanje.<\/li>\n<li><strong>1,0\u03a9 x4 mre\u017ene tuljave:<\/strong> Mo\u010dan okus in gosta proizvodnja pare.<\/li>\n<li><strong>Trgovina na debelo Pripravljeno pakiranje:<\/strong> Optimizirana velikost kartona za po\u0161iljanje in distribucijo v razsutem stanju.<\/li>\n<li><strong>Ob\u010dutek visoke te\u017ee Premium:<\/strong> 130 g na napravo za trden in vrhunski ob\u010dutek v roki.<\/li>\n<\/ul>\n<h3>Bang King 250K specifikacije \ud83d\udcca<\/h3>\n<table>\n<tbody>\n<tr>\n<td><strong>Ime izdelka<\/strong><\/td>\n<td>Bang King 250K \u0161tiri okuse 4 v 1 za enkratno uporabo<\/td>\n<\/tr>\n<tr>\n<td><strong>\u0160tevilo puffov<\/strong><\/td>\n<td>Do 250.000 vpihov<\/td>\n<\/tr>\n<tr>\n<td><strong>Zmogljivost baterije<\/strong><\/td>\n<td>Vgrajena baterija 650 mAh<\/td>\n<\/tr>\n<tr>\n<td><strong>Kapaciteta e-teko\u010dine<\/strong><\/td>\n<td>15 ml x 4 (skupaj 60 ml)<\/td>\n<\/tr>\n<tr>\n<td><strong>Tuljava<\/strong><\/td>\n<td>1.0\u03a9 x4 tuljave<\/td>\n<\/tr>\n<tr>\n<td><strong>Te\u017ea naprave<\/strong><\/td>\n<td>130 g na enoto<\/td>\n<\/tr>\n<tr>\n<td><strong>10 enot Te\u017ea<\/strong><\/td>\n<td>1300g<\/td>\n<\/tr>\n<tr>\n<td><strong>200 enot Te\u017ea<\/strong><\/td>\n<td>27 kg<\/td>\n<\/tr>\n<tr>\n<td><strong>Velikost \u0161katle<\/strong><\/td>\n<td>227 x 92 x 128 mm<\/td>\n<\/tr>\n<tr>\n<td><strong>Velikost \u0161katle<\/strong><\/td>\n<td>48 x 47 x 28 cm<\/td>\n<\/tr>\n<\/tbody>\n<\/table>\n<h3>Kompleti okusov - 4 okusi v 1 pripomo\u010dku \ud83c\udf79\ud83c\udf53<\/h3>\n<p><strong>Limona Limeta \/ lubenica Led \/ \u010drni led Dragon Fruit Jagoda \/ Love66<\/strong><br \/>\nSve\u017e zagon citrusov, ledeno hladna lubenica, eksoti\u010dna me\u0161anica zmajevih sade\u017eev in klasi\u010dna me\u0161anica za \u0161i\u0161o v slogu Love66.<\/p>\n<p><strong>Limona Limeta \/ Jagodni led \/ Malina lubenica \/ Fizy \u010ce\u0161nja<\/strong><br \/>\nSladka jagodna hladnost, so\u010dna malinova lubenica in pene\u010da \u010de\u0161nja na koncu.<\/p>\n<p><strong>Vanilija Cola \/ Limona Breskev \/ Jagoda Malina \u010ce\u0161nja Led \/ Grozdje Led<\/strong><br \/>\nKremna sladkost kola, sadno ravnovesje breskve in limone, ledeni eksploziji trojnega jagodi\u010devja in hladno grozdje.<\/p>\n<p><strong>Roza limonada \/ kivi pasijonka Guava \/ breskev jagodi\u010devje \/ jagoda banana<\/strong><br \/>\nTropska sladkost z gladko banano in osve\u017eilnim citrusnim pridihom.<\/p>\n<p><strong>Eksplozija Grozdja \/ Li\u010di Led \/ Breskev Jagoda \/ Kivi Marakuja Guava<\/strong><br \/>\nDrzne grozdne sladkarije, ledena sve\u017eina li\u010dija in zlitje tropskega sadja.<\/p>\n<p><strong>Jagodni mango \/ Modra Malina Limonada \/ Vanilijev sladoled \/ Kisla Trojna Jagoda<\/strong><br \/>\nSladka me\u0161anica manga, pikantna limonada Modra Malina, kremasta sladica in kisel jagodni pun\u010d.<\/p>\n<p><strong>lubeni\u010dni led \/ jagodni mango \/ borovni\u010dev led \/ Fizy \u010ce\u0161nja<\/strong><br \/>\nKlasi\u010dno ledeno sadje s sladkim jagodi\u010devjem.<\/p>\n<p><strong>Me\u0161ano jagodi\u010devje \/ \u010ce\u0161nja Limona \/ Jagoda Kivi \/ Jagoda lubenica \u017dve\u010dilni Gumi<\/strong><br \/>\nSadne kombinacije v slogu sladkarij z osve\u017eilnimi plastmi citrusov.<\/p>\n<p><strong>Jagodna lubenica \/ \u010ce\u0161nja Cola \/ So\u010dna Breskev Led \/ Grenivka Osve\u017eilec<\/strong><br \/>\nSladki sadni duet, \u0161ume\u010da kola, gladkost breskovega ledu in citrusni grenivka.<\/p>\n<p><strong>Mojito \/ Monster Mango \/ Lady Killer \/ Ro\u017ena Limonada<\/strong><br \/>\nSve\u017eina metinega mojita, krepka energija manga, vrhunska me\u0161anica \u0161i\u0161e in pikantna roza limonada.<\/p>\n<h3>Odli\u010dno za distribucijo na drobno in debelo \ud83c\udfea\ud83d\udce6<\/h3>\n<p>Bang King 250K je namenjen te\u017ekim uporabnikom, ki \u017eelijo dolgotrajno vaping, lovcem na okuse, ki radi menjavajo okuse, in vape trgovinam, ki i\u0161\u010dejo naprave za enkratno uporabo z visoko mar\u017eo. Zaradi velikega \u0161tevila puhov in sistema z ve\u010d okusi je zelo privla\u010den za maloprodajne police in veleprodajo po vsem svetu.<\/p>\n<h3>FAQ\u2753 Bang King 250K<\/h3>\n<p><strong>V1: Ali je Bang King 250K mogo\u010de ponovno napolniti?<\/strong><br \/>\nNaprava ima vgrajeno 650 mAh baterijo, ki je zasnovana tako, da podpira veliko zmogljivost e-teko\u010dine za dolgo uporabo.<\/p>\n<p><strong>V2: Kako deluje sistem okusov 4 v 1?<\/strong><br \/>\nVsaka naprava vklju\u010duje \u0161tiri lo\u010dene 15-mililitrske komore za okuse, kar uporabnikom omogo\u010da, da kadar koli preklapljajo med okusi za sve\u017eo izku\u0161njo.<\/p>\n<p><strong>V3: Ali je ta izdelek primeren za naro\u010dila na debelo?<\/strong><br \/>\nDa. Z optimizirano velikostjo kartona in pakiranjem v razsutem stanju (200 enot na karton) je idealen za distributerje in kupce velikih koli\u010din.<\/p>\n<p><strong>V4: Za koga je ta naprava najprimernej\u0161a?<\/strong><br \/>\nIdealen je za intenzivne uporabnike, ljubitelje okusov, trgovce na drobno v vape shopih in globalne veleprodajne kupce, ki i\u0161\u010dejo vrhunske izdelke za enkratno uporabo z visokim izpihom.<\/p>\n<p><strong>V5: Po \u010dem ta model izstopa na trgu?<\/strong><br \/>\nZaradi izjemno visokega \u0161tevila izpuhov, \u0161tirikratnega sistema za preklapljanje okusov in mo\u010dnega izhoda okusa iz tuljav 1,0\u03a9 je konkuren\u010dna uspe\u0161nica na trgu vapinga za enkratno uporabo v ve\u010djih koli\u010dinah. \ud83d\udca8\ud83d\udd25<\/p>\n<h3><img data-recalc-dims=\"1\" loading=\"lazy\" decoding=\"async\" class=\"alignnone size-full wp-image-111896\" src=\"https:\/\/i0.wp.com\/aiviouvapes.com\/wp-content\/uploads\/2026\/02\/Bang-King-250k-11.jpg?resize=774%2C1920&#038;ssl=1\" alt=\"Bang King 250k\" width=\"774\" height=\"1920\" title=\"\" srcset=\"https:\/\/i0.wp.com\/aiviouvapes.com\/wp-content\/uploads\/2026\/02\/Bang-King-250k-11.jpg?w=774&amp;ssl=1 774w, https:\/\/i0.wp.com\/aiviouvapes.com\/wp-content\/uploads\/2026\/02\/Bang-King-250k-11.jpg?resize=121%2C300&amp;ssl=1 121w, https:\/\/i0.wp.com\/aiviouvapes.com\/wp-content\/uploads\/2026\/02\/Bang-King-250k-11.jpg?resize=413%2C1024&amp;ssl=1 413w, https:\/\/i0.wp.com\/aiviouvapes.com\/wp-content\/uploads\/2026\/02\/Bang-King-250k-11.jpg?resize=768%2C1905&amp;ssl=1 768w, https:\/\/i0.wp.com\/aiviouvapes.com\/wp-content\/uploads\/2026\/02\/Bang-King-250k-11.jpg?resize=619%2C1536&amp;ssl=1 619w, https:\/\/i0.wp.com\/aiviouvapes.com\/wp-content\/uploads\/2026\/02\/Bang-King-250k-11.jpg?resize=5%2C12&amp;ssl=1 5w\" sizes=\"auto, (max-width: 774px) 100vw, 774px\" \/><\/h3>","protected":false},"excerpt":{"rendered":"<p>Bang King 250K \u0161tirikratni okus 4-v-1 za enkratno uporabo z do 250000 puffov, 650mAh baterijo, 4x15ml e-teko\u010dine in 1,0\u03a9 \u0161tirikratnimi tuljavami. Idealen za veleprodajo, distributerje in te\u017eke uporabnike vape, ki i\u0161\u010dejo naprave z veliko koli\u010dino puhov.<\/p>","protected":false},"featured_media":112376,"comment_status":"open","ping_status":"closed","template":"","meta":[],"product_brand":[239],"product_cat":[37,336],"product_tag":[517,408,349,478,518],"class_list":{"0":"post-111831","1":"product","2":"type-product","3":"status-publish","4":"has-post-thumbnail","6":"product_brand-bang","7":"product_cat-bang","8":"product_cat-100k-puffs-disposable-vape","9":"product_tag-250k-disposable-vape","10":"product_tag-4-in-1-disposable-vape","11":"product_tag-bulk-disposable-vape","12":"product_tag-high-puff-disposable-vape","13":"product_tag-quad-flavor-vape","15":"first","16":"instock","17":"shipping-taxable","18":"purchasable","19":"product-type-variable","20":"has-default-attributes"},"jetpack_sharing_enabled":true,"tiered_pricing_type":"fixed","tiered_pricing_fixed_rules":{"30":9.589999999999999857891452847979962825775146484375,"50":7.9900000000000002131628207280300557613372802734375,"100":7.519999999999999573674358543939888477325439453125,"200":6.87000000000000010658141036401502788066864013671875,"400":6.3499999999999996447286321199499070644378662109375},"tiered_pricing_product_settings":{"layout":"default","base_unit_name":{"singular":null,"plural":null},"default_variation":null},"tiered_pricing_minimum_quantity":10,"tiered_pricing_roles_data":[],"tiered_pricing_percentage_rules":[],"tiered_pricing_maximum_quantity":null,"tiered_pricing_quantity_step":"10","_links":{"self":[{"href":"https:\/\/aiviouvapes.com\/sl\/wp-json\/wp\/v2\/product\/111831","targetHints":{"allow":["GET"]}}],"collection":[{"href":"https:\/\/aiviouvapes.com\/sl\/wp-json\/wp\/v2\/product"}],"about":[{"href":"https:\/\/aiviouvapes.com\/sl\/wp-json\/wp\/v2\/types\/product"}],"replies":[{"embeddable":true,"href":"https:\/\/aiviouvapes.com\/sl\/wp-json\/wp\/v2\/comments?post=111831"}],"wp:featuredmedia":[{"embeddable":true,"href":"https:\/\/aiviouvapes.com\/sl\/wp-json\/wp\/v2\/media\/112376"}],"wp:attachment":[{"href":"https:\/\/aiviouvapes.com\/sl\/wp-json\/wp\/v2\/media?parent=111831"}],"wp:term":[{"taxonomy":"product_brand","embeddable":true,"href":"https:\/\/aiviouvapes.com\/sl\/wp-json\/wp\/v2\/product_brand?post=111831"},{"taxonomy":"product_cat","embeddable":true,"href":"https:\/\/aiviouvapes.com\/sl\/wp-json\/wp\/v2\/product_cat?post=111831"},{"taxonomy":"product_tag","embeddable":true,"href":"https:\/\/aiviouvapes.com\/sl\/wp-json\/wp\/v2\/product_tag?post=111831"}],"curies":[{"name":"wp","href":"https:\/\/api.w.org\/{rel}","templated":true}]}}