{"id":111650,"date":"2026-02-28T10:30:51","date_gmt":"2026-02-28T02:30:51","guid":{"rendered":"https:\/\/aiviouvapes.com\/?post_type=product&#038;p=111650"},"modified":"2026-04-07T09:59:22","modified_gmt":"2026-04-07T01:59:22","slug":"bang-king-200k","status":"publish","type":"product","link":"https:\/\/aiviouvapes.com\/sl\/product\/bang-king-200k\/","title":{"rendered":"Bang King 200K | 8-v-1 200000 puffov, \u0161tiri rezervoarje, 8 okusov, velika zmogljivost, vape za enkratno uporabo"},"content":{"rendered":"<h2>Bang King 200K | 8-v-1 200000 puffs mega zmogljivosti quad tuljavo enkratno vape<\/h2>\n<h3>\ud83d\udd25 Bang King 200K 8 v 1 za enkratno uporabo - ogromno puhov, ogromno okusov<\/h3>\n<p>The <strong>Bang King 200K 8-v-1 za enkratno uporabo<\/strong> je zasnovan za resno zmogljivost. Z neverjetnim <strong>zmogljivost 200 000 puhlic<\/strong>, \u0161tirimi 16-mililitrskimi rezervoarji za e-teko\u010dino in 1,0\u03a9 tuljavami je ta naprava zasnovana za dolgotrajen okus in mo\u010dno proizvodnjo pare. \ud83d\udca8<\/p>\n<p>Ne glede na to, ali ste lastnik trgovine z vape izdelki, distributer ali intenzivni uporabnik, ki \u017eeli podalj\u0161ati \u010das vapinga, Bang King 200K ponuja mo\u010d, raznolikost okusov in odli\u010dno veleprodajno vrednost v eni vrhunski napravi.<\/p>\n<h3>\u2705 Zakaj izbrati Bang King 200K?<\/h3>\n<ul>\n<li>\ud83d\udd25 Do 200.000 vdihov - izjemno zmogljiv vape za enkratno uporabo za dolgotrajno uporabo<\/li>\n<li>\ud83c\udfaf Preklop okusov 8 v 1 - ve\u010d kombinacij okusov v eni napravi<\/li>\n<li>\ud83d\udca7 16ml x 4 rezervoarji za e-teko\u010dino - Skupna kapaciteta 64ml velikega soka<\/li>\n<li>\u26a1 Vgrajena baterija 650 mAh - stabilen izhod in gladko delovanje<\/li>\n<li>\ud83c\udf00 1.0\u03a9 Quad Coil System - mo\u010dan okus, gladek u\u010dinek v grlu<\/li>\n<li>\ud83d\udce6 Embala\u017ea, prijazna do velikih koli\u010din - zasnovana za prodajo na debelo in distribucijo<\/li>\n<li>\ud83d\udcbc Visoka stopnja dobi\u010dka - idealna za distributerje vape in kupce B2B<\/li>\n<\/ul>\n<h3>\ud83d\udcca Bang King 200K Specifikacije<\/h3>\n<table>\n<tbody>\n<tr>\n<td><strong>\u0160tevilo puffov<\/strong><\/td>\n<td>Do 200.000 puffov<\/td>\n<\/tr>\n<tr>\n<td><strong>Kapaciteta e-teko\u010dine<\/strong><\/td>\n<td>16 ml x 4 (skupaj 64 ml)<\/td>\n<\/tr>\n<tr>\n<td><strong>Baterija<\/strong><\/td>\n<td>Vgrajena baterija 650 mAh<\/td>\n<\/tr>\n<tr>\n<td><strong>Odpornost tuljave<\/strong><\/td>\n<td>1,0\u03a9 x 4<\/td>\n<\/tr>\n<tr>\n<td><strong>Te\u017ea naprave<\/strong><\/td>\n<td>150 g (posamezna enota)<\/td>\n<\/tr>\n<tr>\n<td><strong>Velikost \u0161katle (6 kosov)<\/strong><\/td>\n<td>137 \u00d7 91 \u00d7 127,5 mm<\/td>\n<\/tr>\n<tr>\n<td><strong>Velikost \u0161katle<\/strong><\/td>\n<td>57 \u00d7 48 \u00d7 15 cm<\/td>\n<\/tr>\n<tr>\n<td><strong>Te\u017ea \u0161katle<\/strong><\/td>\n<td>120 kosov \/ 20 kg<\/td>\n<\/tr>\n<\/tbody>\n<\/table>\n<h3>\ud83c\udf53 Kombinacije okusov - do\u017eivetje okusa 8 v 1<\/h3>\n<p><strong>Modra Malina Led \/ Breskov Led \/ Grozdni Led \/ Mango Led<\/strong> - Hladna sadna me\u0161anica z osve\u017eilnim ledenim zaklju\u010dkom \u2744\ufe0f<\/p>\n<p><strong>Breskev mango lubenica \/ Red Bull \/ Jagoda Red Bull \/ Jagoda kivi<\/strong> - Sladka energijska pija\u010da s tropskim sadjem \u26a1<\/p>\n<p><strong>Jagodni mango \/ Jagodni sladoled \/ Banana Ice \/ Jagodni li\u010di<\/strong> - Zbirka kremnih in sadnih sladic \ud83c\udf68<\/p>\n<p><strong>Dvojno jabolko \/ mango breskev \/ jagoda lubenica \/ jagoda vanilijeva kola<\/strong> - Klasi\u010dno sadje z dodatkom sode \ud83e\udd64<\/p>\n<p><strong>\u010crni Zmaj Led \/ Ljubezen 66 \/ Gospod Modri \/ Jagodna Limonada<\/strong> - Premium me\u0161anica me\u0161anih jagod in citrusov \ud83c\udf4b<\/p>\n<p><strong>Kivi Passion Fruit Guava \/ Gumijasti medvedek \/ Rainbow Candy \/ Cotton Candy<\/strong> - Eksoti\u010dna sladkost v slogu sladkarij \ud83c\udf6c<\/p>\n<p><strong>Lubeni\u010dni Led \/ Limona in Meta \/ Jagodni Led \/ Modra Malina \u010ce\u0161nja<\/strong> - Sve\u017e in hladilen celodnevni okus \ud83c\udf3f<\/p>\n<p><strong>Triple Berry \/ Tropsko sadje \/ Jagodna banana \/ Roza limonada<\/strong> - Uravnote\u017eena sladko-kisla sadna me\u0161anica \ud83c\udf53<\/p>\n<p><strong>Triple Melon \/ Blueberry Ice \/ Cherry Bomb \/ Ananas Coconut<\/strong> - Drzna tropska in jagodna fuzija \ud83c\udf34<\/p>\n<p><strong>Lubenica \u017dve\u010dilni Gumi \/ Borovnice Maline \/ Maline Lubenica \/ Lubenica Borovnica<\/strong> - Sladka so\u010dna eksplozija jagod \ud83d\udca5<\/p>\n<p><strong>Hladna Meta \/ Breskev \u010ce\u0161nja \/ Breskev Jagodi\u010devje Limona \/ Kivi Lubeni\u010dni Led<\/strong> - Osve\u017eilni in gladki hladilni udarci \u2744\ufe0f<\/p>\n<p><strong>Pene\u010do Limono in Limeto \/ Jabol\u010dni Mojito \/ Ananasov Led \/ Kola Led<\/strong> - Pene\u010da soda in ledena kolekcija citrusov \ud83e\uddca<\/p>\n<h3>\ud83d\ude80 Kot nala\u0161\u010d za te\u017eke uporabnike in kupce na debelo<\/h3>\n<p>Vape za enkratno uporabo Bang King 200K je idealen za <strong>te\u017eki vaperji<\/strong> ki \u017eelijo dolgotrajno delovanje brez pogoste zamenjave. Prav tako je odli\u010den za <strong>lovci okusov<\/strong> ki radi preklapljajo med razli\u010dnimi okusi v eni napravi.<\/p>\n<p>Za <strong>trgovine z izdelki za vape, distributerji in kupci na debelo<\/strong>, ta visokokapacitetni vape za enkratno uporabo ponuja veliko povpra\u0161evanje na trgu, privla\u010dne mar\u017ee in u\u010dinkovitost pakiranja v velikih koli\u010dinah. To je odli\u010dna izbira za raz\u0161iritev linije izdelkov za enkratno uporabo.<\/p>\n<h3>\u2753 Pogosta vpra\u0161anja - Bang King 200K Vape za enkratno uporabo<\/h3>\n<p><strong>V1: Ali je Bang King 200K mogo\u010de ponovno napolniti?<\/strong><br \/>\nO: Naprava ima vgrajeno baterijo s kapaciteto 650 mAh, ki je zasnovana tako, da omogo\u010da dalj\u0161o uporabo zaradi visoke zmogljivosti napihovanja.<\/p>\n<p><strong>V2: Koliko okusov je v eni napravi?<\/strong><br \/>\nO: Vsaka naprava ima sistem okusov 8 v 1, ki uporabnikom omogo\u010da u\u017eivanje v ve\u010d kombinacijah okusov v enem vapu.<\/p>\n<p><strong>V3: Ali je ta izdelek primeren za naro\u010dila na debelo?<\/strong><br \/>\nO: Da. Bang King 200K je pakiran za distribucijo v razsutem stanju, 120 kosov na \u0161katlo, zato je idealen za kupce in distributerje B2B.<\/p>\n<p><strong>V4: Za koga je ta naprava najprimernej\u0161a?<\/strong><br \/>\nO: Primeren je za te\u017eke uporabnike, vaperje z dolgimi sejami, ljubitelje okusov, prodajalce vape na drobno in distributerje na debelo, ki i\u0161\u010dejo naprave za enkratno uporabo z veliko zmogljivostjo.<\/p>\n<p><strong>V5: V \u010dem se razlikuje od standardnih vapes za enkratno uporabo?<\/strong><br \/>\nO: Zaradi izjemno visokega \u0161tevila izpuhov, \u0161tirih rezervoarjev za e-teko\u010dino in sistema za preklapljanje okusov 8 v 1 izstopa na trgu vapinga za enkratno uporabo z veliko zmogljivostjo.<\/p>","protected":false},"excerpt":{"rendered":"<p>Bang King 200K 8 v 1 za enkratno uporabo omogo\u010da do 200.000 vdihov s \u0161tirimi 16 ml rezervoarji, 650 mAh baterijo in 1,0\u03a9 mre\u017eastimi tuljavami. Popoln visokozmogljiv vape za enkratno uporabo za distributerje in intenzivne uporabnike.<\/p>","protected":false},"featured_media":111677,"comment_status":"open","ping_status":"closed","template":"","meta":[],"product_brand":[239],"product_cat":[37,336],"product_tag":[519,500,463,478,520],"class_list":{"0":"post-111650","1":"product","2":"type-product","3":"status-publish","4":"has-post-thumbnail","6":"product_brand-bang","7":"product_cat-bang","8":"product_cat-100k-puffs-disposable-vape","9":"product_tag-200k-disposable-vape","10":"product_tag-8-in-1-disposable-vape","11":"product_tag-bulk-disposable-vape-wholesale","12":"product_tag-high-puff-disposable-vape","13":"product_tag-quad-tank-vape-device","15":"first","16":"instock","17":"shipping-taxable","18":"purchasable","19":"product-type-variable","20":"has-default-attributes"},"jetpack_sharing_enabled":true,"tiered_pricing_type":"fixed","tiered_pricing_fixed_rules":{"30":9.589999999999999857891452847979962825775146484375,"50":8.1699999999999999289457264239899814128875732421875,"100":7.519999999999999573674358543939888477325439453125,"200":6.9900000000000002131628207280300557613372802734375,"400":6.480000000000000426325641456060111522674560546875},"tiered_pricing_product_settings":{"layout":"default","base_unit_name":{"singular":null,"plural":null},"default_variation":null},"tiered_pricing_minimum_quantity":10,"tiered_pricing_roles_data":[],"tiered_pricing_percentage_rules":[],"tiered_pricing_maximum_quantity":null,"tiered_pricing_quantity_step":"10","_links":{"self":[{"href":"https:\/\/aiviouvapes.com\/sl\/wp-json\/wp\/v2\/product\/111650","targetHints":{"allow":["GET"]}}],"collection":[{"href":"https:\/\/aiviouvapes.com\/sl\/wp-json\/wp\/v2\/product"}],"about":[{"href":"https:\/\/aiviouvapes.com\/sl\/wp-json\/wp\/v2\/types\/product"}],"replies":[{"embeddable":true,"href":"https:\/\/aiviouvapes.com\/sl\/wp-json\/wp\/v2\/comments?post=111650"}],"wp:featuredmedia":[{"embeddable":true,"href":"https:\/\/aiviouvapes.com\/sl\/wp-json\/wp\/v2\/media\/111677"}],"wp:attachment":[{"href":"https:\/\/aiviouvapes.com\/sl\/wp-json\/wp\/v2\/media?parent=111650"}],"wp:term":[{"taxonomy":"product_brand","embeddable":true,"href":"https:\/\/aiviouvapes.com\/sl\/wp-json\/wp\/v2\/product_brand?post=111650"},{"taxonomy":"product_cat","embeddable":true,"href":"https:\/\/aiviouvapes.com\/sl\/wp-json\/wp\/v2\/product_cat?post=111650"},{"taxonomy":"product_tag","embeddable":true,"href":"https:\/\/aiviouvapes.com\/sl\/wp-json\/wp\/v2\/product_tag?post=111650"}],"curies":[{"name":"wp","href":"https:\/\/api.w.org\/{rel}","templated":true}]}}