{"id":111052,"date":"2026-02-27T00:02:11","date_gmt":"2026-02-26T16:02:11","guid":{"rendered":"https:\/\/aiviouvapes.com\/?post_type=product&#038;p=111052"},"modified":"2026-03-17T11:19:06","modified_gmt":"2026-03-17T03:19:06","slug":"fihp-90k","status":"publish","type":"product","link":"https:\/\/aiviouvapes.com\/sl\/product\/fihp-90k\/","title":{"rendered":"FIHP 90K 3-v-1 | 90.000 izpuhov, 42ml, trojni okus, LED zaslon, vape za enkratno uporabo"},"content":{"rendered":"<p><!-- Short SEO Description --><\/p>\n<h2>FIHP 90000 3-v-1 90.000 puffov | trojni okus LED zaslon za polnjenje za enkratno uporabo<\/h2>\n<p>\ud83d\udd25 <strong>Trojna mo\u010d okusa. Masivna zmogljivost 90K. Pametni nadzor LED.<\/strong> \ud83d\udd25<\/p>\n<p><strong>FIHP 90000 90K puffs enkratno vape<\/strong> je zasnovan za resne vaperje, ki zahtevajo izjemno dolgo \u017eivljenjsko dobo, izrazit okus in pametno uporabnost. Z inovativnim <strong>Sistem trojnega okusa 3 v 1<\/strong>, ta naprava zdru\u017euje tri vrhunske okuse v eno zmogljivo enoto z velikim <strong>42 ml e-teko\u010dine<\/strong>.<\/p>\n<p>Zasnovan je za zahtevne uporabnike in veleprodajne trge ter zagotavlja do <strong>90.000 vpihov<\/strong> obenem pa ohranja gladko in enakomerno paro od prvega do zadnjega potega. Opremljen je z <strong>0,9\u03a9 dvojna mre\u017ena tuljava<\/strong> in <strong>Baterija za ponovno polnjenje 650 mAh<\/strong> s hitrim polnjenjem tipa C ta napredna naprava za enkratno uporabo vsaki\u010d zagotavlja goste oblake in vrhunsko jasnost okusa.<\/p>\n<h3>FIHP 90K pregled in funkcije<\/h3>\n<p>- Do 90.000 vdihov izjemno dolga zmogljivost<br \/>\n- Sistem trojnega okusa 3 v 1 (skupna prostornina 42 ml)<br \/>\n- 0,9\u03a9 Dual Mesh Coil za ve\u010djo gostoto pare<br \/>\n- Baterija za ponovno polnjenje 650 mAh<br \/>\n- Podpora hitremu polnjenju tipa C<br \/>\n- Pametni zaslon LED z odstotkom baterije v realnem \u010dasu<br \/>\n- Na voljo v nikotinskih stopnjah 2% in 5%<br \/>\n- 10 vrhunskih kombinacij okusov<br \/>\n- 10 kosov v \u0161katli - veleprodajna prijazna embala\u017ea<\/p>\n<h3>Specifikacije FIHP 90K<\/h3>\n<table>\n<tbody>\n<tr>\n<th>Funkcija<\/th>\n<th>Podrobnosti<\/th>\n<\/tr>\n<tr>\n<td>\u0160tevilo puffov<\/td>\n<td>Do 90.000 vdihov<\/td>\n<\/tr>\n<tr>\n<td>Kapaciteta e-teko\u010dine<\/td>\n<td>42 ml (sistem trojnega okusa)<\/td>\n<\/tr>\n<tr>\n<td>Tuljava<\/td>\n<td>0.9\u03a9 Dual Mesh Coil<\/td>\n<\/tr>\n<tr>\n<td>Baterija<\/td>\n<td>650 mAh za polnjenje<\/td>\n<\/tr>\n<tr>\n<td>Polnjenje<\/td>\n<td>Hitro polnjenje tipa C<\/td>\n<\/tr>\n<tr>\n<td>Prikaz<\/td>\n<td>Pametna LED dioda (baterija realnega \u010dasa %)<\/td>\n<\/tr>\n<tr>\n<td>Mo\u010d nikotina<\/td>\n<td>2% \/ 5%<\/td>\n<\/tr>\n<tr>\n<td>Pakiranje<\/td>\n<td>10 kosov v \u0161katli<\/td>\n<\/tr>\n<\/tbody>\n<\/table>\n<h3>FIHP 90K kombinacij okusov (sistem 3 v 1)<\/h3>\n<table>\n<tbody>\n<tr>\n<th>Kombinacija okusov<\/th>\n<th>Trojna me\u0161anica<\/th>\n<\/tr>\n<tr>\n<td>Kombinacija 1<\/td>\n<td>Fizzy Cherry | Lady Killer | Gummy Bear<\/td>\n<\/tr>\n<tr>\n<td>Kombinacija 2<\/td>\n<td>Borovnica malina | Love 666 | Breskov led<\/td>\n<\/tr>\n<tr>\n<td>Kombinacija 3<\/td>\n<td>Malina lubenica | Me\u0161ano jagodi\u010devje | Mango breskev<\/td>\n<\/tr>\n<tr>\n<td>Kombinacija 4<\/td>\n<td>Blue Razz Lemonade | Strawberry Raspberry | Rainbow Candy<\/td>\n<\/tr>\n<tr>\n<td>Kombinacija 5<\/td>\n<td>lubenica Bubblegum | Grape Ice | Black Dragon Ice<\/td>\n<\/tr>\n<tr>\n<td>Kombinacija 6<\/td>\n<td>Ananas Kokos | Me\u0161ano sadje | Limonina breskev<\/td>\n<\/tr>\n<tr>\n<td>Kombinacija 7<\/td>\n<td>Dvojno jabolko | jagoda banana | malina lubenica<\/td>\n<\/tr>\n<tr>\n<td>Kombinacija 8<\/td>\n<td>Ledena lubenica | Red Bull | Jagodni kivi<\/td>\n<\/tr>\n<tr>\n<td>Kombinacija 9<\/td>\n<td>Borovni\u010dev led | Jagodna lubenica | Limonina limeta<\/td>\n<\/tr>\n<tr>\n<td>Kombinacija 10<\/td>\n<td>Breskev jagodi\u010devje | Trojna melona | Ledena lubenica<\/td>\n<\/tr>\n<\/tbody>\n<\/table>\n<h3>FIHP 90K razpolo\u017eljivih okusov<\/h3>\n<p>Fizzy Cherry &amp; Lady Killer &amp; Gummy Bear<br \/>\nBorovnica malina &amp; Love 666 &amp; breskev led<br \/>\nMalina lubenica in me\u0161ano jagodi\u010devje ter mango breskev<br \/>\nModra limonada Razz in jagoda malina in mavri\u010dni bonboni<br \/>\nlubenica Bubblegum in grozdni led ter led \u010drnega zmaja<br \/>\nAnanas Kokos in me\u0161ano sadje ter breskev z limono<br \/>\nDvojno jabolko in jagoda Banana in malina lubenica<br \/>\nLedena lubenica &amp; Red Bull &amp; jagodni kivi<br \/>\nBlueberry Ice &amp; Strawberry Watermelon &amp; Lemon Lime<br \/>\nBreskev jagodi\u010devje in trojna melona in lubenica z ledom<\/p>\n<h3>Zakaj izbrati FIHP 90000 3-v-1 90K?<\/h3>\n<ul>\n<li>\ud83d\ude80 Ekstremna zmogljivost 90.000 izpuhov zmanj\u0161uje pogostost zamenjave<\/li>\n<li>\ud83c\udf53 Trojno preklapljanje okusov za ve\u010djo raznolikost<\/li>\n<li>\ud83d\udca8 Dvojna mre\u017ena tuljava za velike oblake in bogat okus<\/li>\n<li>\ud83d\udd0b polnjenje z LED nadzorom baterije<\/li>\n<li>\u26a1 Hitro polnjenje tipa C<\/li>\n<li>\ud83d\udce6 Pripravljeno za prodajo na debelo 10 kosov v \u0161katli<\/li>\n<li>\ud83c\udfea Idealno za prodajalne vape, distributerje in kupce v razsutem stanju<\/li>\n<\/ul>\n<p><strong>FIHP 90000 3-v-1 za enkratno uporabo<\/strong> je zasnovan za zahtevne uporabnike, lovce na okuse in distributerje na debelo, ki i\u0161\u010dejo naprave z visoko zmogljivostjo in vrhunsko zmogljivostjo. S trojno inovacijo okusov, ogromno koli\u010dino izpu\u0161\u010denih plinov in pametnim nadzorom LED je to zmogljiv dodatek k zalogam vape trgovin ali obse\u017enemu distribucijskemu portfelju.<\/p>\n<h3>FIHP 90K POGOSTA VPRA\u0160ANJA<\/h3>\n<p><strong>V1: Kako dolgo zdr\u017ei FIHP 90000?<\/strong><br \/>\nO: Glede na navade uporabe zagotavlja do 90.000 vdihov, kar znatno zmanj\u0161a pogostost zamenjave.<\/p>\n<p><strong>V2: Ali je napravo mogo\u010de polniti?<\/strong><br \/>\nO: Da, ima 650 mAh akumulatorsko baterijo s hitrim polnjenjem tipa C.<\/p>\n<p><strong>V3: Ali lahko uporabniki preklapljajo med okusi?<\/strong><br \/>\nO: Da, sistem 3 v 1 zdru\u017euje tri okuse v eni napravi za dinami\u010dno izku\u0161njo vapinga.<\/p>\n<p><strong>V4: Katere jakosti nikotina so na voljo?<\/strong><br \/>\nO: Na voljo je v nikotinskih razli\u010dicah 2% in 5%.<\/p>\n<p><strong>V5: Ali je to primerno za prodajo na debelo?<\/strong><br \/>\nO: Vsekakor. Na voljo je 10 kosov v \u0161katli, zato je idealen za vape trgovine in distribucijo v razsutem stanju.<\/p>","protected":false},"excerpt":{"rendered":"<p><strong>FIHP 90000 3-v-1 za enkratno uporabo<\/strong> zagotavlja do 90.000 puhov s trojnimi okusi, 42 ml e-teko\u010dine, LED zaslon in polnilno napajanje, dvojna mre\u017ena spirala, ogromni oblaki, embala\u017ea, pripravljena za prodajo na debelo.<\/p>","protected":false},"featured_media":111131,"comment_status":"open","ping_status":"closed","template":"","meta":[],"product_brand":[236],"product_cat":[18],"product_tag":[513,516,512,349,330,511,515,331,514,497],"class_list":{"0":"post-111052","1":"product","2":"type-product","3":"status-publish","4":"has-post-thumbnail","6":"product_brand-fihp","7":"product_cat-fihp","8":"product_tag-3-in-1-vape","9":"product_tag-90000-puffs-vape","10":"product_tag-90k-disposable-vape","11":"product_tag-bulk-disposable-vape","12":"product_tag-dual-mesh-coil-vape","13":"product_tag-fihp-90000","14":"product_tag-led-screen-disposable-vape","15":"product_tag-rechargeable-disposable-vape","16":"product_tag-triple-flavor-vape","17":"product_tag-wholesale-vape-supplier","19":"first","20":"instock","21":"shipping-taxable","22":"purchasable","23":"product-type-variable","24":"has-default-attributes"},"jetpack_sharing_enabled":true,"tiered_pricing_type":"fixed","tiered_pricing_fixed_rules":{"30":9.589999999999999857891452847979962825775146484375,"50":7.910000000000000142108547152020037174224853515625,"100":7.38999999999999968025576890795491635799407958984375,"200":6.7400000000000002131628207280300557613372802734375,"400":6.21999999999999975131004248396493494510650634765625},"tiered_pricing_product_settings":{"layout":"default","base_unit_name":{"singular":null,"plural":null},"default_variation":null},"tiered_pricing_minimum_quantity":10,"tiered_pricing_roles_data":[],"tiered_pricing_percentage_rules":[],"tiered_pricing_maximum_quantity":null,"tiered_pricing_quantity_step":"10","_links":{"self":[{"href":"https:\/\/aiviouvapes.com\/sl\/wp-json\/wp\/v2\/product\/111052","targetHints":{"allow":["GET"]}}],"collection":[{"href":"https:\/\/aiviouvapes.com\/sl\/wp-json\/wp\/v2\/product"}],"about":[{"href":"https:\/\/aiviouvapes.com\/sl\/wp-json\/wp\/v2\/types\/product"}],"replies":[{"embeddable":true,"href":"https:\/\/aiviouvapes.com\/sl\/wp-json\/wp\/v2\/comments?post=111052"}],"wp:featuredmedia":[{"embeddable":true,"href":"https:\/\/aiviouvapes.com\/sl\/wp-json\/wp\/v2\/media\/111131"}],"wp:attachment":[{"href":"https:\/\/aiviouvapes.com\/sl\/wp-json\/wp\/v2\/media?parent=111052"}],"wp:term":[{"taxonomy":"product_brand","embeddable":true,"href":"https:\/\/aiviouvapes.com\/sl\/wp-json\/wp\/v2\/product_brand?post=111052"},{"taxonomy":"product_cat","embeddable":true,"href":"https:\/\/aiviouvapes.com\/sl\/wp-json\/wp\/v2\/product_cat?post=111052"},{"taxonomy":"product_tag","embeddable":true,"href":"https:\/\/aiviouvapes.com\/sl\/wp-json\/wp\/v2\/product_tag?post=111052"}],"curies":[{"name":"wp","href":"https:\/\/api.w.org\/{rel}","templated":true}]}}