{"id":110883,"date":"2026-02-26T23:42:34","date_gmt":"2026-02-26T15:42:34","guid":{"rendered":"https:\/\/aiviouvapes.com\/?post_type=product&#038;p=110883"},"modified":"2026-03-17T11:12:02","modified_gmt":"2026-03-17T03:12:02","slug":"bang-box-160k","status":"publish","type":"product","link":"https:\/\/aiviouvapes.com\/sl\/product\/bang-box-160k\/","title":{"rendered":"Bang Box 160K | 4-v-1 160000 puffov, \u0161tiri okuse, 1,0\u03a9 mre\u017ena tuljava, LCD zaslon, 0%-5% nikotin, polnilna vape za enkratno uporabo"},"content":{"rendered":"<h3>\ud83d\udd25 Bang Box 160K 4-v-1 za enkratno uporabo<\/h3>\n<p>Spoznajte <strong>Bang Box 160K 4-v-1 za enkratno uporabo<\/strong> - zmogljiva naprava, zasnovana za izjemno dolgo \u017eivljenjsko dobo, izrazit okus in komercialno privla\u010dnost. Zasnovana z <strong>\u0161tirje okusi v eni napravi<\/strong>, ta visokozmogljiva naprava za enkratno uporabo zagotavlja do <strong>160.000 izpuhov<\/strong> z gladkim izhodom in doslednim proizvajanjem pare.<\/p>\n<p>Opremljen je z <strong>1,0\u03a9 mre\u017ena tuljava<\/strong>, <strong>Zaslon LCD<\/strong>in <strong>Baterija za polnjenje tipa C s kapaciteto 650 mAh<\/strong>, Bang Box 160K zdru\u017euje vrhunsko tehnologijo in vsestranskost okusa. Idealen je za intenzivne uporabnike, prodajalne vape, distributerje in kupce velikih koli\u010din, ki i\u0161\u010dejo vrhunski izdelek z visoko mar\u017eo. \ud83d\udca8\u26a1<\/p>\n<h3>\u2699\ufe0f Bang Box 160K 4-v-1 Specifikacije<\/h3>\n<table>\n<tbody>\n<tr>\n<td><strong>Ime naprave<\/strong><\/td>\n<td>Bang Box 160K 4-v-1 za enkratno uporabo<\/td>\n<\/tr>\n<tr>\n<td><strong>\u0160tevilo puffov<\/strong><\/td>\n<td>Do 160.000 vdihov<\/td>\n<\/tr>\n<tr>\n<td><strong>Sistem okusov<\/strong><\/td>\n<td>4 okusi v 1 napravi<\/td>\n<\/tr>\n<tr>\n<td><strong>Mo\u010d nikotina<\/strong><\/td>\n<td>0% \/ 2% \/ 3% \/ 5%<\/td>\n<\/tr>\n<tr>\n<td><strong>Zmogljivost baterije<\/strong><\/td>\n<td>650 mAh za polnjenje<\/td>\n<\/tr>\n<tr>\n<td><strong>Polnilna vrata<\/strong><\/td>\n<td>Type-C<\/td>\n<\/tr>\n<tr>\n<td><strong>Vrsta tuljave<\/strong><\/td>\n<td>1.0\u03a9 mre\u017ena tuljava<\/td>\n<\/tr>\n<tr>\n<td><strong>Prikaz<\/strong><\/td>\n<td>Zaslon LCD<\/td>\n<\/tr>\n<tr>\n<td><strong>Mo\u017enosti okusa<\/strong><\/td>\n<td>10 izdaj s \u0161tirimi okusi<\/td>\n<\/tr>\n<\/tbody>\n<\/table>\n<h3>\ud83c\udf53 Bang Box 160K Kombinacije okusov 4 v 1 (izdaje 4 v 1)<\/h3>\n<table>\n<tbody>\n<tr>\n<td><strong>Izdaja<\/strong><\/td>\n<td><strong>Okus 1<\/strong><\/td>\n<td><strong>Okus 2<\/strong><\/td>\n<td><strong>Okus 3<\/strong><\/td>\n<td><strong>Okus 4<\/strong><\/td>\n<\/tr>\n<tr>\n<td>01<\/td>\n<td>\u010ce\u0161nja brusnica<\/td>\n<td>Trojni jagodi\u010devje<\/td>\n<td>jagoda Pitaya<\/td>\n<td>lubenica Bubblegum<\/td>\n<\/tr>\n<tr>\n<td>02<\/td>\n<td>Grozdni led<\/td>\n<td>Li\u010dejski led<\/td>\n<td>Peach Berry<\/td>\n<td>Kivi Pasijonka Guava<\/td>\n<\/tr>\n<tr>\n<td>03<\/td>\n<td>Limona Limeta<\/td>\n<td>Jagodni led<\/td>\n<td>Malina lubenica<\/td>\n<td>Mango breskev<\/td>\n<\/tr>\n<tr>\n<td>04<\/td>\n<td>Limona Limeta<\/td>\n<td>Led iz lubenice<\/td>\n<td>\u010crni led Dragon Fruit jagoda<\/td>\n<td>Love66<\/td>\n<\/tr>\n<tr>\n<td>05<\/td>\n<td>Jagodna lubenica<\/td>\n<td>Roza limonada<\/td>\n<td>Triple Honeydew<\/td>\n<td>Ledeni \u010crni Zmaj<\/td>\n<\/tr>\n<tr>\n<td>06<\/td>\n<td>Kisli mango ananas<\/td>\n<td>Limonska soda Cola<\/td>\n<td>Peach Berry<\/td>\n<td>Jagoda Banana<\/td>\n<\/tr>\n<tr>\n<td>07<\/td>\n<td>Jagoda Mango<\/td>\n<td>jagoda Vanilla Cola<\/td>\n<td>Blue Razz Led<\/td>\n<td>jagoda kivi<\/td>\n<\/tr>\n<tr>\n<td>08<\/td>\n<td>Jagodna lubenica<\/td>\n<td>Red Bull<\/td>\n<td>So\u010dni breskov led<\/td>\n<td>Osve\u017eitev z grenivko<\/td>\n<\/tr>\n<tr>\n<td>09<\/td>\n<td>Vanilla Cola<\/td>\n<td>Citronska breskev<\/td>\n<td>Jagodni malinovo-\u010de\u0161njev led<\/td>\n<td>Grozdni led<\/td>\n<\/tr>\n<tr>\n<td>10<\/td>\n<td>Led iz lubenice<\/td>\n<td>Jagoda Mango<\/td>\n<td>Borovni\u010dev led<\/td>\n<td>Fizzy Cherry<\/td>\n<\/tr>\n<\/tbody>\n<\/table>\n<h3>\ud83d\udc8e Zakaj izbrati Bang Box 160K?<\/h3>\n<ul>\n<li>\ud83d\udd25 Massive <strong>160.000 puff<\/strong> zmogljivost za dolgoro\u010dno uporabo<\/li>\n<li>\ud83c\udfaf preklop ve\u010d okusov 4 v 1 za najve\u010djo raznolikost<\/li>\n<li>\u26a1 Akumulatorska baterija 650 mAh s hitrim polnjenjem tipa C<\/li>\n<li>\ud83d\udcca Pametni zaslon LCD za spremljanje baterije in uporabe<\/li>\n<li>\ud83d\udca8 1,0\u03a9 mre\u017ena tuljava za gladko in gosto proizvodnjo pare<\/li>\n<li>\ud83d\udce6 Idealno za distribucijo na debelo in maloprodajo z visoko mar\u017eo<\/li>\n<li>\ud83c\udf0d Ve\u010d mo\u017enosti nikotina, ki ustrezajo povpra\u0161evanju na trgu<\/li>\n<\/ul>\n<h3>\ud83d\ude80 Kot nala\u0161\u010d za kupce na drobno in debelo<\/h3>\n<p>Bang Box 160K je izdelan za <strong>pogosti uporabniki<\/strong> ki zahtevajo vzdr\u017eljivost, <strong>lovci okusov<\/strong> ki si \u017eelijo raznolikosti, in <strong>trgovine in distributerji vape<\/strong> i\u0161\u010dete vrhunsko napravo z veliko zmogljivostjo, ki bo izstopala na policah. Zaradi sistema \u0161tirih okusov, dolge \u017eivljenjske dobe in sodobnega zaslona LCD je zmogljiv dodatek k vsaki zalogi v razsutem stanju.<\/p>\n<p>\u010ce se usmerjate k strankam, ki kupujejo veliko koli\u010dino izdelkov za enkratno uporabo, ali raz\u0161irjate svoj veleprodajni katalog z naslednjo napravo, je Bang Box 160K 4-v-1 zasnovan tako, da spodbuja ponavljajo\u010do se prodajo in visoke stopnje dobi\u010dka. \ud83d\udcbc\ud83d\udca8<\/p>\n<h3>\u2753 POGOSTA VPRA\u0160ANJA<\/h3>\n<p><strong>V1: Kako dolgo zdr\u017ei Bang Box 160K?<\/strong><br \/>\nOdvisno od navad uporabe in izbrane jakosti nikotina omogo\u010da do 160.000 vdihov.<\/p>\n<p><strong>V2: Ali je napravo mogo\u010de polniti?<\/strong><br \/>\nDa. ima baterijo s 650 mAh za polnjenje s podporo za polnjenje tipa C.<\/p>\n<p><strong>V3: Ali lahko uporabniki preklapljajo med okusi?<\/strong><br \/>\nDa. Vsaka naprava vklju\u010duje \u0161tiri integrirane okuse v eni enoti.<\/p>\n<p><strong>V4: Katere jakosti nikotina so na voljo?<\/strong><br \/>\nNa voljo v nikotinskih razli\u010dicah 0%, 2%, 3% in 5%.<\/p>\n<p><strong>V5: Ali je to primerno za naro\u010dila na debelo?<\/strong><br \/>\nAbsolutno. Bang Box 160K je zasnovan za kupce v velikih koli\u010dinah, distributerje in prodajalce na drobno, ki i\u0161\u010dejo naprave za enkratno uporabo z veliko zmogljivostjo in velikim povpra\u0161evanjem.<\/p>","protected":false},"excerpt":{"rendered":"<p>Bang Box 160K 4-v-1 za enkratno uporabo zagotavlja 160000 puhov, \u0161tiri okuse, mo\u010d mre\u017easte tuljave in priro\u010dnost polnjenja za maloprodajne in veleprodajne kupce.<\/p>","protected":false},"featured_media":110978,"comment_status":"open","ping_status":"closed","template":"","meta":[],"product_brand":[239],"product_cat":[37,126,127],"product_tag":[506,351,507,468],"class_list":{"0":"post-110883","1":"product","2":"type-product","3":"status-publish","4":"has-post-thumbnail","6":"product_brand-bang","7":"product_cat-bang","8":"product_cat-15000-puffs-disposable-vape","9":"product_cat-16000-puffs-disposable-vape","10":"product_tag-160000-puffs-disposable-vape","11":"product_tag-4-in-1-flavor-vape","12":"product_tag-high-capacity-mesh-coil-vape","13":"product_tag-rechargeable-bulk-disposable-vape","15":"first","16":"instock","17":"shipping-taxable","18":"purchasable","19":"product-type-variable","20":"has-default-attributes"},"jetpack_sharing_enabled":true,"tiered_pricing_type":"fixed","tiered_pricing_fixed_rules":{"30":9.4000000000000003552713678800500929355621337890625,"50":7.839999999999999857891452847979962825775146484375,"100":7.32000000000000028421709430404007434844970703125,"200":6.79999999999999982236431605997495353221893310546875,"400":6.160000000000000142108547152020037174224853515625},"tiered_pricing_product_settings":{"layout":"default","base_unit_name":{"singular":null,"plural":null},"default_variation":null},"tiered_pricing_minimum_quantity":10,"tiered_pricing_roles_data":[],"tiered_pricing_percentage_rules":[],"tiered_pricing_maximum_quantity":null,"tiered_pricing_quantity_step":"10","_links":{"self":[{"href":"https:\/\/aiviouvapes.com\/sl\/wp-json\/wp\/v2\/product\/110883","targetHints":{"allow":["GET"]}}],"collection":[{"href":"https:\/\/aiviouvapes.com\/sl\/wp-json\/wp\/v2\/product"}],"about":[{"href":"https:\/\/aiviouvapes.com\/sl\/wp-json\/wp\/v2\/types\/product"}],"replies":[{"embeddable":true,"href":"https:\/\/aiviouvapes.com\/sl\/wp-json\/wp\/v2\/comments?post=110883"}],"wp:featuredmedia":[{"embeddable":true,"href":"https:\/\/aiviouvapes.com\/sl\/wp-json\/wp\/v2\/media\/110978"}],"wp:attachment":[{"href":"https:\/\/aiviouvapes.com\/sl\/wp-json\/wp\/v2\/media?parent=110883"}],"wp:term":[{"taxonomy":"product_brand","embeddable":true,"href":"https:\/\/aiviouvapes.com\/sl\/wp-json\/wp\/v2\/product_brand?post=110883"},{"taxonomy":"product_cat","embeddable":true,"href":"https:\/\/aiviouvapes.com\/sl\/wp-json\/wp\/v2\/product_cat?post=110883"},{"taxonomy":"product_tag","embeddable":true,"href":"https:\/\/aiviouvapes.com\/sl\/wp-json\/wp\/v2\/product_tag?post=110883"}],"curies":[{"name":"wp","href":"https:\/\/api.w.org\/{rel}","templated":true}]}}