{"id":102435,"date":"2026-02-26T01:55:49","date_gmt":"2026-02-25T17:55:49","guid":{"rendered":"https:\/\/aiviouvapes.com\/?post_type=product&#038;p=102435"},"modified":"2026-03-17T18:41:24","modified_gmt":"2026-03-17T10:41:24","slug":"uwin-digital-box-68k","status":"publish","type":"product","link":"https:\/\/aiviouvapes.com\/sl\/product\/uwin-digital-box-68k\/","title":{"rendered":"UWIN DIGITAL BOX 68K | pametni zaslon LED, 68000 izpuhov, velika zmogljivost, vape za enkratno uporabo"},"content":{"rendered":"<p><!-- Short SEO Description --><\/p>\n<p><!-- Product Title --><\/p>\n<p><!-- Long-form Product Description --><\/p>\n<p>The <strong>Uwin Digitalna \u0161katla 68K<\/strong> je zasnovan za uporabnike, ki \u017eelijo <strong>najve\u010dje \u0161tevilo potegov, mo\u010dan okus in pametno upravljanje<\/strong> v enem zmogljivem aparatu za enkratno uporabo.<br \/>\nZ neverjetno <strong>68.000 izpuhov<\/strong> in <strong>jasen digitalni zaslon LED<\/strong>, je ta naprava zasnovana tako, da zdr\u017ei dlje, se prodaja hitreje ter navdu\u0161uje tako maloprodajne kupce kot tudi kupce na debelo. \ud83d\ude80<\/p>\n<p>Njena sodobna oblika v obliki \u0161katle se udobno dr\u017ei v roki, inteligentni zaslon pa prikazuje stanje baterije in uporabo v realnem \u010dasu - brez ugibanj in presene\u010denj.<br \/>\nZa trgovine z vape, distributerje in kupce v velikih koli\u010dinah je Uwin Digital Box 68K zanesljiv izdelek z visoko mar\u017eo, po katerega se stranke rade vra\u010dajo. \ud83d\udcbc<\/p>\n<h2>Zakaj izbrati Uwin Digital Box 68K?<\/h2>\n<ul>\n<li>\ud83d\udca8 Massive <strong>68.000 izpuhov<\/strong> za dolgotrajno uporabo<\/li>\n<li>\ud83d\udcdf <strong>Pametni digitalni zaslon LED<\/strong> jasno prikazuje baterijo in uporabo<\/li>\n<li>\ud83d\udd0b Baterija z visoko zmogljivostjo za polnjenje za dalj\u0161e delovanje<\/li>\n<li>\ud83d\udd25 Gladko vle\u010denje s stabilno koli\u010dino pare<\/li>\n<li>\ud83c\udf53 10 priljubljenih okusov, ki se hitro prodajajo v maloprodajnih trgovinah<\/li>\n<li>\ud83d\udce6 Kot nala\u0161\u010d za <strong>Naro\u010dila v razsutem stanju in distribucija na debelo<\/strong><\/li>\n<li>\ud83c\udfea Odli\u010dna izbira za prodajalne vape, preprodajalce in distributerje<\/li>\n<\/ul>\n<h2>Uwin Digitalna \u0161katla 68K Specifikacije<\/h2>\n<table>\n<tbody>\n<tr>\n<th>Funkcija<\/th>\n<th>Podrobnosti<\/th>\n<\/tr>\n<tr>\n<td>\u0160tevilo puffov<\/td>\n<td>Pribli\u017eno 68.000 puhlic \ud83d\udca8<\/td>\n<\/tr>\n<tr>\n<td>Model<\/td>\n<td>Uwin Digitalna \u0161katla 68K<\/td>\n<\/tr>\n<tr>\n<td>Prikaz<\/td>\n<td>Pametni digitalni zaslon LED<\/td>\n<\/tr>\n<tr>\n<td>Baterija<\/td>\n<td>Baterija z visoko zmogljivostjo za ponovno polnjenje \ud83d\udd0b<\/td>\n<\/tr>\n<tr>\n<td>Vrsta tuljave<\/td>\n<td>Napredna mre\u017ena tuljava za gladek okus<\/td>\n<\/tr>\n<tr>\n<td>Mo\u010d nikotina<\/td>\n<td>0% \/ 2% \/ 3% \/ 5% mo\u017enosti so na voljo<\/td>\n<\/tr>\n<tr>\n<td>Paket<\/td>\n<td>Veleprodajni paketi v razsutem stanju so na voljo<\/td>\n<\/tr>\n<\/tbody>\n<\/table>\n<p><img data-recalc-dims=\"1\" loading=\"lazy\" decoding=\"async\" class=\"alignnone size-full wp-image-102537\" src=\"https:\/\/i0.wp.com\/aiviouvapes.com\/wp-content\/uploads\/2026\/01\/UWIN-DIGITAL-BOX-68K-2.jpg?resize=1020%2C1020&#038;ssl=1\" alt=\",\" width=\"1020\" height=\"1020\" title=\"\" srcset=\"https:\/\/i0.wp.com\/aiviouvapes.com\/wp-content\/uploads\/2026\/01\/UWIN-DIGITAL-BOX-68K-2.jpg?w=1536&amp;ssl=1 1536w, https:\/\/i0.wp.com\/aiviouvapes.com\/wp-content\/uploads\/2026\/01\/UWIN-DIGITAL-BOX-68K-2.jpg?resize=300%2C300&amp;ssl=1 300w, https:\/\/i0.wp.com\/aiviouvapes.com\/wp-content\/uploads\/2026\/01\/UWIN-DIGITAL-BOX-68K-2.jpg?resize=1024%2C1024&amp;ssl=1 1024w, https:\/\/i0.wp.com\/aiviouvapes.com\/wp-content\/uploads\/2026\/01\/UWIN-DIGITAL-BOX-68K-2.jpg?resize=150%2C150&amp;ssl=1 150w, https:\/\/i0.wp.com\/aiviouvapes.com\/wp-content\/uploads\/2026\/01\/UWIN-DIGITAL-BOX-68K-2.jpg?resize=768%2C768&amp;ssl=1 768w, https:\/\/i0.wp.com\/aiviouvapes.com\/wp-content\/uploads\/2026\/01\/UWIN-DIGITAL-BOX-68K-2.jpg?resize=12%2C12&amp;ssl=1 12w, https:\/\/i0.wp.com\/aiviouvapes.com\/wp-content\/uploads\/2026\/01\/UWIN-DIGITAL-BOX-68K-2.jpg?resize=400%2C400&amp;ssl=1 400w, https:\/\/i0.wp.com\/aiviouvapes.com\/wp-content\/uploads\/2026\/01\/UWIN-DIGITAL-BOX-68K-2.jpg?resize=800%2C800&amp;ssl=1 800w, https:\/\/i0.wp.com\/aiviouvapes.com\/wp-content\/uploads\/2026\/01\/UWIN-DIGITAL-BOX-68K-2.jpg?resize=100%2C100&amp;ssl=1 100w\" sizes=\"auto, (max-width: 1020px) 100vw, 1020px\" \/><\/p>\n<h2>Uwin Digital Box 68K Razpolo\u017eljivi okusi<\/h2>\n<ul>\n<li><strong>Borovnica malina<\/strong> - Sladke borovnice, pome\u0161ane s pikantno malino \ud83c\udf47<\/li>\n<li><strong>Jagodna lubenica<\/strong> - So\u010dna lubenica s sladkostjo zrelih jagod \ud83c\udf49<\/li>\n<li><strong>Led iz lubenice<\/strong> - Sve\u017ea lubenica z ledeno hladnostjo \u2744\ufe0f<\/li>\n<li><strong>Cherry Ice<\/strong> - Drzen okus \u010de\u0161nje s hladnim izdihom \ud83c\udf52<\/li>\n<li><strong>Kivi Pasijonka Guava<\/strong> - Tropska me\u0161anica, polna svetlih in eksoti\u010dnih not \ud83e\udd5d<\/li>\n<li><strong>Poletni breskov led<\/strong> - Gladka breskev z osve\u017eujo\u010dim ledenim pridihom \ud83c\udf51<\/li>\n<li><strong>jagoda kivi<\/strong> - Klasi\u010dna kombinacija sladko-kislega sadja \ud83c\udf53<\/li>\n<li><strong>Me\u0161ano jagodi\u010devje<\/strong> - Bogata me\u0161anica gozdnih jagod \ud83e\uded0<\/li>\n<li><strong>Gospod Modri<\/strong> - Hladen okus skrivnostnih jagod s sve\u017eim zaklju\u010dkom \ud83d\udc99<\/li>\n<li><strong>Red Bull<\/strong> - Navdihnjen z okusom energijske pija\u010de za drzen zagon \u26a1<\/li>\n<\/ul>\n<p>The <strong><a href=\"https:\/\/aiviouvapes.com\/sl\/kategorija-izdelka\/uwin\/\">Uwin<\/a> Digitalna \u0161katla 68K<\/strong> je kot nala\u0161\u010d za <strong>pogosti uporabniki<\/strong> ki \u017eelijo manj zamenjav,<br \/>\n<strong>lovci okusov<\/strong> ki u\u017eivajo v bogatem okusu, in <strong>prodajalne vape<\/strong> i\u0161\u010dete izdelek z velikim povpra\u0161evanjem.<br \/>\nPrav tako je odli\u010dna mo\u017enost za <strong>trgovina na debelo in distribucija v razsutem stanju<\/strong>, ki zagotavlja veliko ponovitev prodaje in zadovoljstvo strank.<\/p>\n<h2>POGOSTA VPRA\u0160ANJA<\/h2>\n<p><strong>V: Kako dolgo zdr\u017ei digitalna \u0161katla Uwin 68K?<\/strong><br \/>\nO: Z do 68.000 vdihi lahko zdr\u017ei ve\u010d tednov ali celo dlje, odvisno od uporabni\u0161kih navad.<\/p>\n<p><strong>V: Kaj prikazuje zaslon LED?<\/strong><br \/>\nO: Zaslon LED prikazuje raven napolnjenosti baterije in stanje uporabe, kar olaj\u0161a upravljanje.<\/p>\n<p><strong>V: Ali je ta izdelek primeren za veleprodajne kupce?<\/strong><br \/>\nO: Da, zasnovan je za nakup v razsutem stanju, zato je idealen za trgovine z vape in distributerje.<\/p>\n<p><strong>V: Ali ga je treba polniti?<\/strong><br \/>\nO: Da, naprava ima akumulatorsko baterijo, ki omogo\u010da veliko \u0161tevilo izpuhov.<\/p>\n<p><strong>V: Ali so me\u0161ani okusi na voljo pri naro\u010dilih v razsutem stanju?<\/strong><br \/>\nO: Da, naklju\u010dni paketi me\u0161anih okusov so na voljo za nakup na debelo.<\/p>","protected":false},"excerpt":{"rendered":"<p><strong>Uwin Digitalna \u0161katla 68K za enkratno uporabo vape<\/strong> s pametnim zaslonom LED, velikim 68.000 pufi, bogatimi okusi in veleprodajnimi paketi. Idealen za trgovine z vape opremo in distributerje.<\/p>","protected":false},"featured_media":102540,"comment_status":"open","ping_status":"closed","template":"","meta":[],"product_brand":[247],"product_cat":[224,242],"product_tag":[491,349,464,459],"class_list":{"0":"post-102435","1":"product","2":"type-product","3":"status-publish","4":"has-post-thumbnail","6":"product_brand-uwin","7":"product_cat-uwin","8":"product_cat-60000-puffs-disposable-vape","9":"product_tag-60000-puffs-vape","10":"product_tag-bulk-disposable-vape","11":"product_tag-smart-screen-vape","12":"product_tag-wholesale-vape-device","14":"first","15":"instock","16":"shipping-taxable","17":"purchasable","18":"product-type-variable","19":"has-default-attributes"},"jetpack_sharing_enabled":true,"tiered_pricing_type":"fixed","tiered_pricing_fixed_rules":{"30":8.5600000000000004973799150320701301097869873046875,"50":6.87000000000000010658141036401502788066864013671875,"100":6.3499999999999996447286321199499070644378662109375,"200":5.70000000000000017763568394002504646778106689453125,"400":5.37999999999999989341858963598497211933135986328125},"tiered_pricing_product_settings":{"layout":"default","base_unit_name":{"singular":null,"plural":null},"default_variation":null},"tiered_pricing_minimum_quantity":10,"tiered_pricing_roles_data":[],"tiered_pricing_percentage_rules":[],"tiered_pricing_maximum_quantity":null,"tiered_pricing_quantity_step":"10","_links":{"self":[{"href":"https:\/\/aiviouvapes.com\/sl\/wp-json\/wp\/v2\/product\/102435","targetHints":{"allow":["GET"]}}],"collection":[{"href":"https:\/\/aiviouvapes.com\/sl\/wp-json\/wp\/v2\/product"}],"about":[{"href":"https:\/\/aiviouvapes.com\/sl\/wp-json\/wp\/v2\/types\/product"}],"replies":[{"embeddable":true,"href":"https:\/\/aiviouvapes.com\/sl\/wp-json\/wp\/v2\/comments?post=102435"}],"wp:featuredmedia":[{"embeddable":true,"href":"https:\/\/aiviouvapes.com\/sl\/wp-json\/wp\/v2\/media\/102540"}],"wp:attachment":[{"href":"https:\/\/aiviouvapes.com\/sl\/wp-json\/wp\/v2\/media?parent=102435"}],"wp:term":[{"taxonomy":"product_brand","embeddable":true,"href":"https:\/\/aiviouvapes.com\/sl\/wp-json\/wp\/v2\/product_brand?post=102435"},{"taxonomy":"product_cat","embeddable":true,"href":"https:\/\/aiviouvapes.com\/sl\/wp-json\/wp\/v2\/product_cat?post=102435"},{"taxonomy":"product_tag","embeddable":true,"href":"https:\/\/aiviouvapes.com\/sl\/wp-json\/wp\/v2\/product_tag?post=102435"}],"curies":[{"name":"wp","href":"https:\/\/api.w.org\/{rel}","templated":true}]}}