{"id":102365,"date":"2026-01-23T12:09:52","date_gmt":"2026-01-23T04:09:52","guid":{"rendered":"https:\/\/aiviouvapes.com\/?post_type=product&#038;p=102365"},"modified":"2026-04-17T22:14:01","modified_gmt":"2026-04-17T14:14:01","slug":"bang-box-200k","status":"publish","type":"product","link":"https:\/\/aiviouvapes.com\/sl\/product\/bang-box-200k\/","title":{"rendered":"BANG BOX 200K | 8 v 1 200000 puffov, \u0161tirikratna tuljava, prikazovalnik mo\u010di, vape za enkratno uporabo"},"content":{"rendered":"<p>Spoznajte <strong>BANG BOX 200K<\/strong> - pravi velikan na trgu vape za enkratno uporabo. Ta naprava je zasnovana za vzdr\u017eljivost, raznolikost okusov in profesionalno distribucijo. <strong>200.000 vpihov<\/strong> v eni zmogljivi enoti. Z naprednimi <strong>tehnologija \u0161tirikratne tuljave<\/strong>, a <strong>pametni prikazovalnik mo\u010di<\/strong>, in edinstveno <strong>Sistem okusov 8 v 1<\/strong>, je kot nala\u0161\u010d za uporabnike, ki \u017eelijo ve\u010d, in podjetja, ki zahtevajo zanesljivost in vrednost \ud83d\udce6<\/p>\n<h2>Zakaj izbrati BANG BOX 200K?<\/h2>\n<ul>\n<li>\ud83d\udd25 Veliko do <strong>200.000 vpihov<\/strong> - ena naprava zadostuje za ve\u010d tednov<\/li>\n<li>\ud83c\udfa8 <strong>Zasnova okusa 8 v 1<\/strong> - ve\u010d okusov v enem samem izdelku za enkratno uporabo<\/li>\n<li>\u26a1 <strong>Sistem tuljav s \u0161tirimi mre\u017enimi o\u010desi<\/strong> za gladko paro in bogat okus<\/li>\n<li>\ud83d\udcfa <strong>Pametni zaslon za napajanje<\/strong> jasno prikazuje stanje baterije in e-teko\u010dine<\/li>\n<li>\ud83d\udd0b Visoka kakovost <strong>850 mAh \u010dista kobaltna akumulatorska baterija<\/strong><\/li>\n<li>\ud83d\udca7 Ogromno <strong>Skupna zmogljivost 100 ml<\/strong> (4 \u00d7 25 ml komore)<\/li>\n<li>\ud83d\ude9a Idealno za <strong>velika naro\u010dila, prodajalne vape in trgovci na debelo<\/strong><\/li>\n<\/ul>\n<h2>Specifikacije BANG BOX 200K<\/h2>\n<table>\n<tbody>\n<tr>\n<th>Funkcija<\/th>\n<th>Podrobnosti<\/th>\n<\/tr>\n<tr>\n<td>\u0160tevilo puffov<\/td>\n<td>Do 200.000 vdihov<\/td>\n<\/tr>\n<tr>\n<td>Sistem okusov<\/td>\n<td>8-v-1 ve\u010d okusov za enkratno uporabo<\/td>\n<\/tr>\n<tr>\n<td>Baterija<\/td>\n<td>850 mAh \u010distega kobalta (za ponovno polnjenje)<\/td>\n<\/tr>\n<tr>\n<td>Skupna zmogljivost e-teko\u010dine<\/td>\n<td>100 ml (4 \u00d7 25 ml)<\/td>\n<\/tr>\n<tr>\n<td>Tehnologija tuljave<\/td>\n<td>Quad Mesh Coil<\/td>\n<\/tr>\n<tr>\n<td>Polnilna vrata<\/td>\n<td>Hitro polnjenje tipa C<\/td>\n<\/tr>\n<tr>\n<td>Mo\u010d nikotina<\/td>\n<td>Mo\u017enosti po meri na voljo za prodajo na debelo<\/td>\n<\/tr>\n<\/tbody>\n<\/table>\n<figure class=\"wp-block-videopress-video wp-block-jetpack-videopress jetpack-videopress-player\"><div class=\"jetpack-videopress-player__wrapper\"><iframe title=\"VideoPress Video predvajalnik\" aria-label=\"VideoPress Video predvajalnik\" src=\"https:\/\/videopress.com\/embed\/Szf0xBf7?at=0&#038;controls=1&#038;preloadContent=metadata\" width=\"640\"height=\"360\" frameborder=\"0\" allowfullscreen data-resize-to-parent=\"true\" allow=\"clipboard-write\"><\/iframe><\/div><\/figure>\n<h2><img data-recalc-dims=\"1\" loading=\"lazy\" decoding=\"async\" class=\"alignnone size-full wp-image-102369\" src=\"https:\/\/i0.wp.com\/aiviouvapes.com\/wp-content\/uploads\/2026\/01\/BANG-BOX-200K-1.jpg?resize=1020%2C572&#038;ssl=1\" alt=\"BANG BOX 200K\" width=\"1020\" height=\"572\" title=\"\" srcset=\"https:\/\/i0.wp.com\/aiviouvapes.com\/wp-content\/uploads\/2026\/01\/BANG-BOX-200K-1.jpg?w=1600&amp;ssl=1 1600w, https:\/\/i0.wp.com\/aiviouvapes.com\/wp-content\/uploads\/2026\/01\/BANG-BOX-200K-1.jpg?resize=300%2C168&amp;ssl=1 300w, https:\/\/i0.wp.com\/aiviouvapes.com\/wp-content\/uploads\/2026\/01\/BANG-BOX-200K-1.jpg?resize=1024%2C574&amp;ssl=1 1024w, https:\/\/i0.wp.com\/aiviouvapes.com\/wp-content\/uploads\/2026\/01\/BANG-BOX-200K-1.jpg?resize=768%2C431&amp;ssl=1 768w, https:\/\/i0.wp.com\/aiviouvapes.com\/wp-content\/uploads\/2026\/01\/BANG-BOX-200K-1.jpg?resize=1536%2C861&amp;ssl=1 1536w, https:\/\/i0.wp.com\/aiviouvapes.com\/wp-content\/uploads\/2026\/01\/BANG-BOX-200K-1.jpg?resize=18%2C10&amp;ssl=1 18w, https:\/\/i0.wp.com\/aiviouvapes.com\/wp-content\/uploads\/2026\/01\/BANG-BOX-200K-1.jpg?resize=800%2C449&amp;ssl=1 800w\" sizes=\"auto, (max-width: 1020px) 100vw, 1020px\" \/><\/h2>\n<h2>Razpolo\u017eljive kombinacije okusov<\/h2>\n<p>Vsak <a href=\"https:\/\/aiviouvapes.com\/sl\/kategorija-izdelka\/bang\/\">BANG BOX<\/a> 200K ponuja vznemirljive kombinacije okusov, da bo vsak puh\u010dek sve\u017e in zabaven \ud83d\ude0b<\/p>\n<ul>\n<li><strong>Serija Blueberry:<\/strong> Borovni\u010dev led, borovni\u010deva lubenica, malina, limonina limeta<\/li>\n<li><strong>Lubenica in sladkarije:<\/strong> lubeni\u010dni led, \u017eve\u010dilka, \u010de\u0161njev led<\/li>\n<li><strong>Led in meta:<\/strong> Metni led, borovni\u010devo-malinov led, grozdni led, Nerdz Candy<\/li>\n<li><strong>Eksoti\u010dno sadje:<\/strong> Pasijonka, ananasov kokosov led, LOVE 66, trojna medena rosa<\/li>\n<li><strong>Jabolko in jagodi\u010devje:<\/strong> Dvojno jabolko, kislo jabolko, malina, robidni led<\/li>\n<li><strong>Jagodna me\u0161anica:<\/strong> Jagodni led, jagodni kivi, roza limonada<\/li>\n<li><strong>Cola in citrusi:<\/strong> Cherry Cola, brusnica, jagoda malina<\/li>\n<li><strong>Tropski mango:<\/strong> Trojni mango, mango pasijonka, ananasov led<\/li>\n<\/ul>\n<p>Od ledene sve\u017eine do sladkih bonbonov in tropskih me\u0161anic - paleta okusov je zasnovana tako, da zadovolji tako obi\u010dajne uporabnike kot resne lovce na okuse \ud83c\udf08<\/p>\n<h2>Idealno za uporabnike in podjetja<\/h2>\n<p>The <strong>BANG BOX 200K<\/strong> je odli\u010dna izbira za <strong>pogosti uporabniki<\/strong> ki \u017eelijo manj zamenjav, <strong>ljubitelji okusov<\/strong> ki u\u017eivajo v raznolikosti, in <strong>trgovine z elektronskimi cigaretami ali distributerji<\/strong> i\u0161\u010dete izdelek z visoko vrednostjo, ki pritegne pozornost. Zaradi dolge \u017eivljenjske dobe, vrhunske izdelave in oblikovanja, prijaznega do mno\u017eic, je idealen za veleprodajo in nadaljnjo prodajo po vsem svetu.<\/p>\n<h2>Pogosto zastavljena vpra\u0161anja (FAQ)<\/h2>\n<p><strong>V: Ali je mogo\u010de napravo BANG BOX 200K ponovno napolniti?<\/strong><br \/>\nO: Da \ud83d\udc4d Na voljo je z vhodom za polnjenje tipa C, tako da lahko baterijo polnite, dokler ne porabite vsega e-teko\u010dina.<\/p>\n<p><strong>V: Kako vem, da je baterija ali teko\u010dina izpraznjena?<\/strong><br \/>\nO: Pametni prikazovalnik energije jasno prikazuje preostalo raven napolnjenosti baterije in stanje uporabe.<\/p>\n<p><strong>V: Ali je to primerno za nakup na debelo ali v razsutem stanju?<\/strong><br \/>\nO: Vsekakor. Ta model je zasnovan za mno\u017ei\u010dno nakupovanje in je zelo priljubljen pri distributerjih vape in maloprodajnih trgovinah.<\/p>\n<p><strong>V: Ali je razlika med \u0161tirimi tuljavami res velika?<\/strong><br \/>\nO: Da! Tehnologija \u0161tirikratne tuljave zagotavlja bolj enakomerno segrevanje, mo\u010dnej\u0161i okus in bolj gladko paro z manj za\u017eganega okusa.<\/p>\n<p><strong>V: Ali je prijazen do za\u010detnikov?<\/strong><br \/>\nO: Da \ud83d\ude0a Brez gumbov, brez polnjenja, brez nastavitev. Samo vdihnite in u\u017eivajte.<\/p>","protected":false},"excerpt":{"rendered":"<p>Kupite mega 200.000 puffov BANG BOX 200K za enkratno uporabo s sistemom ve\u010d okusov 8 v 1, mo\u010djo \u0161tirih tuljav in pametnim zaslonom. Ustvarjen za intenzivne uporabnike, trgovine z vape izdelki in veleprodajne kupce, ki i\u0161\u010dejo dolgotrajno zmogljivost \ud83d\udca8<\/p>","protected":false},"featured_media":102374,"comment_status":"open","ping_status":"closed","template":"","meta":[],"product_brand":[239],"product_cat":[37,129],"product_tag":[490,349,456,331,459],"class_list":{"0":"post-102365","1":"product","2":"type-product","3":"status-publish","4":"has-post-thumbnail","6":"product_brand-bang","7":"product_cat-bang","8":"product_cat-20000-puffs-disposable-vape","9":"product_tag-200000-puffs-vape","10":"product_tag-bulk-disposable-vape","11":"product_tag-disposable-vape","12":"product_tag-rechargeable-disposable-vape","13":"product_tag-wholesale-vape-device","15":"first","16":"instock","17":"shipping-taxable","18":"purchasable","19":"product-type-variable","20":"has-default-attributes"},"jetpack_sharing_enabled":true,"tiered_pricing_type":"fixed","tiered_pricing_fixed_rules":{"30":10.2400000000000002131628207280300557613372802734375,"50":8.8100000000000004973799150320701301097869873046875,"100":8.03999999999999914734871708787977695465087890625,"200":7.6500000000000003552713678800500929355621337890625,"400":7.12999999999999989341858963598497211933135986328125},"tiered_pricing_product_settings":{"layout":"default","base_unit_name":{"singular":null,"plural":null},"default_variation":null},"tiered_pricing_minimum_quantity":10,"tiered_pricing_roles_data":[],"tiered_pricing_percentage_rules":[],"tiered_pricing_maximum_quantity":null,"tiered_pricing_quantity_step":"10","_links":{"self":[{"href":"https:\/\/aiviouvapes.com\/sl\/wp-json\/wp\/v2\/product\/102365","targetHints":{"allow":["GET"]}}],"collection":[{"href":"https:\/\/aiviouvapes.com\/sl\/wp-json\/wp\/v2\/product"}],"about":[{"href":"https:\/\/aiviouvapes.com\/sl\/wp-json\/wp\/v2\/types\/product"}],"replies":[{"embeddable":true,"href":"https:\/\/aiviouvapes.com\/sl\/wp-json\/wp\/v2\/comments?post=102365"}],"wp:featuredmedia":[{"embeddable":true,"href":"https:\/\/aiviouvapes.com\/sl\/wp-json\/wp\/v2\/media\/102374"}],"wp:attachment":[{"href":"https:\/\/aiviouvapes.com\/sl\/wp-json\/wp\/v2\/media?parent=102365"}],"wp:term":[{"taxonomy":"product_brand","embeddable":true,"href":"https:\/\/aiviouvapes.com\/sl\/wp-json\/wp\/v2\/product_brand?post=102365"},{"taxonomy":"product_cat","embeddable":true,"href":"https:\/\/aiviouvapes.com\/sl\/wp-json\/wp\/v2\/product_cat?post=102365"},{"taxonomy":"product_tag","embeddable":true,"href":"https:\/\/aiviouvapes.com\/sl\/wp-json\/wp\/v2\/product_tag?post=102365"}],"curies":[{"name":"wp","href":"https:\/\/api.w.org\/{rel}","templated":true}]}}