{"id":9135,"date":"2024-08-21T10:54:29","date_gmt":"2024-08-21T10:54:29","guid":{"rendered":"https:\/\/aiviouvapes.com\/?page_id=9135"},"modified":"2024-12-02T02:32:31","modified_gmt":"2024-12-01T18:32:31","slug":"buy-vapes-in-belgium-with-bancontact","status":"publish","type":"page","link":"https:\/\/aiviouvapes.com\/sl\/buy-vapes-in-belgium-with-bancontact\/","title":{"rendered":"Kupite Vapes v Belgiji z Bancontact"},"content":{"rendered":"<p>Bancontact je priljubljen elektronski pla\u010dilni sistem v Belgiji, ki zagotavlja varen, u\u010dinkovit in uporabniku prijazen na\u010din izvajanja transakcij na spletu in brez njega. Bancontact kot nacionalno priznana pla\u010dilna mo\u017enost omogo\u010da nemotene in zanesljive transakcije tako belgijskim potro\u0161nikom kot podjetjem. Sistem podpira \u0161tevilne pla\u010dilne scenarije, od brezsti\u010dnih in mobilnih pla\u010dil do spletnih nakupov, zato je vsestranska in priro\u010dna izbira za vsakodnevno uporabo.<\/p>\n<h3>Zakaj izbrati Bancontact?<\/h3>\n<p><strong>1. Enostavna in prilagodljiva pla\u010dila za vse zneske<\/strong><br \/>\nBancontact je zasnovan tako, da omogo\u010da transakcije vseh velikosti, ne glede na to, ali gre za manj\u0161i nakup ali ve\u010dje pla\u010dilo. S kartico Bancontact lahko uporabniki brez skrbi uporabljajo kartico za katerikoli znesek, zato je priro\u010dna mo\u017enost za vse vrste izdatkov, od nakupov \u017eivil do velikih vrednosti.<\/p>\n<p><strong>2. Hitra brezsti\u010dna pla\u010dila<\/strong><br \/>\nZa tiste, ki cenijo hitrost in udobje, Bancontact ponuja mo\u017enost brezsti\u010dnega pla\u010devanja. Kartico Bancontact samo pridr\u017eite v bli\u017eini brezsti\u010dnega terminala in pla\u010dilo bo opravljeno takoj. Ta funkcija je odli\u010dna za hitre nakupe, zaradi \u010desar so vrste na blagajnah hitrej\u0161e in u\u010dinkovitej\u0161e.<\/p>\n<p><strong>3. Varno spletno nakupovanje<\/strong><br \/>\nSpletni trgovci na drobno \u0161iroko sprejemajo Bancontact, kar belgijskim potro\u0161nikom omogo\u010da enostavno nakupovanje v razli\u010dnih spletnih trgovinah. Brezhibna integracija sistema Bancontact v platforme za e-trgovanje ponuja varen in u\u010dinkovit na\u010din pla\u010dila za spletno nakupovanje, ki potro\u0161nikom omogo\u010da samozavestno nakupovanje od doma.<\/p>\n<p><strong>4. Enostavno mobilno pla\u010devanje<\/strong><br \/>\nZ aplikacijo Payconiq by Bancontact lahko uporabniki izvajajo mobilna pla\u010dila v trgovinah, na spletu in celo v restavracijah. Ta aplikacija \u0161e dodatno raz\u0161irja uporabnost Bancontact, saj uporabnikom omogo\u010da, da s svojimi mobilnimi napravami opravljajo pla\u010dila na poti, kjerkoli sta sprejeta Bancontact ali Payconiq.<\/p>\n<p><strong>5. Udobni dvigi gotovine<\/strong><br \/>\nBancontact uporabnikom omogo\u010da tudi varen in enostaven dvig gotovine, tako da lahko kadar koli dostopajo do svojih sredstev. Ta prilagodljivost je \u0161e posebej koristna za tiste, ki imajo za dolo\u010dene nakupe raje na voljo gotovino.<\/p>\n<hr \/>\n<h2>Kupite Vapes za enkratno uporabo z Bancontact na AiviouVapes<\/h2>\n<p>Podjetje AiviouVapes z veseljem sporo\u010da, da zdaj sprejema Bancontact kot na\u010din pla\u010dila za nakup vapesov za enkratno uporabo. Ta novost je v skladu z na\u0161o zavezo, da na\u0161im belgijskim strankam zagotovimo prilagodljive in priro\u010dne mo\u017enosti pla\u010dila. Zakaj je Bancontact odli\u010dna izbira za nakup par za enkratno uporabo pri podjetju AiviouVapes?<\/p>\n<p><strong>1. Brezskrbne transakcije<\/strong><br \/>\nUporaba Bancontact pri AiviouVapes zagotavlja nemoteno in u\u010dinkovito nakupno izku\u0161njo. Ne glede na to, ali kupujete en sam vape ali zalogo svojih najljub\u0161ih okusov, Bancontact varno in hitro opravi pla\u010dila.<\/p>\n<p><strong>2. Varna in zanesljiva pla\u010dila<\/strong><br \/>\nBancontact uporablja napredne varnostne ukrepe, ki varujejo finan\u010dne podatke uporabnikov in \u0161\u010ditijo transakcije pred goljufijami. To na\u0161im strankam omogo\u010da, da z zaupanjem opravljajo nakupe na na\u0161em spletnem mestu.<\/p>\n<p><strong>3. Takoj\u0161nja potrditev pla\u010dila<\/strong><br \/>\nTransakcije Bancontact so obdelane takoj, kar zagotavlja, da je va\u0161e naro\u010dilo potrjeno in pripravljeno za po\u0161iljanje brez odla\u0161anja. Takoj\u0161nja potrditev je idealna za stranke, ki \u017eelijo, da se jim vapes dostavi hitro.<\/p>\n<hr \/>\n<h3>Kako uporabljati Bancontact pri AiviouVapes<\/h3>\n<p><strong>Vodnik po korakih za pla\u010devanje z Bancontactom:<\/strong><\/p>\n<ol>\n<li><strong>Dodajanje izdelkov v ko\u0161arico:<\/strong>\n<ul>\n<li>Prebrskajte na\u0161o ponudbo vapes za enkratno uporabo in izberite izdelke, ki jih \u017eelite kupiti.<\/li>\n<\/ul>\n<\/li>\n<li><strong>Preidite na blagajno:<\/strong>\n<ul>\n<li>Ko izberete svoje predmete, pojdite na stran z blagajno.<\/li>\n<\/ul>\n<\/li>\n<li><strong>Izberite Bancontact:<\/strong>\n<ul>\n<li>V mo\u017enostih pla\u010dila izberite Bancontact kot \u017eeleno metodo.<\/li>\n<\/ul>\n<\/li>\n<li><strong>Vnesite podatke o pla\u010dilu:<\/strong>\n<ul>\n<li>Sledite navodilom za vnos podatkov o kartici Bancontact ali uporabite aplikacijo Payconiq by Bancontact za mobilno pla\u010dilo.<\/li>\n<\/ul>\n<\/li>\n<li><strong>Potrdite svoje pla\u010dilo:<\/strong>\n<ul>\n<li>Dokon\u010dajte pla\u010dilo in zaklju\u010dite transakcijo. Takoj boste prejeli potrditev naro\u010dila.<\/li>\n<\/ul>\n<\/li>\n<li><strong>Obdelava naro\u010dil:<\/strong>\n<ul>\n<li>Va\u0161e naro\u010dilo bo obdelano in poslano na izbrani naslov. U\u017eivajte v svojih AiviouVapes vapes za enkratno uporabo!<\/li>\n<\/ul>\n<\/li>\n<\/ol>\n<p>Oglejte si vapes tukaj:<\/p>\n<p><a href=\"https:\/\/aiviouvapes.com\/sl\/shop\/\">https:\/\/aiviouvapes.com\/shop\/<\/a><\/p>","protected":false},"excerpt":{"rendered":"<p>Bancontact is a popular electronic payment system in Belgium, providing a secure, efficient, and user-friendly method for completing transactions both online and offline. As a nationally recognized payment option, Bancontact enables seamless and reliable transactions for Belgian consumers and businesses alike. The system supports a wide range of payment scenarios, from contactless and mobile payments [&#8230;]\n","protected":false},"author":1,"featured_media":0,"parent":0,"menu_order":0,"comment_status":"closed","ping_status":"closed","template":"page-blank-title-center.php","meta":{"footnotes":""},"class_list":["post-9135","page","type-page","status-publish","hentry"],"jetpack_sharing_enabled":true,"_links":{"self":[{"href":"https:\/\/aiviouvapes.com\/sl\/wp-json\/wp\/v2\/pages\/9135","targetHints":{"allow":["GET"]}}],"collection":[{"href":"https:\/\/aiviouvapes.com\/sl\/wp-json\/wp\/v2\/pages"}],"about":[{"href":"https:\/\/aiviouvapes.com\/sl\/wp-json\/wp\/v2\/types\/page"}],"author":[{"embeddable":true,"href":"https:\/\/aiviouvapes.com\/sl\/wp-json\/wp\/v2\/users\/1"}],"replies":[{"embeddable":true,"href":"https:\/\/aiviouvapes.com\/sl\/wp-json\/wp\/v2\/comments?post=9135"}],"version-history":[{"count":0,"href":"https:\/\/aiviouvapes.com\/sl\/wp-json\/wp\/v2\/pages\/9135\/revisions"}],"wp:attachment":[{"href":"https:\/\/aiviouvapes.com\/sl\/wp-json\/wp\/v2\/media?parent=9135"}],"curies":[{"name":"wp","href":"https:\/\/api.w.org\/{rel}","templated":true}]}}