{"id":9132,"date":"2024-08-21T10:53:56","date_gmt":"2024-08-21T10:53:56","guid":{"rendered":"https:\/\/aiviouvapes.com\/?page_id=9132"},"modified":"2024-12-03T13:01:14","modified_gmt":"2024-12-03T05:01:14","slug":"buy-vapes-in-netherlands-with-ideal","status":"publish","type":"page","link":"https:\/\/aiviouvapes.com\/sl\/buy-vapes-in-netherlands-with-ideal\/","title":{"rendered":"Kupite Vapes na Nizozemskem z iDEAL"},"content":{"rendered":"<p><strong>iDEAL: prednostni na\u010din pla\u010dila na Nizozemskem za varne in hitre transakcije<\/strong><\/p>\n<p>iDEAL je na Nizozemskem zelo priljubljen na\u010din spletnega pla\u010devanja, ki potro\u0161nikom omogo\u010da varno pla\u010devanje v realnem \u010dasu neposredno prek lastne banke. Sistem iDEAL, ki je brezhibno povezan s spletnim ban\u010dnim okoljem nizozemskih bank, ponuja poenostavljeno izku\u0161njo in omogo\u010da enostaven prenos sredstev z ra\u010duna potro\u0161nika na ra\u010dun trgovca. Tukaj si oglejte, zakaj je iDEAL tako u\u010dinkovit:<\/p>\n<ol>\n<li><strong>Enostavnost uporabe<\/strong>: Pla\u010dila se izvedejo prek aplikacije mobilnega ban\u010dni\u0161tva ali spletnega ban\u010dnega mesta potro\u0161nikove banke, zato je postopek znan in enostaven.<\/li>\n<li><strong>Potrditev v realnem \u010dasu<\/strong>: Potro\u0161niki prejmejo takoj\u0161njo potrditev pla\u010dila, kar pove\u010duje zaupanje in pospe\u0161uje \u010das transakcij.<\/li>\n<li><strong>Nepreklicna pla\u010dila<\/strong>: Ko je transakcija iDEAL odobrena, je ni mogo\u010de preklicati, kar zagotavlja varen prenos sredstev in njihovo takoj\u0161njo obdelavo.<\/li>\n<li><strong>Vsestranskost<\/strong>: iDEAL podpira razli\u010dne pla\u010dilne scenarije, vklju\u010dno z neposrednimi spletnimi pla\u010dili, pla\u010dili prek povezav v e-po\u0161tnih sporo\u010dilih ali sporo\u010dilih ter celo transakcijami prek kod QR iDEAL za fizi\u010dna in digitalna okolja.<\/li>\n<\/ol>\n<p>Zaradi varne infrastrukture in priro\u010dnosti je iDEAL postal najbolj zaupanja vreden na\u010din pla\u010dila za nizozemske potro\u0161nike, ki ga podpirajo vodilne potro\u0161ni\u0161ke banke v dr\u017eavi.<\/p>\n<hr \/>\n<h2>Prednosti uporabe iDEAL-a za nakup par za enkratno uporabo pri AiviouVapes<\/h2>\n<p>Nakup vapes za enkratno uporabo na Nizozemskem z iDEAL prina\u0161a ve\u010d prednosti, saj pove\u010duje varnost in udobje na\u0161ih strank:<\/p>\n<ol>\n<li><strong>Izbolj\u0161ana varnost<\/strong>: iDEAL uporablja visoke varnostne standarde internetnega in mobilnega ban\u010dni\u0161tva, kar zagotavlja, da je va\u0161a transakcija za\u0161\u010ditena pred goljufijami in nepoobla\u0161\u010denim dostopom.<\/li>\n<li><strong>Udobje<\/strong>: iDEAL omogo\u010da neposredna ban\u010dna nakazila in tako odpravlja potrebo po kreditnih karticah ali pla\u010dilnih storitvah tretjih oseb. Vse, kar potrebujete, je dostop do spletnega ban\u010dni\u0161tva.<\/li>\n<li><strong>Takoj\u0161nja obdelava<\/strong>: Pla\u010dila so obdelana takoj, zato ni treba \u010dakati na potrditev sredstev. To pomeni, da so va\u0161i izdelki za vape hitro pripravljeni za odpremo.<\/li>\n<li><strong>\u0160iroko raz\u0161irjeno sprejemanje<\/strong>: iDEAL sprejema ve\u010dina nizozemskih platform za e-trgovanje, vklju\u010dno z AiviouVapes, zato je na Nizozemskem splo\u0161no priznan na\u010din pla\u010dila.<\/li>\n<\/ol>\n<hr \/>\n<h3>Vodnik po korakih za nakup par za enkratno uporabo z iDEAL<\/h3>\n<p><strong>Kako dokon\u010dati nakup z iDEAL:<\/strong><\/p>\n<ol>\n<li><strong>Izberite svoje izdelke<\/strong>: Prebrskajte na\u0161o \u0161iroko izbiro vapes za enkratno uporabo in izberite izdelke, ki jih \u017eelite kupiti.<\/li>\n<li><strong>Pojdi na blagajno<\/strong>: Po dokon\u010danju izbire nadaljujte z blagajno.<\/li>\n<li><strong>Izberite iDEAL kot na\u010din pla\u010dila<\/strong>: Na strani z mo\u017enostmi pla\u010dila izberite iDEAL.<\/li>\n<li><strong>Izberite svojo banko<\/strong>: Preusmerjeni boste na pla\u010dilni portal iDEAL, kjer lahko s seznama sodelujo\u010dih nizozemskih bank izberete svojo banko.<\/li>\n<li><strong>Izpolnite pla\u010dilo<\/strong>: Preusmerjeni boste v spletno ban\u010dno okolje svoje banke. Prijavite se, potrdite pla\u010dilo in znesek bo s takoj\u0161njo potrditvijo odtegnjen neposredno z va\u0161ega ra\u010duna.<\/li>\n<li><strong>Potrditev naro\u010dila<\/strong>: Ko bo pla\u010dilo opravljeno, boste od podjetja AiviouVapes prejeli potrditev naro\u010dila, va\u0161e vapes za enkratno uporabo pa bodo pripravljene za odpremo.<\/li>\n<\/ol>\n<p>Z izbiro iDEAL se odlo\u010dite za varno, zanesljivo in u\u010dinkovito transakcijsko izku\u0161njo.<\/p>\n<hr \/>\n<h3>Zakaj kupovati vapes pri AiviouVapes?<\/h3>\n<p>V podjetju AiviouVapes smo predani ponudbi visokokakovostnih izdelkov in brezhibni nakupovalni izku\u0161nji. Tukaj je razlog, zakaj smo najbolj\u0161a izbira za nakup vape na Nizozemskem:<\/p>\n<ul>\n<li><strong>Obse\u017een izbor<\/strong>: Na voljo imamo pestro paleto vrhunskih vapes za enkratno uporabo, ki ustrezajo vsakemu okusu.<\/li>\n<li><strong>Varna obdelava pla\u010dil<\/strong>: Na\u0161a integracija z iDEAL zagotavlja, da so va\u0161i pla\u010dilni podatki varni in za\u0161\u010diteni.<\/li>\n<li><strong>Izjemna podpora strankam<\/strong>: Na\u0161a prijazna ekipa za podporo vam bo pomagala pri vseh vpra\u0161anjih ali pomislekih v \u010dasu nakupovanja.<\/li>\n<li><strong>Pregledne informacije<\/strong>: Zagotavljamo jasne podatke o na\u010dinih pla\u010dila, dostavi in davkih, tako da boste imeli vse, kar potrebujete za informiran nakup.<\/li>\n<\/ul>\n<p>Razi\u0161\u010dite na\u0161o zbirko in u\u017eivajte v priro\u010dnem nakupu svojih najljub\u0161ih vapes za enkratno uporabo z iDEAL, zaupanja vrednim na\u010dinom pla\u010dila na Nizozemskem.<\/p>\n<p>Oglejte si vapes tukaj:<\/p>\n<p><a href=\"https:\/\/aiviouvapes.com\/sl\/shop\/\">https:\/\/aiviouvapes.com\/shop\/<\/a><\/p>","protected":false},"excerpt":{"rendered":"<p>iDEAL: The Preferred Payment Method in the Netherlands for Secure and Quick Transactions iDEAL is a highly popular online payment method in the Netherlands, allowing consumers to make secure, real-time payments directly through their own bank. Seamlessly integrated with the online banking environment of Dutch banks, iDEAL offers a streamlined experience, transferring funds from the [&#8230;]\n","protected":false},"author":1,"featured_media":0,"parent":0,"menu_order":0,"comment_status":"closed","ping_status":"closed","template":"page-blank-title-center.php","meta":{"footnotes":""},"class_list":["post-9132","page","type-page","status-publish","hentry"],"jetpack_sharing_enabled":true,"_links":{"self":[{"href":"https:\/\/aiviouvapes.com\/sl\/wp-json\/wp\/v2\/pages\/9132","targetHints":{"allow":["GET"]}}],"collection":[{"href":"https:\/\/aiviouvapes.com\/sl\/wp-json\/wp\/v2\/pages"}],"about":[{"href":"https:\/\/aiviouvapes.com\/sl\/wp-json\/wp\/v2\/types\/page"}],"author":[{"embeddable":true,"href":"https:\/\/aiviouvapes.com\/sl\/wp-json\/wp\/v2\/users\/1"}],"replies":[{"embeddable":true,"href":"https:\/\/aiviouvapes.com\/sl\/wp-json\/wp\/v2\/comments?post=9132"}],"version-history":[{"count":0,"href":"https:\/\/aiviouvapes.com\/sl\/wp-json\/wp\/v2\/pages\/9132\/revisions"}],"wp:attachment":[{"href":"https:\/\/aiviouvapes.com\/sl\/wp-json\/wp\/v2\/media?parent=9132"}],"curies":[{"name":"wp","href":"https:\/\/api.w.org\/{rel}","templated":true}]}}