{"id":9129,"date":"2024-08-21T10:53:20","date_gmt":"2024-08-21T10:53:20","guid":{"rendered":"https:\/\/aiviouvapes.com\/?page_id=9129"},"modified":"2024-12-18T18:35:29","modified_gmt":"2024-12-18T10:35:29","slug":"buy-vapes-with-credit-card","status":"publish","type":"page","link":"https:\/\/aiviouvapes.com\/sl\/buy-vapes-with-credit-card\/","title":{"rendered":"Nakup Vapes s kreditno kartico"},"content":{"rendered":"<p>Dobrodo\u0161li v podjetju Aiviou Vape, va\u0161i zanesljivi destinaciji za vrhunske izdelke za vaping. Z veseljem vam sporo\u010damo, da zdaj sprejemamo pla\u010dila s kreditnimi karticami, zato je nakupovanje vseh potreb\u0161\u010din za vaping la\u017eje kot kdaj koli prej!<\/p>\n<p><strong>Varne transakcije:<\/strong> Kupujte mirno - na\u0161e spletno mesto uporablja napredno pla\u010dilno tehnologijo 3D Secure za za\u0161\u010dito va\u0161ih podatkov. Zavezani smo k varovanju va\u0161e zasebnosti in zagotavljamo, da je vsaka transakcija popolnoma varna.<\/p>\n<p><strong>Mo\u017enosti pla\u010dila:<\/strong> Sprejemamo \u0161tevilne glavne kreditne kartice, vklju\u010dno z Visa, MasterCard in Maestro, zato je nakupovanje hitro in enostavno.<\/p>\n<p><strong>Pomembne informacije:<\/strong> Upo\u0161tevajte, da se zaradi predpisov EU o DDV pri pla\u010dilih s kreditno kartico dodatno zara\u010duna DDV v vi\u0161ini 20%. Poleg tega zaradi skladnosti s temi predpisi skupna vrednost posameznega naro\u010dila, pla\u010danega s kreditno kartico, ne sme presegati $600 USD ali 600 EUR.<\/p>\n<p><strong>Alternativni na\u010dini pla\u010dila:<\/strong> \u010ce se \u017eelite izogniti pla\u010dilu DDV ali omejitvam naro\u010dil pri pla\u010dilih s kreditno kartico, vam priporo\u010damo, da razmislite o prenosih SEPA, prenosih IBAN ali pla\u010dilih v kriptovalutah. Te mo\u017enosti zagotavljajo ve\u010djo prilagodljivost, zlasti pri ve\u010djih transakcijah.<\/p>\n<p>V podjetju AiviouVape si prizadevamo za nemoteno in varno nakupovanje za vse na\u0161e stranke. Preglejte na\u0161o bogato ponudbo izdelkov za vaping in nakupujte z zaupanjem!<\/p>\n<p>\u010ce imate vpra\u0161anja ali potrebujete pomo\u010d, vam je na voljo na\u0161a slu\u017eba za pomo\u010d strankam. Ne oklevajte in se obrnite na njo!<\/p>\n<p><img data-recalc-dims=\"1\" loading=\"lazy\" decoding=\"async\" title=\"Nakup Vapes s kreditno kartico\" class=\"alignnone wp-image-9208 size-full\" src=\"https:\/\/i0.wp.com\/aiviouvapes.com\/wp-content\/uploads\/2024\/08\/card.jpeg?resize=272%2C185&#038;ssl=1\" alt=\"Nakup Vapes s kreditno kartico\" width=\"272\" height=\"185\" srcset=\"https:\/\/i0.wp.com\/aiviouvapes.com\/wp-content\/uploads\/2024\/08\/card.jpeg?w=272&amp;ssl=1 272w, https:\/\/i0.wp.com\/aiviouvapes.com\/wp-content\/uploads\/2024\/08\/card.jpeg?resize=18%2C12&amp;ssl=1 18w\" sizes=\"auto, (max-width: 272px) 100vw, 272px\" \/><\/p>\n<div class=\"row align-middle\"  id=\"row-811638699\">\n\n\t<div id=\"col-705243522\" class=\"col small-12 large-12\"  >\n\t\t\t\t<div class=\"col-inner text-center\"  >\n\t\t\t\n\t\t\t\n<a href=\"https:\/\/aiviouvapes.com\/sl\/shop\/\" class=\"button primary is-shade is-larger box-shadow-4 box-shadow-5-hover\" style=\"border-radius:10px;\">\n\t\t<span>Kupujte zdaj<\/span>\n\t<\/a>\n\n\t\t<\/div>\n\t\t\t\t\n<style>\n#col-705243522 > .col-inner {\n  padding: 20px 0px 0px 0px;\n}\n<\/style>\n\t<\/div>\n\n\t\n<\/div>","protected":false},"excerpt":{"rendered":"<p>Welcome to Aiviou Vape, your trusted destination for top-quality vaping products. We\u2019re pleased to announce that we now accept credit card payments, making it easier than ever to shop for all your vaping essentials! Secure Transactions: Shop with peace of mind\u2014our site uses advanced 3D Secure payment technology to protect your information. We are committed [&#8230;]\n","protected":false},"author":1,"featured_media":0,"parent":0,"menu_order":0,"comment_status":"closed","ping_status":"closed","template":"page-blank-title-center.php","meta":{"footnotes":""},"class_list":["post-9129","page","type-page","status-publish","hentry"],"jetpack_sharing_enabled":true,"_links":{"self":[{"href":"https:\/\/aiviouvapes.com\/sl\/wp-json\/wp\/v2\/pages\/9129","targetHints":{"allow":["GET"]}}],"collection":[{"href":"https:\/\/aiviouvapes.com\/sl\/wp-json\/wp\/v2\/pages"}],"about":[{"href":"https:\/\/aiviouvapes.com\/sl\/wp-json\/wp\/v2\/types\/page"}],"author":[{"embeddable":true,"href":"https:\/\/aiviouvapes.com\/sl\/wp-json\/wp\/v2\/users\/1"}],"replies":[{"embeddable":true,"href":"https:\/\/aiviouvapes.com\/sl\/wp-json\/wp\/v2\/comments?post=9129"}],"version-history":[{"count":0,"href":"https:\/\/aiviouvapes.com\/sl\/wp-json\/wp\/v2\/pages\/9129\/revisions"}],"wp:attachment":[{"href":"https:\/\/aiviouvapes.com\/sl\/wp-json\/wp\/v2\/media?parent=9129"}],"curies":[{"name":"wp","href":"https:\/\/api.w.org\/{rel}","templated":true}]}}