{"id":9127,"date":"2024-08-21T10:52:51","date_gmt":"2024-08-21T10:52:51","guid":{"rendered":"https:\/\/aiviouvapes.com\/?page_id=9127"},"modified":"2024-12-18T18:35:26","modified_gmt":"2024-12-18T10:35:26","slug":"buy-vapes-with-sepa-qr-code","status":"publish","type":"page","link":"https:\/\/aiviouvapes.com\/sl\/buy-vapes-with-sepa-qr-code\/","title":{"rendered":"Nakup Vapes s kodo SEPA QR"},"content":{"rendered":"<h2>Kako uporabiti kodo SEPA QR za pla\u010devanje z ban\u010dno aplikacijo pri nakupih izdelkov Vape<\/h2>\n<p>Pla\u010devanje s kodo SEPA QR je hiter in priro\u010den na\u010din prenosa sredstev v enotnem obmo\u010dju pla\u010dil v evrih (SEPA). Tukaj je vodnik po korakih, ki vam bo pomagal pri uporabi ban\u010dne aplikacije za skeniranje in izvajanje pla\u010dil s kodo SEPA QR.<\/p>\n<h3>Vodnik po korakih<\/h3>\n<ol>\n<li><strong>Odprite aplikacijo za ban\u010dni\u0161tvo<\/strong>\n<ul>\n<li>Na pametnem telefonu odprite aplikacijo za mobilno ban\u010dni\u0161tvo in se prepri\u010dajte, da ste prijavljeni v svoj ra\u010dun.<\/li>\n<\/ul>\n<\/li>\n<li><strong>Pojdite v razdelek Prenos ali pla\u010dila<\/strong>\n<ul>\n<li>Poi\u0161\u010dite razdelek za izvajanje pla\u010dil ali prenosov - lahko je ozna\u010den kot \"Prenos\", \"Pla\u010dila\" ali podobno.<\/li>\n<\/ul>\n<\/li>\n<li><strong>Poi\u0161\u010dite skener kode QR<\/strong>\n<ul>\n<li>V razdelku za pla\u010dila poi\u0161\u010dite mo\u017enost opti\u010dnega bralnika kode QR, ki je pogosto prikazana kot ikona fotoaparata ali kode QR.<\/li>\n<li>Nekatere ban\u010dne aplikacije imajo na doma\u010dem zaslonu ali v razdelku za pla\u010dila na voljo tudi gumb \"Skeniranje\" za hiter dostop.<\/li>\n<\/ul>\n<\/li>\n<li><strong>Skeniranje kode QR SEPA<\/strong>\n<ul>\n<li>Pribli\u017eajte kamero telefona kodi SEPA QR na strani z ra\u010dunom ali pla\u010dilom.<\/li>\n<li>Kodo QR poravnajte v okvirju, da natan\u010dno zajamete podrobnosti.<\/li>\n<\/ul>\n<\/li>\n<li><strong>Preverite podrobnosti o pla\u010dilu<\/strong>\n<ul>\n<li>Po opti\u010dnem branju aplikacija samodejno izpolni obrazec za pla\u010dilo s podatki iz kode QR.<\/li>\n<li>To vklju\u010duje bistvene informacije, kot sta IBAN in ime prejemnika, kar zmanj\u0161uje mo\u017enost napak.<\/li>\n<\/ul>\n<\/li>\n<li><strong>Potrditev pla\u010dila<\/strong>\n<ul>\n<li>Preverite to\u010dnost podrobnosti.<\/li>\n<li>Izberite ra\u010dun ali kartico, ki jo \u017eelite uporabiti za to transakcijo.<\/li>\n<li>Pla\u010dilo potrdite z uporabo avtentikacijskih korakov aplikacije, na primer z vnosom kode PIN, prstnega odtisa ali prepoznave obraza.<\/li>\n<\/ul>\n<\/li>\n<\/ol>\n<p><img data-recalc-dims=\"1\" loading=\"lazy\" decoding=\"async\" title=\"Nakup Vapes s kodo SEPA QR\" class=\"alignnone wp-image-9198 size-full\" src=\"https:\/\/i0.wp.com\/aiviouvapes.com\/wp-content\/uploads\/2024\/08\/qr-code-payment-online-shopping-260nw-704697319-e1724305335194.webp?resize=390%2C260&#038;ssl=1\" alt=\"Nakup Vapes s kodo SEPA QR\" width=\"390\" height=\"260\" srcset=\"https:\/\/i0.wp.com\/aiviouvapes.com\/wp-content\/uploads\/2024\/08\/qr-code-payment-online-shopping-260nw-704697319-e1724305335194.webp?w=390&amp;ssl=1 390w, https:\/\/i0.wp.com\/aiviouvapes.com\/wp-content\/uploads\/2024\/08\/qr-code-payment-online-shopping-260nw-704697319-e1724305335194.webp?resize=300%2C200&amp;ssl=1 300w, https:\/\/i0.wp.com\/aiviouvapes.com\/wp-content\/uploads\/2024\/08\/qr-code-payment-online-shopping-260nw-704697319-e1724305335194.webp?resize=18%2C12&amp;ssl=1 18w\" sizes=\"auto, (max-width: 390px) 100vw, 390px\" \/><\/p>\n<h3>Dodatni nasveti<\/h3>\n<ul>\n<li><strong>Uporaba slik kode QR<\/strong>\n<ul>\n<li>\u010ce kodo QR prejmete v obliki slike (npr. po e-po\u0161ti), vam nekatere ban\u010dne aplikacije omogo\u010dajo, da namesto neposrednega skeniranja prenesete sliko. Preverite, ali je v funkciji skeniranja QR mo\u017enost \"Nalo\u017ei\".<\/li>\n<\/ul>\n<\/li>\n<li><strong>Varnostni ukrepi<\/strong>\n<ul>\n<li>Prepri\u010dajte se, da je va\u0161a ban\u010dna aplikacija posodobljena, in uporabljajte varno internetno povezavo, da se izognete morebitnim goljufijam.<\/li>\n<\/ul>\n<\/li>\n<\/ul>\n<h3>Prednosti uporabe kod QR SEPA<\/h3>\n<ul>\n<li><strong>Hitrost:<\/strong> Kode QR poenostavijo postopek pla\u010devanja in zmanj\u0161ajo \u0161tevilo napak pri vnosu podatkov.<\/li>\n<li><strong>Enostavnost uporabe:<\/strong> Pla\u010dila za blago, storitve, ra\u010dune ali druge prenose lahko opravite hitro, samo s skeniranjem.<\/li>\n<li><strong>Ve\u010dnamenskost:<\/strong> Kode QR SEPA podpirajo \u0161irok nabor transakcij, od pla\u010devanja ra\u010dunov za komunalne storitve do upravnih taks.<\/li>\n<\/ul>\n<h3>Zaklju\u010dek<\/h3>\n<p>Z upo\u0161tevanjem teh korakov je uporaba kod QR SEPA v ban\u010dni aplikaciji preprosta in u\u010dinkovita. Ta na\u010din pla\u010devanja vam ne prihrani le \u010dasa, temve\u010d tudi izbolj\u0161a varnost in natan\u010dnost transakcij. U\u017eivajte v brezhibni izku\u0161nji varnega pla\u010devanja v okviru SEPA.<\/p>\n<p>Seznam evropskih bank, ki podpirajo pla\u010dila s kodo QR SEPA, najdete na spletnem mestu Evropskega sveta za pla\u010dila.<\/p>\n<p><strong>AiviouVapes zdaj ponuja pla\u010dilo s kodo QR SEPA, kar prina\u0161a novo raven udobja za stranke, ki kupujejo vapes za enkratno uporabo.<\/strong><\/p>\n<div class=\"row align-middle\"  id=\"row-1808855384\">\n\n\t<div id=\"col-858461355\" class=\"col small-12 large-12\"  >\n\t\t\t\t<div class=\"col-inner text-center\"  >\n\t\t\t\n\t\t\t\n<a href=\"https:\/\/aiviouvapes.com\/sl\/shop\/\" class=\"button primary is-shade is-larger box-shadow-4 box-shadow-5-hover\" style=\"border-radius:10px;\">\n\t\t<span>Kupujte zdaj<\/span>\n\t<\/a>\n\n\t\t<\/div>\n\t\t\t\t\n<style>\n#col-858461355 > .col-inner {\n  padding: 20px 0px 0px 0px;\n}\n<\/style>\n\t<\/div>\n\n\t\n<\/div>","protected":false},"excerpt":{"rendered":"<p>How to Use a SEPA QR Code to Pay with Your Banking App for Vape Purchases Paying with a SEPA QR code is a fast and convenient way to transfer funds within the Single Euro Payments Area (SEPA). Here\u2019s a step-by-step guide to help you use your bank app to scan and make payments via [&#8230;]\n","protected":false},"author":1,"featured_media":0,"parent":0,"menu_order":0,"comment_status":"closed","ping_status":"closed","template":"page-blank-title-center.php","meta":{"footnotes":""},"class_list":["post-9127","page","type-page","status-publish","hentry"],"jetpack_sharing_enabled":true,"_links":{"self":[{"href":"https:\/\/aiviouvapes.com\/sl\/wp-json\/wp\/v2\/pages\/9127","targetHints":{"allow":["GET"]}}],"collection":[{"href":"https:\/\/aiviouvapes.com\/sl\/wp-json\/wp\/v2\/pages"}],"about":[{"href":"https:\/\/aiviouvapes.com\/sl\/wp-json\/wp\/v2\/types\/page"}],"author":[{"embeddable":true,"href":"https:\/\/aiviouvapes.com\/sl\/wp-json\/wp\/v2\/users\/1"}],"replies":[{"embeddable":true,"href":"https:\/\/aiviouvapes.com\/sl\/wp-json\/wp\/v2\/comments?post=9127"}],"version-history":[{"count":0,"href":"https:\/\/aiviouvapes.com\/sl\/wp-json\/wp\/v2\/pages\/9127\/revisions"}],"wp:attachment":[{"href":"https:\/\/aiviouvapes.com\/sl\/wp-json\/wp\/v2\/media?parent=9127"}],"curies":[{"name":"wp","href":"https:\/\/api.w.org\/{rel}","templated":true}]}}