{"id":9124,"date":"2024-08-21T10:52:08","date_gmt":"2024-08-21T10:52:08","guid":{"rendered":"https:\/\/aiviouvapes.com\/?page_id=9124"},"modified":"2024-11-30T12:03:45","modified_gmt":"2024-11-30T04:03:45","slug":"buy-vapes-in-europe-with-paypal","status":"publish","type":"page","link":"https:\/\/aiviouvapes.com\/sl\/buy-vapes-in-europe-with-paypal\/","title":{"rendered":"Nakup Vapes v Evropi s Paypalom"},"content":{"rendered":"<p>Obvladovanje sti\u010di\u0161\u010da med vapingom in sistemom PayPal predstavlja edinstvene izzive tako za podjetja kot za potro\u0161nike. Zaradi politik PayPala glede e-cigaret in sorodnih izdelkov se \u0161tevilne transakcije v tej panogi soo\u010dajo z enakimi omejitvami kot v toba\u010dni industriji, zaradi \u010desar so ra\u010duni omejeni in pla\u010dila blokirana.<\/p>\n<p>V podjetju AiviouVapes smo uspe\u0161no na\u0161li na\u010din, kako delovati znotraj teh omejitev. Za razliko od mnogih v panogi, <strong>od dru\u017ebe PayPal smo pridobili predhodno odobritev za obdelavo prodaje e-cigaret v Evropi.<\/strong>, kar nam omogo\u010da, da strankam omogo\u010dimo nemoteno in neprekinjeno nakupovanje.<\/p>\n<p>PayPalova predhodna odobritev zajema vrsto izdelkov, vklju\u010dno z e-cigaretami in nekaterimi alternativnimi izdelki brez tobaka. Ta odobritev nam omogo\u010da, da zagotovimo PayPal kot priro\u010den in varen na\u010din pla\u010dila ter na\u0161im strankam omogo\u010dimo poznavanje in enostavnost, ki jim je morda bolj v\u0161e\u010d.<\/p>\n<p>Splo\u0161ne omejitve PayPala glede transakcij z e-cigaretami so \u0161e vedno predmet razprav, vendar lahko na\u0161e stranke brez te\u017eav uporabljajo PayPal na na\u0161em spletnem mestu. To je \u0161e posebej koristno za tiste, ki cenijo varnost in preprostost, ki ju PayPal ponuja v primerjavi z drugimi pla\u010dilnimi mo\u017enostmi.<\/p>\n<p>Vendar pa bi radi izpostavili nov vidik. <strong>Zaradi dav\u010dnih predpisov<\/strong>, nakupi e-cigaret pri AiviouVapes prek sistema PayPal so <strong>z zgornjo mejo 200 evrov.<\/strong> na posamezno naro\u010dilo in za njih velja <strong>20% DDV davek na potro\u0161njo<\/strong>. Te dav\u010dne zahteve lahko vplivajo na izbiro na\u010dina pla\u010dila. <strong>\u010ce se \u017eelite izogniti tej omejitvi in dav\u010dnemu bremenu, priporo\u010damo, da razi\u0161\u010dete mo\u017enosti nakazil SEPA, ban\u010dnih nakazil IBAN ali pla\u010dil v kriptovalutah.<\/strong>, ki omogo\u010dajo ve\u010djo prilagodljivost pri nakupih ve\u010dje vrednosti.<\/p>\n<p>Ta omejitev porabe in dav\u010dni vidik sta pomembna dejavnika pri izbiri najprimernej\u0161ega na\u010dina pla\u010dila. V podjetju AiviouVapes smo zavezani k preglednosti in zagotavljanju prilagodljivih mo\u017enosti pla\u010dila, da boste lahko u\u017eivali v informiranem in priro\u010dnem nakupovanju.<\/p>\n<p>Z zaupanjem raziskujte \u0161irok izbor okusov e-sokov AiviouVapes, saj veste, da lahko izbirate med ve\u010d mo\u017enostmi pla\u010dila, ki ustrezajo va\u0161im \u017eeljam in potrebam.<\/p>\n<p>Z vklju\u010ditvijo teh to\u010dk vam \u017eelimo omogo\u010diti popolno razumevanje omejitev sistema PayPal in dejavnikov, povezanih z davki, pri nakupu e-cigaret pri AiviouVapes, ter vam pomagati pri izbiri najbolj\u0161ega pla\u010dila za va\u0161 polo\u017eaj.<\/p>\n<div class=\"row align-middle\"  id=\"row-177671717\">\n\n\t<div id=\"col-1784153720\" class=\"col small-12 large-12\"  >\n\t\t\t\t<div class=\"col-inner text-center\"  >\n\t\t\t\n\t\t\t\n<a href=\"https:\/\/aiviouvapes.com\/sl\/shop\/\" class=\"button primary is-shade is-larger box-shadow-4 box-shadow-5-hover\" style=\"border-radius:10px;\">\n\t\t<span>Kupujte zdaj<\/span>\n\t<\/a>\n\n\t\t<\/div>\n\t\t\t\t\n<style>\n#col-1784153720 > .col-inner {\n  padding: 20px 0px 0px 0px;\n}\n<\/style>\n\t<\/div>\n\n\t\n<\/div>","protected":false},"excerpt":{"rendered":"<p>Navigating the intersection between vaping and PayPal has presented unique challenges for businesses and consumers alike. Due to PayPal&#8217;s policies on e-cigarettes and related products, many transactions in this industry face the same restrictions as tobacco, resulting in account limitations and blocked payments. At AiviouVapes, we\u2019ve successfully found a way to operate within these constraints. [&#8230;]\n","protected":false},"author":1,"featured_media":0,"parent":0,"menu_order":0,"comment_status":"closed","ping_status":"closed","template":"page-blank-title-center.php","meta":{"footnotes":""},"class_list":["post-9124","page","type-page","status-publish","hentry"],"jetpack_sharing_enabled":true,"_links":{"self":[{"href":"https:\/\/aiviouvapes.com\/sl\/wp-json\/wp\/v2\/pages\/9124","targetHints":{"allow":["GET"]}}],"collection":[{"href":"https:\/\/aiviouvapes.com\/sl\/wp-json\/wp\/v2\/pages"}],"about":[{"href":"https:\/\/aiviouvapes.com\/sl\/wp-json\/wp\/v2\/types\/page"}],"author":[{"embeddable":true,"href":"https:\/\/aiviouvapes.com\/sl\/wp-json\/wp\/v2\/users\/1"}],"replies":[{"embeddable":true,"href":"https:\/\/aiviouvapes.com\/sl\/wp-json\/wp\/v2\/comments?post=9124"}],"version-history":[{"count":0,"href":"https:\/\/aiviouvapes.com\/sl\/wp-json\/wp\/v2\/pages\/9124\/revisions"}],"wp:attachment":[{"href":"https:\/\/aiviouvapes.com\/sl\/wp-json\/wp\/v2\/media?parent=9124"}],"curies":[{"name":"wp","href":"https:\/\/api.w.org\/{rel}","templated":true}]}}