{"id":9121,"date":"2024-08-21T10:51:22","date_gmt":"2024-08-21T10:51:22","guid":{"rendered":"https:\/\/aiviouvapes.com\/?page_id=9121"},"modified":"2024-12-02T07:55:27","modified_gmt":"2024-12-01T23:55:27","slug":"age-policy","status":"publish","type":"page","link":"https:\/\/aiviouvapes.com\/sl\/age-policy\/","title":{"rendered":"Starostna politika"},"content":{"rendered":"<p>Preverjanje starosti na <a href=\"https:\/\/AiviouVapes.com\/\" rel=\"noopener\">AiviouVapes<\/a><\/p>\n<p>**Zakonska starostna zahteva za kajenje:** Vse stranke morajo biti za nakup izdelkov na na\u0161em spletnem mestu stare 21 let ali ve\u010d, kar je v skladu z zakonsko dolo\u010deno starostjo za kajenje e-cigaret in sorodnih izdelkov v ZDA. Obi\u0161\u010dite <a href=\"https:\/\/AiviouVapes.com\/\" rel=\"noopener\">AiviouVapes<\/a> za skladne in odgovorne nakupe.<\/p>\n<p>**Pomembnost natan\u010dnega navajanja starosti:** Ponarejanje podatkov o starosti za nakup na\u0161ih izdelkov ni le v nasprotju z na\u0161imi pravili, ampak je tudi nezakonito. Tak\u0161na dejanja imajo lahko resne pravne posledice.<\/p>\n<p>**Zakona o nakupu pooblastil za mladoletnike:** Nakup katerega koli <a href=\"https:\/\/AiviouVapes.com\/\" rel=\"noopener\">izdelki za uparjanje<\/a> za mladoletnike je strogo prepovedano in lahko prinese pravne sankcije. Zavezani smo k prepre\u010devanju nepoobla\u0161\u010denega dostopa do na\u0161ih izdelkov.<\/p>\n<p>**Strog postopek preverjanja starosti:** Za izpolnjevanje zakonskih zahtev in za\u0161\u010dito mladih uporabljamo strog sistem preverjanja starosti. Stranke morajo navesti osebne podatke - ime, naslov, datum rojstva in zadnje \u0161tiri \u0161tevilke \u0161tevilke socialnega zavarovanja -, ki jih preverimo v javnih evidencah. \u010ce preverjanje ni uspe\u0161no ali \u010de ne morete predlo\u017eiti podatkov o socialni varnosti, lahko zahtevamo osebni dokument, ki ga je izdala vlada.<\/p>\n<p>**Pravica do zavrnitve storitve:** Pridr\u017eujemo si pravico do preklica ali zavrnitve naro\u010dila, \u010de preverjanje ni uspe\u0161no zaklju\u010deno ali \u010de ni pravo\u010dasno zagotovljena ustrezna identifikacija.<\/p>\n<p>**Posve\u010danje preventivi za mlade:** Prepre\u010devanje prodaje mladoletnikom je ena na\u0161ih najpomembnej\u0161ih prednostnih nalog. Na\u0161 sistem preverjanja starosti poudarja na\u0161o zavezanost k ohranjanju odgovornega okolja za vaping.<\/p>\n<p>**Odklonitev ali omejitev storitve:** Kot spletni prodajalec si pridr\u017eujemo pravico, da v dolo\u010denih primerih zavrnemo storitev. \u010ce stranka meni, da je bil njen dostop neupravi\u010deno omejen, naj se za pomo\u010d obrne na na\u0161o podporo strankam.<\/p>\n<p>**Obvestilo o starostni omejitvi:** Na spletnem mestu dru\u017ebe Aiviou Vape je jasno navedeno, da morajo biti stranke v ZDA za nakup izdelkov e-cigarete stare najmanj 21 let.<\/p>\n<p>Pri <a href=\"https:\/\/AiviouVapes.com\/\" rel=\"noopener\">AiviouVapes<\/a>, dajemo prednost varnosti in dobremu po\u010dutju na\u0161ih strank, tako da strogo preverjamo njihovo starost. Na\u0161i ukrepi odra\u017eajo na\u0161o predanost varni in skladni skupnosti za vaping ter strankam zagotavljajo mir pri nakupovanju pri nas.<\/p>\n<p>Zavezanost na\u0161ega podjetja, da zagotavlja, da lahko na\u0161e izdelke kupujejo le zakonito poobla\u0161\u010dene osebe, krepi pomen odgovornih praks vapinga. Zavedamo se, da je u\u010dinkovito preverjanje starosti klju\u010dnega pomena za prepre\u010devanje dostopa mladoletnikom, zato smo vzpostavili celovit sistem za ohranjanje te odgovornosti.<\/p>\n<p>Na\u0161 postopek zahteva dolo\u010dene podatke - ime, naslov, datum rojstva in zadnje \u0161tiri \u0161tevke \u0161tevilke socialnega zavarovanja -, ki jih preverimo v zanesljivih evidencah, da potrdimo starost. \u010ce stranka ne more predlo\u017eiti podatkov o socialni varnosti, ji kot dodatni ukrep preverjanja ponujamo mo\u017enost prenosa dr\u017eavne osebne izkaznice.<\/p>\n<p>**Sledice napa\u010dne navedbe starosti:** Napa\u010dna navedba starosti za nakup na\u0161ih izdelkov je nezakonita in ima resne pravne posledice. Poleg tega je nakup za mladoletnike strogo prepovedan in prav tako kaznovan po zakonu. Te standarde jemljemo resno in lahko zavrnemo vsako naro\u010dilo, \u010de identifikacije ni mogo\u010de takoj preveriti.<\/p>\n<p>Dru\u017eba Aiviou Vape si \u0161e naprej prizadeva za prepre\u010devanje prodaje mladoletnim. Na\u0161 protokol preverjanja starosti je osrednji del na\u0161ega poslanstva spodbujanja odgovornega in varnega nakupovanja v skupnosti vapinga.<\/p>\n<p>\u010ce stranka do\u017eivi omejitev storitve, za katero meni, da je napa\u010dna, se lahko obrne na na\u0161o slu\u017ebo za podporo strankam. Prednost dajemo pregledni komunikaciji in si prizadevamo za po\u0161teno re\u0161itev vseh te\u017eav.<\/p>\n<p>Na na\u0161em spletnem mestu je vidno prikazano opozorilo o starostni zahtevi za nakup elektronskih cigaret, ki vse uporabnike opozarja, da morajo biti v ZDA zakonsko stari 21 let.<\/p>\n<p>Izbira podjetja Aiviou Vape pomeni izbiro podjetja, ki ceni integriteto, pravno skladnost in varnost strank. Na\u0161a zavezanost k odgovorni starostni politiki ni le postopkovna; je temeljni odraz na\u0161ih vrednot in predanosti ustvarjanju varne in zaupanja vredne nakupovalne izku\u0161nje. Zaupajte podjetju Aiviou Vape za varen in odgovoren dostop do kakovostnih izdelkov za uparjanje.<\/p>\n<div class=\"row align-middle\"  id=\"row-2061409028\">\n\n\t<div id=\"col-108315218\" class=\"col small-12 large-12\"  >\n\t\t\t\t<div class=\"col-inner text-center\"  >\n\t\t\t\n\t\t\t\n<a href=\"https:\/\/aiviouvapes.com\/sl\/shop\/\" class=\"button primary is-shade is-larger box-shadow-4 box-shadow-5-hover\" style=\"border-radius:10px;\">\n\t\t<span>Kupujte zdaj<\/span>\n\t<\/a>\n\n\t\t<\/div>\n\t\t\t\t\n<style>\n#col-108315218 > .col-inner {\n  padding: 20px 0px 0px 0px;\n}\n<\/style>\n\t<\/div>\n\n\t\n<\/div>","protected":false},"excerpt":{"rendered":"<p>Age Verification at AiviouVapes **Legal Smoking Age Requirement:** All customers must be 21 or older to purchase products on our site, aligning with the U.S. legal smoking age for e-cigarettes and related items. Visit AiviouVapes for compliant and responsible purchases. **Importance of Accurate Age Representation:** Falsifying age information to buy our products is not only [&#8230;]\n","protected":false},"author":1,"featured_media":0,"parent":0,"menu_order":0,"comment_status":"closed","ping_status":"closed","template":"page-blank-title-center.php","meta":{"footnotes":""},"class_list":["post-9121","page","type-page","status-publish","hentry"],"jetpack_sharing_enabled":true,"_links":{"self":[{"href":"https:\/\/aiviouvapes.com\/sl\/wp-json\/wp\/v2\/pages\/9121","targetHints":{"allow":["GET"]}}],"collection":[{"href":"https:\/\/aiviouvapes.com\/sl\/wp-json\/wp\/v2\/pages"}],"about":[{"href":"https:\/\/aiviouvapes.com\/sl\/wp-json\/wp\/v2\/types\/page"}],"author":[{"embeddable":true,"href":"https:\/\/aiviouvapes.com\/sl\/wp-json\/wp\/v2\/users\/1"}],"replies":[{"embeddable":true,"href":"https:\/\/aiviouvapes.com\/sl\/wp-json\/wp\/v2\/comments?post=9121"}],"version-history":[{"count":0,"href":"https:\/\/aiviouvapes.com\/sl\/wp-json\/wp\/v2\/pages\/9121\/revisions"}],"wp:attachment":[{"href":"https:\/\/aiviouvapes.com\/sl\/wp-json\/wp\/v2\/media?parent=9121"}],"curies":[{"name":"wp","href":"https:\/\/api.w.org\/{rel}","templated":true}]}}