{"id":9111,"date":"2024-08-21T10:48:05","date_gmt":"2024-08-21T10:48:05","guid":{"rendered":"https:\/\/aiviouvapes.com\/?page_id=9111"},"modified":"2024-11-30T20:28:47","modified_gmt":"2024-11-30T12:28:47","slug":"shipping-policy","status":"publish","type":"page","link":"https:\/\/aiviouvapes.com\/sl\/shipping-policy\/","title":{"rendered":"Pravilnik o dostavi"},"content":{"rendered":"<div id=\"text-1027395733\" class=\"text\">\n\t\t\n<header class=\"entry-header text-center\"><\/header>\n<p><strong>Pravilnik o dostavi<\/strong><\/p>\n<p>1. Naro\u010dila bodo obdelana in poslana v 1-3 delovnih dneh. \u010cas dostave je obi\u010dajno od 7 do 15 delovnih dni. Upo\u0161tevajte, da naro\u010dil ob koncih tedna ne po\u0161iljamo.<\/p>\n<p>2. Ko bo va\u0161e naro\u010dilo odpremljeno, vam bomo po e-po\u0161ti poslali informacije o sledenju. Svoji po\u0161iljki lahko sledite s posredovano \u0161tevilko za sledenje na naslednjem spletnem mestu:<\/p>\n<p><a href=\"https:\/\/www.17track.net\/en\" target=\"_blank\" rel=\"nofollow noopener\">https:\/\/www.17track.net\/en<\/a><\/p>\n<p>Prosimo, upo\u0161tevajte 1-2 dni po odpremi, da se posodobitve sledenja pojavijo na spletnem mestu.<\/p>\n<p>3. Naro\u010dilo lahko prekli\u010dete ali posodobite naslov za po\u0161iljanje kadar koli pred odpremo izdelkov. Ko je naro\u010dilo poslano, pa ne moremo obdelati vra\u010dil ali sprememb naslova.<\/p>\n<p>4.Countries, ki jih lahko po\u0161ljemo z\u00a0<strong>DDP<\/strong>\u00a0(<strong>Pla\u010dana dajatev za dostavo<\/strong>) Metoda ne zahteva carinjenja in nobenih dajatev za vas.<\/p>\n<ul>\n<li>ZDA - UPS Express (razen Aljaske in Havajev)<\/li>\n<li>Velika Britanija - Lokalno DPD Express<\/li>\n<li>Evropa - UPS Express\/ DPD Express\/ DHL Express<\/li>\n<\/ul>\n<p>Seznami dr\u017eav v Evropi Metoda DDP: Francija, Italija, Bolgarija, Litva, Estonija, Latvija, Gr\u010dija, Irska, Portugalska, \u0160panija, Mad\u017earska, Danska, \u0160vedska, Nem\u010dija, Belgija, Luksemburg, Nizozemska, \u010ce\u0161ka, Poljska, Hrva\u0161ka, Slova\u0161ka, Slovenija, Finska, \u0160vedska, Avstrija, Francija, Italija, Mad\u017earska, Irska, Portugalska, \u0160panija.<\/p>\n<p><strong>\u010cas dostave za dolo\u010dene dr\u017eave:<\/strong><\/p>\n<table style=\"height: 810px;\" width=\"518\">\n<thead>\n<tr>\n<th>DR\u017dAVA<\/th>\n<th>NA\u010cIN PO\u0160ILJANJA<\/th>\n<th>\u010cAS DOBAVE<\/th>\n<\/tr>\n<\/thead>\n<tbody>\n<tr>\n<td>ZDA<\/td>\n<td>Lokalni UPS Ground<\/td>\n<td>10-15 dni<\/td>\n<\/tr>\n<tr>\n<td>ZDRU\u017dENO KRALJESTVO<\/td>\n<td>Lokalni DPD Express<\/td>\n<td>7-12 dni<\/td>\n<\/tr>\n<tr>\n<td>Nem\u010dija<\/td>\n<td>UPS\/DPD\/DHL Nem\u010dija<\/td>\n<td>8-13 dni<\/td>\n<\/tr>\n<tr>\n<td>Francija<\/td>\n<td>UPS\/DPD\/DHL Nem\u010dija<\/td>\n<td>8-13 dni<\/td>\n<\/tr>\n<tr>\n<td>Belgija<\/td>\n<td>UPS\/DPD\/DHL Nem\u010dija<\/td>\n<td>8-13 dni<\/td>\n<\/tr>\n<tr>\n<td>Luksemburg<\/td>\n<td>UPS\/DPD\/DHL Nem\u010dija<\/td>\n<td>8-13 dni<\/td>\n<\/tr>\n<tr>\n<td>Nizozemska<\/td>\n<td>UPS\/DPD\/DHL Nem\u010dija<\/td>\n<td>8-13 dni<\/td>\n<\/tr>\n<tr>\n<td>\u010ce\u0161ka republika<\/td>\n<td>UPS\/DPD\/DHL Nem\u010dija<\/td>\n<td>8-13 dni<\/td>\n<\/tr>\n<tr>\n<td>Poljska<\/td>\n<td>UPS\/DPD\/DHL Nem\u010dija<\/td>\n<td>8-13 dni<\/td>\n<\/tr>\n<tr>\n<td>Hrva\u0161ka<\/td>\n<td>UPS\/DPD\/DHL Nem\u010dija<\/td>\n<td>8-13 dni<\/td>\n<\/tr>\n<tr>\n<td>Slova\u0161ka<\/td>\n<td>UPS\/DPD\/DHL Nem\u010dija<\/td>\n<td>8-13 dni<\/td>\n<\/tr>\n<tr>\n<td>Slovenija<\/td>\n<td>UPS\/DPD\/DHL Nem\u010dija<\/td>\n<td>8-13 dni<\/td>\n<\/tr>\n<tr>\n<td>Finska<\/td>\n<td>UPS\/DPD\/DHL Nem\u010dija<\/td>\n<td>8-13 dni<\/td>\n<\/tr>\n<tr>\n<td>Danska<\/td>\n<td>UPS\/DPD\/DHL Nem\u010dija<\/td>\n<td>8-13 dni<\/td>\n<\/tr>\n<tr>\n<td>\u0160vedska<\/td>\n<td>UPS\/DPD\/DHL Nem\u010dija<\/td>\n<td>8-13 dni<\/td>\n<\/tr>\n<tr>\n<td>Avstrija<\/td>\n<td>UPS\/DPD\/DHL Nem\u010dija<\/td>\n<td>8-13 dni<\/td>\n<\/tr>\n<tr>\n<td>Italija<\/td>\n<td>UPS\/DPD\/DHL Nem\u010dija<\/td>\n<td>8-13 dni<\/td>\n<\/tr>\n<tr>\n<td>Mad\u017earska<\/td>\n<td>UPS\/DPD\/DHL Nem\u010dija<\/td>\n<td>8-13 dni<\/td>\n<\/tr>\n<tr>\n<td>Litva<\/td>\n<td>UPS\/DPD\/DHL Nem\u010dija<\/td>\n<td>8-13 dni<\/td>\n<\/tr>\n<tr>\n<td>Estonija<\/td>\n<td>UPS\/DPD\/DHL Nem\u010dija<\/td>\n<td>8-13 dni<\/td>\n<\/tr>\n<tr>\n<td>Latvija<\/td>\n<td>UPS\/DPD\/DHL Nem\u010dija<\/td>\n<td>8-13 dni<\/td>\n<\/tr>\n<tr>\n<td>Gr\u010dija<\/td>\n<td>UPS\/DPD\/DHL Nem\u010dija<\/td>\n<td>8-13 dni<\/td>\n<\/tr>\n<tr>\n<td>Irska<\/td>\n<td>UPS\/DPD\/DHL Nem\u010dija<\/td>\n<td>8-13 dni<\/td>\n<\/tr>\n<tr>\n<td>Portugalska<\/td>\n<td>UPS\/DPD\/DHL Nem\u010dija<\/td>\n<td>8-13 dni<\/td>\n<\/tr>\n<tr>\n<td>\u0160panija<\/td>\n<td>UPS\/DPD\/DHL Nem\u010dija<\/td>\n<td>8-13 dni<\/td>\n<\/tr>\n<tr>\n<td>ZAE (Dubaj)<\/td>\n<td>Posebna linija v Dubaju<\/td>\n<td>12-18 dni<\/td>\n<\/tr>\n<tr>\n<td>Ju\u017ena Afrika<\/td>\n<td>Posebna linija za Ju\u017eno Afriko<\/td>\n<td>15-25 dni<\/td>\n<\/tr>\n<tr>\n<td>Vietnam<\/td>\n<td>Namenska linija v Vietnamu<\/td>\n<td>3-5 dni<\/td>\n<\/tr>\n<tr>\n<td>Zahodna Malezija<\/td>\n<td>Namenska linija v Maleziji<\/td>\n<td>4-8 dni<\/td>\n<\/tr>\n<\/tbody>\n<\/table>\n<\/div>\n<\/div>\n<\/div>\n<\/div>\n<div id=\"col-429512057\" class=\"col medium-6 small-12 large-6\"><\/div>\n<\/div>\n<\/div>\n\t\t\n<style>\n#text-1027395733 {\n  text-align: left;\n}\n<\/style>\n\t<\/div>\n\t\n<div class=\"row align-middle\"  id=\"row-60800764\">\n\n\t<div id=\"col-314034579\" class=\"col small-12 large-12\"  >\n\t\t\t\t<div class=\"col-inner text-center\"  >\n\t\t\t\n\t\t\t\n<a href=\"https:\/\/aiviouvapes.com\/sl\/shop\/\" class=\"button primary is-shade is-larger box-shadow-4 box-shadow-5-hover\" style=\"border-radius:10px;\">\n\t\t<span>Kupujte zdaj<\/span>\n\t<\/a>\n\n\t\t<\/div>\n\t\t\t\t\n<style>\n#col-314034579 > .col-inner {\n  padding: 20px 0px 0px 0px;\n}\n<\/style>\n\t<\/div>\n\n\t\n<\/div>","protected":false},"excerpt":{"rendered":"","protected":false},"author":1,"featured_media":0,"parent":0,"menu_order":0,"comment_status":"closed","ping_status":"closed","template":"page-blank-title-center.php","meta":{"footnotes":""},"class_list":["post-9111","page","type-page","status-publish","hentry"],"jetpack_sharing_enabled":true,"_links":{"self":[{"href":"https:\/\/aiviouvapes.com\/sl\/wp-json\/wp\/v2\/pages\/9111","targetHints":{"allow":["GET"]}}],"collection":[{"href":"https:\/\/aiviouvapes.com\/sl\/wp-json\/wp\/v2\/pages"}],"about":[{"href":"https:\/\/aiviouvapes.com\/sl\/wp-json\/wp\/v2\/types\/page"}],"author":[{"embeddable":true,"href":"https:\/\/aiviouvapes.com\/sl\/wp-json\/wp\/v2\/users\/1"}],"replies":[{"embeddable":true,"href":"https:\/\/aiviouvapes.com\/sl\/wp-json\/wp\/v2\/comments?post=9111"}],"version-history":[{"count":0,"href":"https:\/\/aiviouvapes.com\/sl\/wp-json\/wp\/v2\/pages\/9111\/revisions"}],"wp:attachment":[{"href":"https:\/\/aiviouvapes.com\/sl\/wp-json\/wp\/v2\/media?parent=9111"}],"curies":[{"name":"wp","href":"https:\/\/api.w.org\/{rel}","templated":true}]}}