{"id":9102,"date":"2024-08-21T10:43:42","date_gmt":"2024-08-21T10:43:42","guid":{"rendered":"https:\/\/aiviouvapes.com\/?page_id=9102"},"modified":"2024-12-18T18:35:34","modified_gmt":"2024-12-18T10:35:34","slug":"how-to-order","status":"publish","type":"page","link":"https:\/\/aiviouvapes.com\/sl\/how-to-order\/","title":{"rendered":"Kako naro\u010diti"},"content":{"rendered":"<header class=\"entry-header text-center\">\n<h1 class=\"entry-title\">Kako kupiti vapes na AIVIOU VAPES (s slikami)<\/h1>\n<\/header>\n<div class=\"entry-content\">\n<p>Dobrodo\u0161li v AIVIOU VAPES! Sledite tem preprostim korakom in v na\u0161i spletni trgovini kupite svoje najljub\u0161e vapes za enkratno uporabo.<\/p>\n<h2>Korak 1: Oglejte si na\u0161o zbirko<\/h2>\n<ol>\n<li><strong>Obi\u0161\u010dite na\u0161o doma\u010do stran<\/strong>: Pojdi na\u00a0<a href=\"https:\/\/aiviouvapes.com\/sl\/\" rel=\"noreferrer\">AIVIOUVAPES.com<\/a>.<\/li>\n<li><strong>Pojdite v izdelke<\/strong>: Kliknite na \"<a class=\"nav-top-link\" href=\"https:\/\/aiviouvapes.com\/sl\/shop\/\" aria-expanded=\"false\">SHOP<\/a>\" v meniju na vrhu strani.<a href=\"https:\/\/i0.wp.com\/aiviouvapes.com\/wp-content\/uploads\/2024\/08\/shop.jpg?ssl=1\"><img data-recalc-dims=\"1\" loading=\"lazy\" decoding=\"async\" title=\"Kako naro\u010diti\" class=\"alignnone size-full wp-image-9276\" src=\"https:\/\/i0.wp.com\/aiviouvapes.com\/wp-content\/uploads\/2024\/08\/shop.jpg?resize=1020%2C749&#038;ssl=1\" alt=\"Kako naro\u010diti\" width=\"1020\" height=\"749\" srcset=\"https:\/\/i0.wp.com\/aiviouvapes.com\/wp-content\/uploads\/2024\/08\/shop.jpg?w=1121&amp;ssl=1 1121w, https:\/\/i0.wp.com\/aiviouvapes.com\/wp-content\/uploads\/2024\/08\/shop.jpg?resize=300%2C220&amp;ssl=1 300w, https:\/\/i0.wp.com\/aiviouvapes.com\/wp-content\/uploads\/2024\/08\/shop.jpg?resize=1024%2C752&amp;ssl=1 1024w, https:\/\/i0.wp.com\/aiviouvapes.com\/wp-content\/uploads\/2024\/08\/shop.jpg?resize=768%2C564&amp;ssl=1 768w, https:\/\/i0.wp.com\/aiviouvapes.com\/wp-content\/uploads\/2024\/08\/shop.jpg?resize=16%2C12&amp;ssl=1 16w, https:\/\/i0.wp.com\/aiviouvapes.com\/wp-content\/uploads\/2024\/08\/shop.jpg?resize=800%2C587&amp;ssl=1 800w\" sizes=\"auto, (max-width: 1020px) 100vw, 1020px\" \/><\/a><\/li>\n<\/ol>\n<h2>Korak 2: Izberite svoj vape<\/h2>\n<ol>\n<li><strong>Izberite Vape<\/strong>: Izberite <b>vape<\/b> vas zanima.<\/li>\n<li><strong>Oglejte si izdelke<\/strong>: Brskajte po razpolo\u017eljivih izdelkih. Kliknite na sliko ali naslov izdelka, da si ogledate ve\u010d podrobnosti.<\/li>\n<\/ol>\n<p><a href=\"https:\/\/i0.wp.com\/aiviouvapes.com\/wp-content\/uploads\/2024\/08\/select_product.jpg?ssl=1\"><img data-recalc-dims=\"1\" loading=\"lazy\" decoding=\"async\" title=\"Kako naro\u010diti\" class=\"alignnone size-full wp-image-9275\" src=\"https:\/\/i0.wp.com\/aiviouvapes.com\/wp-content\/uploads\/2024\/08\/select_product.jpg?resize=1020%2C426&#038;ssl=1\" alt=\"Kako naro\u010diti\" width=\"1020\" height=\"426\" data-wp-editing=\"1\" srcset=\"https:\/\/i0.wp.com\/aiviouvapes.com\/wp-content\/uploads\/2024\/08\/select_product.jpg?w=1916&amp;ssl=1 1916w, https:\/\/i0.wp.com\/aiviouvapes.com\/wp-content\/uploads\/2024\/08\/select_product.jpg?resize=300%2C125&amp;ssl=1 300w, https:\/\/i0.wp.com\/aiviouvapes.com\/wp-content\/uploads\/2024\/08\/select_product.jpg?resize=1024%2C428&amp;ssl=1 1024w, https:\/\/i0.wp.com\/aiviouvapes.com\/wp-content\/uploads\/2024\/08\/select_product.jpg?resize=768%2C321&amp;ssl=1 768w, https:\/\/i0.wp.com\/aiviouvapes.com\/wp-content\/uploads\/2024\/08\/select_product.jpg?resize=1536%2C641&amp;ssl=1 1536w, https:\/\/i0.wp.com\/aiviouvapes.com\/wp-content\/uploads\/2024\/08\/select_product.jpg?resize=18%2C8&amp;ssl=1 18w, https:\/\/i0.wp.com\/aiviouvapes.com\/wp-content\/uploads\/2024\/08\/select_product.jpg?resize=800%2C334&amp;ssl=1 800w\" sizes=\"auto, (max-width: 1020px) 100vw, 1020px\" \/><\/a><\/p>\n<h2>Korak 3: Izberite podrobnosti o izdelku<\/h2>\n<ol>\n<li><strong>Preberite podrobnosti<\/strong>: Na strani izdelka preglejte opis, preverite ceno in preberite mnenja strank.<\/li>\n<li><strong>Izberite koli\u010dino<\/strong>: Izberite koli\u010dino, ki jo \u017eelite kupiti.<\/li>\n<li><strong>Dodaj v ko\u0161arico<\/strong>: S klikom na gumb \"Dodaj v ko\u0161arico\" dodajte izdelek v ko\u0161arico.<\/li>\n<\/ol>\n<p><a href=\"https:\/\/i0.wp.com\/aiviouvapes.com\/wp-content\/uploads\/2024\/08\/product_detail.png?ssl=1\"><img data-recalc-dims=\"1\" loading=\"lazy\" decoding=\"async\" title=\"Kako naro\u010diti\" class=\"alignnone size-full wp-image-9274\" src=\"https:\/\/i0.wp.com\/aiviouvapes.com\/wp-content\/uploads\/2024\/08\/product_detail.png?resize=1020%2C619&#038;ssl=1\" alt=\"Kako naro\u010diti\" width=\"1020\" height=\"619\" srcset=\"https:\/\/i0.wp.com\/aiviouvapes.com\/wp-content\/uploads\/2024\/08\/product_detail.png?w=1527&amp;ssl=1 1527w, https:\/\/i0.wp.com\/aiviouvapes.com\/wp-content\/uploads\/2024\/08\/product_detail.png?resize=300%2C182&amp;ssl=1 300w, https:\/\/i0.wp.com\/aiviouvapes.com\/wp-content\/uploads\/2024\/08\/product_detail.png?resize=1024%2C622&amp;ssl=1 1024w, https:\/\/i0.wp.com\/aiviouvapes.com\/wp-content\/uploads\/2024\/08\/product_detail.png?resize=768%2C466&amp;ssl=1 768w, https:\/\/i0.wp.com\/aiviouvapes.com\/wp-content\/uploads\/2024\/08\/product_detail.png?resize=18%2C12&amp;ssl=1 18w, https:\/\/i0.wp.com\/aiviouvapes.com\/wp-content\/uploads\/2024\/08\/product_detail.png?resize=800%2C486&amp;ssl=1 800w\" sizes=\"auto, (max-width: 1020px) 100vw, 1020px\" \/><\/a><\/p>\n<\/div>\n<h2>4. korak: Preglejte svoj vozi\u010dek<\/h2>\n<ol>\n<li><strong>Ogled ko\u0161arice<\/strong>: Za ogled ko\u0161arice kliknite ikono nakupovalne ko\u0161arice v zgornjem desnem kotu strani.<\/li>\n<li><strong>Postavke za pregled<\/strong>: Prepri\u010dajte se, da so vsi elementi in koli\u010dine pravilni.<\/li>\n<li><strong>Prehod na blagajno<\/strong>: Za prehod na naslednji korak kliknite gumb \"Proceed to Checkout\".<\/li>\n<\/ol>\n<p><a href=\"https:\/\/i0.wp.com\/aiviouvapes.com\/wp-content\/uploads\/2024\/08\/cart.png?ssl=1\"><img data-recalc-dims=\"1\" loading=\"lazy\" decoding=\"async\" title=\"Kako naro\u010diti\" class=\"alignnone size-full wp-image-9272\" src=\"https:\/\/i0.wp.com\/aiviouvapes.com\/wp-content\/uploads\/2024\/08\/cart.png?resize=1020%2C383&#038;ssl=1\" alt=\"Kako naro\u010diti\" width=\"1020\" height=\"383\" srcset=\"https:\/\/i0.wp.com\/aiviouvapes.com\/wp-content\/uploads\/2024\/08\/cart.png?w=1768&amp;ssl=1 1768w, https:\/\/i0.wp.com\/aiviouvapes.com\/wp-content\/uploads\/2024\/08\/cart.png?resize=300%2C113&amp;ssl=1 300w, https:\/\/i0.wp.com\/aiviouvapes.com\/wp-content\/uploads\/2024\/08\/cart.png?resize=1024%2C384&amp;ssl=1 1024w, https:\/\/i0.wp.com\/aiviouvapes.com\/wp-content\/uploads\/2024\/08\/cart.png?resize=768%2C288&amp;ssl=1 768w, https:\/\/i0.wp.com\/aiviouvapes.com\/wp-content\/uploads\/2024\/08\/cart.png?resize=1536%2C576&amp;ssl=1 1536w, https:\/\/i0.wp.com\/aiviouvapes.com\/wp-content\/uploads\/2024\/08\/cart.png?resize=18%2C7&amp;ssl=1 18w, https:\/\/i0.wp.com\/aiviouvapes.com\/wp-content\/uploads\/2024\/08\/cart.png?resize=800%2C300&amp;ssl=1 800w\" sizes=\"auto, (max-width: 1020px) 100vw, 1020px\" \/><\/a><\/p>\n<h2>5. korak: Izjava o nakupu<\/h2>\n<ol>\n<li><strong>Podrobnosti o zara\u010dunavanju<\/strong>: Izpolnite podatke za zara\u010dunavanje, vklju\u010dno z imenom, naslovom in kontaktnimi podatki.<\/li>\n<li><strong>Podrobnosti o dostavi<\/strong>: \u010ce se razlikuje od obra\u010duna, vpi\u0161ite podatke o dostavi.<\/li>\n<li><strong>Na\u010din pla\u010dila<\/strong>: Izberite \u017eeleni na\u010din pla\u010dila.<\/li>\n<li><strong>Pregled va\u0161ega naro\u010dila<\/strong>: Dvakrat preverite vse podrobnosti, vklju\u010dno s predmeti, koli\u010dinami in skupnim zneskom.<\/li>\n<li><strong>Naro\u010dite<\/strong>: Za dokon\u010danje nakupa kliknite gumb \"Naro\u010dite\".<\/li>\n<\/ol>\n<p><a href=\"https:\/\/i0.wp.com\/aiviouvapes.com\/wp-content\/uploads\/2024\/08\/checkout.png?ssl=1\"><img data-recalc-dims=\"1\" loading=\"lazy\" decoding=\"async\" title=\"Kako naro\u010diti\" class=\"alignnone size-full wp-image-9273\" src=\"https:\/\/i0.wp.com\/aiviouvapes.com\/wp-content\/uploads\/2024\/08\/checkout.png?resize=1020%2C638&#038;ssl=1\" alt=\"Kako naro\u010diti\" width=\"1020\" height=\"638\" srcset=\"https:\/\/i0.wp.com\/aiviouvapes.com\/wp-content\/uploads\/2024\/08\/checkout.png?w=1328&amp;ssl=1 1328w, https:\/\/i0.wp.com\/aiviouvapes.com\/wp-content\/uploads\/2024\/08\/checkout.png?resize=300%2C188&amp;ssl=1 300w, https:\/\/i0.wp.com\/aiviouvapes.com\/wp-content\/uploads\/2024\/08\/checkout.png?resize=1024%2C640&amp;ssl=1 1024w, https:\/\/i0.wp.com\/aiviouvapes.com\/wp-content\/uploads\/2024\/08\/checkout.png?resize=768%2C480&amp;ssl=1 768w, https:\/\/i0.wp.com\/aiviouvapes.com\/wp-content\/uploads\/2024\/08\/checkout.png?resize=18%2C12&amp;ssl=1 18w, https:\/\/i0.wp.com\/aiviouvapes.com\/wp-content\/uploads\/2024\/08\/checkout.png?resize=800%2C500&amp;ssl=1 800w\" sizes=\"auto, (max-width: 1020px) 100vw, 1020px\" \/><\/a><\/p>\n<h2>Korak 6: Potrditev naro\u010dila<\/h2>\n<ol>\n<li><strong>Potrditveno sporo\u010dilo<\/strong>: Na zaslonu boste videli sporo\u010dilo o potrditvi naro\u010dila s \u0161tevilko naro\u010dila.<\/li>\n<li><strong>Potrditev po e-po\u0161ti<\/strong>: V e-po\u0161ti preverite potrditveno sporo\u010dilo z vsemi podrobnostmi o va\u0161em naro\u010dilu.<\/li>\n<\/ol>\n<div class=\"row align-middle\"  id=\"row-52664058\">\n\n\t<div id=\"col-1151786885\" class=\"col small-12 large-12\"  >\n\t\t\t\t<div class=\"col-inner text-center\"  >\n\t\t\t\n\t\t\t\n<a href=\"https:\/\/aiviouvapes.com\/sl\/shop\/\" class=\"button primary is-shade is-larger box-shadow-4 box-shadow-5-hover\" style=\"border-radius:10px;\">\n\t\t<span>Kupujte zdaj<\/span>\n\t<\/a>\n\n\t\t<\/div>\n\t\t\t\t\n<style>\n#col-1151786885 > .col-inner {\n  padding: 20px 0px 0px 0px;\n}\n<\/style>\n\t<\/div>\n\n\t\n<\/div>","protected":false},"excerpt":{"rendered":"<p>How to Buy Vapes on AIVIOU VAPES (with Pictures) Welcome to AIVIOU VAPES! Follow these simple steps to purchase your favorite disposable vapes from our online store. Step 1: Browse Our Collection Visit our Homepage: Go to\u00a0AIVIOUVAPES.com. Navigate to Products: Click on the \u201cSHOP\u201d menu at the top of the page. Step 2: Select Your [&#8230;]\n","protected":false},"author":1,"featured_media":0,"parent":0,"menu_order":0,"comment_status":"closed","ping_status":"closed","template":"page-blank-title-center.php","meta":{"footnotes":""},"class_list":["post-9102","page","type-page","status-publish","hentry"],"jetpack_sharing_enabled":true,"_links":{"self":[{"href":"https:\/\/aiviouvapes.com\/sl\/wp-json\/wp\/v2\/pages\/9102","targetHints":{"allow":["GET"]}}],"collection":[{"href":"https:\/\/aiviouvapes.com\/sl\/wp-json\/wp\/v2\/pages"}],"about":[{"href":"https:\/\/aiviouvapes.com\/sl\/wp-json\/wp\/v2\/types\/page"}],"author":[{"embeddable":true,"href":"https:\/\/aiviouvapes.com\/sl\/wp-json\/wp\/v2\/users\/1"}],"replies":[{"embeddable":true,"href":"https:\/\/aiviouvapes.com\/sl\/wp-json\/wp\/v2\/comments?post=9102"}],"version-history":[{"count":0,"href":"https:\/\/aiviouvapes.com\/sl\/wp-json\/wp\/v2\/pages\/9102\/revisions"}],"wp:attachment":[{"href":"https:\/\/aiviouvapes.com\/sl\/wp-json\/wp\/v2\/media?parent=9102"}],"curies":[{"name":"wp","href":"https:\/\/api.w.org\/{rel}","templated":true}]}}