{"id":9090,"date":"2024-08-21T10:29:18","date_gmt":"2024-08-21T10:29:18","guid":{"rendered":"https:\/\/aiviouvapes.com\/?page_id=9090"},"modified":"2024-12-02T19:43:21","modified_gmt":"2024-12-02T11:43:21","slug":"faqs","status":"publish","type":"page","link":"https:\/\/aiviouvapes.com\/sl\/faqs\/","title":{"rendered":"Pogosta vpra\u0161anja"},"content":{"rendered":"<div class=\"container section-title-container\" ><h3 class=\"section-title section-title-center\"><b aria-hidden=\"true\"><\/b><span class=\"section-title-main\" >Pogosta vpra\u0161anja<\/span><b aria-hidden=\"true\"><\/b><\/h3><\/div>\n\t<div id=\"text-2599759795\" class=\"text\">\n\t\t\n<h3 class=\"accordion_title\">Pla\u010dilo<\/h3>\n\t\t\n<style>\n#text-2599759795 {\n  font-size: 1.3rem;\n  line-height: 0.75;\n}\n<\/style>\n\t<\/div>\n\t\n<div class=\"accordion\">\n\t<div id=\"accordion-3703350849\" class=\"accordion-item\">\n\t\t<a id=\"accordion-3703350849-label\" class=\"accordion-title plain\" href=\"#accordion-item-which-payment-methods-do-you-accept?\" aria-expanded=\"false\" aria-controls=\"accordion-3703350849-content\">\n\t\t\t<button class=\"toggle\" aria-label=\"Toggle\"><i class=\"icon-angle-down\" aria-hidden=\"true\"><\/i><\/button>\n\t\t\t<span>Katere na\u010dine pla\u010dila sprejemate?<\/span>\n\t\t<\/a>\n\t\t<div id=\"accordion-3703350849-content\" class=\"accordion-inner\" aria-labelledby=\"accordion-3703350849-label\">\n\t\t\t\n<p>Sprejemamo razli\u010dne na\u010dine pla\u010dila, vklju\u010dno s kreditnimi karticami, PayPalom, SEPA, kriptovaluto in drugimi. Razpolo\u017eljive mo\u017enosti pla\u010dila si lahko ogledate na strani z blagajno.<\/p>\n\t\t<\/div>\n\t<\/div>\n\t\n\t<div id=\"accordion-567643341\" class=\"accordion-item\">\n\t\t<a id=\"accordion-567643341-label\" class=\"accordion-title plain\" href=\"#accordion-item-why-was-my-payment-declined?\" aria-expanded=\"false\" aria-controls=\"accordion-567643341-content\">\n\t\t\t<button class=\"toggle\" aria-label=\"Toggle\"><i class=\"icon-angle-down\" aria-hidden=\"true\"><\/i><\/button>\n\t\t\t<span>Zakaj je bilo moje pla\u010dilo zavrnjeno?<\/span>\n\t\t<\/a>\n\t\t<div id=\"accordion-567643341-content\" class=\"accordion-inner\" aria-labelledby=\"accordion-567643341-label\">\n\t\t\t\n<div>\n<div>Pla\u010dila so lahko zavrnjena iz razli\u010dnih razlogov, na primer zaradi napa\u010dnih podatkov o kreditni kartici, nezadostnih sredstev ali te\u017eav s ponudnikom pla\u010dil. Prepri\u010dajte se, da so posredovani podatki o pla\u010dilu to\u010dni, ali pa se za re\u0161itev te\u017eave obrnite na svojega ponudnika pla\u010dil.<\/div>\n<\/div>\n\t\t<\/div>\n\t<\/div>\n\t\n\t<div id=\"accordion-2062225938\" class=\"accordion-item\">\n\t\t<a id=\"accordion-2062225938-label\" class=\"accordion-title plain\" href=\"#accordion-item-how-can-i-obtain-an-invoice?\" aria-expanded=\"false\" aria-controls=\"accordion-2062225938-content\">\n\t\t\t<button class=\"toggle\" aria-label=\"Toggle\"><i class=\"icon-angle-down\" aria-hidden=\"true\"><\/i><\/button>\n\t\t\t<span>Kako lahko pridobim ra\u010dun?<\/span>\n\t\t<\/a>\n\t\t<div id=\"accordion-2062225938-content\" class=\"accordion-inner\" aria-labelledby=\"accordion-2062225938-label\">\n\t\t\t\n<div>\n<div>Ob naro\u010dilu lahko zahtevate ra\u010dun, ki vam ga bomo poslali po e-po\u0161ti.<\/div>\n<\/div>\n\t\t<\/div>\n\t<\/div>\n\t\n\t<div id=\"accordion-284587392\" class=\"accordion-item\">\n\t\t<a id=\"accordion-284587392-label\" class=\"accordion-title plain\" href=\"#accordion-item-do-you-offer-cash-on-delivery-(cod)-payment-option?\" aria-expanded=\"false\" aria-controls=\"accordion-284587392-content\">\n\t\t\t<button class=\"toggle\" aria-label=\"Toggle\"><i class=\"icon-angle-down\" aria-hidden=\"true\"><\/i><\/button>\n\t\t\t<span>Ali ponujate mo\u017enost pla\u010dila po povzetju (COD)?<\/span>\n\t\t<\/a>\n\t\t<div id=\"accordion-284587392-content\" class=\"accordion-inner\" aria-labelledby=\"accordion-284587392-label\">\n\t\t\t\n<div>\n<div>Ne ponujamo pla\u010dila po povzetju. Pri oddaji naro\u010dila morate uporabiti spletne na\u010dine pla\u010dila.<\/div>\n<\/div>\n\t\t<\/div>\n\t<\/div>\n\t\n\t<div id=\"accordion-1135014581\" class=\"accordion-item\">\n\t\t<a id=\"accordion-1135014581-label\" class=\"accordion-title plain\" href=\"#accordion-item-is-there-an-option-to-enter-a-discount-code-or-gift-card?\" aria-expanded=\"false\" aria-controls=\"accordion-1135014581-content\">\n\t\t\t<button class=\"toggle\" aria-label=\"Toggle\"><i class=\"icon-angle-down\" aria-hidden=\"true\"><\/i><\/button>\n\t\t\t<span>Ali lahko vnesete kodo za popust ali darilno kartico?<\/span>\n\t\t<\/a>\n\t\t<div id=\"accordion-1135014581-content\" class=\"accordion-inner\" aria-labelledby=\"accordion-1135014581-label\">\n\t\t\t\n<div>\n<div>Da, \u010de imate kodo za popust ali darilno kartico, lahko ustrezne podatke vnesete na blagajni in u\u017eivate v popustih.<\/div>\n<\/div>\n\t\t<\/div>\n\t<\/div>\n\t\n\t<div id=\"accordion-598444200\" class=\"accordion-item\">\n\t\t<a id=\"accordion-598444200-label\" class=\"accordion-title plain\" href=\"#accordion-item-is-payment-secure?\" aria-expanded=\"false\" aria-controls=\"accordion-598444200-content\">\n\t\t\t<button class=\"toggle\" aria-label=\"Toggle\"><i class=\"icon-angle-down\" aria-hidden=\"true\"><\/i><\/button>\n\t\t\t<span>Ali je pla\u010dilo varno?<\/span>\n\t\t<\/a>\n\t\t<div id=\"accordion-598444200-content\" class=\"accordion-inner\" aria-labelledby=\"accordion-598444200-label\">\n\t\t\t\n<div>\n<div>Za zagotavljanje varnosti pla\u010dil uporabljamo ve\u010d ukrepov, vklju\u010dno s tehnologijo \u0161ifriranja in obdelavo pla\u010dil v skladu s standardi PCI.<\/div>\n<\/div>\n\t\t<\/div>\n\t<\/div>\n\t\n\t<div id=\"accordion-1613913735\" class=\"accordion-item\">\n\t\t<a id=\"accordion-1613913735-label\" class=\"accordion-title plain\" href=\"#accordion-item-how-can-i-receive-an-order-confirmation-after-making-a-payment?\" aria-expanded=\"false\" aria-controls=\"accordion-1613913735-content\">\n\t\t\t<button class=\"toggle\" aria-label=\"Toggle\"><i class=\"icon-angle-down\" aria-hidden=\"true\"><\/i><\/button>\n\t\t\t<span>Kako lahko po pla\u010dilu prejmem potrditev naro\u010dila?<\/span>\n\t\t<\/a>\n\t\t<div id=\"accordion-1613913735-content\" class=\"accordion-inner\" aria-labelledby=\"accordion-1613913735-label\">\n\t\t\t\n<div>\n<div>Takoj po uspe\u0161nem pla\u010dilu boste prejeli potrditveno e-po\u0161tno sporo\u010dilo s podrobnimi informacijami o naro\u010dilu.<\/div>\n<\/div>\n\t\t<\/div>\n\t<\/div>\n\t\n\t<div id=\"accordion-3485621191\" class=\"accordion-item\">\n\t\t<a id=\"accordion-3485621191-label\" class=\"accordion-title plain\" href=\"#accordion-item-how-can-i-request-a-refund?\" aria-expanded=\"false\" aria-controls=\"accordion-3485621191-content\">\n\t\t\t<button class=\"toggle\" aria-label=\"Toggle\"><i class=\"icon-angle-down\" aria-hidden=\"true\"><\/i><\/button>\n\t\t\t<span>Kako lahko zahtevam povra\u010dilo?<\/span>\n\t\t<\/a>\n\t\t<div id=\"accordion-3485621191-content\" class=\"accordion-inner\" aria-labelledby=\"accordion-3485621191-label\">\n\t\t\t\n<div>\n<div>\u010ce potrebujete povra\u010dilo, se obrnite na na\u0161o ekipo za podporo strankam in navedite podatke o naro\u010dilu. Pomagali vam bomo pri obdelavi zahtevkov za vra\u010dilo v skladu z na\u0161im pravilnikom o vra\u010dilih.<\/div>\n<\/div>\n\t\t<\/div>\n\t<\/div>\n\t\n\t<div id=\"accordion-4160694209\" class=\"accordion-item\">\n\t\t<a id=\"accordion-4160694209-label\" class=\"accordion-title plain\" href=\"#accordion-item-how-can-i-view-my-order-history-after-making-a-payment?\" aria-expanded=\"false\" aria-controls=\"accordion-4160694209-content\">\n\t\t\t<button class=\"toggle\" aria-label=\"Toggle\"><i class=\"icon-angle-down\" aria-hidden=\"true\"><\/i><\/button>\n\t\t\t<span>Kako si lahko po pla\u010dilu ogledam zgodovino naro\u010dil?<\/span>\n\t\t<\/a>\n\t\t<div id=\"accordion-4160694209-content\" class=\"accordion-inner\" aria-labelledby=\"accordion-4160694209-label\">\n\t\t\t\n<div>\n<div>Prijavite se v svoj ra\u010dun in pojdite na stran \"Moj ra\u010dun\". V razdelku Zgodovina naro\u010dil si lahko ogledate podatke o pla\u010dilu in stanje naro\u010dila za pretekla naro\u010dila.<\/div>\n<\/div>\n\t\t<\/div>\n\t<\/div>\n\t\n<\/div>\n\t<div id=\"text-3845974476\" class=\"text\">\n\t\t\n<h3 class=\"accordion_title\">Dostava<\/h3>\n\t\t\n<style>\n#text-3845974476 {\n  font-size: 1.3rem;\n  line-height: 0.75;\n}\n<\/style>\n\t<\/div>\n\t\n<div class=\"accordion\">\n\t<div id=\"accordion-609123157\" class=\"accordion-item\">\n\t\t<a id=\"accordion-609123157-label\" class=\"accordion-title plain\" href=\"#accordion-item-what&#039;s-the-shipping-policy?\" aria-expanded=\"false\" aria-controls=\"accordion-609123157-content\">\n\t\t\t<button class=\"toggle\" aria-label=\"Toggle\"><i class=\"icon-angle-down\" aria-hidden=\"true\"><\/i><\/button>\n\t\t\t<span>Kak\u0161en je pravilnik o po\u0161iljanju?<\/span>\n\t\t<\/a>\n\t\t<div id=\"accordion-609123157-content\" class=\"accordion-inner\" aria-labelledby=\"accordion-609123157-label\">\n\t\t\t\n<p>Dr\u017eave, s katerimi lahko po\u0161iljamo\u00a0<strong>DDP<\/strong>\u00a0(<strong>Pla\u010dana dajatev za dostavo<\/strong>) Metoda ne zahteva carinjenja in nobenih dajatev za vas.<\/p>\n<ul>\n<li>ZDA - UPS Express (razen Aljaske in Havajev)<\/li>\n<li>Velika Britanija - Lokalno DPD Express<\/li>\n<li>Evropa - UPS Express\/ DPD Express\/ DHL Express<\/li>\n<\/ul>\n<p>Seznami dr\u017eav v Evropi Metoda DDP: Nem\u010dija, Belgija, Luksemburg, Nizozemska, \u010ce\u0161ka republika, Poljska, Hrva\u0161ka, Slova\u0161ka, Slovenija, Finska, \u0160vedska, Avstrija, Francija, Italija, Mad\u017earska, Bolgarija, Litva, Estonija, Latvija, Gr\u010dija, Irska, Portugalska, \u0160panija.<\/p>\n<p>Po\u0161iljke v evropske dr\u017eave, razen v Zdru\u017eeno kraljestvo, bodo potrjene v Nem\u010diji in poslane v druge evropske dr\u017eave iz Nem\u010dije.<\/p>\n<ul>\n<li>ZAE (samo Dubaj)<\/li>\n<li>Ju\u017ena Afrika<\/li>\n<li>Vietnam<\/li>\n<li>Zahodna Malezija (razen otoka Kalimantan)<\/li>\n<\/ul>\n<figure class=\"wp-block-table\"><strong>\u010cas dostave za dolo\u010dene dr\u017eave:<\/strong><\/p>\n<table>\n<thead>\n<tr>\n<th>DR\u017dAVA<\/th>\n<th>NA\u010cIN PO\u0160ILJANJA<\/th>\n<th>\u010cAS DOBAVE<\/th>\n<\/tr>\n<\/thead>\n<tbody>\n<tr>\n<td>ZDA<\/td>\n<td>Lokalni UPS Ground<\/td>\n<td>10-15 dni<\/td>\n<\/tr>\n<tr>\n<td>ZDRU\u017dENO KRALJESTVO<\/td>\n<td>Lokalni DPD Express<\/td>\n<td>7-12 dni<\/td>\n<\/tr>\n<tr>\n<td>Nem\u010dija<\/td>\n<td>UPS\/DPD\/DHL Nem\u010dija<\/td>\n<td>8-13 dni<\/td>\n<\/tr>\n<tr>\n<td>Francija<\/td>\n<td>UPS\/DPD\/DHL Nem\u010dija<\/td>\n<td>8-13 dni<\/td>\n<\/tr>\n<tr>\n<td>Belgija<\/td>\n<td>UPS\/DPD\/DHL Nem\u010dija<\/td>\n<td>8-13 dni<\/td>\n<\/tr>\n<tr>\n<td>Luksemburg<\/td>\n<td>UPS\/DPD\/DHL Nem\u010dija<\/td>\n<td>8-13 dni<\/td>\n<\/tr>\n<tr>\n<td>Nizozemska<\/td>\n<td>UPS\/DPD\/DHL Nem\u010dija<\/td>\n<td>8-13 dni<\/td>\n<\/tr>\n<tr>\n<td>\u010ce\u0161ka republika<\/td>\n<td>UPS\/DPD\/DHL Nem\u010dija<\/td>\n<td>8-13 dni<\/td>\n<\/tr>\n<tr>\n<td>Poljska<\/td>\n<td>UPS\/DPD\/DHL Nem\u010dija<\/td>\n<td>8-13 dni<\/td>\n<\/tr>\n<tr>\n<td>Hrva\u0161ka<\/td>\n<td>UPS\/DPD\/DHL Nem\u010dija<\/td>\n<td>8-13 dni<\/td>\n<\/tr>\n<tr>\n<td>Slova\u0161ka<\/td>\n<td>UPS\/DPD\/DHL Nem\u010dija<\/td>\n<td>8-13 dni<\/td>\n<\/tr>\n<tr>\n<td>Slovenija<\/td>\n<td>UPS\/DPD\/DHL Nem\u010dija<\/td>\n<td>8-13 dni<\/td>\n<\/tr>\n<tr>\n<td>Finska<\/td>\n<td>UPS\/DPD\/DHL Nem\u010dija<\/td>\n<td>8-13 dni<\/td>\n<\/tr>\n<tr>\n<td>Danska<\/td>\n<td>UPS\/DPD\/DHL Nem\u010dija<\/td>\n<td>8-13 dni<\/td>\n<\/tr>\n<tr>\n<td>\u0160vedska<\/td>\n<td>UPS\/DPD\/DHL Nem\u010dija<\/td>\n<td>8-13 dni<\/td>\n<\/tr>\n<tr>\n<td>Avstrija<\/td>\n<td>UPS\/DPD\/DHL Nem\u010dija<\/td>\n<td>8-13 dni<\/td>\n<\/tr>\n<tr>\n<td>Italija<\/td>\n<td>UPS\/DPD\/DHL Nem\u010dija<\/td>\n<td>8-13 dni<\/td>\n<\/tr>\n<tr>\n<td>Mad\u017earska<\/td>\n<td>UPS\/DPD\/DHL Nem\u010dija<\/td>\n<td>8-13 dni<\/td>\n<\/tr>\n<tr>\n<td>Litva<\/td>\n<td>UPS\/DPD\/DHL Nem\u010dija<\/td>\n<td>8-13 dni<\/td>\n<\/tr>\n<tr>\n<td>Estonija<\/td>\n<td>UPS\/DPD\/DHL Nem\u010dija<\/td>\n<td>8-13 dni<\/td>\n<\/tr>\n<tr>\n<td>Latvija<\/td>\n<td>UPS\/DPD\/DHL Nem\u010dija<\/td>\n<td>8-13 dni<\/td>\n<\/tr>\n<tr>\n<td>Gr\u010dija<\/td>\n<td>UPS\/DPD\/DHL Nem\u010dija<\/td>\n<td>8-13 dni<\/td>\n<\/tr>\n<tr>\n<td>Irska<\/td>\n<td>UPS\/DPD\/DHL Nem\u010dija<\/td>\n<td>8-13 dni<\/td>\n<\/tr>\n<tr>\n<td>Portugalska<\/td>\n<td>UPS\/DPD\/DHL Nem\u010dija<\/td>\n<td>8-13 dni<\/td>\n<\/tr>\n<tr>\n<td>\u0160panija<\/td>\n<td>UPS\/DPD\/DHL Nem\u010dija<\/td>\n<td>8-13 dni<\/td>\n<\/tr>\n<tr>\n<td>ZAE (Dubaj)<\/td>\n<td>Posebna linija v Dubaju<\/td>\n<td>12-18 dni<\/td>\n<\/tr>\n<tr>\n<td>Ju\u017ena Afrika<\/td>\n<td>Posebna linija za Ju\u017eno Afriko<\/td>\n<td>15-25 dni<\/td>\n<\/tr>\n<tr>\n<td>Vietnam<\/td>\n<td>Namenska linija v Vietnamu<\/td>\n<td>3-5 dni<\/td>\n<\/tr>\n<tr>\n<td>Zahodna Malezija<\/td>\n<td>Namenska linija v Maleziji<\/td>\n<td>4-8 dni<\/td>\n<\/tr>\n<\/tbody>\n<\/table>\n<\/figure>\n<p>Druge dr\u017eave<br \/>\nPoleg teh dr\u017eav s seznama zgoraj morate\u00a0<strong>opraviti carinjenje<\/strong>\u00a0in\u00a0<strong>pla\u010dati carine<\/strong>\u00a0ko paket prispe na va\u0161o carino, glede vi\u0161ine davka, ki ga morate pla\u010dati, prosimo, da se pozanimate o podrobnostih na lokalni carini.<\/p>\n<p>Carina lahko od vas zahteva, da predlo\u017eite\u00a0<strong>poslovno dovoljenje<\/strong>\u00a0tudi. (\u010de obstaja)<\/p>\n\t\t<\/div>\n\t<\/div>\n\t\n\t<div id=\"accordion-2989089928\" class=\"accordion-item\">\n\t\t<a id=\"accordion-2989089928-label\" class=\"accordion-title plain\" href=\"#accordion-item-how-are-shipping-costs-calculated?\" aria-expanded=\"false\" aria-controls=\"accordion-2989089928-content\">\n\t\t\t<button class=\"toggle\" aria-label=\"Toggle\"><i class=\"icon-angle-down\" aria-hidden=\"true\"><\/i><\/button>\n\t\t\t<span>Kako se izra\u010dunajo stro\u0161ki po\u0161iljanja?<\/span>\n\t\t<\/a>\n\t\t<div id=\"accordion-2989089928-content\" class=\"accordion-inner\" aria-labelledby=\"accordion-2989089928-label\">\n\t\t\t\n<div>\n<div>Stro\u0161ki po\u0161iljanja se obi\u010dajno izra\u010dunajo na podlagi te\u017ee predmetov, cilja po\u0161iljanja in izbranega na\u010dina po\u0161iljanja. Stro\u0161ke po\u0161iljanja si lahko ogledate med prijavo na blagajno.<\/div>\n<\/div>\n\t\t<\/div>\n\t<\/div>\n\t\n\t<div id=\"accordion-910170389\" class=\"accordion-item\">\n\t\t<a id=\"accordion-910170389-label\" class=\"accordion-title plain\" href=\"#accordion-item-what-should-i-do-if-my-package-is-lost-or-delayed?\" aria-expanded=\"false\" aria-controls=\"accordion-910170389-content\">\n\t\t\t<button class=\"toggle\" aria-label=\"Toggle\"><i class=\"icon-angle-down\" aria-hidden=\"true\"><\/i><\/button>\n\t\t\t<span>Kaj naj storim, \u010de se paket izgubi ali zamudi?<\/span>\n\t\t<\/a>\n\t\t<div id=\"accordion-910170389-content\" class=\"accordion-inner\" aria-labelledby=\"accordion-910170389-label\">\n\t\t\t\n<div>\n<div>\u010ce se va\u0161 paket izgubi ali mo\u010dno zamuja, se obrnite na na\u0161o slu\u017ebo za podporo strankam. Raziskali bomo zadevo in vam pomagali pri re\u0161evanju.<\/div>\n<\/div>\n\t\t<\/div>\n\t<\/div>\n\t\n\t<div id=\"accordion-1525490397\" class=\"accordion-item\">\n\t\t<a id=\"accordion-1525490397-label\" class=\"accordion-title plain\" href=\"#accordion-item-how-can-i-track-my-order?\" aria-expanded=\"false\" aria-controls=\"accordion-1525490397-content\">\n\t\t\t<button class=\"toggle\" aria-label=\"Toggle\"><i class=\"icon-angle-down\" aria-hidden=\"true\"><\/i><\/button>\n\t\t\t<span>Kako lahko spremljam svoje naro\u010dilo?<\/span>\n\t\t<\/a>\n\t\t<div id=\"accordion-1525490397-content\" class=\"accordion-inner\" aria-labelledby=\"accordion-1525490397-label\">\n\t\t\t\n<div>\n<div>Svojemu naro\u010dilu lahko sledite tako, da se prijavite v svoj ra\u010dun in odprete razdelek \"Zgodovina naro\u010dil\". Informacije o sledenju naro\u010dila vam po\u0161ljemo tudi po e-po\u0161ti.<\/div>\n<\/div>\n\t\t<\/div>\n\t<\/div>\n\t\n\t<div id=\"accordion-1866260723\" class=\"accordion-item\">\n\t\t<a id=\"accordion-1866260723-label\" class=\"accordion-title plain\" href=\"#accordion-item-do-i-need-to-pay-customs-duties?\" aria-expanded=\"false\" aria-controls=\"accordion-1866260723-content\">\n\t\t\t<button class=\"toggle\" aria-label=\"Toggle\"><i class=\"icon-angle-down\" aria-hidden=\"true\"><\/i><\/button>\n\t\t\t<span>Ali moram pla\u010dati carino?<\/span>\n\t\t<\/a>\n\t\t<div id=\"accordion-1866260723-content\" class=\"accordion-inner\" aria-labelledby=\"accordion-1866260723-label\">\n\t\t\t\n<div>\n<div>Za zdaj ni potrebno, razen v Kanadi in na Danskem.<\/div>\n<\/div>\n\t\t<\/div>\n\t<\/div>\n\t\n\t<div id=\"accordion-3656686742\" class=\"accordion-item\">\n\t\t<a id=\"accordion-3656686742-label\" class=\"accordion-title plain\" href=\"#accordion-item-what-is-the-estimated-shipping-time?\" aria-expanded=\"false\" aria-controls=\"accordion-3656686742-content\">\n\t\t\t<button class=\"toggle\" aria-label=\"Toggle\"><i class=\"icon-angle-down\" aria-hidden=\"true\"><\/i><\/button>\n\t\t\t<span>Kak\u0161en je predvideni \u010das dostave?<\/span>\n\t\t<\/a>\n\t\t<div id=\"accordion-3656686742-content\" class=\"accordion-inner\" aria-labelledby=\"accordion-3656686742-label\">\n\t\t\t\n<div>\n<div>Odvisno od izdelka je \u010das skladi\u0161\u010denja 1-5 dni, \u010das dostave pa 7-15 dni.<\/div>\n<\/div>\n\t\t<\/div>\n\t<\/div>\n\t\n<\/div>\n\t<div id=\"text-1361912755\" class=\"text\">\n\t\t\n<div>\n<h3>Varnost<\/h3>\n<\/div>\n\t\t\n<style>\n#text-1361912755 {\n  font-size: 1.3rem;\n  line-height: 0.75;\n}\n<\/style>\n\t<\/div>\n\t\n<div class=\"accordion\">\n\t<div id=\"accordion-916677821\" class=\"accordion-item\">\n\t\t<a id=\"accordion-916677821-label\" class=\"accordion-title plain\" href=\"#accordion-item-how-is-website-security-ensured?\" aria-expanded=\"false\" aria-controls=\"accordion-916677821-content\">\n\t\t\t<button class=\"toggle\" aria-label=\"Toggle\"><i class=\"icon-angle-down\" aria-hidden=\"true\"><\/i><\/button>\n\t\t\t<span>Kako je zagotovljena varnost spletnega mesta?<\/span>\n\t\t<\/a>\n\t\t<div id=\"accordion-916677821-content\" class=\"accordion-inner\" aria-labelledby=\"accordion-916677821-label\">\n\t\t\t\n<div>\n<div>Za za\u0161\u010dito va\u0161ih podatkov in transakcij uporabljamo ve\u010d ravni varnostnih ukrepov, vklju\u010dno s \u0161ifriranjem podatkov, po\u017earnimi zidovi in rednimi varnostnimi pregledi.<\/div>\n<\/div>\n\t\t<\/div>\n\t<\/div>\n\t\n\t<div id=\"accordion-2134002654\" class=\"accordion-item\">\n\t\t<a id=\"accordion-2134002654-label\" class=\"accordion-title plain\" href=\"#accordion-item-how-is-my-personal-information-safeguarded?\" aria-expanded=\"false\" aria-controls=\"accordion-2134002654-content\">\n\t\t\t<button class=\"toggle\" aria-label=\"Toggle\"><i class=\"icon-angle-down\" aria-hidden=\"true\"><\/i><\/button>\n\t\t\t<span>Kako so varovani moji osebni podatki?<\/span>\n\t\t<\/a>\n\t\t<div id=\"accordion-2134002654-content\" class=\"accordion-inner\" aria-labelledby=\"accordion-2134002654-label\">\n\t\t\t\n<div>\n<div>Strogo upo\u0161tevamo na\u0161o politiko zasebnosti in va\u0161ih osebnih podatkov ne prodajamo ali posredujemo naprej. Va\u0161e podatke uporabljamo izklju\u010dno za obdelavo naro\u010dil in zagotavljanje podpore strankam.<\/div>\n<\/div>\n\t\t<\/div>\n\t<\/div>\n\t\n\t<div id=\"accordion-1526009343\" class=\"accordion-item\">\n\t\t<a id=\"accordion-1526009343-label\" class=\"accordion-title plain\" href=\"#accordion-item-is-payment-information-secure?\" aria-expanded=\"false\" aria-controls=\"accordion-1526009343-content\">\n\t\t\t<button class=\"toggle\" aria-label=\"Toggle\"><i class=\"icon-angle-down\" aria-hidden=\"true\"><\/i><\/button>\n\t\t\t<span>Ali so pla\u010dilni podatki varni?<\/span>\n\t\t<\/a>\n\t\t<div id=\"accordion-1526009343-content\" class=\"accordion-inner\" aria-labelledby=\"accordion-1526009343-label\">\n\t\t\t\n<div>\n<div>Za zagotavljanje varnosti va\u0161ih pla\u010dilnih podatkov uporabljamo varen sistem za obdelavo pla\u010dil, ki je skladen s standardi PCI.<\/div>\n<\/div>\n\t\t<\/div>\n\t<\/div>\n\t\n\t<div id=\"accordion-99678623\" class=\"accordion-item\">\n\t\t<a id=\"accordion-99678623-label\" class=\"accordion-title plain\" href=\"#accordion-item-how-can-i-create-a-strong-password?\" aria-expanded=\"false\" aria-controls=\"accordion-99678623-content\">\n\t\t\t<button class=\"toggle\" aria-label=\"Toggle\"><i class=\"icon-angle-down\" aria-hidden=\"true\"><\/i><\/button>\n\t\t\t<span>Kako lahko ustvarim mo\u010dno geslo?<\/span>\n\t\t<\/a>\n\t\t<div id=\"accordion-99678623-content\" class=\"accordion-inner\" aria-labelledby=\"accordion-99678623-label\">\n\t\t\t\n<div>\n<div>Pri ustvarjanju mo\u010dnega gesla uporabite kombinacijo \u010drk, \u0161tevilk in posebnih znakov ter se izogibajte zlahka uganljivim podatkom, kot so rojstni dnevi. Varnost pove\u010date tudi z rednim spreminjanjem gesla.<\/div>\n<\/div>\n\t\t<\/div>\n\t<\/div>\n\t\n\t<div id=\"accordion-2267967125\" class=\"accordion-item\">\n\t\t<a id=\"accordion-2267967125-label\" class=\"accordion-title plain\" href=\"#accordion-item-how-can-i-verify-the-authenticity-of-the-website?\" aria-expanded=\"false\" aria-controls=\"accordion-2267967125-content\">\n\t\t\t<button class=\"toggle\" aria-label=\"Toggle\"><i class=\"icon-angle-down\" aria-hidden=\"true\"><\/i><\/button>\n\t\t\t<span>Kako lahko preverim pristnost spletnega mesta?<\/span>\n\t\t<\/a>\n\t\t<div id=\"accordion-2267967125-content\" class=\"accordion-inner\" aria-labelledby=\"accordion-2267967125-label\">\n\t\t\t\n<div>\n<div>Preverite URL spletnega mesta in se prepri\u010dajte, da se ujema z uradnim spletnim mestom. Poleg tega poi\u0161\u010dite certifikat SSL, ki naj bi ozna\u010deval, da je spletno mesto varno.<\/div>\n<\/div>\n\t\t<\/div>\n\t<\/div>\n\t\n\t<div id=\"accordion-977087762\" class=\"accordion-item\">\n\t\t<a id=\"accordion-977087762-label\" class=\"accordion-title plain\" href=\"#accordion-item-how-do-i-report-suspicious-activity?\" aria-expanded=\"false\" aria-controls=\"accordion-977087762-content\">\n\t\t\t<button class=\"toggle\" aria-label=\"Toggle\"><i class=\"icon-angle-down\" aria-hidden=\"true\"><\/i><\/button>\n\t\t\t<span>Kako prijavim sumljivo dejavnost?<\/span>\n\t\t<\/a>\n\t\t<div id=\"accordion-977087762-content\" class=\"accordion-inner\" aria-labelledby=\"accordion-977087762-label\">\n\t\t\t\n<div>\n<div>\u010ce naletite na sumljive dejavnosti ali varnostne te\u017eave, se takoj obrnite na na\u0161o podporo strankam. Preiskali bomo zadevo in sprejeli potrebne ukrepe.<\/div>\n<\/div>\n\t\t<\/div>\n\t<\/div>\n\t\n\t<div id=\"accordion-3303581609\" class=\"accordion-item\">\n\t\t<a id=\"accordion-3303581609-label\" class=\"accordion-title plain\" href=\"#accordion-item-are-there-anti-phishing-measures-in-place?\" aria-expanded=\"false\" aria-controls=\"accordion-3303581609-content\">\n\t\t\t<button class=\"toggle\" aria-label=\"Toggle\"><i class=\"icon-angle-down\" aria-hidden=\"true\"><\/i><\/button>\n\t\t\t<span>Ali so vzpostavljeni ukrepi za prepre\u010devanje ribarjenja?<\/span>\n\t\t<\/a>\n\t\t<div id=\"accordion-3303581609-content\" class=\"accordion-inner\" aria-labelledby=\"accordion-3303581609-label\">\n\t\t\t\n<div>\n<div>Da, uvedli smo ukrepe proti ribarjenju, da bi prepre\u010dili goljufive dejavnosti na zlonamernih spletnih mestih in v e-po\u0161tnih sporo\u010dilih.<\/div>\n<\/div>\n\t\t<\/div>\n\t<\/div>\n\t\n<\/div>\n\t<div id=\"text-3497460230\" class=\"text\">\n\t\t\n<div>\n<h3>Vra\u010dila<\/h3>\n<\/div>\n\t\t\n<style>\n#text-3497460230 {\n  font-size: 1.3rem;\n  line-height: 0.75;\n}\n<\/style>\n\t<\/div>\n\t\n<div class=\"accordion\">\n\t<div id=\"accordion-918443450\" class=\"accordion-item\">\n\t\t<a id=\"accordion-918443450-label\" class=\"accordion-title plain\" href=\"#accordion-item-i-would-like-to-change-my-ordered-items.-what-should-i-do?\" aria-expanded=\"false\" aria-controls=\"accordion-918443450-content\">\n\t\t\t<button class=\"toggle\" aria-label=\"Toggle\"><i class=\"icon-angle-down\" aria-hidden=\"true\"><\/i><\/button>\n\t\t\t<span>\u017delim spremeniti naro\u010dene predmete. Kaj naj storim?<\/span>\n\t\t<\/a>\n\t\t<div id=\"accordion-918443450-content\" class=\"accordion-inner\" aria-labelledby=\"accordion-918443450-label\">\n\t\t\t\n<div>\n<div>Svoje naro\u010dilo lahko spremenite do vklju\u010dno 23:00 (PDT -7 GMT) na isti dan, ko je bilo naro\u010dilo oddano. \u010ce \u017eelite zahtevati spremembe, nam pi\u0161ite na support@aiviouvapes.com.<\/div>\n<\/div>\n\t\t<\/div>\n\t<\/div>\n\t\n\t<div id=\"accordion-539459343\" class=\"accordion-item\">\n\t\t<a id=\"accordion-539459343-label\" class=\"accordion-title plain\" href=\"#accordion-item-how-do-i-return-a-product?\" aria-expanded=\"false\" aria-controls=\"accordion-539459343-content\">\n\t\t\t<button class=\"toggle\" aria-label=\"Toggle\"><i class=\"icon-angle-down\" aria-hidden=\"true\"><\/i><\/button>\n\t\t\t<span>Kako lahko vrnem izdelek?<\/span>\n\t\t<\/a>\n\t\t<div id=\"accordion-539459343-content\" class=\"accordion-inner\" aria-labelledby=\"accordion-539459343-label\">\n\t\t\t\n<p>Imamo 15-dnevni pravilnik o vra\u010dilu, ki vam omogo\u010da, da zahtevate vra\u010dilo v 15 dneh po prejemu izdelka.<\/p>\n<p>\u010ce \u017eelite vrniti izdelek, mora biti ta v enakem stanju, kot ste ga prejeli, neno\u0161en ali neuporabljen, z oznakami in v originalni embala\u017ei. Potrebovali boste tudi ra\u010dun ali dokazilo o nakupu.<\/p>\n<p>\u010ce \u017eelite spro\u017eiti vra\u010dilo, nam pi\u0161ite na support@aiviouvapes.com. \u010ce bo va\u0161a vrnitev sprejeta, vam bomo zagotovili nalepko za vra\u010dilo ter navodila, kako in kam poslati paket. Izdelkov, ki nam jih boste poslali nazaj brez predhodne zahteve za vra\u010dilo, ne bomo sprejeli.<\/p>\n<p>Za vsa vpra\u0161anja v zvezi z vra\u010dili se obrnite na nas na support@aiviouvapes.com.<\/p>\n\t\t<\/div>\n\t<\/div>\n\t\n<\/div>\n<div class=\"row align-middle\"  id=\"row-199286139\">\n\n\t<div id=\"col-183776331\" class=\"col small-12 large-12\"  >\n\t\t\t\t<div class=\"col-inner text-center\"  >\n\t\t\t\n\t\t\t\n<a href=\"https:\/\/aiviouvapes.com\/sl\/shop\/\" class=\"button primary is-shade is-larger box-shadow-4 box-shadow-5-hover\" style=\"border-radius:10px;\">\n\t\t<span>Kupujte zdaj<\/span>\n\t<\/a>\n\n\t\t<\/div>\n\t\t\t\t\n<style>\n#col-183776331 > .col-inner {\n  padding: 20px 0px 0px 0px;\n}\n<\/style>\n\t<\/div>\n\n\t\n<\/div>","protected":false},"excerpt":{"rendered":"","protected":false},"author":1,"featured_media":0,"parent":0,"menu_order":0,"comment_status":"closed","ping_status":"closed","template":"","meta":{"footnotes":""},"class_list":["post-9090","page","type-page","status-publish","hentry"],"jetpack_sharing_enabled":true,"_links":{"self":[{"href":"https:\/\/aiviouvapes.com\/sl\/wp-json\/wp\/v2\/pages\/9090","targetHints":{"allow":["GET"]}}],"collection":[{"href":"https:\/\/aiviouvapes.com\/sl\/wp-json\/wp\/v2\/pages"}],"about":[{"href":"https:\/\/aiviouvapes.com\/sl\/wp-json\/wp\/v2\/types\/page"}],"author":[{"embeddable":true,"href":"https:\/\/aiviouvapes.com\/sl\/wp-json\/wp\/v2\/users\/1"}],"replies":[{"embeddable":true,"href":"https:\/\/aiviouvapes.com\/sl\/wp-json\/wp\/v2\/comments?post=9090"}],"version-history":[{"count":0,"href":"https:\/\/aiviouvapes.com\/sl\/wp-json\/wp\/v2\/pages\/9090\/revisions"}],"wp:attachment":[{"href":"https:\/\/aiviouvapes.com\/sl\/wp-json\/wp\/v2\/media?parent=9090"}],"curies":[{"name":"wp","href":"https:\/\/api.w.org\/{rel}","templated":true}]}}