{"id":5173,"date":"2024-08-21T10:42:43","date_gmt":"2024-08-21T10:42:43","guid":{"rendered":"https:\/\/aiviouvapes.com\/?page_id=5173"},"modified":"2026-02-02T10:25:50","modified_gmt":"2026-02-02T02:25:50","slug":"coupons-offer","status":"publish","type":"page","link":"https:\/\/aiviouvapes.com\/sl\/coupons-offer\/","title":{"rendered":"Kuponi in ponudba"},"content":{"rendered":"<div class=\"row\"  id=\"row-1735405158\">\n\n\t<div id=\"col-493738202\" class=\"col medium-6 small-12 large-6\"  >\n\t\t\t\t<div class=\"col-inner text-center\"  >\n\t\t\t\n\t\t\t\n\t<div id=\"text-1049401846\" class=\"text\">\n\t\t\n<h2>2026 Ekskluzivna koda kupona na voljo!<\/h2>\n<p>Prijavite se v svoj ra\u010dun in se odpravite na stran s kodo kupona, da odklenete svoj osebni popust in za\u010dnete var\u010devati \u0161e danes.<\/p>\n\t\t\n<style>\n#text-1049401846 {\n  text-align: center;\n}\n<\/style>\n\t<\/div>\n\t\n<a href=\"https:\/\/aiviouvapes.com\/sl\/my-account\/smart-coupons\/\" class=\"button primary box-shadow-3 box-shadow-1-hover\" >\n\t\t<span>Oglejte si kupone<\/span>\n\t<\/a>\n\n\t\t<\/div>\n\t\t\t\t\t<\/div>\n\n\t\n\n\t<div id=\"col-963073378\" class=\"col medium-6 small-12 large-6\"  >\n\t\t\t\t<div class=\"col-inner text-center\"  >\n\t\t\t\n\t\t\t\n<div id=\"text-3360396666\" class=\"text\">\n<h2 style=\"text-align: left;\">Kuponi in ponudbe za enkratno uporabo, ki jih ponuja AIVIOU VAPES<\/h2>\n<\/div>\n<p style=\"text-align: left;\">Dobrodo\u0161li na spletni strani aiviouvapes.com, va\u0161i kon\u010dni spletni destinaciji za vrhunske izdelke vape za enkratno uporabo. Odkrijte na\u0161o bogato zbirko priznanih blagovnih znamk, kot so Doloda, Elf Box, Bang King, Al Fakher Vape, Vapeme, Waspe, RandM Tornado, Bang Box in druge. Pogosto preverjajte na\u0161o spletno stran za ekskluzivne ponudbe in posebne ugodnosti, s \u010dimer zagotavljamo, da bodo na\u0161i izjemni izdelki za vape \u0161e naprej dostopni vsem.<\/p>\n<p style=\"text-align: left;\">Smo profesionalni veleprodajni distributerji vapes za enkratno uporabo. Na\u0161e stopnje dobi\u010dka so minimalne, zato se iskreno trudimo s kuponi za popust in si prizadevamo za dolgoro\u010dno in stabilno partnerstvo z na\u0161imi strankami.<\/p>\n<a href=\"https:\/\/aiviouvapes.com\/sl\/shop\/\" class=\"button primary box-shadow-3 box-shadow-1-hover\" >\n\t\t<span>Naro\u010dite zdaj<\/span>\n\t<\/a>\n\n\t\t<\/div>\n\t\t\t\t\t<\/div>\n\n\t\n<\/div>\n\t<div id=\"gap-1050601101\" class=\"gap-element clearfix\" style=\"display:block; height:auto;\">\n\t\t\n<style>\n#gap-1050601101 {\n  padding-top: 30px;\n}\n<\/style>\n\t<\/div>\n\t\n<div class=\"container section-title-container\" ><h3 class=\"section-title section-title-normal\"><b aria-hidden=\"true\"><\/b><span class=\"section-title-main\" >Knji\u017enica partnerskih kuponov (javna uporaba)<\/span><b aria-hidden=\"true\"><\/b><\/h3><\/div>\n<table style=\"width:100%; border-collapse:collapse; font-family:Arial, sans-serif; text-align:left; border:1px solid #ddd;\">\n<thead style=\"background:#f7f7f7;\">\n<tr>\n<th style=\"padding:10px; border:1px solid #ddd;\">\ud83c\udf9f\ufe0f Koda kupona<\/th>\n<th style=\"padding:10px; border:1px solid #ddd;\">\ud83d\udcb0 Popust<\/th>\n<th style=\"padding:10px; border:1px solid #ddd;\">\ud83d\uded2 Minimalno naro\u010dilo<\/th>\n<th style=\"padding:10px; border:1px solid #ddd;\">\ud83d\udcc5 Velja do<\/th>\n<th style=\"padding:10px; border:1px solid #ddd;\">\ud83e\udded Opis<\/th>\n<th style=\"padding:10px; border:1px solid #ddd;\">\ud83d\udce2 Predlagana oglasna vrstica<\/th>\n<\/tr>\n<\/thead>\n<tbody>\n<tr>\n<td style=\"padding:10px; border:1px solid #ddd;\"><b>BULKSAVE300<\/b><\/td>\n<td style=\"padding:10px; border:1px solid #ddd;\">2% OFF<\/td>\n<td style=\"padding:10px; border:1px solid #ddd;\">\u20ac300+<\/td>\n<td style=\"padding:10px; border:1px solid #ddd;\">31. decembra 2026<\/td>\n<td style=\"padding:10px; border:1px solid #ddd;\">Prihranite veliko, \u010de naro\u010dite ve\u010d kot 300 \u20ac!<\/td>\n<td style=\"padding:10px; border:1px solid #ddd;\">\ud83d\udcb8 Porabite pametno, prihranite ve\u010d! Pridobite <b>2% OFF<\/b> naro\u010dila nad 300 EUR.<\/td>\n<\/tr>\n<tr>\n<td style=\"padding:10px; border:1px solid #ddd;\"><b>BULKSAVE<\/b><\/td>\n<td style=\"padding:10px; border:1px solid #ddd;\">3% OFF<\/td>\n<td style=\"padding:10px; border:1px solid #ddd;\">\u20ac500+<\/td>\n<td style=\"padding:10px; border:1px solid #ddd;\">31. decembra 2026<\/td>\n<td style=\"padding:10px; border:1px solid #ddd;\">U\u017eivajte v ve\u010djih prihrankih pri naro\u010dilih nad 500 \u20ac!<\/td>\n<td style=\"padding:10px; border:1px solid #ddd;\">\ud83d\ude9b Velika naro\u010dila = velike nagrade! <b>3% OFF<\/b> nad 500 EUR.<\/td>\n<\/tr>\n<tr>\n<td style=\"padding:10px; border:1px solid #ddd;\"><b>BULKSAVE1500<\/b><\/td>\n<td style=\"padding:10px; border:1px solid #ddd;\">3.01% OFF<\/td>\n<td style=\"padding:10px; border:1px solid #ddd;\">\u20ac1500+<\/td>\n<td style=\"padding:10px; border:1px solid #ddd;\">31. decembra 2026<\/td>\n<td style=\"padding:10px; border:1px solid #ddd;\">Poseben popust za kupce, ki kupujejo ve\u010dje koli\u010dine.<\/td>\n<td style=\"padding:10px; border:1px solid #ddd;\">\ud83c\udff7\ufe0f Mega Saver! Porabite ve\u010d kot 1500 \u20ac in prejmite <b>3.01% OFF<\/b>.<\/td>\n<\/tr>\n<tr>\n<td style=\"padding:10px; border:1px solid #ddd;\"><b>NOV2026<\/b><\/td>\n<td style=\"padding:10px; border:1px solid #ddd;\">5 \u20ac OFF<\/td>\n<td style=\"padding:10px; border:1px solid #ddd;\">\u20ac90+<\/td>\n<td style=\"padding:10px; border:1px solid #ddd;\">30. november 2026<\/td>\n<td style=\"padding:10px; border:1px solid #ddd;\">\ud83c\udf41 Posebna ponudba za november - 5 \u20ac iz ko\u0161arice!<\/td>\n<td style=\"padding:10px; border:1px solid #ddd;\">\ud83c\udf42 Prihranite 5 \u20ac takoj z <b>NOV2026<\/b> ves november!<\/td>\n<\/tr>\n<tr>\n<td style=\"padding:10px; border:1px solid #ddd;\"><b>BlackFriday<\/b><\/td>\n<td style=\"padding:10px; border:1px solid #ddd;\">10 \u20ac OFF<\/td>\n<td style=\"padding:10px; border:1px solid #ddd;\">\u20ac90+<\/td>\n<td style=\"padding:10px; border:1px solid #ddd;\">27. november 2026<\/td>\n<td style=\"padding:10px; border:1px solid #ddd;\">\u010crni petek posebni prihranki na kvalificiranih naro\u010dil.<\/td>\n<td style=\"padding:10px; border:1px solid #ddd;\">\ud83d\udda4 Kraja na \u010drni petek: Get <b>10 \u20ac OFF<\/b> ob nakupu za ve\u010d kot 90 \u20ac!<\/td>\n<\/tr>\n<tr>\n<td style=\"padding:10px; border:1px solid #ddd;\"><b>CyberMonday<\/b><\/td>\n<td style=\"padding:10px; border:1px solid #ddd;\">10 \u20ac OFF<\/td>\n<td style=\"padding:10px; border:1px solid #ddd;\">\u20ac90+<\/td>\n<td style=\"padding:10px; border:1px solid #ddd;\">30. november 2026<\/td>\n<td style=\"padding:10px; border:1px solid #ddd;\">Podalj\u0161anje Cyber Monday - dodaten \u010das za prihranek!<\/td>\n<td style=\"padding:10px; border:1px solid #ddd;\">\ud83d\udcbb Kliknite, ko\u0161arica, shranite: <b>10 \u20ac OFF<\/b> naro\u010dila nad 90 \u20ac!<\/td>\n<\/tr>\n<tr>\n<td style=\"padding:10px; border:1px solid #ddd;\"><b>ChristmasDay<\/b><\/td>\n<td style=\"padding:10px; border:1px solid #ddd;\">10 \u20ac OFF<\/td>\n<td style=\"padding:10px; border:1px solid #ddd;\">\u20ac90+<\/td>\n<td style=\"padding:10px; border:1px solid #ddd;\">26. december 2026<\/td>\n<td style=\"padding:10px; border:1px solid #ddd;\">Prazni\u010dni prihranki za bo\u017ei\u010dne kupce.<\/td>\n<td style=\"padding:10px; border:1px solid #ddd;\">\ud83c\udf84 Odvijemo <b>10 \u20ac OFF<\/b> za ve\u010d kot 90 \u20ac za ta bo\u017ei\u010d!<\/td>\n<\/tr>\n<tr>\n<td style=\"padding:10px; border:1px solid #ddd;\"><b>BoxingDay<\/b><\/td>\n<td style=\"padding:10px; border:1px solid #ddd;\">10 \u20ac OFF<\/td>\n<td style=\"padding:10px; border:1px solid #ddd;\">\u20ac90+<\/td>\n<td style=\"padding:10px; border:1px solid #ddd;\">27. december 2026<\/td>\n<td style=\"padding:10px; border:1px solid #ddd;\">Dogovor za Boxing Day za ustrezne ko\u0161are.<\/td>\n<td style=\"padding:10px; border:1px solid #ddd;\">\ud83c\udf81 Dogovor za dan po dogodku: <b>10 \u20ac OFF<\/b> ko zapravite ve\u010d kot 90 \u20ac.<\/td>\n<\/tr>\n<tr>\n<td style=\"padding:10px; border:1px solid #ddd;\"><b>NewYearDay<\/b><\/td>\n<td style=\"padding:10px; border:1px solid #ddd;\">10 \u20ac OFF<\/td>\n<td style=\"padding:10px; border:1px solid #ddd;\">\u20ac90+<\/td>\n<td style=\"padding:10px; border:1px solid #ddd;\">2. januar 2027<\/td>\n<td style=\"padding:10px; border:1px solid #ddd;\">V novo leto vstopite s takoj\u0161njimi prihranki.<\/td>\n<td style=\"padding:10px; border:1px solid #ddd;\">\ud83c\udf86 Novo leto, novi prihranki: <b>10 \u20ac OFF<\/b> \u20ac90+!<\/td>\n<\/tr>\n<p><!-- 2026 Monthly Coupons --><\/p>\n<tr>\n<td style=\"padding:10px; border:1px solid #ddd;\"><b>FEB2026<\/b><\/td>\n<td style=\"padding:10px; border:1px solid #ddd;\">5 \u20ac OFF<\/td>\n<td style=\"padding:10px; border:1px solid #ddd;\">\u20ac90+<\/td>\n<td style=\"padding:10px; border:1px solid #ddd;\">28. februar 2026<\/td>\n<td style=\"padding:10px; border:1px solid #ddd;\">Februarski posel - enostavni prihranki.<\/td>\n<td style=\"padding:10px; border:1px solid #ddd;\">\u2764\ufe0f V\u0161e\u010d mi je cena! <b>5 \u20ac OFF<\/b> z FEB2026.<\/td>\n<\/tr>\n<tr>\n<td style=\"padding:10px; border:1px solid #ddd;\"><b>MAR2026<\/b><\/td>\n<td style=\"padding:10px; border:1px solid #ddd;\">5 \u20ac OFF<\/td>\n<td style=\"padding:10px; border:1px solid #ddd;\">\u20ac90+<\/td>\n<td style=\"padding:10px; border:1px solid #ddd;\">31. marec 2026<\/td>\n<td style=\"padding:10px; border:1px solid #ddd;\">Enostavno var\u010devanje marca.<\/td>\n<td style=\"padding:10px; border:1px solid #ddd;\">\ud83c\udf31 Spomladanski za\u010detek: <b>5 \u20ac OFF<\/b> z MAR2026.<\/td>\n<\/tr>\n<tr>\n<td style=\"padding:10px; border:1px solid #ddd;\"><b>APR2026<\/b><\/td>\n<td style=\"padding:10px; border:1px solid #ddd;\">5 \u20ac OFF<\/td>\n<td style=\"padding:10px; border:1px solid #ddd;\">\u20ac90+<\/td>\n<td style=\"padding:10px; border:1px solid #ddd;\">april 30, 2026<\/td>\n<td style=\"padding:10px; border:1px solid #ddd;\">aprilski bonus za vozi\u010dek.<\/td>\n<td style=\"padding:10px; border:1px solid #ddd;\">\ud83c\udf38 Sve\u017ee ponudbe: <b>5 \u20ac OFF<\/b> APR2026.<\/td>\n<\/tr>\n<tr>\n<td style=\"padding:10px; border:1px solid #ddd;\"><b>MAY2026<\/b><\/td>\n<td style=\"padding:10px; border:1px solid #ddd;\">5 \u20ac OFF<\/td>\n<td style=\"padding:10px; border:1px solid #ddd;\">\u20ac90+<\/td>\n<td style=\"padding:10px; border:1px solid #ddd;\">31. maj 2026<\/td>\n<td style=\"padding:10px; border:1px solid #ddd;\">Majski posebni prihranki.<\/td>\n<td style=\"padding:10px; border:1px solid #ddd;\">\ud83c\udf3c Svetli prihranki z <b>MAY2026<\/b>.<\/td>\n<\/tr>\n<tr>\n<td style=\"padding:10px; border:1px solid #ddd;\"><b>JUN2026<\/b><\/td>\n<td style=\"padding:10px; border:1px solid #ddd;\">5 \u20ac OFF<\/td>\n<td style=\"padding:10px; border:1px solid #ddd;\">\u20ac90+<\/td>\n<td style=\"padding:10px; border:1px solid #ddd;\">30. junij 2026<\/td>\n<td style=\"padding:10px; border:1px solid #ddd;\">Junijski bonus za blagajno.<\/td>\n<td style=\"padding:10px; border:1px solid #ddd;\">\u2600\ufe0f Poletni prihranek: <b>5 \u20ac OFF<\/b> JUN2026.<\/td>\n<\/tr>\n<tr>\n<td style=\"padding:10px; border:1px solid #ddd;\"><b>JUL2026<\/b><\/td>\n<td style=\"padding:10px; border:1px solid #ddd;\">5 \u20ac OFF<\/td>\n<td style=\"padding:10px; border:1px solid #ddd;\">\u20ac90+<\/td>\n<td style=\"padding:10px; border:1px solid #ddd;\">julij 31, 2026<\/td>\n<td style=\"padding:10px; border:1px solid #ddd;\">Julijska vro\u010da ponudba.<\/td>\n<td style=\"padding:10px; border:1px solid #ddd;\">\ud83d\udd25 Prihranke segrevajte z JUL2026.<\/td>\n<\/tr>\n<tr>\n<td style=\"padding:10px; border:1px solid #ddd;\"><b>AUG2026<\/b><\/td>\n<td style=\"padding:10px; border:1px solid #ddd;\">5 \u20ac OFF<\/td>\n<td style=\"padding:10px; border:1px solid #ddd;\">\u20ac90+<\/td>\n<td style=\"padding:10px; border:1px solid #ddd;\">31. avgust 2026<\/td>\n<td style=\"padding:10px; border:1px solid #ddd;\">Avgust enostavno popust.<\/td>\n<td style=\"padding:10px; border:1px solid #ddd;\">\ud83c\udf1e Z enim klikom shranite: AUG2026.<\/td>\n<\/tr>\n<tr>\n<td style=\"padding:10px; border:1px solid #ddd;\"><b>SEP2026<\/b><\/td>\n<td style=\"padding:10px; border:1px solid #ddd;\">5 \u20ac OFF<\/td>\n<td style=\"padding:10px; border:1px solid #ddd;\">\u20ac90+<\/td>\n<td style=\"padding:10px; border:1px solid #ddd;\">30. september 2026<\/td>\n<td style=\"padding:10px; border:1px solid #ddd;\">Septembrski bonus.<\/td>\n<td style=\"padding:10px; border:1px solid #ddd;\">\ud83c\udf41 Jesenski prihranki z SEP2026.<\/td>\n<\/tr>\n<tr>\n<td style=\"padding:10px; border:1px solid #ddd;\"><b>OCT2026<\/b><\/td>\n<td style=\"padding:10px; border:1px solid #ddd;\">5 \u20ac OFF<\/td>\n<td style=\"padding:10px; border:1px solid #ddd;\">\u20ac90+<\/td>\n<td style=\"padding:10px; border:1px solid #ddd;\">31. oktober 2026<\/td>\n<td style=\"padding:10px; border:1px solid #ddd;\">Oktobrska poslastica.<\/td>\n<td style=\"padding:10px; border:1px solid #ddd;\">\ud83c\udf83 Stra\u0161ljivo dobra ponudba: OCT2026.<\/td>\n<\/tr>\n<tr>\n<td style=\"padding:10px; border:1px solid #ddd;\"><b>DEC2026<\/b><\/td>\n<td style=\"padding:10px; border:1px solid #ddd;\">5 \u20ac OFF<\/td>\n<td style=\"padding:10px; border:1px solid #ddd;\">\u20ac90+<\/td>\n<td style=\"padding:10px; border:1px solid #ddd;\">31. decembra 2026<\/td>\n<td style=\"padding:10px; border:1px solid #ddd;\">Decembrski bonus ob koncu leta.<\/td>\n<td style=\"padding:10px; border:1px solid #ddd;\">\ud83c\udf84 Zaklju\u010dite odlo\u010dno: <b>5 \u20ac OFF<\/b> DEC2026.<\/td>\n<\/tr>\n<\/tbody>\n<\/table>\n\t<div id=\"gap-590026489\" class=\"gap-element clearfix\" style=\"display:block; height:auto;\">\n\t\t\n<style>\n#gap-590026489 {\n  padding-top: 30px;\n}\n<\/style>\n\t<\/div>\n\t\n<div class=\"container section-title-container\" ><h3 class=\"section-title section-title-normal\"><b aria-hidden=\"true\"><\/b><span class=\"section-title-main\" >Zaslu\u017eite z AIVIOU Vapes<\/span><b aria-hidden=\"true\"><\/b><\/h3><\/div>\n<p>Pridru\u017eite se eni od najhitreje rasto\u010dih blagovnih znamk vape in za\u010dnite zaslu\u017eiti <strong>15%<\/strong> provizija na vsako prodajo! AIVIOU Vapes ponuja vrhunsko ponudbo najbolje prodajanih vapesov za enkratno uporabo, e-teko\u010din in dodatkov, ki jih stranke obo\u017eujejo - zato je pridobivanje provizij za partnerje zelo enostavno. Z vro\u010dimi prodajnimi izdelki, visokimi stopnjami konverzije in sve\u017eimi promocijami vsak mesec partnerstvo z AIVIOU Vapes pomeni, da se tvoj zaslu\u017eek lahko hitro pove\u010da. \ud83d\udca8<\/p>\n<p><strong>\ud83d\udc49 Pridru\u017eite se \u0161e danes in za\u010dnite zaslu\u017eiti z AIVIOU Vapes - kjer okus sre\u010da dobi\u010dek!<\/strong><\/p>\n<a href=\"https:\/\/ui.awin.com\/express-signup\/us\/awin\/121568\/d01af3da-9031-45f4-bc25-92d66ffdc756?t=VVP9UbjOfvjddyNyvkNBB71Pni2G_dqZqpIZPRdRWII\" target=\"_blank\" class=\"button primary\" rel=\"noopener\">\n\t\t<span>Pridru\u017eite se partnerskemu podjetju Aiviou Vapes<\/span>\n\t<\/a>","protected":false},"excerpt":{"rendered":"<p>\ud83c\udf9f\ufe0f Coupon Code \ud83d\udcb0 Discount \ud83d\uded2 Minimum Order \ud83d\udcc5 Valid Until \ud83e\udded Description \ud83d\udce2 Suggested Ad Line BULKSAVE300 2% OFF \u20ac300+ Dec 31, 2026 Save big when you order over \u20ac300! \ud83d\udcb8 Spend Smart, Save More! Get 2% OFF orders above \u20ac300. BULKSAVE 3% OFF \u20ac500+ Dec 31, 2026 Enjoy bigger savings for orders over [&#8230;]\n","protected":false},"author":1,"featured_media":0,"parent":0,"menu_order":0,"comment_status":"closed","ping_status":"closed","template":"page-blank-title-center.php","meta":{"footnotes":""},"class_list":["post-5173","page","type-page","status-publish","hentry"],"jetpack_sharing_enabled":true,"_links":{"self":[{"href":"https:\/\/aiviouvapes.com\/sl\/wp-json\/wp\/v2\/pages\/5173","targetHints":{"allow":["GET"]}}],"collection":[{"href":"https:\/\/aiviouvapes.com\/sl\/wp-json\/wp\/v2\/pages"}],"about":[{"href":"https:\/\/aiviouvapes.com\/sl\/wp-json\/wp\/v2\/types\/page"}],"author":[{"embeddable":true,"href":"https:\/\/aiviouvapes.com\/sl\/wp-json\/wp\/v2\/users\/1"}],"replies":[{"embeddable":true,"href":"https:\/\/aiviouvapes.com\/sl\/wp-json\/wp\/v2\/comments?post=5173"}],"version-history":[{"count":8,"href":"https:\/\/aiviouvapes.com\/sl\/wp-json\/wp\/v2\/pages\/5173\/revisions"}],"predecessor-version":[{"id":105685,"href":"https:\/\/aiviouvapes.com\/sl\/wp-json\/wp\/v2\/pages\/5173\/revisions\/105685"}],"wp:attachment":[{"href":"https:\/\/aiviouvapes.com\/sl\/wp-json\/wp\/v2\/media?parent=5173"}],"curies":[{"name":"wp","href":"https:\/\/api.w.org\/{rel}","templated":true}]}}