{"id":4558,"date":"2024-08-21T10:35:58","date_gmt":"2024-08-21T10:35:58","guid":{"rendered":"https:\/\/aiviouvapes.com\/?page_id=4558"},"modified":"2024-11-29T02:58:48","modified_gmt":"2024-11-28T18:58:48","slug":"payment-method","status":"publish","type":"page","link":"https:\/\/aiviouvapes.com\/sl\/payment-method\/","title":{"rendered":"Na\u010din pla\u010dila"},"content":{"rendered":"<div class=\"row\"  id=\"row-576802055\">\n\n\t<div id=\"col-59099428\" class=\"col medium-6 small-12 large-6\"  >\n\t\t\t\t<div class=\"col-inner\"  >\n\t\t\t\n\t\t\t\n<p>Dobrodo\u0161li v <strong>AiviouVape<\/strong> - va\u0161a zaupanja vredna globalna destinacija za vrhunske izdelke vape za enkratno uporabo. Z dostavo po vsem svetu smo se zavezali, da bomo slu\u017eili strankam po vsem svetu.<\/p>\n<p><strong>Pri AiviouVape dajemo prednost udobju in varnosti, da bi izbolj\u0161ali va\u0161e nakupovanje. Ponujamo razli\u010dne mo\u017enosti pla\u010dila, ki ustrezajo va\u0161im potrebam:<\/strong><\/p>\n<p>1. **PayPal**: Na na\u0161i platformi u\u017eivajte v varnih in enostavnih pla\u010dilih s sistemom PayPal. <strong>(20% DDV)<\/strong><\/p>\n<p>2. **Kreditna kartica**: Sprejemamo vse glavne kreditne kartice, kar zagotavlja enostavno in zanesljivo pla\u010devanje. <strong>(20% DDV)<\/strong><\/p>\n<p>3. **Ban\u010dno nakazilo**: Za tiste, ki imajo raje tradicionalne metode, kot varno mo\u017enost podpiramo ban\u010dna nakazila. <strong>(BREZ DDV)<\/strong><\/p>\n<p>4. **Kripto valuta**: Vklju\u010dite sodobne finance z na\u0161o mo\u017enostjo pla\u010dila v kriptovaluti. <strong>(BREZ DDV)<\/strong><\/p>\n<p>5. **Modro prena\u0161anje**: Vklju\u010dite se v stro\u0161kovno u\u010dinkovita in uspe\u0161na pla\u010dila z uporabo storitve Wise Transfer. <strong>(BREZ DDV)<\/strong><\/p>\n<p>\u010ce imate vpra\u0161anja ali posebne zahteve za pla\u010dilo, se obrnite na na\u0161o slu\u017ebo za pomo\u010d strankam. Tukaj smo, da zagotovimo, da bo va\u0161a izku\u0161nja z <strong>AiviouVape<\/strong> je nemoteno, varno in zadovoljivo.<\/p>\n<p><strong>Zahvaljujemo se vam, da ste zaupali podjetju AiviouVape kot vir kakovostnih izdelkov za enkratno uporabo.<\/strong><\/p>\n\t\t<\/div>\n\t\t\t\t\t<\/div>\n\n\t\n\n\t<div id=\"col-151366070\" class=\"col medium-6 small-12 large-6\"  >\n\t\t\t\t<div class=\"col-inner\"  >\n\t\t\t\n\t\t\t\n\t<div class=\"img has-hover x md-x lg-x y md-y lg-y\" id=\"image_759945842\">\n\t\t\t\t\t\t\t\t<div class=\"img-inner dark\" >\n\t\t\t<img loading=\"lazy\" decoding=\"async\" width=\"1020\" height=\"797\" src=\"https:\/\/i0.wp.com\/aiviouvapes.com\/wp-content\/uploads\/2024\/08\/%E5%AE%A3%E4%BC%A0%E5%9B%BE2-2.jpg?fit=1020%2C797&amp;ssl=1\" class=\"attachment-large size-large\" alt=\"Na\u010din pla\u010dila\" title=\"\">\t\t\t\t\t\t\n\t\t\t\t\t<\/div>\n\t\t\t\t\t\t\t\t\n<style>\n#image_759945842 {\n  width: 100%;\n}\n<\/style>\n\t<\/div>\n\t\n\t\t<\/div>\n\t\t\t\t\t<\/div>\n\n\t\n<\/div>\n<div class=\"row align-middle\"  id=\"row-1114081317\">\n\n\t<div id=\"col-116361899\" class=\"col small-12 large-12\"  >\n\t\t\t\t<div class=\"col-inner text-center\"  >\n\t\t\t\n\t\t\t\n<a href=\"https:\/\/aiviouvapes.com\/sl\/shop\/\" class=\"button primary is-shade is-larger box-shadow-4 box-shadow-5-hover\" style=\"border-radius:10px;\">\n\t\t<span>Kupujte zdaj<\/span>\n\t<\/a>\n\n\t\t<\/div>\n\t\t\t\t\n<style>\n#col-116361899 > .col-inner {\n  padding: 20px 0px 0px 0px;\n}\n<\/style>\n\t<\/div>\n\n\t\n<\/div>","protected":false},"excerpt":{"rendered":"","protected":false},"author":1,"featured_media":0,"parent":0,"menu_order":0,"comment_status":"closed","ping_status":"closed","template":"page-blank-title-center.php","meta":{"footnotes":""},"class_list":["post-4558","page","type-page","status-publish","hentry"],"jetpack_sharing_enabled":true,"_links":{"self":[{"href":"https:\/\/aiviouvapes.com\/sl\/wp-json\/wp\/v2\/pages\/4558","targetHints":{"allow":["GET"]}}],"collection":[{"href":"https:\/\/aiviouvapes.com\/sl\/wp-json\/wp\/v2\/pages"}],"about":[{"href":"https:\/\/aiviouvapes.com\/sl\/wp-json\/wp\/v2\/types\/page"}],"author":[{"embeddable":true,"href":"https:\/\/aiviouvapes.com\/sl\/wp-json\/wp\/v2\/users\/1"}],"replies":[{"embeddable":true,"href":"https:\/\/aiviouvapes.com\/sl\/wp-json\/wp\/v2\/comments?post=4558"}],"version-history":[{"count":0,"href":"https:\/\/aiviouvapes.com\/sl\/wp-json\/wp\/v2\/pages\/4558\/revisions"}],"wp:attachment":[{"href":"https:\/\/aiviouvapes.com\/sl\/wp-json\/wp\/v2\/media?parent=4558"}],"curies":[{"name":"wp","href":"https:\/\/api.w.org\/{rel}","templated":true}]}}