{"id":3,"date":"2024-08-08T04:38:08","date_gmt":"2024-08-08T04:38:08","guid":{"rendered":"https:\/\/aiviouvapes.com\/?page_id=3"},"modified":"2024-11-19T21:37:05","modified_gmt":"2024-11-19T13:37:05","slug":"privacy-policy","status":"publish","type":"page","link":"https:\/\/aiviouvapes.com\/sl\/privacy-policy\/","title":{"rendered":"Pravilnik o zasebnosti"},"content":{"rendered":"<p>V podjetju AiviouVape dajemo prednost za\u0161\u010diti in zaupnosti va\u0161ih osebnih podatkov. Ta pravilnik o zasebnosti opisuje, kako zbiramo, uporabljamo in varujemo podatke, ki jih posredujete med uporabo na\u0161ega spletnega mesta.<\/p>\n<p><strong>Zbiranje informacij<\/strong><\/p>\n<p>Ko obi\u0161\u010dete na\u0161e spletno mesto, lahko zbiramo naslednje vrste informacij: - osebne podatke, kot so va\u0161e ime, e-po\u0161tni naslov in kontaktni podatki, ki jih posredujete ob nakupu ali vzpostavitvi stika z nami. - informacije o va\u0161em vedenju pri brskanju in napravi, zbrane s pi\u0161kotki in podobnimi tehnologijami. - Vse druge informacije, ki jih \u017eelite deliti z nami.<\/p>\n<p><strong>Uporaba informacij<\/strong><\/p>\n<p>Zbrane podatke uporabljamo v naslednje namene: - Obdelava in izpolnjevanje naro\u010dil, ki jih oddate na na\u0161em spletnem mestu. - komuniciranje z vami v zvezi z va\u0161imi naro\u010dili, poizvedbami in promocijami. - Izbolj\u0161anje na\u0161ega spletnega mesta in storitev na podlagi va\u0161ih interakcij in povratnih informacij. - Varovanje na\u0161ega spletnega mesta in prepre\u010devanje goljufivih dejavnosti.<\/p>\n<p><strong>Izmenjava informacij<\/strong><\/p>\n<p>Va\u0161ih osebnih podatkov ne prodajamo ali razkrivamo tretjim osebam brez va\u0161ega soglasja, razen kadar je to potrebno za izpolnitev va\u0161ih zahtev, na primer s partnerji za po\u0161iljanje ali \u010de to zahteva zakon.<\/p>\n<p><strong>Varnost podatkov<\/strong><\/p>\n<p>Za za\u0161\u010dito va\u0161ih podatkov uporabljamo razli\u010dne varnostne ukrepe, vklju\u010dno s \u0161ifriranjem, tehnologijo SSL (secure socket layer) in rednimi varnostnimi pregledi.<\/p>\n<p><strong>Va\u0161e pravice<\/strong><\/p>\n<p>Do svojih osebnih podatkov imate pravico kadar koli dostopati, jih posodobiti ali izbrisati. Prav tako se lahko odjavite od prejemanja na\u0161ih tr\u017enih sporo\u010dil.<\/p>\n<p><strong>Posodobitve politik<\/strong><\/p>\n<p>Ta pravilnik o zasebnosti lahko ob\u010dasno spremenimo, da bo odra\u017eal spremembe na\u0161ih praks ali zakonskih zahtev. Priporo\u010damo, da redno pregledujete ta pravilnik. Z uporabo na\u0161ega spletnega mesta se strinjate s pogoji, opisanimi v tem pravilniku o zasebnosti. \u010ce imate kakr\u0161na koli vpra\u0161anja ali pomisleke v zvezi z na\u0161imi praksami zasebnosti, se obrnite na nas na naslov support@aiviouvape.com. Zahvaljujemo se vam, da ste za svoje potrebe po elektronski cigareti za enkratno uporabo (Vape) izbrali podjetje AiviouVape.<\/p>\n<div class=\"row align-middle\"  id=\"row-1287509492\"> \n\t<div id=\"col-391995101\" class=\"col small-12 large-12\"  >\n\t\t\t\t<div class=\"col-inner text-center\"  >\n\t\t\t\n\t\t\t <a href=\"https:\/\/aiviouvapes.com\/sl\/shop\/\" class=\"button primary is-shade is-larger box-shadow-4 box-shadow-5-hover\" style=\"border-radius:10px;\">\n\t\t<span>Kupujte zdaj<\/span>\n\t<\/a>\n \t\t<\/div>\n\t\t\t\t\n<style>\n#col-391995101 > .col-inner {\n  padding: 20px 0px 0px 0px;\n}\n<\/style>\n\t<\/div>\n\n\t <\/div>","protected":false},"excerpt":{"rendered":"<p>At\u00a0AiviouVape, we prioritize the protection and confidentiality of your personal information. This Privacy Policy describes how we collect, use, and safeguard the information you provide while using our website. Information Collection When you visit our website, we may collect the following types of information: \u2013 Personal information such as your name, email address, and contact [&#8230;]\n","protected":false},"author":1,"featured_media":0,"parent":0,"menu_order":0,"comment_status":"closed","ping_status":"closed","template":"page-blank-title-center.php","meta":{"footnotes":""},"class_list":["post-3","page","type-page","status-publish","hentry"],"jetpack_sharing_enabled":true,"_links":{"self":[{"href":"https:\/\/aiviouvapes.com\/sl\/wp-json\/wp\/v2\/pages\/3","targetHints":{"allow":["GET"]}}],"collection":[{"href":"https:\/\/aiviouvapes.com\/sl\/wp-json\/wp\/v2\/pages"}],"about":[{"href":"https:\/\/aiviouvapes.com\/sl\/wp-json\/wp\/v2\/types\/page"}],"author":[{"embeddable":true,"href":"https:\/\/aiviouvapes.com\/sl\/wp-json\/wp\/v2\/users\/1"}],"replies":[{"embeddable":true,"href":"https:\/\/aiviouvapes.com\/sl\/wp-json\/wp\/v2\/comments?post=3"}],"version-history":[{"count":0,"href":"https:\/\/aiviouvapes.com\/sl\/wp-json\/wp\/v2\/pages\/3\/revisions"}],"wp:attachment":[{"href":"https:\/\/aiviouvapes.com\/sl\/wp-json\/wp\/v2\/media?parent=3"}],"curies":[{"name":"wp","href":"https:\/\/api.w.org\/{rel}","templated":true}]}}