{"id":10,"date":"2024-08-12T12:49:21","date_gmt":"2024-08-12T12:49:21","guid":{"rendered":"https:\/\/aiviouvapes.com\/?page_id=10"},"modified":"2024-12-26T09:53:11","modified_gmt":"2024-12-26T01:53:11","slug":"refund_returns","status":"publish","type":"page","link":"https:\/\/aiviouvapes.com\/sl\/refund_returns\/","title":{"rendered":"Pravilnik o vra\u010dilu in vra\u010dilih"},"content":{"rendered":"<h2 class=\"wp-block-heading\">AiviouVape Politika vra\u010dila denarja<\/h2>\r\n<p><strong>7-dnevni pravilnik o vra\u010dilu<\/strong><\/p>\r\n<p>V podjetju AiviouVape z veseljem ponujamo 7-dnevno politiko vra\u010danja. To pomeni, da imate od dneva, ko prejmete izdelek, sedem dni \u010dasa, da vlo\u017eite zahtevek za vra\u010dilo, \u010de niste zadovoljni z nakupom.<\/p>\r\n<p><strong>Upravi\u010denost do vrnitve<\/strong><\/p>\r\n<p>\u010ce \u017eelite izdelek vrniti, mora biti v stanju, v kakr\u0161nem ste ga prejeli, torej neuporabljen, z nalepljenimi oznakami in v originalni embala\u017ei. Za la\u017eji postopek vra\u010dila se prepri\u010dajte, da imate ra\u010dun ali dokazilo o nakupu.<\/p>\r\n<p><strong>Kako za\u010deti vra\u010danje<\/strong><\/p>\r\n<p>\u010ce \u017eelite za\u010deti vra\u010danje, nam pi\u0161ite na support@aiviouvape.com. Ko bo va\u0161e vra\u010dilo odobreno, vam bomo zagotovili predpla\u010dano nalepko za vra\u010dilo in navodila za po\u0161iljanje paketa. Vra\u010dila, poslana brez predhodne odobritve, ne bodo sprejeta, zato se najprej obrnite na nas.<\/p>\r\n<p><strong>Poro\u010danje o \u0161kodi in te\u017eavah<\/strong><\/p>\r\n<p>Priporo\u010damo vam, da svoje naro\u010dilo pregledate takoj, ko prispe. \u010ce ugotovite, da je izdelek po\u0161kodovan, okvarjen ali napa\u010den, se takoj obrnite na nas, da bomo lahko nemudoma re\u0161ili te\u017eavo.<\/p>\r\n<p><strong>Izdelki, ki niso upravi\u010deni do vra\u010dila<\/strong><\/p>\r\n<p>Nekateri izdelki niso primerni za vra\u010dilo, vklju\u010dno z blagom, ki se hitro pokvari, izdelki po meri, izdelki za osebno nego, nevarnimi materiali ter vnetljivimi teko\u010dinami ali plini. \u010ce niste prepri\u010dani o upravi\u010denosti dolo\u010denega izdelka, se obrnite na nas za pojasnilo.<\/p>\r\n<p><strong>Postopek izmenjave<\/strong><\/p>\r\n<p>Za zamenjavo priporo\u010damo, da najprej vrnete prvotni izdelek. Ko je vra\u010dilo odobreno, lahko oddate lo\u010deno naro\u010dilo za nov izdelek, da zagotovite hitro obdelavo.<\/p>\r\n<p><strong>14-dnevno obdobje ohlajanja za stranke iz EU<\/strong><\/p>\r\n<p>Strankam v Evropski uniji zagotavljamo 14-dnevno obdobje za premislek. To pomeni, da lahko v 14 dneh po prejemu naro\u010dila le-tega prekli\u010dete ali vrnete brez navedbe razloga. Izdelki morajo biti v originalnem stanju, neuporabljeni, z nalepljenimi etiketami in v originalni embala\u017ei. Zahtevati je treba tudi ra\u010dun ali dokazilo o nakupu.<\/p>\r\n<p><strong>Postopek vra\u010dila<\/strong><\/p>\r\n<p>Ko prejmemo in pregledamo va\u0161e vra\u010dilo, vas bomo obvestili o statusu odobritve vra\u010dila. \u010ce bo vra\u010dilo odobreno, ga bomo obdelali na va\u0161 prvotni na\u010din pla\u010dila v 10 delovnih dneh. Upo\u0161tevajte, da lahko va\u0161a banka ali ponudnik kreditnih kartic potrebuje dodaten \u010das za izvedbo vra\u010dila. \u010ce vra\u010dila ne prejmete v 15 delovnih dneh po odobritvi, nam pi\u0161ite na support@aiviouvape.com.<\/p>\r\n<p><strong>Hvala, ker ste izbrali AiviouVape. Va\u0161e zadovoljstvo ostaja na\u0161a glavna prednostna naloga.<\/strong><\/p>\r\n\r\n<div class=\"row align-middle\"  id=\"row-819077594\"> \n\t<div id=\"col-382261351\" class=\"col small-12 large-12\"  >\n\t\t\t\t<div class=\"col-inner text-center\"  >\n\t\t\t\n\t\t\t <a href=\"https:\/\/aiviouvapes.com\/sl\/shop\/\" class=\"button primary is-shade is-larger box-shadow-4 box-shadow-5-hover\" style=\"border-radius:10px;\">\n\t\t<span>Kupujte zdaj<\/span>\n\t<\/a>\n \t\t<\/div>\n\t\t\t\t\n<style>\n#col-382261351 > .col-inner {\n  padding: 20px 0px 0px 0px;\n}\n<\/style>\n\t<\/div>\n\n\t <\/div>","protected":false},"excerpt":{"rendered":"<p>AiviouVape Refund Policy 7-Day Return Policy We at AiviouVape are pleased to offer a 7-day return policy. This means that from the day you receive your item, you have seven days to initiate a return request if you are unsatisfied with your purchase. Return Eligibility To qualify for a return, your item must remain in [&#8230;]\n","protected":false},"author":1,"featured_media":0,"parent":0,"menu_order":0,"comment_status":"closed","ping_status":"closed","template":"page-blank-title-center.php","meta":{"footnotes":""},"class_list":["post-10","page","type-page","status-publish","hentry"],"jetpack_sharing_enabled":true,"_links":{"self":[{"href":"https:\/\/aiviouvapes.com\/sl\/wp-json\/wp\/v2\/pages\/10","targetHints":{"allow":["GET"]}}],"collection":[{"href":"https:\/\/aiviouvapes.com\/sl\/wp-json\/wp\/v2\/pages"}],"about":[{"href":"https:\/\/aiviouvapes.com\/sl\/wp-json\/wp\/v2\/types\/page"}],"author":[{"embeddable":true,"href":"https:\/\/aiviouvapes.com\/sl\/wp-json\/wp\/v2\/users\/1"}],"replies":[{"embeddable":true,"href":"https:\/\/aiviouvapes.com\/sl\/wp-json\/wp\/v2\/comments?post=10"}],"version-history":[{"count":0,"href":"https:\/\/aiviouvapes.com\/sl\/wp-json\/wp\/v2\/pages\/10\/revisions"}],"wp:attachment":[{"href":"https:\/\/aiviouvapes.com\/sl\/wp-json\/wp\/v2\/media?parent=10"}],"curies":[{"name":"wp","href":"https:\/\/api.w.org\/{rel}","templated":true}]}}