{"id":96631,"date":"2025-12-30T15:17:47","date_gmt":"2025-12-30T07:17:47","guid":{"rendered":"https:\/\/aiviouvapes.com\/?post_type=product&#038;p=96631"},"modified":"2026-03-04T12:06:18","modified_gmt":"2026-03-04T04:06:18","slug":"okso-70k","status":"publish","type":"product","link":"https:\/\/aiviouvapes.com\/ro\/product\/okso-70k\/","title":{"rendered":"OKSO 70K | 3-\u00een-1 70000 de pufuri triplu mesh smooth hit vape de unic\u0103 folosin\u021b\u0103"},"content":{"rendered":"<p>Vaporizatorul de unic\u0103 folosin\u021b\u0103 OKSO 3-\u00een-1 cu 70.000 de pufuri combin\u0103 capacitatea mare, designul inteligent \u0219i versatilitatea aromelor \u00eentr-un singur dispozitiv puternic. \u00cen loc s\u0103 transporte mai multe vaporizatoare, utilizatorii se bucur\u0103 de trei profiluri de gust \u00eentr-un singur dispozitiv. Cu o capacitate total\u0103 de 48 ml de e-lichid, baterie re\u00eenc\u0103rcabil\u0103 \u0219i bobin\u0103 tripl\u0103 avansat\u0103, fiecare puf r\u0103m\u00e2ne fin \u0219i satisf\u0103c\u0103tor de la \u00eenceput p\u00e2n\u0103 la sf\u00e2r\u0219it.<\/p>\n<h2>De ce s\u0103 alegi OKSO 3-\u00een-1 70K?<\/h2>\n<ul>\n<li>\ud83d\udd04 Sistem de arom\u0103 3-\u00een-1 \u2013 r\u0103suci\u021bi pentru a schimba gustul oric\u00e2nd dori\u021bi<\/li>\n<li>\ud83d\udca8 P\u00e2n\u0103 la 70.000 de pufuri pentru utilizare pe termen lung \u0219i o valoare mai bun\u0103<\/li>\n<li>\ud83d\udd25 Tehnologie cu bobin\u0103 tripl\u0103 pentru o inhalare mai curat\u0103 \u0219i mai lin\u0103<\/li>\n<li>\ud83e\uddea 48 ml lichid electronic total (3 rezervoare de 16 ml) \u00eentr-un singur dispozitiv<\/li>\n<li>\ud83d\udd0b Baterie re\u00eenc\u0103rcabil\u0103 de 650 mAh cu \u00eenc\u0103rcare rapid\u0103 de tip C<\/li>\n<li>\ud83d\udcca Afi\u0219ajul LED inteligent indic\u0103 starea bateriei \u0219i utilizarea<\/li>\n<li>\ud83d\udce6 Ideal pentru magazinele de vape, distribuitori \u0219i cump\u0103r\u0103tori angro<\/li>\n<\/ul>\n<h3>Specifica\u021bii OKSO 70K<\/h3>\n<table>\n<tbody>\n<tr>\n<td>Num\u0103r de pufuri<\/td>\n<td>P\u00e2n\u0103 la 70.000 de pufuri<\/td>\n<\/tr>\n<tr>\n<td>Sistem de arom\u0103<\/td>\n<td>Arome comutabile 3-\u00een-1<\/td>\n<\/tr>\n<tr>\n<td>Tip bobin\u0103<\/td>\n<td>Bobin\u0103 cu ochiuri triple<\/td>\n<\/tr>\n<tr>\n<td>Capacitate de e-lichid<\/td>\n<td>48 ml \u00een total (16 ml \u00d7 3 rezervoare)<\/td>\n<\/tr>\n<tr>\n<td>Baterie<\/td>\n<td>650mAh re\u00eenc\u0103rcabil<\/td>\n<\/tr>\n<tr>\n<td>\u00cenc\u0103rcare<\/td>\n<td>\u00cenc\u0103rcare rapid\u0103 de tip C<\/td>\n<\/tr>\n<tr>\n<td>Puterea nicotinei<\/td>\n<td>0% \/ 2% \/ 3% \/ 5%<\/td>\n<\/tr>\n<tr>\n<td>Ecran<\/td>\n<td>Ecran LED inteligent<\/td>\n<\/tr>\n<\/tbody>\n<\/table>\n<h3>Op\u021biuni de arome OKSO 70K\ud83c\udf53\ud83c\udf49\u2744\ufe0f<\/h3>\n<p><b>Trio de fructe de p\u0103dure \u0219i mere:<\/b> Afine \u0219i zmeur\u0103 | Fructe de p\u0103dure amestecate | M\u0103r \u0219i piersic\u0103 \u2013 dulce, echilibrat \u0219i fin.<\/p>\n<p><b>Amestec de fructe r\u0103coritoare:<\/b> Watermelon Ice | Mr. Blue | Struguri verzi \u0219i pepene verde \u2013 r\u0103coritor \u0219i ghea\u021b\u0103, cu o arom\u0103 fructat\u0103 intens\u0103.<\/p>\n<p><b>Fuziune exotic\u0103:<\/b> Strawberry Ice | Jungle Juice | Dragon Melon \u2013 straturi tropicale cu un finisaj r\u0103coros.<\/p>\n<p><b>Colec\u021bia Deep Purple:<\/b> Ghea\u021b\u0103 de struguri | Ghea\u021b\u0103 de coac\u0103ze negre | Gem de fructe de p\u0103dure \u2013 arome bogate, intense \u0219i puternice.<\/p>\n<p><b>Selec\u021bia Crimson:<\/b> Cherry Ice | Two Apple | Strawberry Raspberry Cherry Ice \u2013 intens, fructat \u0219i complex.<\/p>\n<p><b>Amestec pentru cofet\u0103rie:<\/b> Piersic\u0103 suculent\u0103 | Cola cu cire\u0219e | Bomboane moi cu cire\u0219e \u2013 bomboane dulci \u0219i nostalgice.<\/p>\n<p><b>Punch tropical:<\/b> C\u0103p\u0219uni \u0219i kiwi | Pepene verde \u0219i gum\u0103 de mestecat | Triplu mango cu ghea\u021b\u0103 \u2013 un amestec tropical suculent \u0219i juc\u0103u\u0219.<\/p>\n<p><b>Amestec insular:<\/b> Kiwi, fructul pasiunii, guava | Cola Ice | Fructul pasiunii, mango Ice \u2013 acidulat, acidulat \u0219i r\u0103coritor.<\/p>\n<p><b>Re\u00eemprosp\u0103tare de var\u0103:<\/b> Ananas cu ghea\u021b\u0103 | C\u0103p\u0219uni cu pepene verde | C\u0103p\u0219uni cu struguri \u2013 amestecuri de fructe luminoase \u0219i \u00eensorite.<\/p>\n<p><b>Edi\u021bia Citrice \u0219i Ment\u0103:<\/b> Ment\u0103 proasp\u0103t\u0103 | L\u0103m\u00e2ie verde | Mojito cu pepene verde \u2013 finisaj curat, r\u0103coritor \u0219i picant.<\/p>\n<h3>Perfect pentru utilizatori intensivi \u0219i cump\u0103r\u0103tori angro<\/h3>\n<p>Vaporizatorul de unic\u0103 folosin\u021b\u0103 OKSO 3-\u00een-1 70K este conceput pentru utilizatorii frecven\u021bi care doresc performan\u021b\u0103 de lung\u0103 durat\u0103 \u0219i varietate de arome f\u0103r\u0103 \u00eenlocuiri constante. Celor care urm\u0103resc aromele le place posibilitatea de a schimba gusturile instantaneu, \u00een timp ce magazinele de vaporizatoare \u0219i angrosi\u0219tii beneficiaz\u0103 de o cerere repetat\u0103 puternic\u0103, un num\u0103r mare de pufuri \u0219i un aspect premium pe raft. Un singur dispozitiv \u00eenlocuie\u0219te mai multe dispozitive de unic\u0103 folosin\u021b\u0103, ceea ce \u00eel face o alegere inteligent\u0103 pentru v\u00e2nzarea en gros \u0219i distribu\u021bie.<\/p>\n<h3>\u00centreb\u0103ri frecvente despre OKSO 70K<\/h3>\n<p><b>\u00ce: Cum pot comuta \u00eentre cele 3 arome?<\/b><br \/>\nR: Pur \u0219i simplu r\u0103suci\u021bi partea superioar\u0103 a dispozitivului pentru a selecta un rezervor diferit. Fiecare arom\u0103 are propria bobin\u0103, p\u0103str\u00e2nd gusturile curate \u0219i separate \ud83d\udd04<\/p>\n<p><b>\u00ce: Bateria poate rezista la toate cele 70.000 de inhal\u0103ri?<\/b><br \/>\nR: Bateria este re\u00eenc\u0103rcabil\u0103. O pute\u021bi re\u00eenc\u0103rca de mai multe ori p\u00e2n\u0103 c\u00e2nd cei 48 ml de e-lichid sunt consuma\u021bi complet \ud83d\udd0b<\/p>\n<p><b>\u00ce: Este potrivit pentru magazinele de \u021big\u0103ri electronice?<\/b><br \/>\nR: Da. Designul 3-\u00een-1, num\u0103rul mare de pufuri \u0219i caracteristicile premium \u00eel fac foarte atractiv pentru clien\u021bii cu am\u0103nuntul \u0219i angro.<\/p>\n<p><b>\u00ce: Acest produs este autentic?<\/b><br \/>\nR: Da. Toate vaporizatoarele de unic\u0103 folosin\u021b\u0103 OKSO sunt achizi\u021bionate direct \u0219i verificate pentru autenticitate.<\/p>\n<p><b>E\u0219ti gata s\u0103 \u00ee\u021bi \u00eembun\u0103t\u0103\u021be\u0219ti inventarul?<\/b><br \/>\nAlege\u021bi vape-ul de unic\u0103 folosin\u021b\u0103 OKSO 3-\u00een-1 70000 Puffs \u0219i oferi\u021bi clien\u021bilor dvs. mai mult\u0103 arom\u0103, mai mult\u0103 valoare \u0219i mai mult\u0103 satisfac\u021bie \ud83d\udcbc\ud83d\udd25<\/p>\n<p><img data-recalc-dims=\"1\" loading=\"lazy\" decoding=\"async\" class=\"alignnone size-full wp-image-96686\" src=\"https:\/\/i0.wp.com\/aiviouvapes.com\/wp-content\/uploads\/2025\/12\/OKSO-70K-11.jpg?resize=1000%2C1000&#038;ssl=1\" alt=\"OKSO 70K\" width=\"1000\" height=\"1000\" title=\"\" srcset=\"https:\/\/i0.wp.com\/aiviouvapes.com\/wp-content\/uploads\/2025\/12\/OKSO-70K-11.jpg?w=1000&amp;ssl=1 1000w, https:\/\/i0.wp.com\/aiviouvapes.com\/wp-content\/uploads\/2025\/12\/OKSO-70K-11.jpg?resize=300%2C300&amp;ssl=1 300w, https:\/\/i0.wp.com\/aiviouvapes.com\/wp-content\/uploads\/2025\/12\/OKSO-70K-11.jpg?resize=150%2C150&amp;ssl=1 150w, https:\/\/i0.wp.com\/aiviouvapes.com\/wp-content\/uploads\/2025\/12\/OKSO-70K-11.jpg?resize=768%2C768&amp;ssl=1 768w, https:\/\/i0.wp.com\/aiviouvapes.com\/wp-content\/uploads\/2025\/12\/OKSO-70K-11.jpg?resize=12%2C12&amp;ssl=1 12w, https:\/\/i0.wp.com\/aiviouvapes.com\/wp-content\/uploads\/2025\/12\/OKSO-70K-11.jpg?resize=400%2C400&amp;ssl=1 400w, https:\/\/i0.wp.com\/aiviouvapes.com\/wp-content\/uploads\/2025\/12\/OKSO-70K-11.jpg?resize=800%2C800&amp;ssl=1 800w, https:\/\/i0.wp.com\/aiviouvapes.com\/wp-content\/uploads\/2025\/12\/OKSO-70K-11.jpg?resize=100%2C100&amp;ssl=1 100w\" sizes=\"auto, (max-width: 1000px) 100vw, 1000px\" \/><\/p>","protected":false},"excerpt":{"rendered":"<p>Vaporizatorul de unic\u0103 folosin\u021b\u0103 OKSO 3-\u00een-1 70K ofer\u0103 p\u00e2n\u0103 la 70.000 de pufuri fine cu bobin\u0103 tripl\u0103 \u0219i 3 arome comutabile \u00eentr-un singur dispozitiv \ud83d\udd04\ud83d\udca8 Perfect pentru v\u00e2nzarea en gros, achizi\u021bii \u00een vrac \u0219i utilizatori frecven\u021bi.<\/p>","protected":false},"featured_media":96680,"comment_status":"open","ping_status":"closed","template":"","meta":[],"product_brand":[244],"product_cat":[243,336,242],"product_tag":[439,469,463,456,470],"class_list":{"0":"post-96631","1":"product","2":"type-product","3":"status-publish","4":"has-post-thumbnail","6":"product_brand-okso","7":"product_cat-okso","8":"product_cat-100k-puffs-disposable-vape","9":"product_cat-60000-puffs-disposable-vape","10":"product_tag-3-in-1-disposable-vape","11":"product_tag-70000-puffs-vape","12":"product_tag-bulk-disposable-vape-wholesale","13":"product_tag-disposable-vape","14":"product_tag-triple-mesh-coil-vape","16":"first","17":"instock","18":"shipping-taxable","19":"purchasable","20":"product-type-variable","21":"has-default-attributes"},"jetpack_sharing_enabled":true,"tiered_pricing_type":"fixed","tiered_pricing_fixed_rules":{"30":9.589999999999999857891452847979962825775146484375,"50":8.03999999999999914734871708787977695465087890625,"100":7.519999999999999573674358543939888477325439453125,"200":7.12999999999999989341858963598497211933135986328125,"400":6.3499999999999996447286321199499070644378662109375},"tiered_pricing_product_settings":{"layout":"default","base_unit_name":{"singular":null,"plural":null},"default_variation":null},"tiered_pricing_minimum_quantity":10,"tiered_pricing_roles_data":[],"tiered_pricing_percentage_rules":[],"tiered_pricing_maximum_quantity":null,"tiered_pricing_quantity_step":"10","_links":{"self":[{"href":"https:\/\/aiviouvapes.com\/ro\/wp-json\/wp\/v2\/product\/96631","targetHints":{"allow":["GET"]}}],"collection":[{"href":"https:\/\/aiviouvapes.com\/ro\/wp-json\/wp\/v2\/product"}],"about":[{"href":"https:\/\/aiviouvapes.com\/ro\/wp-json\/wp\/v2\/types\/product"}],"replies":[{"embeddable":true,"href":"https:\/\/aiviouvapes.com\/ro\/wp-json\/wp\/v2\/comments?post=96631"}],"wp:featuredmedia":[{"embeddable":true,"href":"https:\/\/aiviouvapes.com\/ro\/wp-json\/wp\/v2\/media\/96680"}],"wp:attachment":[{"href":"https:\/\/aiviouvapes.com\/ro\/wp-json\/wp\/v2\/media?parent=96631"}],"wp:term":[{"taxonomy":"product_brand","embeddable":true,"href":"https:\/\/aiviouvapes.com\/ro\/wp-json\/wp\/v2\/product_brand?post=96631"},{"taxonomy":"product_cat","embeddable":true,"href":"https:\/\/aiviouvapes.com\/ro\/wp-json\/wp\/v2\/product_cat?post=96631"},{"taxonomy":"product_tag","embeddable":true,"href":"https:\/\/aiviouvapes.com\/ro\/wp-json\/wp\/v2\/product_tag?post=96631"}],"curies":[{"name":"wp","href":"https:\/\/api.w.org\/{rel}","templated":true}]}}