{"id":96564,"date":"2025-12-30T15:20:04","date_gmt":"2025-12-30T07:20:04","guid":{"rendered":"https:\/\/aiviouvapes.com\/?post_type=product&#038;p=96564"},"modified":"2026-03-17T10:01:26","modified_gmt":"2026-03-17T02:01:26","slug":"bang-legend-140k","status":"publish","type":"product","link":"https:\/\/aiviouvapes.com\/ro\/product\/bang-legend-140k\/","title":{"rendered":"BANG LEGEND 140K | op\u021biuni triple 140000 puffs, plas\u0103 dubl\u0103, re\u00eenc\u0103rcabil\u0103, vrac de unic\u0103 folosin\u021b\u0103 vape"},"content":{"rendered":"<h2>\ud83d\udd25 De ce s\u0103 alegi BANG LEGEND 140K?<\/h2>\n<ul>\n<li>\ud83d\udca5 Masiv <strong>Capacitate de 140.000 de pufuri<\/strong> \u2013 unul dintre cele mai mari vape-uri de unic\u0103 folosin\u021b\u0103 de pe pia\u021b\u0103<\/li>\n<li>\ud83c\udfa8 <strong>Op\u021biuni triple (3-\u00een-1)<\/strong> \u2013 comuta\u021bi \u00eentre trei arome \u00eentr-un singur dispozitiv<\/li>\n<li>\u2601\ufe0f <strong>Bobina cu plas\u0103 dual\u0103<\/strong> \u2013 lovituri line, nori densi \u0219i arom\u0103 stabil\u0103<\/li>\n<li>\ud83d\udd0b <strong>Baterie re\u00eenc\u0103rcabil\u0103 de 550 mAh<\/strong> cu \u00eenc\u0103rcare rapid\u0103 modern\u0103 de tip C<\/li>\n<li>\ud83d\udcb0 <strong>Perfect pentru comenzi en gros \u0219i \u00een vrac<\/strong> \u2013 ideal pentru magazinele \u0219i distribuitorii de produse pentru vapat<\/li>\n<li>\ud83d\uded2 Rata ridicat\u0103 de fidelizare a clien\u021bilor \u2013 mai pu\u021bine \u00eenlocuiri, satisfac\u021bie mai mare<\/li>\n<\/ul>\n<hr \/>\n<h3>\ud83d\udccb Specifica\u021bii BANG LEGEND 140K<\/h3>\n<table>\n<tbody>\n<tr>\n<td><strong>Numele produsului<\/strong><\/td>\n<td>BANG LEGEND Op\u021biuni triple Vape de unic\u0103 folosin\u021b\u0103<\/td>\n<\/tr>\n<tr>\n<td><strong>Total pufuri<\/strong><\/td>\n<td>P\u00e2n\u0103 la 140.000 de pufuri<\/td>\n<\/tr>\n<tr>\n<td><strong>Sistem de arom\u0103<\/strong><\/td>\n<td>Op\u021biuni triple 3-\u00een-1<\/td>\n<\/tr>\n<tr>\n<td><strong>Tip bobin\u0103<\/strong><\/td>\n<td>Bobin\u0103 dubl\u0103 cu plas\u0103 de 1,0 \u03a9<\/td>\n<\/tr>\n<tr>\n<td><strong>Capacitatea bateriei<\/strong><\/td>\n<td>550mAh re\u00eenc\u0103rcabil\u0103<\/td>\n<\/tr>\n<tr>\n<td><strong>Port de \u00eenc\u0103rcare<\/strong><\/td>\n<td>\u00cenc\u0103rcare rapid\u0103 de tip C<\/td>\n<\/tr>\n<tr>\n<td><strong>Puterea nicotinei<\/strong><\/td>\n<td>Disponibil \u00een mai multe variante (personalizabil pentru v\u00e2nzarea en gros)<\/td>\n<\/tr>\n<tr>\n<td><strong>Pia\u021ba \u021bint\u0103<\/strong><\/td>\n<td>V\u00e2nzare cu ridicata B2B, magazine de vape, distribuitori<\/td>\n<\/tr>\n<\/tbody>\n<\/table>\n<hr \/>\n<h3>\ud83c\udf08 BANG LEGEND 140K Op\u021biuni triple de arom\u0103 (Prezentarea aromelor)<\/h3>\n<p><strong>Op\u021biunea unu \ud83c\udf49\ud83c\udf6d<\/strong><br \/>\nUn amestec dulce \u0219i juc\u0103u\u0219 cu pepene verde r\u0103cit, fructe roz delicate \u0219i dulcea\u021b\u0103 de bomboane.<\/p>\n<p><strong>Op\u021biunea doi \ud83c\udf51\ud83c\udf4b<\/strong><br \/>\nGhea\u021b\u0103 cu arom\u0103 de piersic\u0103, fructe de p\u0103dure \u0219i pepene galben r\u0103coritoare \u0219i citrice proaspete, cu un final r\u0103coros.<\/p>\n<p><strong>Op\u021biunea trei \ud83c\udf47\ud83e\udd6d<\/strong><br \/>\nGhea\u021b\u0103 de struguri negri, mango tropical \u0219i fructe de p\u0103dure amestecate pentru o c\u0103l\u0103torie fructat\u0103 \u00eendr\u0103znea\u021b\u0103.<\/p>\n<p><strong>Op\u021biunea patru \ud83e\uded0\ud83c\udfdd\ufe0f<\/strong><br \/>\nFructe de p\u0103dure albastre, fructe tropicale \u0219i celebrul amestec Love66.<\/p>\n<p><strong>Op\u021biunea cinci \ud83e\udd65\ud83c\udf4d<\/strong><br \/>\nFructe de p\u0103dure albastre-ro\u0219ii, fructe tropicale galbene \u0219i o arom\u0103 cremoas\u0103 de nuc\u0103 de cocos \u0219i ananas.<\/p>\n<p><strong>Op\u021biunea \u0219ase \ud83c\udf53\ud83c\udf4d<\/strong><br \/>\nPepene galben cu c\u0103p\u0219uni, piersici cu afine \u0219i \u00eenghe\u021bat\u0103 cu ananas \u0219i fructe de p\u0103dure.<\/p>\n<p><strong>Op\u021biunea \u0219apte \ud83e\udd5d\ud83c\udf52<\/strong><br \/>\nAmestec de fructe de p\u0103dure kiwi, pepene galben acidulat \u0219i fuziune de afine \u0219i cire\u0219e.<\/p>\n<p><strong>Op\u021biunea opt \ud83d\udc09\ud83c\udf47<\/strong><br \/>\nGhea\u021b\u0103 de dragon negru, fructe de p\u0103dure amestecate \u0219i puterea strugurilor.<\/p>\n<p><strong>Op\u021biunea nou\u0103 \u26a1\ud83e\udd6d<\/strong><br \/>\nAmestec de fructe portocalii, fructe de p\u0103dure albastre energizante \u0219i fructe crocante verde-violet.<\/p>\n<p><strong>Op\u021biunea zece \u2600\ufe0f\ud83c\udf4a<\/strong><br \/>\nTriple note citrice cu fructe de p\u0103dure \u0219i note intense de fructe albastre.<\/p>\n<p><strong>Op\u021biunea unsprezece \ud83c\udf4b\ud83c\udf48<\/strong><br \/>\nCombina\u021bie de citrice proaspete, pepene verde cu arom\u0103 de plante \u0219i pepene roz dragon fruit.<\/p>\n<p><strong>Op\u021biunea doisprezece \ud83c\udf4c\ud83c\udf66<\/strong><br \/>\nFructe galbene r\u0103cite, note cremoase de desert roz \u0219i un final de pepene galben cu fructe de p\u0103dure.<\/p>\n<hr \/>\n<h3>\u2753 \u00centreb\u0103ri frecvente (FAQ) despre BANG LEGEND 140K<\/h3>\n<p><strong>\u00ce: Ce diferen\u021biaz\u0103 BANG LEGEND 140K de produsele de unic\u0103 folosin\u021b\u0103 obi\u0219nuite?<\/strong><br \/>\nR: Ofer\u0103 p\u00e2n\u0103 la 140.000 de pufuri \u0219i trei arome \u00eentr-un singur dispozitiv, \u00een timp ce majoritatea produselor de unic\u0103 folosin\u021b\u0103 dureaz\u0103 doar c\u00e2teva zile.<\/p>\n<p><strong>\u00ce: Acest vaporizator este potrivit pentru utilizatorii frecven\u021bi?<\/strong><br \/>\nR: Da \ud83d\udc4d Este conceput pentru utilizatorii intensivi care doresc o utilizare \u00eendelungat\u0103 f\u0103r\u0103 \u00eenlocuiri frecvente.<\/p>\n<p><strong>\u00ce: Magazinele de \u021big\u0103ri electronice pot comanda acest produs \u00een cantit\u0103\u021bi mari?<\/strong><br \/>\nR: Absolut. Acest produs este optimizat pentru v\u00e2nzarea en gros, achizi\u021bii \u00een vrac \u0219i distribu\u021bie \u00een volume mari.<\/p>\n<p><strong>\u00ce: Este greu de utilizat?<\/strong><br \/>\nR: Deloc. Pur \u0219i simplu inhala\u021bi pentru a vaporiza. C\u00e2nd bateria este desc\u0103rcat\u0103, re\u00eenc\u0103rca\u021bi-o cu un cablu de tip C.<\/p>\n<p><strong>\u00ce: Aromele \u0219i concentra\u021bia de nicotin\u0103 pot fi personalizate pentru comenzile B2B?<\/strong><br \/>\nR: Da. Cump\u0103r\u0103torii en gros pot discuta op\u021biunile de personalizare pentru arome \u0219i niveluri de nicotin\u0103.<\/p>\n<hr \/>\n<p><strong>BANG LEGEND 140K op\u021biuni triple vape de unic\u0103 folosin\u021b\u0103<\/strong> este conceput pentru utilizatori intensivi, iubitori de arome \u0219i comercian\u021bi profesioni\u0219ti de produse pentru vapat. Cu un num\u0103r extrem de mare de pufuri, flexibilitate tripl\u0103 \u00een ceea ce prive\u0219te aromele \u0219i performan\u021b\u0103 re\u00eenc\u0103rcabil\u0103, este o alegere excelent\u0103 pentru magazinele de vapat, angrosi\u0219tii \u0219i distribuitorii care doresc s\u0103 ofere un dispozitiv de unic\u0103 folosin\u021b\u0103 cu adev\u0103rat emblematic. \ud83d\udca8\ud83d\udcbc<\/p>\n<p><strong>Cump\u0103ra\u021bi \u00een cantit\u0103\u021bi mari. Vinde\u021bi inteligent. Deveni\u021bi o legend\u0103.<\/strong> \ud83c\udfc6<\/p>\n<p><img data-recalc-dims=\"1\" loading=\"lazy\" decoding=\"async\" class=\"alignnone size-full wp-image-96630\" src=\"https:\/\/i0.wp.com\/aiviouvapes.com\/wp-content\/uploads\/2025\/12\/BANG-LEGEND-140K-13.jpg?resize=1020%2C1637&#038;ssl=1\" alt=\"BANG LEGEND 140K | op\u021biuni triple 140000 de pufuri dual mesh re\u00eenc\u0103rcabil vape de unic\u0103 folosin\u021b\u0103\" width=\"1020\" height=\"1637\" title=\"\" srcset=\"https:\/\/i0.wp.com\/aiviouvapes.com\/wp-content\/uploads\/2025\/12\/BANG-LEGEND-140K-13.jpg?w=1196&amp;ssl=1 1196w, https:\/\/i0.wp.com\/aiviouvapes.com\/wp-content\/uploads\/2025\/12\/BANG-LEGEND-140K-13.jpg?resize=187%2C300&amp;ssl=1 187w, https:\/\/i0.wp.com\/aiviouvapes.com\/wp-content\/uploads\/2025\/12\/BANG-LEGEND-140K-13.jpg?resize=638%2C1024&amp;ssl=1 638w, https:\/\/i0.wp.com\/aiviouvapes.com\/wp-content\/uploads\/2025\/12\/BANG-LEGEND-140K-13.jpg?resize=768%2C1233&amp;ssl=1 768w, https:\/\/i0.wp.com\/aiviouvapes.com\/wp-content\/uploads\/2025\/12\/BANG-LEGEND-140K-13.jpg?resize=957%2C1536&amp;ssl=1 957w, https:\/\/i0.wp.com\/aiviouvapes.com\/wp-content\/uploads\/2025\/12\/BANG-LEGEND-140K-13.jpg?resize=7%2C12&amp;ssl=1 7w, https:\/\/i0.wp.com\/aiviouvapes.com\/wp-content\/uploads\/2025\/12\/BANG-LEGEND-140K-13.jpg?resize=800%2C1284&amp;ssl=1 800w\" sizes=\"auto, (max-width: 1020px) 100vw, 1020px\" \/><\/p>","protected":false},"excerpt":{"rendered":"<p>140.000 de pufuri. 3 arome \u00eentr-un singur dispozitiv. BANG LEGEND 140K este un vaporizator de unic\u0103 folosin\u021b\u0103 cu trei op\u021biuni, de ultim\u0103 genera\u021bie, conceput pentru performan\u021be de lung\u0103 durat\u0103, arom\u0103 bogat\u0103 \u0219i v\u00e2nz\u0103ri en gros cu marj\u0103 mare. \ud83d\ude80<\/p>","protected":false},"featured_media":96621,"comment_status":"open","ping_status":"closed","template":"","meta":[],"product_brand":[239],"product_cat":[37],"product_tag":[467,465,468,466,396],"class_list":{"0":"post-96564","1":"product","2":"type-product","3":"status-publish","4":"has-post-thumbnail","6":"product_brand-bang","7":"product_cat-bang","8":"product_tag-140000-puffs-vape","9":"product_tag-bang-legend-140k-disposable-vape","10":"product_tag-rechargeable-bulk-disposable-vape","11":"product_tag-triple-flavor-disposable-vape","12":"product_tag-wholesale-disposable-vape","14":"first","15":"instock","16":"shipping-taxable","17":"purchasable","18":"product-type-variable","19":"has-default-attributes"},"jetpack_sharing_enabled":true,"tiered_pricing_type":"fixed","tiered_pricing_fixed_rules":{"30":8.1699999999999999289457264239899814128875732421875,"50":6.61000000000000031974423109204508364200592041015625,"100":6.089999999999999857891452847979962825775146484375,"200":5.70000000000000017763568394002504646778106689453125,"400":5.12000000000000010658141036401502788066864013671875},"tiered_pricing_product_settings":{"layout":"default","base_unit_name":{"singular":null,"plural":null},"default_variation":null},"tiered_pricing_minimum_quantity":10,"tiered_pricing_roles_data":[],"tiered_pricing_percentage_rules":[],"tiered_pricing_maximum_quantity":null,"tiered_pricing_quantity_step":"10","_links":{"self":[{"href":"https:\/\/aiviouvapes.com\/ro\/wp-json\/wp\/v2\/product\/96564","targetHints":{"allow":["GET"]}}],"collection":[{"href":"https:\/\/aiviouvapes.com\/ro\/wp-json\/wp\/v2\/product"}],"about":[{"href":"https:\/\/aiviouvapes.com\/ro\/wp-json\/wp\/v2\/types\/product"}],"replies":[{"embeddable":true,"href":"https:\/\/aiviouvapes.com\/ro\/wp-json\/wp\/v2\/comments?post=96564"}],"wp:featuredmedia":[{"embeddable":true,"href":"https:\/\/aiviouvapes.com\/ro\/wp-json\/wp\/v2\/media\/96621"}],"wp:attachment":[{"href":"https:\/\/aiviouvapes.com\/ro\/wp-json\/wp\/v2\/media?parent=96564"}],"wp:term":[{"taxonomy":"product_brand","embeddable":true,"href":"https:\/\/aiviouvapes.com\/ro\/wp-json\/wp\/v2\/product_brand?post=96564"},{"taxonomy":"product_cat","embeddable":true,"href":"https:\/\/aiviouvapes.com\/ro\/wp-json\/wp\/v2\/product_cat?post=96564"},{"taxonomy":"product_tag","embeddable":true,"href":"https:\/\/aiviouvapes.com\/ro\/wp-json\/wp\/v2\/product_tag?post=96564"}],"curies":[{"name":"wp","href":"https:\/\/api.w.org\/{rel}","templated":true}]}}