{"id":91105,"date":"2025-12-08T23:17:17","date_gmt":"2025-12-08T15:17:17","guid":{"rendered":"https:\/\/aiviouvapes.com\/?post_type=product&#038;p=91105"},"modified":"2026-03-17T11:24:22","modified_gmt":"2026-03-17T03:24:22","slug":"bang-leader-85k","status":"publish","type":"product","link":"https:\/\/aiviouvapes.com\/ro\/product\/bang-leader-85k\/","title":{"rendered":"Bang Leader 85K | 3-in-1 arom\u0103 tripl\u0103, 85000 puffs, 70ml, vrac de unic\u0103 folosin\u021b\u0103 vape"},"content":{"rendered":"<p>Prezentarea <strong>Bang Leader 85000 de pufuri<\/strong>, un vape de unic\u0103 folosin\u021b\u0103 revolu\u021bionar, conceput pentru cei care vor mai mult. Nu este doar un vape obi\u0219nuit, ci un dispozitiv puternic, cu capacitate mare, construit pentru a oferi satisfac\u021bie \u0219i durabilitate. Cu o capacitate uimitoare <strong>Rezervor pentru lichid electronic de 70 ml<\/strong> \u0219i un robust <strong>baterie re\u00eenc\u0103rcabil\u0103 de 850 mAh<\/strong>, acest dispozitiv v\u0103 asigur\u0103 c\u0103 ve\u021bi petrece mai mult timp vaping \u0219i mai pu\u021bin timp \u00eengrijor\u00e2ndu-v\u0103 c\u0103 se va desc\u0103rca. \ud83d\udd0b\u2728<\/p>\n<p>Caracteristica remarcabil\u0103 este inovatoarea <strong>Sistem de aromatizare 3-\u00een-1<\/strong>. Te-ai plictisit de acela\u0219i gust? Schimb\u0103 pur \u0219i simplu set\u0103rile pentru a te bucura de trei arome premium diferite \u00eentr-un singur dispozitiv! Proiectat cu un <strong>Bobina de plas\u0103 de 1,0\u03a9<\/strong>, ofer\u0103 un vapor consistent, fin \u0219i bogat, de la prima p\u00e2n\u0103 la ultima inhalare. Perfect pentru <strong>proprietarii de magazine de vape<\/strong> \u00een c\u0103utarea unui produs foarte v\u00e2ndut sau vapers care caut\u0103 valoare. \ud83c\udfc6\ud83d\udce6<\/p>\n<h3>\ud83c\udf1f De ce s\u0103 alege\u021bi Bang Leader 85000?<\/h3>\n<ul>\n<li><strong>\ud83d\udd04 Tehnologie de aromatizare 3-\u00een-1:<\/strong> Bucura\u021bi-v\u0103 de trei arome distincte \u00eentr-un singur dispozitiv compact. Schimba\u021bi instantaneu \u00een func\u021bie de starea dvs. de spirit!<\/li>\n<li><strong>\ud83d\udca7 Capacitate mare de 70 ml:<\/strong> Una dintre cele mai mari capacit\u0103\u021bi de pe pia\u021b\u0103, suport\u00e2nd un num\u0103r incredibil de 85.000 de pufuri.<\/li>\n<li><strong>\u26a1 Re\u00eenc\u0103rcabil tip C:<\/strong> \u00cenc\u0103rcarea rapid\u0103 prin portul Type-C asigur\u0103 c\u0103 bateria de 850 mAh este \u00eentotdeauna gata de utilizare.<\/li>\n<li><strong>\u2601\ufe0f Bobin\u0103 avansat\u0103 din plas\u0103:<\/strong> Rezisten\u021ba de 1,0 \u03a9 a bobinei cu plas\u0103 garanteaz\u0103 o puritate sporit\u0103 a aromei \u0219i producerea unui nor dens.<\/li>\n<li><strong>\ud83c\udf9a\ufe0f Op\u021biuni flexibile de nicotin\u0103:<\/strong> Disponibil \u00een variantele 0%, 2%, 3% \u0219i 5% pentru a satisface preferin\u021bele fiec\u0103rui client.<\/li>\n<\/ul>\n<h3>\ud83d\udcca Bang Leader 85K Specifica\u021bii<\/h3>\n<table>\n<thead>\n<tr>\n<th align=\"left\">Caracteristic\u0103<\/th>\n<th align=\"left\">Detalii<\/th>\n<\/tr>\n<\/thead>\n<tbody>\n<tr>\n<td><strong>Num\u0103r de pufuri<\/strong><\/td>\n<td>P\u00e2n\u0103 la 85.000 de pufuri<\/td>\n<\/tr>\n<tr>\n<td><strong>Capacitate E-Lichid<\/strong><\/td>\n<td>70 ml<\/td>\n<\/tr>\n<tr>\n<td><strong>Sistem de arom\u0103<\/strong><\/td>\n<td>Comutator triplu pentru 3 arome<\/td>\n<\/tr>\n<tr>\n<td><strong>Baterie<\/strong><\/td>\n<td>850 mAh (re\u00eenc\u0103rcabil\u0103)<\/td>\n<\/tr>\n<tr>\n<td><strong>\u00cenc\u0103rcare<\/strong><\/td>\n<td>Port tip C<\/td>\n<\/tr>\n<tr>\n<td><strong>Bobin\u0103<\/strong><\/td>\n<td>Bobina de plas\u0103 de 1,0\u03a9<\/td>\n<\/tr>\n<tr>\n<td><strong>Puterea nicotinei<\/strong><\/td>\n<td>0% (0 mg), 2% (20 mg), 3% (30 mg), 5% (50 mg)<\/td>\n<\/tr>\n<\/tbody>\n<\/table>\n<h3>\ud83c\udf6d Bang Leader 85K combina\u021bii de arome (3 arome per dispozitiv)<\/h3>\n<p>Fiecare dispozitiv Bang Leader con\u021bine trei arome apetisante. Alege\u021bi combina\u021bia preferat\u0103:<\/p>\n<ul>\n<li>\ud83c\udf4c <strong>Amestecul 1:<\/strong> Ghea\u021b\u0103 de banan\u0103 \/ Pepene verde cu c\u0103p\u0219uni \/ Gum\u0103 de ursule\u021b<\/li>\n<li>\ud83d\udc09 <strong>Amestecul 2:<\/strong> Ghea\u021b\u0103 Dragon Negru \/ Bezea \/ Vis de var\u0103<\/li>\n<li>\ud83e\uded0 <strong>Amestecul 3:<\/strong> Ghea\u021b\u0103 de afine \/ Raz albastru \/ P\u0103r parfumat<\/li>\n<li>\ud83c\udf4d <strong>Amestec 4:<\/strong> Cire\u0219e \u0219i afine \/ Piersici \u0219i mango \/ Ananas<\/li>\n<li>\ud83e\udd64 <strong>Amestec 5:<\/strong> Coke Ice \/ M\u0103r \u0219i piersic\u0103 \/ Limonad\u0103 roz<\/li>\n<li>\ud83e\udd5d <strong>Amestec 6:<\/strong> Ghea\u021b\u0103 de struguri \/ C\u0103p\u0219uni \u0219i kiwi \/ Fructul pasiunii \u0219i guava<\/li>\n<li>\ud83d\udc9c <strong>Amestec 7:<\/strong> Love 666 \/ Afine \u0219i zmeur\u0103 \/ Vimto<\/li>\n<li>\ud83c\udf79 <strong>Amestec 8:<\/strong> Fructe mixte \/ Mojito Piersic\u0103 \/ Afine Zmeur\u0103<\/li>\n<li>\ud83c\udf53 <strong>Mix 9:<\/strong> Ghea\u021b\u0103 de ananas \/ Red Bull cu c\u0103p\u0219uni \/ Fructe de p\u0103dure amestecate<\/li>\n<li>\ud83c\udf4e <strong>Amestec 10:<\/strong> M\u0103r ro\u0219u cu ghea\u021b\u0103 \/ Zmeur\u0103 \u0219i pepene verde \/ Aloe \u0219i struguri<\/li>\n<li>\ud83c\udf66 <strong>Mix 11:<\/strong> Red Bull \/ Afine \u0219i pepene verde \/ \u00cenghe\u021bat\u0103 de c\u0103p\u0219uni<\/li>\n<li>\ud83c\udf4a <strong>Amestec 12:<\/strong> Ghea\u021b\u0103 de c\u0103p\u0219uni \/ L\u0103m\u00e2ie \u0219i portocal\u0103 \/ Gum\u0103 de mestecat cu arom\u0103 de pepene verde<\/li>\n<li>\ud83c\udf4c <strong>Amestec 13:<\/strong> C\u0103p\u0219uni \u0219i zmeur\u0103 \/ Coac\u0103ze negre \/ C\u0103p\u0219uni \u0219i banane<\/li>\n<li>\ud83c\udf52 <strong>Amestec 14:<\/strong> C\u0103p\u0219uni \u0219i pepene verde \/ Coca-Cola cu cire\u0219e \/ Crem\u0103 de c\u0103p\u0219uni<\/li>\n<li>\ud83e\udd6d <strong>Amestec 15:<\/strong> Pepene verde cu ghea\u021b\u0103 \/ Mango \u0219i piersic\u0103 \/ Suc de portocale<\/li>\n<\/ul>\n<p><strong>Bang Leader 85000 de pufuri<\/strong> stabile\u0219te un nou standard pentru vape-urile de unic\u0103 folosin\u021b\u0103. Este perfect potrivit pentru <strong>utilizatori intensivi<\/strong> care doresc confort f\u0103r\u0103 compromisuri \u0219i <strong>v\u00e2n\u0103tori de arome<\/strong> care iubesc varietatea. Pentru <strong>detailisti si angrosisti<\/strong>, acest dispozitiv performant, cu multiple arome, este un articol indispensabil care atrage clien\u021bii care caut\u0103 cea mai bun\u0103 valoare \u0219i cea mai recent\u0103 tehnologie. Actualiza\u021bi-v\u0103 stocul ast\u0103zi! \ud83d\ude80\ud83d\uded2<\/p>\n<h3>\u2753 \u00centreb\u0103ri frecvente (FAQ)<\/h3>\n<p><strong>\u00ce: Cum pot schimba aromele pe modelul Bang Leader 85K?<\/strong><br \/>\nR: Dispozitivul dispune de un mecanism simplu de comutare care v\u0103 permite s\u0103 comuta\u021bi \u00eentre cele trei rezervoare separate de lichid din interior. \ud83d\udd00<\/p>\n<p><strong>\u00ce: Bateria este re\u00eenc\u0103rcabil\u0103?<\/strong><br \/>\nR: Da! Este dotat cu o baterie de 850 mAh care poate fi re\u00eenc\u0103rcat\u0103 cu u\u0219urin\u021b\u0103 folosind un cablu de \u00eenc\u0103rcare standard de tip C. \ud83d\udd0c<\/p>\n<p><strong>\u00ce: Acest produs este potrivit pentru distribu\u021bia en gros?<\/strong><br \/>\nR: Absolut. Argumentul de v\u00e2nzare unic 3-\u00een-1 \u0219i num\u0103rul mare de pufuri \u00eel fac un produs foarte atractiv pentru cump\u0103r\u0103torii B2B \u0219i magazinele de vape. \ud83c\udfed<\/p>\n<p><strong>\u00ce: C\u00e2t dureaz\u0103 85.000 de pufuri?<\/strong><br \/>\nR: Cu 70 ml de lichid, acest dispozitiv poate dura c\u00e2teva s\u0103pt\u0103m\u00e2ni, \u00een func\u021bie de obiceiurile dvs. de utilizare, ceea ce \u00eel face extrem de rentabil. \ud83d\uddd3\ufe0f<\/p>","protected":false},"excerpt":{"rendered":"<p>85.000 de pufuri, schimbare de arom\u0103 3-\u00een-1 \u0219i capacitate de 70 ml! Bang Leader 85K este cel mai performant vaporizator re\u00eenc\u0103rcabil de lung\u0103 durat\u0103 pentru angrosi\u0219ti \u0219i iubitorii de arome. \ud83c\udf2c\ufe0f\ud83d\udca8<\/p>","protected":false},"featured_media":91116,"comment_status":"open","ping_status":"closed","template":"","meta":[],"product_brand":[239],"product_cat":[336,242,37],"product_tag":[443,444,442,445,433],"class_list":{"0":"post-91105","1":"product","2":"type-product","3":"status-publish","4":"has-post-thumbnail","6":"product_brand-bang","7":"product_cat-100k-puffs-disposable-vape","8":"product_cat-60000-puffs-disposable-vape","9":"product_cat-bang","10":"product_tag-3-in-1-flavor-vape","11":"product_tag-85000-puffs-disposable","12":"product_tag-bang-leader-85000-puffs","13":"product_tag-bang-vape-wholesale","14":"product_tag-rechargeable-vape","16":"first","17":"instock","18":"shipping-taxable","19":"purchasable","20":"product-type-variable","21":"has-default-attributes"},"jetpack_sharing_enabled":true,"tiered_pricing_type":"fixed","tiered_pricing_fixed_rules":{"30":9.07000000000000028421709430404007434844970703125,"50":7.519999999999999573674358543939888477325439453125,"100":7,"200":6.61000000000000031974423109204508364200592041015625,"400":5.8300000000000000710542735760100185871124267578125},"tiered_pricing_product_settings":{"layout":"default","base_unit_name":{"singular":null,"plural":null},"default_variation":null},"tiered_pricing_minimum_quantity":10,"tiered_pricing_roles_data":[],"tiered_pricing_percentage_rules":[],"tiered_pricing_maximum_quantity":null,"tiered_pricing_quantity_step":"10","_links":{"self":[{"href":"https:\/\/aiviouvapes.com\/ro\/wp-json\/wp\/v2\/product\/91105","targetHints":{"allow":["GET"]}}],"collection":[{"href":"https:\/\/aiviouvapes.com\/ro\/wp-json\/wp\/v2\/product"}],"about":[{"href":"https:\/\/aiviouvapes.com\/ro\/wp-json\/wp\/v2\/types\/product"}],"replies":[{"embeddable":true,"href":"https:\/\/aiviouvapes.com\/ro\/wp-json\/wp\/v2\/comments?post=91105"}],"wp:featuredmedia":[{"embeddable":true,"href":"https:\/\/aiviouvapes.com\/ro\/wp-json\/wp\/v2\/media\/91116"}],"wp:attachment":[{"href":"https:\/\/aiviouvapes.com\/ro\/wp-json\/wp\/v2\/media?parent=91105"}],"wp:term":[{"taxonomy":"product_brand","embeddable":true,"href":"https:\/\/aiviouvapes.com\/ro\/wp-json\/wp\/v2\/product_brand?post=91105"},{"taxonomy":"product_cat","embeddable":true,"href":"https:\/\/aiviouvapes.com\/ro\/wp-json\/wp\/v2\/product_cat?post=91105"},{"taxonomy":"product_tag","embeddable":true,"href":"https:\/\/aiviouvapes.com\/ro\/wp-json\/wp\/v2\/product_tag?post=91105"}],"curies":[{"name":"wp","href":"https:\/\/api.w.org\/{rel}","templated":true}]}}