{"id":91088,"date":"2025-12-08T23:36:54","date_gmt":"2025-12-08T15:36:54","guid":{"rendered":"https:\/\/aiviouvapes.com\/?post_type=product&#038;p=91088"},"modified":"2026-03-17T11:23:41","modified_gmt":"2026-03-17T03:23:41","slug":"bang-leader-50k","status":"publish","type":"product","link":"https:\/\/aiviouvapes.com\/ro\/product\/bang-leader-50k\/","title":{"rendered":"Bang Leader 50K | sistem dual pod 50000 puffs, 40ml, capacitate mare, vrac de unic\u0103 folosin\u021b\u0103 vape"},"content":{"rendered":"<p>\ud83c\udf1f <strong>Bang Leader 50000 pufuri vape de unic\u0103 folosin\u021b\u0103<\/strong> este un dispozitiv extrem de performant, conceput pentru cei care vor mai mult. Spre deosebire de produsele de unic\u0103 folosin\u021b\u0103 standard, acest kit include o tehnologie inovatoare <strong>Sistem cu dou\u0103 capsule<\/strong> \u021bin\u00e2nd un uluitor <strong>40 ml de e-lichid (20 ml + 20 ml)<\/strong>. Fie c\u0103 sunte\u021bi un magazin de retail de produse pentru vaping \u00een c\u0103utarea celui mai nou produs la mod\u0103, fie c\u0103 sunte\u021bi un vaper obosit s\u0103 r\u0103m\u00e2ne\u021bi f\u0103r\u0103 lichid, Bang Leader ofer\u0103 performan\u021be de neegalat.<\/p>\n<p>Cu o baterie re\u00eenc\u0103rcabil\u0103 robust\u0103 de 650 mAh \u0219i op\u021biuni reglabile de concentra\u021bie de nicotin\u0103 (0% p\u00e2n\u0103 la 5%), este conceput pentru a satisface toate preferin\u021bele. Comuta\u021bi \u00eentre arome, bucura\u021bi-v\u0103 de nori masivi \u0219i experimenta\u021bi confortul unui dispozitiv care dureaz\u0103 cu adev\u0103rat. \ud83d\udd25<\/p>\n<h2>De ce s\u0103 alegi Bang Leader 50000 Puffs? \ud83c\udfc6<\/h2>\n<ul>\n<li><strong>\ud83e\udd2f Capacitate masiv\u0103 de 50.000 de pufuri:<\/strong> Unul dintre cele mai durabile dispozitive de pe pia\u021b\u0103, reduc\u00e2nd necesitatea \u00eenlocuirilor frecvente. Perfect pentru c\u0103l\u0103torii sau utilizare pe termen lung.<\/li>\n<li><strong>\ud83d\udd04 Tehnologie inovatoare Dual Pod:<\/strong> De ce s\u0103 te mul\u021bume\u0219ti cu un singur rezervor? Acest dispozitiv vine cu dou\u0103 poduri de 20 ml, totaliz\u00e2nd 40 ml de e-lichid premium. Acest lucru asigur\u0103 o arom\u0103 proasp\u0103t\u0103 de la prima puf\u0103itur\u0103 p\u00e2n\u0103 la cea de-a cincizecea mie.<\/li>\n<li><strong>\ud83d\udd0b Fiabil \u0219i re\u00eenc\u0103rcabil:<\/strong> Echipat cu o baterie de 650 mAh \u0219i suport de \u00eenc\u0103rcare de tip C (cablu nu este inclus), asigur\u00e2ndu-v\u0103 c\u0103 ave\u021bi puterea necesar\u0103 pentru a vaporiza p\u00e2n\u0103 la ultima pic\u0103tur\u0103 de e-lichid.<\/li>\n<li><strong>\ud83c\udf9a\ufe0f Concentra\u021bie personalizat\u0103 de nicotin\u0103:<\/strong> Disponibil \u00een variantele 0%, 2%, 3% \u0219i 5%. Fie c\u0103 dori\u021bi s\u0103 renun\u021ba\u021bi la nicotin\u0103, fie c\u0103 dori\u021bi o senza\u021bie puternic\u0103, avem nivelul potrivit pentru dumneavoastr\u0103.<\/li>\n<li><strong>\ud83d\udcbc Cel mai bun pentru v\u00e2nzarea en gros \u0219i cu ridicata:<\/strong> Un num\u0103r mare de pufuri \u00eenseamn\u0103 o valoare mai mare. Acest produs este o alegere de top pentru distribuitori \u0219i comercian\u021bi cu am\u0103nuntul care doresc s\u0103 creasc\u0103 marjele de profit cu un produs foarte solicitat.<\/li>\n<\/ul>\n<h2>Specifica\u021bii Bang Leader 50K \ud83d\udcca<\/h2>\n<table>\n<thead>\n<tr>\n<th>Caracteristic\u0103<\/th>\n<th>Detalii<\/th>\n<\/tr>\n<\/thead>\n<tbody>\n<tr>\n<td><strong>Num\u0103r de pufuri<\/strong><\/td>\n<td>P\u00e2n\u0103 la 50.000 de pufuri<\/td>\n<\/tr>\n<tr>\n<td><strong>Capacitate E-Lichid<\/strong><\/td>\n<td>40 ml \u00een total (dou\u0103 capsule de 20 ml)<\/td>\n<\/tr>\n<tr>\n<td><strong>Capacitatea bateriei<\/strong><\/td>\n<td>650mAh (re\u00eenc\u0103rcabil)<\/td>\n<\/tr>\n<tr>\n<td><strong>Puterea nicotinei<\/strong><\/td>\n<td>0%, 2%, 3%, 5% Op\u021biuni<\/td>\n<\/tr>\n<tr>\n<td><strong>Port de \u00eenc\u0103rcare<\/strong><\/td>\n<td>USB tip C<\/td>\n<\/tr>\n<tr>\n<td><strong>Tip bobin\u0103<\/strong><\/td>\n<td>Bobin\u0103 avansat\u0103 din plas\u0103 pentru un gust pur<\/td>\n<\/tr>\n<tr>\n<td><strong>Fluxul de aer<\/strong><\/td>\n<td>Reglabil pentru MTL sau RDL<\/td>\n<\/tr>\n<\/tbody>\n<\/table>\n<h2>Bang Leader 50K Selec\u021bii de arome \ud83c\udf47\ud83c\udf49<\/h2>\n<p>Bang Leader 50K nu se remarc\u0103 doar prin dimensiuni, ci \u0219i prin gust! Fiecare dispozitiv ofer\u0103 o experien\u021b\u0103 interesant\u0103 cu dou\u0103 arome sau amestecuri complexe. Iat\u0103 cele mai v\u00e2ndute combina\u021bii:<\/p>\n<ul>\n<li><strong>\ud83c\udf53\ud83c\udf52 C\u0103p\u0219uni, zmeur\u0103, cire\u0219e \u0219i ghea\u021b\u0103 cu cire\u0219e:<\/strong> O explozie de fructe de p\u0103dure cu un final r\u0103coros, combinat\u0103 cu un punch clasic de cire\u0219e dulci.<\/li>\n<li><strong>\ud83c\udf49\ud83d\udc02 Pepene verde, c\u0103p\u0219uni \u0219i pepene ro\u0219u Redbull:<\/strong> Fructele de var\u0103 se combin\u0103 cu o b\u0103utur\u0103 energizant\u0103.<\/li>\n<li><strong>\ud83c\udf47 Struguri negri \u0219i struguri verzi:<\/strong> B\u0103t\u0103lia suprem\u0103 a strugurilor \u2013 dulcea\u021b\u0103 profund\u0103 \u0219i bogat\u0103 vs. prospe\u021bime crocant\u0103 \u0219i acidulat\u0103.<\/li>\n<li><strong>\ud83c\udf4f\ud83e\udd5d M\u0103r, par\u0103, kiwi, fructul pasiunii \u0219i guava:<\/strong> Un amestec crocant de fructe pe o parte \u0219i un paradis tropical pe cealalt\u0103.<\/li>\n<li><strong>\ud83c\udf4d\ud83c\udf4b Limonad\u0103 acidulat\u0103 cu ananas \u0219i Redbull cu l\u0103m\u00e2ie \u0219i lime:<\/strong> Picant, cu arom\u0103 de citrice, perfect pentru cei care ador\u0103 gustul acri\u0219or.<\/li>\n<li><strong>\ud83c\udf4c\ud83e\udd6d \u00cenghe\u021bat\u0103 de banan\u0103 \u0219i c\u0103p\u0219uni cu mango:<\/strong> Crema cremoas\u0103 de banane combinat\u0103 cu un smoothie fin din fructe tropicale.<\/li>\n<li><strong>\ud83e\uded0 Afine acre Zmeur\u0103 \u0219i afine:<\/strong> O doz\u0103 dubl\u0103 de afine cu un strop de zmeur\u0103 acri\u0219oar\u0103.<\/li>\n<li><strong>\ud83e\udd64\ud83c\udf4b Cola cu cire\u0219e \u0219i limonad\u0103 roz:<\/strong> Fizzy vibra\u021bii de magazin de b\u0103uturi r\u0103coritoare cu o limonad\u0103 r\u0103coritoare.<\/li>\n<li><strong>\ud83c\udf79 Limonad\u0103 cu afine \u0219i zmeur\u0103 \u0219i \u00eenghe\u021bat\u0103 cu c\u0103p\u0219uni, zmeur\u0103 \u0219i cire\u0219e:<\/strong> Un amestec complex de fructe de p\u0103dure \u0219i citrice pentru un palat sofisticat.<\/li>\n<li><strong>\ud83c\udf53\ud83e\udd5d C\u0103p\u0219uni Kiwi &amp; C\u0103p\u0219uni \u00cenghe\u021bate:<\/strong> Duoul clasic \u00eembog\u0103\u021bit cu o senza\u021bie r\u0103coroas\u0103 de c\u0103p\u0219uni.<\/li>\n<li><strong>\ud83c\udf4d\ud83e\uddca Ananas, fructul pasiunii \u0219i \u00eenghe\u021bat\u0103 de ananas:<\/strong> Aur exotic pur, care ofer\u0103 at\u00e2t note dulci de fructul pasiunii, c\u00e2t \u0219i r\u0103coritoarea prospe\u021bime a ananasului.<\/li>\n<li><strong>\ud83c\udf78 Mojito cu l\u0103m\u00e2ie verde \u0219i zmeur\u0103 &amp; L\u0103m\u00e2ie verde cu cire\u0219e \u0219i zmeur\u0103:<\/strong> Un amestec inspirat din cocktailuri, cu arom\u0103 picant\u0103, mentolat\u0103 \u0219i dulce.<\/li>\n<li><strong>\ud83c\udfb2 Arome aleatorii:<\/strong> Nu te po\u021bi decide? Alege aceast\u0103 op\u021biune pentru livrare rapid\u0103 \u0219i o surpriz\u0103 distractiv\u0103!<\/li>\n<\/ul>\n<h2>Pentru cine este destinat acest produs? \ud83c\udfaf<\/h2>\n<p>The <strong>Bang Leader 50000 de pufuri<\/strong> este solu\u021bia definitiv\u0103 pentru <strong>utilizatori intensivi<\/strong> care sunt s\u0103tui ca vaporizatoarele lor s\u0103 se strice \u00een dou\u0103 zile. Este conceput pentru <strong>v\u00e2n\u0103tori de arome<\/strong> care doresc varietate f\u0103r\u0103 a transporta mai multe dispozitive.<\/p>\n<p><strong>Pentru cump\u0103r\u0103torii B2B \u0219i magazinele de \u021big\u0103ri electronice:<\/strong> Acesta este un produs scump, care se vinde foarte repede. Punctul s\u0103u forte (50.000 de pufuri + capsule duble) \u00eel face u\u0219or de v\u00e2ndut \u00een compara\u021bie cu produsele de unic\u0103 folosin\u021b\u0103 standard. Face\u021bi provizii acum pentru distribu\u021bie en gros \u0219i oferi\u021bi clien\u021bilor dvs. cea mai bun\u0103 valoare pe pia\u021b\u0103 pentru fiecare puf! \ud83d\udce6\ud83d\ude9b<\/p>\n<h2>\u00centreb\u0103ri frecvente (FAQ) \u2753<\/h2>\n<h3>1. Cum func\u021bioneaz\u0103 Dual Pods?<\/h3>\n<p>Dispozitivul con\u021bine dou\u0103 rezervoare separate de 20 ml \u00eentr-o singur\u0103 unitate. Acest lucru permite o capacitate total\u0103 impresionant\u0103 de 40 ml, asigur\u00e2nd o durat\u0103 de via\u021b\u0103 semnificativ mai lung\u0103 a dispozitivului dec\u00e2t \u00een cazul vaporizatoarelor standard cu un singur rezervor.<\/p>\n<h3>2. Este re\u00eenc\u0103rcabil modelul Bang Leader 50000?<\/h3>\n<p>Da! Pentru a sus\u021bine num\u0103rul impresionant de 50.000 de pufuri, dispozitivul este dotat cu o baterie de 650 mAh care poate fi re\u00eenc\u0103rcat\u0103 prin intermediul unui port USB de tip C (cablul se vinde de obicei separat), astfel \u00eenc\u00e2t s\u0103 nu irose\u0219ti niciodat\u0103 niciun strop de energie.<\/p>\n<h3>3. Care este concentra\u021bia optim\u0103 de nicotin\u0103 pentru mine?<\/h3>\n<p>Dac\u0103 \u00eencerca\u021bi s\u0103 renun\u021ba\u021bi complet la nicotin\u0103, alege\u021bi <strong>0%<\/strong> op\u021biune. Pentru un efect u\u0219or, alege\u021bi <strong>2%<\/strong>. Fum\u0103torii \u00eenr\u0103i\u021bi prefer\u0103 de obicei <strong>5%<\/strong> pentru satisfac\u021bie maxim\u0103.<\/p>\n<h3>4. Oferi\u021bi pre\u021buri en gros?<\/h3>\n<p>Da! Suntem specializa\u021bi \u00een comenzi en gros pentru magazine \u0219i distribuitori de produse pentru vaping. V\u0103 rug\u0103m s\u0103 selecta\u021bi op\u021biunile en gros sau s\u0103 contacta\u021bi echipa noastr\u0103 de v\u00e2nz\u0103ri pentru pre\u021buri competitive la comenzi mari.<\/p>","protected":false},"excerpt":{"rendered":"<p>Descoper\u0103 puterea a 50.000 de pufuri cu Bang Leader. Dotat cu un sistem dual-pod de 40 ml \u0219i o baterie re\u00eenc\u0103rcabil\u0103 de 650 mAh, acesta este alegerea perfect\u0103 pentru angrosi\u0219tii de vape \u0219i utilizatorii frecven\u021bi care caut\u0103 longevitate \u0219i varietate de arome. \ud83d\ude80\ud83d\udca8<\/p>","protected":false},"featured_media":91098,"comment_status":"open","ping_status":"closed","template":"","meta":[],"product_brand":[239],"product_cat":[219,242,37],"product_tag":[436,435,434,437,433],"class_list":{"0":"post-91088","1":"product","2":"type-product","3":"status-publish","4":"has-post-thumbnail","6":"product_brand-bang","7":"product_cat-40000-puffs-disposable-vape","8":"product_cat-60000-puffs-disposable-vape","9":"product_cat-bang","10":"product_tag-50000-puffs-vape","11":"product_tag-bang-leader-50000","12":"product_tag-bang-vape","13":"product_tag-dual-pod-disposable","14":"product_tag-rechargeable-vape","16":"first","17":"instock","18":"shipping-taxable","19":"purchasable","20":"product-type-variable","21":"has-default-attributes"},"jetpack_sharing_enabled":true,"tiered_pricing_type":"fixed","tiered_pricing_fixed_rules":{"30":8.5600000000000004973799150320701301097869873046875,"50":7,"100":6.480000000000000426325641456060111522674560546875,"200":6.089999999999999857891452847979962825775146484375,"400":5.5099999999999997868371792719699442386627197265625},"tiered_pricing_product_settings":{"layout":"default","base_unit_name":{"singular":null,"plural":null},"default_variation":null},"tiered_pricing_minimum_quantity":10,"tiered_pricing_roles_data":[],"tiered_pricing_percentage_rules":[],"tiered_pricing_maximum_quantity":null,"tiered_pricing_quantity_step":"10","_links":{"self":[{"href":"https:\/\/aiviouvapes.com\/ro\/wp-json\/wp\/v2\/product\/91088","targetHints":{"allow":["GET"]}}],"collection":[{"href":"https:\/\/aiviouvapes.com\/ro\/wp-json\/wp\/v2\/product"}],"about":[{"href":"https:\/\/aiviouvapes.com\/ro\/wp-json\/wp\/v2\/types\/product"}],"replies":[{"embeddable":true,"href":"https:\/\/aiviouvapes.com\/ro\/wp-json\/wp\/v2\/comments?post=91088"}],"wp:featuredmedia":[{"embeddable":true,"href":"https:\/\/aiviouvapes.com\/ro\/wp-json\/wp\/v2\/media\/91098"}],"wp:attachment":[{"href":"https:\/\/aiviouvapes.com\/ro\/wp-json\/wp\/v2\/media?parent=91088"}],"wp:term":[{"taxonomy":"product_brand","embeddable":true,"href":"https:\/\/aiviouvapes.com\/ro\/wp-json\/wp\/v2\/product_brand?post=91088"},{"taxonomy":"product_cat","embeddable":true,"href":"https:\/\/aiviouvapes.com\/ro\/wp-json\/wp\/v2\/product_cat?post=91088"},{"taxonomy":"product_tag","embeddable":true,"href":"https:\/\/aiviouvapes.com\/ro\/wp-json\/wp\/v2\/product_tag?post=91088"}],"curies":[{"name":"wp","href":"https:\/\/api.w.org\/{rel}","templated":true}]}}