{"id":87881,"date":"2025-11-27T14:59:22","date_gmt":"2025-11-27T06:59:22","guid":{"rendered":"https:\/\/aiviouvapes.com\/?post_type=product&#038;p=87881"},"modified":"2026-04-10T19:09:42","modified_gmt":"2026-04-10T11:09:42","slug":"uzy-tornado-20k","status":"publish","type":"product","link":"https:\/\/aiviouvapes.com\/ro\/product\/uzy-tornado-20k\/","title":{"rendered":"UZY Tornado 20K | 28ml, 20000 pufuri, afi\u0219aj LED, de lung\u0103 durat\u0103, mega rezervor, vape en-gros de unic\u0103 folosin\u021b\u0103"},"content":{"rendered":"<p><strong>UZY Tornado 20000 pufuri<\/strong> ofer\u0103 longevitate masiv\u0103, arom\u0103 \u00eendr\u0103znea\u021b\u0103 \u0219i o experien\u021b\u0103 de vapat premium \u00eentr-un design elegant, u\u0219or de utilizat. Cu o capacitate uria\u0219\u0103 de e-lichid de 28mL, o baterie re\u00eenc\u0103rcabil\u0103 de 850mAh \u0219i un ecran LED inteligent care arat\u0103 nivelul bateriei \u0219i al e-lichidului, este construit at\u00e2t pentru utilizatorii obi\u0219nui\u021bi, c\u00e2t \u0219i pentru vaperii grei care doresc fiabilitate f\u0103r\u0103 complica\u021bii. \ud83d\udcaf<\/p>\n<h2>De ce s\u0103 alege\u021bi UZY Tornado 20K? \ud83c\udf2a\ufe0f<\/h2>\n<ul>\n<li>\ud83d\udd25 <strong>P\u00e2n\u0103 la 20.000 de puf\u0103turi<\/strong> - performan\u021b\u0103 de lung\u0103 durat\u0103 pentru utilizare prelungit\u0103.<\/li>\n<li>\ud83d\udca7 <strong>Capacitate mare de 28mL e-lichid<\/strong> pentru mai pu\u021bine \u00eenlocuiri \u0219i mai mult\u0103 valoare.<\/li>\n<li>\u26a1 <strong>baterie re\u00eenc\u0103rcabil\u0103 de 850 mAh<\/strong> cu \u00eenc\u0103rcare rapid\u0103 de tip C.<\/li>\n<li>\ud83d\udcfa <strong>Afi\u0219aj LED inteligent<\/strong> afi\u0219eaz\u0103 nivelul bateriei \u0219i al e-juice-ului r\u0103mas.<\/li>\n<li>\ud83c\udf6d <strong>12 arome premium<\/strong> creat pentru un gust curat, satisf\u0103c\u0103tor.<\/li>\n<li>\ud83d\udc4c Prietenos pentru \u00eencep\u0103tori \u0219i perfect pentru vaparea zilnic\u0103 f\u0103r\u0103 griji.<\/li>\n<li>\ud83d\udce6 Excelent pentru <strong>angrosi\u0219ti, distribuitori \u0219i magazine de vape<\/strong> din cauza cererii ridicate.<\/li>\n<\/ul>\n<h3>UZY Tornado 20K Specifica\u021bii<\/h3>\n<table>\n<tbody>\n<tr>\n<td>Num\u0103r de pufuri<\/td>\n<td>P\u00e2n\u0103 la 20.000 de pufuri<\/td>\n<\/tr>\n<tr>\n<td>Capacitate de e-lichid<\/td>\n<td>28mL preumplut<\/td>\n<\/tr>\n<tr>\n<td>Nivelurile de nicotin\u0103<\/td>\n<td>0% \/ 2% \/ 3% \/ 5%<\/td>\n<\/tr>\n<tr>\n<td>Capacitatea bateriei<\/td>\n<td>850mAh re\u00eenc\u0103rcabil\u0103<\/td>\n<\/tr>\n<tr>\n<td>\u00cenc\u0103rcare<\/td>\n<td>\u00cenc\u0103rcare rapid\u0103 de tip C<\/td>\n<\/tr>\n<tr>\n<td>Tip bobin\u0103<\/td>\n<td>Bobina de plas\u0103 avansat\u0103<\/td>\n<\/tr>\n<tr>\n<td>Tip dispozitiv<\/td>\n<td>Vape de unic\u0103 folosin\u021b\u0103<\/td>\n<\/tr>\n<tr>\n<td>Arome disponibile<\/td>\n<td>12 arome<\/td>\n<\/tr>\n<\/tbody>\n<\/table>\n<h3>Arome disponibile \ud83c\udf52\ud83e\uddca<\/h3>\n<ul>\n<li><strong>C\u0103p\u0219uni Pepene Verde<\/strong> - dulce, suculent, echilibru perfect.<\/li>\n<li><strong>Afine pe ghea\u021b\u0103<\/strong> - prospe\u021bime de fructe de p\u0103dure r\u0103cite.<\/li>\n<li><strong>Piersic\u0103 Mango Ananas<\/strong> - explozie de trio tropical.<\/li>\n<li><strong>Ghea\u021b\u0103 de struguri<\/strong> - gust de struguri \u00eenghe\u021bat, \u00eendr\u0103zne\u021b.<\/li>\n<li><strong>Gheata de pepene verde<\/strong> - vibra\u021bii r\u0103coritoare de var\u0103.<\/li>\n<li><strong>Gheata de piersici<\/strong> - piersic\u0103 neted\u0103 cu o tent\u0103 \u00eenghe\u021bat\u0103.<\/li>\n<li><strong>Kiwi cu c\u0103p\u0219uni<\/strong> - combina\u021bie dulce-acri\u0219oar\u0103 fructat\u0103.<\/li>\n<li><strong>Afine Zmeura<\/strong> - amestec de fructe de p\u0103dure clasic.<\/li>\n<li><strong>Fructul pasiunii Kiwi<\/strong> - exotice \u0219i vibrante.<\/li>\n<li><strong>MR Albastru<\/strong> - arom\u0103 misterioas\u0103 de afine mixte.<\/li>\n<li><strong>Triplu mango cu ghea\u021b\u0103<\/strong> - mango stratificat cu ghea\u021b\u0103.<\/li>\n<li><strong>Red Energy Ice<\/strong> - arom\u0103 energic\u0103 \u00een stil b\u0103utur\u0103.<\/li>\n<\/ul>\n<h3>Perfect pentru \ud83d\udca8<\/h3>\n<p>Acest dispozitiv este ideal pentru <strong>vaperi grei, urm\u0103ritori de arome, magazine de vape, v\u00e2nz\u0103tori online \u0219i distribuitori en-gros<\/strong> c\u0103ut\u00e2nd s\u0103 ofere o vape de lung\u0103 durat\u0103, plin\u0103 de func\u021bii, pe care clien\u021bii s\u0103 o iubeasc\u0103.<\/p>\n<p>\u00cen general,<strong> UZY Tornado 20000 Puffs LED Display Edition<\/strong> este un dispozitiv de unic\u0103 folosin\u021b\u0103 proiectat pentru valoare maxim\u0103, arom\u0103 bogat\u0103 \u0219i confort. Indiferent dac\u0103 sunte\u021bi un utilizator intensiv, un explorator de arome sau un proprietar de magazin care dore\u0219te s\u0103 stocheze un produs premium cu cerere ridicat\u0103, Tornado 20K este alegerea perfect\u0103. \ud83c\udf2a\ufe0f\ud83d\udd25<\/p>\n<p><strong>Experimenta\u021bi performan\u021ba de lung\u0103 durat\u0103 - alege\u021bi UZY Tornado ast\u0103zi.<\/strong><\/p>\n<h3>\u00ceNTREB\u0102RI FRECVENTE \u2753<\/h3>\n<p><strong>\u00ce: C\u00e2t timp dureaz\u0103 UZY Tornado 20K?<\/strong><br \/>\n\u00cen func\u021bie de utilizare, poate dura mai multe zile datorit\u0103 capacit\u0103\u021bii sale de 20.000 de pufuri.<\/p>\n<p><strong>\u00ce: Dispozitivul este re\u00eenc\u0103rcabil?<\/strong><br \/>\nDa! Utilizeaz\u0103 \u00eenc\u0103rcare rapid\u0103 de tip C.<\/p>\n<p><strong>\u00ce: Afi\u0219eaz\u0103 nivelul bateriei \u0219i al e-lichidului?<\/strong><br \/>\nDa, ecranul LED le afi\u0219eaz\u0103 pe ambele \u00een timp real.<\/p>\n<p><strong>\u00ce: Este potrivit pentru \u00eencep\u0103tori?<\/strong><br \/>\nAbsolut - doar inhala\u021bi pentru a activa, nu este nevoie de set\u0103ri.<\/p>\n<p><strong>\u00ce: Este bun pentru comenzi en-gros?<\/strong><br \/>\nDa, Tornado 20K este foarte popular printre magazinele de vape \u0219i cump\u0103r\u0103torii \u00een vrac datorit\u0103 duratei sale lungi de via\u021b\u0103 \u0219i caracteristicilor premium.<\/p>","protected":false},"excerpt":{"rendered":"<p>Bucur\u0103-te de UZY Tornado 20K cu o capacitate uria\u0219\u0103 de 28 ml de e-lichid, o baterie re\u00eenc\u0103rcabil\u0103 de 850 mAh \u0219i un ecran LED inteligent care afi\u0219eaz\u0103 \u00een timp real nivelul bateriei \u0219i al e-lichidului pentru confort total. \u26a1\ud83d\udca8<\/p>","protected":false},"featured_media":87942,"comment_status":"open","ping_status":"closed","template":"","meta":[],"product_brand":[254],"product_cat":[253,129,137,146,138,141,143],"product_tag":[399,400,401,398,396],"class_list":{"0":"post-87881","1":"product","2":"type-product","3":"status-publish","4":"has-post-thumbnail","6":"product_brand-uzy","7":"product_cat-uzy","8":"product_cat-20000-puffs-disposable-vape","9":"product_cat-disposable-vapes-in-germany","10":"product_cat-disposable-vapes-in-hungary","11":"product_cat-disposable-vapes-in-ltaly","12":"product_cat-disposable-vapes-in-poland","13":"product_cat-disposable-vapes-in-spain","14":"product_tag-20k-disposable-vape","15":"product_tag-led-display-vape-pen","16":"product_tag-long-lasting-vape-28ml","17":"product_tag-uzy-tornado-20000-puffs","18":"product_tag-wholesale-disposable-vape","20":"first","21":"instock","22":"shipping-taxable","23":"purchasable","24":"product-type-variable","25":"has-default-attributes"},"jetpack_sharing_enabled":true,"tiered_pricing_type":"fixed","tiered_pricing_fixed_rules":{"30":7.28000000000000024868995751603506505489349365234375,"50":5.92999999999999971578290569595992565155029296875,"100":5.45999999999999996447286321199499070644378662109375,"200":5.160000000000000142108547152020037174224853515625,"400":4.13999999999999968025576890795491635799407958984375},"tiered_pricing_product_settings":{"layout":"default","base_unit_name":{"singular":null,"plural":null},"default_variation":null},"tiered_pricing_minimum_quantity":10,"tiered_pricing_roles_data":[],"tiered_pricing_percentage_rules":[],"tiered_pricing_maximum_quantity":null,"tiered_pricing_quantity_step":"10","_links":{"self":[{"href":"https:\/\/aiviouvapes.com\/ro\/wp-json\/wp\/v2\/product\/87881","targetHints":{"allow":["GET"]}}],"collection":[{"href":"https:\/\/aiviouvapes.com\/ro\/wp-json\/wp\/v2\/product"}],"about":[{"href":"https:\/\/aiviouvapes.com\/ro\/wp-json\/wp\/v2\/types\/product"}],"replies":[{"embeddable":true,"href":"https:\/\/aiviouvapes.com\/ro\/wp-json\/wp\/v2\/comments?post=87881"}],"wp:featuredmedia":[{"embeddable":true,"href":"https:\/\/aiviouvapes.com\/ro\/wp-json\/wp\/v2\/media\/87942"}],"wp:attachment":[{"href":"https:\/\/aiviouvapes.com\/ro\/wp-json\/wp\/v2\/media?parent=87881"}],"wp:term":[{"taxonomy":"product_brand","embeddable":true,"href":"https:\/\/aiviouvapes.com\/ro\/wp-json\/wp\/v2\/product_brand?post=87881"},{"taxonomy":"product_cat","embeddable":true,"href":"https:\/\/aiviouvapes.com\/ro\/wp-json\/wp\/v2\/product_cat?post=87881"},{"taxonomy":"product_tag","embeddable":true,"href":"https:\/\/aiviouvapes.com\/ro\/wp-json\/wp\/v2\/product_tag?post=87881"}],"curies":[{"name":"wp","href":"https:\/\/api.w.org\/{rel}","templated":true}]}}