{"id":8017,"date":"2024-08-21T08:05:49","date_gmt":"2024-08-21T00:05:49","guid":{"rendered":"https:\/\/aiviouvapes.com\/?post_type=product&#038;p=8017"},"modified":"2026-04-17T13:01:09","modified_gmt":"2026-04-17T05:01:09","slug":"elfworld-mx-25000-puffs-0-2-3-5-disposable","status":"publish","type":"product","link":"https:\/\/aiviouvapes.com\/ro\/product\/elfworld-mx-25000-puffs-0-2-3-5-disposable\/","title":{"rendered":"Elfworld MX 25000 Puffs | 0%-5% nicotin\u0103, 25mL, afi\u0219aj digital, control flux de aer, vrac de unic\u0103 folosin\u021b\u0103 vape"},"content":{"rendered":"<h2>Elfworld MX 25000 pufuri | 0% 2% 3% 5% nicotin\u0103, 25 ml e-lichid, bobin\u0103 plas\u0103, afi\u0219aj digital, flux de aer reglabil, re\u00eenc\u0103rcabil de tip C, cump\u0103r\u0103 \u00een vrac vape de unic\u0103 folosin\u021b\u0103 en-gros<\/h2>\n<h3>ELFWORLD MX 25000 Puffs Prezentare general\u0103 \u0219i caracteristici<\/h3>\n<p>ELFWORLD MX 25000 Puffs ofer\u0103 o experien\u021b\u0103 de vaping excep\u021bional\u0103 cu capacitatea sa mare \u0219i caracteristicile avansate. Conceput pentru p\u00e2n\u0103 la 25.000 de puf\u0103turi, acest dispozitiv include un rezervor mare de e-lichid de 25 ml, minimiz\u00e2nd nevoia de reumpleri frecvente. Alimentat de o baterie re\u00eenc\u0103rcabil\u0103 de 850 mAh cu \u00eenc\u0103rcare eficient\u0103 de tip C, asigur\u0103 distrac\u021bie prelungit\u0103. Tehnologia bobinei de plas\u0103 \u00eembun\u0103t\u0103\u021be\u0219te at\u00e2t producerea de arome, c\u00e2t \u0219i de vapori, \u00een timp ce op\u021biunile de nicotin\u0103 0%, 2%, 3% \u0219i 5% r\u0103spund unei variet\u0103\u021bi de preferin\u021be. Cu un afi\u0219aj digital \u0219i un flux de aer reglabil, pute\u021bi personaliza fiecare sesiune dup\u0103 bunul plac.<\/p>\n<ul>\n<li><strong>P\u00e2n\u0103 la 25.000 de puf\u0103turi<\/strong>: Asigur\u0103 o utilizare prelungit\u0103, maximiz\u00e2nd confortul \u0219i satisfac\u021bia.<\/li>\n<li><strong>Capacitate de e-lichid 25 ml<\/strong>: Reduce frecven\u021ba de reumplere pentru o distrac\u021bie ne\u00eentrerupt\u0103.<\/li>\n<li><strong>Baterie de 850 mAh<\/strong>: Ofer\u0103 putere fiabil\u0103 cu re\u00eenc\u0103rcare rapid\u0103 de tip C.<\/li>\n<li><strong>Afi\u0219aj digital \u0219i flux de aer reglabil<\/strong>: Permite monitorizare u\u0219oar\u0103 \u0219i flux de aer personalizat pentru o experien\u021b\u0103 personalizat\u0103.<\/li>\n<li><strong>Bobina de plas\u0103<\/strong>: Asigur\u0103 vapori netezi \u0219i aroma\u021bi pentru o vaporizare premium.<\/li>\n<\/ul>\n<h3>ELFWORLD MX 25000 de arome de puf\u0103turi \u00een stoc:<\/h3>\n<p>Ghea\u021b\u0103 de c\u0103p\u0219uni, ghea\u021b\u0103 de pepene verde, ghea\u021b\u0103 de struguri, ment\u0103, m\u0103r dublu, ghea\u021b\u0103 de piersici suculent\u0103, ghea\u021b\u0103 Blue Razz, limonad\u0103 roz, fructe de p\u0103dure amestecate, pepene verde cu afine, portocal\u0103 de fructe de p\u0103dure, afine B Pop, l\u0103m\u00e2ie de piersici cu zmeur\u0103, ananas acru de mango, slushy albastru de piersici .<\/p>\n<h3>De ce s\u0103 alege\u021bi ELFWORLD MX 25000 Puffs?<\/h3>\n<p>ELFWORLD MX 25000 Puffs combin\u0103 o capacitate mare de puf, diverse op\u021biuni de arom\u0103 \u0219i caracteristici avansate pentru o experien\u021b\u0103 superioar\u0103 de vaporizare. Designul s\u0103u elegant, portabil \u0219i afi\u0219ajul digital \u00eel fac u\u0219or de utilizat, \u00een timp ce fluxul de aer reglabil \u0219i tehnologia bobinei plas\u0103 asigur\u0103 o arom\u0103 neted\u0103 \u0219i consistent\u0103. Perfect pentru comer\u021b cu ridicata, acest dispozitiv este ideal pentru comercian\u021bii cu am\u0103nuntul care doresc s\u0103 ofere un vaporizator de unic\u0103 folosin\u021b\u0103 premium, de \u00eenalt\u0103 performan\u021b\u0103. Indiferent dac\u0103 sunte\u021bi un vaporator experimentat sau nou \u00een vaping, ELFWORLD MX 25000 Puffs ofer\u0103 o experien\u021b\u0103 satisf\u0103c\u0103toare, personalizat\u0103 cu fiecare puf.<\/p>\n<p><img data-recalc-dims=\"1\" loading=\"lazy\" decoding=\"async\" class=\"alignnone size-full wp-image-8977\" title=\"ELFWORLD MX 25000 Puffs Vape re\u00eenc\u0103rcabil de unic\u0103 folosin\u021b\u0103 0% 2% 3% 5% Nicotin\u0103 \u00een vrac Cump\u0103ra\u021bi cu ridicata\" src=\"https:\/\/i0.wp.com\/aiviouvapes.com\/wp-content\/uploads\/2024\/08\/20240618103223.webp?resize=800%2C1132&#038;ssl=1\" alt=\"ELFWORLD MX 25000 Puffs Vape re\u00eenc\u0103rcabil de unic\u0103 folosin\u021b\u0103 0% 2% 3% 5% Nicotin\u0103 \u00een vrac Cump\u0103ra\u021bi cu ridicata\" width=\"800\" height=\"1132\" srcset=\"https:\/\/i0.wp.com\/aiviouvapes.com\/wp-content\/uploads\/2024\/08\/20240618103223.webp?w=800&amp;ssl=1 800w, https:\/\/i0.wp.com\/aiviouvapes.com\/wp-content\/uploads\/2024\/08\/20240618103223.webp?resize=212%2C300&amp;ssl=1 212w, https:\/\/i0.wp.com\/aiviouvapes.com\/wp-content\/uploads\/2024\/08\/20240618103223.webp?resize=724%2C1024&amp;ssl=1 724w, https:\/\/i0.wp.com\/aiviouvapes.com\/wp-content\/uploads\/2024\/08\/20240618103223.webp?resize=768%2C1087&amp;ssl=1 768w, https:\/\/i0.wp.com\/aiviouvapes.com\/wp-content\/uploads\/2024\/08\/20240618103223.webp?resize=8%2C12&amp;ssl=1 8w\" sizes=\"auto, (max-width: 800px) 100vw, 800px\" \/><\/p>\n<div><h3>De ce s\u0103 alege\u021bi AiviouVapes<\/h3>\n<p>Bun venit la <a href=\"https:\/\/aiviouvapes.com\/ro\/\">AiviouVapes<\/a> - sursa dvs. de \u00eencredere pentru produse premium, accesibile <a href=\"https:\/\/aiviouvapes.com\/ro\/shop\/\">vapoare en-gros de unic\u0103 folosin\u021b\u0103<\/a> la pre\u021buri cu adev\u0103rat mici. Cu peste cinci ani de expertiz\u0103 \u00een industria de vape, oferim cu m\u00e2ndrie o selec\u021bie aleas\u0103 manual de m\u0103rci de top, inclusiv <a href=\"https:\/\/aiviouvapes.com\/ro\/categorie-produs\/waspe\/\">WASPE<\/a>, <a href=\"https:\/\/aiviouvapes.com\/ro\/categorie-produs\/bang\/\">Bang Vape<\/a>, <a href=\"https:\/\/aiviouvapes.com\/ro\/categorie-produs\/vapme-vapes\/\">Vapme<\/a>, \u0219i <a href=\"https:\/\/aiviouvapes.com\/ro\/categorie-produs\/mrvi\/\">MRVI<\/a>.<\/p>\n<p>De la dispozitive cu puf mare, cum ar fi <a href=\"https:\/\/aiviouvapes.com\/ro\/produs\/waspe-4-in-1-100000-puffs\/\">WASPE 100K 4-in-1 Arom\u0103<\/a> la favorite \u00eendr\u0103zne\u021be, cum ar fi <a href=\"https:\/\/aiviouvapes.com\/ro\/produs\/bang-king-triple-flavors-85000\/\">Bang 85,000 Triple Puff<\/a>, \u0219i chiar interesant <a class=\"woocommerce-LoopProduct-link woocommerce-loop-product__link\" href=\"https:\/\/aiviouvapes.com\/ro\/produs\/mystery-vape-blind-box\/\">Cutie misterioas\u0103 de unic\u0103 folosin\u021b\u0103 Vape Box<\/a>, fiecare produs este ales pentru calitate superioar\u0103 \u0219i valoare imbatabil\u0103. La AiviouVapes, v\u0103 ve\u021bi bucura de servicii excelente, economii en-gros \u0219i o colec\u021bie conceput\u0103 pentru a se potrivi nevoilor dvs. de vaping.<\/p>\n<div class=\"row row-large row-full-width align-middle\"  id=\"row-749512748\">\n\n\n\t<div id=\"col-1079783926\" class=\"col medium-3 small-6 large-3\"  >\n\t\t\t\t<div class=\"col-inner text-center\"  >\n\t\t\t\n\t\t\t\n\n\n\t\t<div class=\"icon-box featured-box icon-box-top text-left\"  >\n\t\t\t\t\t<div class=\"icon-box-img\" style=\"width: 90px\">\n\t\t\t\t<div class=\"icon\">\n\t\t\t\t\t<div class=\"icon-inner\" >\n\t\t\t\t\t\t<img loading=\"lazy\" decoding=\"async\" width=\"200\" height=\"200\" src=\"https:\/\/i0.wp.com\/aiviouvapes.com\/wp-content\/uploads\/2024\/08\/vape-1-1.png?fit=200%2C200&amp;ssl=1\" class=\"attachment-medium size-medium\" alt=\"De ce s\u0103 alege\u021bi AIVIOUVAPES\" srcset=\"https:\/\/i0.wp.com\/aiviouvapes.com\/wp-content\/uploads\/2024\/08\/vape-1-1.png?w=200&amp;ssl=1 200w, https:\/\/i0.wp.com\/aiviouvapes.com\/wp-content\/uploads\/2024\/08\/vape-1-1.png?resize=150%2C150&amp;ssl=1 150w, https:\/\/i0.wp.com\/aiviouvapes.com\/wp-content\/uploads\/2024\/08\/vape-1-1.png?resize=12%2C12&amp;ssl=1 12w, https:\/\/i0.wp.com\/aiviouvapes.com\/wp-content\/uploads\/2024\/08\/vape-1-1.png?resize=100%2C100&amp;ssl=1 100w\" sizes=\"auto, (max-width: 200px) 100vw, 200px\" title=\"\">\t\t\t\t\t<\/div>\n\t\t\t\t<\/div>\n\t\t\t<\/div>\n\t\t\t\t<div class=\"icon-box-text last-reset\">\n\t\t\t\t\t\t\t\t\t\n\n\t<div id=\"text-390320751\" class=\"text\">\n\t\t\n\n<h3 style=\"text-align: center;\">Varietate extins\u0103 de vape<\/h3>\n<p style=\"text-align: center;\">Descoperi\u021bi gama noastr\u0103 larg\u0103 de produse, concepute pentru a se potrivi fiec\u0103rei preferin\u021be.<\/p>\n\t\t\n<style>\n#text-390320751 {\n  font-size: 0.9rem;\n}\n<\/style>\n\t<\/div>\n\t\n\n\t\t<\/div>\n\t<\/div>\n\t\n\t\n\n\t\t<\/div>\n\t\t\t\t\t<\/div>\n\n\t\n\n\t<div id=\"col-1240910867\" class=\"col medium-3 small-6 large-3\"  >\n\t\t\t\t<div class=\"col-inner text-center\"  >\n\t\t\t\n\t\t\t\n\n\n\t\t<div class=\"icon-box featured-box icon-box-top text-left\"  >\n\t\t\t\t\t<div class=\"icon-box-img\" style=\"width: 90px\">\n\t\t\t\t<div class=\"icon\">\n\t\t\t\t\t<div class=\"icon-inner\" >\n\t\t\t\t\t\t<img loading=\"lazy\" decoding=\"async\" width=\"200\" height=\"200\" src=\"https:\/\/i0.wp.com\/aiviouvapes.com\/wp-content\/uploads\/2024\/08\/save-money-1-1-1.png?fit=200%2C200&amp;ssl=1\" class=\"attachment-medium size-medium\" alt=\"De ce s\u0103 alege\u021bi AIVIOUVAPES\" srcset=\"https:\/\/i0.wp.com\/aiviouvapes.com\/wp-content\/uploads\/2024\/08\/save-money-1-1-1.png?w=200&amp;ssl=1 200w, https:\/\/i0.wp.com\/aiviouvapes.com\/wp-content\/uploads\/2024\/08\/save-money-1-1-1.png?resize=150%2C150&amp;ssl=1 150w, https:\/\/i0.wp.com\/aiviouvapes.com\/wp-content\/uploads\/2024\/08\/save-money-1-1-1.png?resize=12%2C12&amp;ssl=1 12w, https:\/\/i0.wp.com\/aiviouvapes.com\/wp-content\/uploads\/2024\/08\/save-money-1-1-1.png?resize=100%2C100&amp;ssl=1 100w\" sizes=\"auto, (max-width: 200px) 100vw, 200px\" title=\"\">\t\t\t\t\t<\/div>\n\t\t\t\t<\/div>\n\t\t\t<\/div>\n\t\t\t\t<div class=\"icon-box-text last-reset\">\n\t\t\t\t\t\t\t\t\t\n\n\t<div id=\"text-4134421189\" class=\"text\">\n\t\t\n\n<h3 style=\"text-align: center;\">Valoare imbatabil\u0103<\/h3>\n<p style=\"text-align: center;\">Bucura\u021bi-v\u0103 de produse de cea mai bun\u0103 calitate la pre\u021buri care se potrivesc bugetului dvs.<\/p>\n\t\t\n<style>\n#text-4134421189 {\n  font-size: 0.9rem;\n}\n<\/style>\n\t<\/div>\n\t\n\n\t\t<\/div>\n\t<\/div>\n\t\n\t\n\n\t\t<\/div>\n\t\t\t\t\t<\/div>\n\n\t\n\n\t<div id=\"col-929512391\" class=\"col medium-3 small-6 large-3\"  >\n\t\t\t\t<div class=\"col-inner text-center\"  >\n\t\t\t\n\t\t\t\n\n\n\t\t<div class=\"icon-box featured-box icon-box-top text-left\"  >\n\t\t\t\t\t<div class=\"icon-box-img\" style=\"width: 90px\">\n\t\t\t\t<div class=\"icon\">\n\t\t\t\t\t<div class=\"icon-inner\" >\n\t\t\t\t\t\t<img loading=\"lazy\" decoding=\"async\" width=\"200\" height=\"200\" src=\"https:\/\/i0.wp.com\/aiviouvapes.com\/wp-content\/uploads\/2024\/08\/delivery-truck-1-1.png?fit=200%2C200&amp;ssl=1\" class=\"attachment-medium size-medium\" alt=\"De ce s\u0103 alege\u021bi AIVIOUVAPES\" srcset=\"https:\/\/i0.wp.com\/aiviouvapes.com\/wp-content\/uploads\/2024\/08\/delivery-truck-1-1.png?w=200&amp;ssl=1 200w, https:\/\/i0.wp.com\/aiviouvapes.com\/wp-content\/uploads\/2024\/08\/delivery-truck-1-1.png?resize=150%2C150&amp;ssl=1 150w, https:\/\/i0.wp.com\/aiviouvapes.com\/wp-content\/uploads\/2024\/08\/delivery-truck-1-1.png?resize=12%2C12&amp;ssl=1 12w, https:\/\/i0.wp.com\/aiviouvapes.com\/wp-content\/uploads\/2024\/08\/delivery-truck-1-1.png?resize=100%2C100&amp;ssl=1 100w\" sizes=\"auto, (max-width: 200px) 100vw, 200px\" title=\"\">\t\t\t\t\t<\/div>\n\t\t\t\t<\/div>\n\t\t\t<\/div>\n\t\t\t\t<div class=\"icon-box-text last-reset\">\n\t\t\t\t\t\t\t\t\t\n\n\t<div id=\"text-3776661351\" class=\"text\">\n\t\t\n\n<h3 style=\"text-align: center;\">Livrare global\u0103 rapid\u0103<\/h3>\n<p style=\"text-align: center;\">Livr\u0103m \u00een toat\u0103 lumea cu v\u0103muire garantat\u0103 pentru o experien\u021b\u0103 f\u0103r\u0103 probleme.<\/p>\n\t\t\n<style>\n#text-3776661351 {\n  font-size: 0.9rem;\n}\n<\/style>\n\t<\/div>\n\t\n\n\t\t<\/div>\n\t<\/div>\n\t\n\t\n\n\t\t<\/div>\n\t\t\t\t\t<\/div>\n\n\t\n\n\t<div id=\"col-1713004498\" class=\"col medium-3 small-6 large-3\"  >\n\t\t\t\t<div class=\"col-inner text-center\"  >\n\t\t\t\n\t\t\t\n\n\n\t\t<div class=\"icon-box featured-box icon-box-top text-left\"  >\n\t\t\t\t\t<div class=\"icon-box-img\" style=\"width: 90px\">\n\t\t\t\t<div class=\"icon\">\n\t\t\t\t\t<div class=\"icon-inner\" >\n\t\t\t\t\t\t<img loading=\"lazy\" decoding=\"async\" width=\"200\" height=\"200\" src=\"https:\/\/i0.wp.com\/aiviouvapes.com\/wp-content\/uploads\/2024\/08\/support-1-1.png?fit=200%2C200&amp;ssl=1\" class=\"attachment-medium size-medium\" alt=\"De ce s\u0103 alege\u021bi AIVIOUVAPES\" srcset=\"https:\/\/i0.wp.com\/aiviouvapes.com\/wp-content\/uploads\/2024\/08\/support-1-1.png?w=200&amp;ssl=1 200w, https:\/\/i0.wp.com\/aiviouvapes.com\/wp-content\/uploads\/2024\/08\/support-1-1.png?resize=150%2C150&amp;ssl=1 150w, https:\/\/i0.wp.com\/aiviouvapes.com\/wp-content\/uploads\/2024\/08\/support-1-1.png?resize=12%2C12&amp;ssl=1 12w, https:\/\/i0.wp.com\/aiviouvapes.com\/wp-content\/uploads\/2024\/08\/support-1-1.png?resize=100%2C100&amp;ssl=1 100w\" sizes=\"auto, (max-width: 200px) 100vw, 200px\" title=\"\">\t\t\t\t\t<\/div>\n\t\t\t\t<\/div>\n\t\t\t<\/div>\n\t\t\t\t<div class=\"icon-box-text last-reset\">\n\t\t\t\t\t\t\t\t\t\n\n\t<div id=\"text-3684600731\" class=\"text\">\n\t\t\n\n<h3 style=\"text-align: center;\">Asisten\u021b\u0103 non-stop<\/h3>\n<p style=\"text-align: center;\">Contacta\u021bi echipa noastr\u0103 de asisten\u021b\u0103 oric\u00e2nd, 24\/7, prin WhatsApp sau e-mail.<\/p>\n\t\t\n<style>\n#text-3684600731 {\n  font-size: 0.9rem;\n}\n<\/style>\n\t<\/div>\n\t\n\n\t\t<\/div>\n\t<\/div>\n\t\n\t\n\n\t\t<\/div>\n\t\t\t\t\t<\/div>\n\n\t\n\n<\/div>\n<div class=\"row row-full-width align-middle\"  id=\"row-1532752302\">\n\n\n\t<div id=\"col-1873639735\" class=\"col medium-6 small-12 large-6\"  >\n\t\t\t\t<div class=\"col-inner\"  >\n\t\t\t\n\t\t\t\n\n\t<div class=\"img has-hover x md-x lg-x y md-y lg-y\" id=\"image_2109751164\">\n\t\t\t\t\t\t\t\t<div class=\"img-inner dark\" >\n\t\t\t<img loading=\"lazy\" decoding=\"async\" width=\"930\" height=\"1024\" src=\"https:\/\/i0.wp.com\/aiviouvapes.com\/wp-content\/uploads\/2024\/08\/%E6%8B%BC%E5%9B%BE.jpg?fit=930%2C1024&amp;ssl=1\" class=\"attachment-large size-large\" alt=\"De ce s\u0103 alege\u021bi AIVIOUVAPES\" title=\"\">\t\t\t\t\t\t\n\t\t\t\t\t<\/div>\n\t\t\t\t\t\t\t\t\n<style>\n#image_2109751164 {\n  width: 100%;\n}\n<\/style>\n\t<\/div>\n\t\n\n\n\t\t<\/div>\n\t\t\t\t\t<\/div>\n\n\t\n\n\t<div id=\"col-1026864564\" class=\"col medium-6 small-12 large-6\"  >\n\t\t\t\t<div class=\"col-inner\"  >\n\t\t\t\n\t\t\t\n\n<div class=\"container section-title-container\" ><h4 class=\"section-title section-title-normal\"><b aria-hidden=\"true\"><\/b><span class=\"section-title-main\" style=\"font-size:91%;\">Avantajele noastre<\/span><b aria-hidden=\"true\"><\/b><\/h4><\/div>\n\n<div class=\"accordion\">\n\n\t<div id=\"accordion-742749623\" class=\"accordion-item\">\n\t\t<a id=\"accordion-742749623-label\" class=\"accordion-title plain\" href=\"#accordion-item-commitment-to-quality\" aria-expanded=\"false\" aria-controls=\"accordion-742749623-content\">\n\t\t\t<button class=\"toggle\" aria-label=\"Comuta\u021bi\"><i class=\"icon-angle-down\" aria-hidden=\"true\"><\/i><\/button>\n\t\t\t<span>Angajamentul fa\u021b\u0103 de calitate<\/span>\n\t\t<\/a>\n\t\t<div id=\"accordion-742749623-content\" class=\"accordion-inner\" aria-labelledby=\"accordion-742749623-label\">\n\t\t\t\n\n<p>La <a href=\"https:\/\/aiviouvapes.com\/ro\/\">AiviouVape<\/a>, calitatea conduce tot ceea ce facem. Vaporatoarele noastre de unic\u0103 folosin\u021b\u0103 sunt realizate cu meticulozitate \u0219i testate riguros pentru a \u00eendeplini cele mai \u00eenalte standarde, asigur\u00e2nd de fiecare dat\u0103 o experien\u021b\u0103 de vaping lin\u0103 \u0219i fiabil\u0103. Prin angajamentul nostru fa\u021b\u0103 de zero defecte \u0219i zero reclama\u021bii, pute\u021bi avea \u00eencredere c\u0103 ob\u021bine\u021bi ce este mai bun.<\/p>\n\n\t\t<\/div>\n\t<\/div>\n\t\n\t<div id=\"accordion-762262103\" class=\"accordion-item\">\n\t\t<a id=\"accordion-762262103-label\" class=\"accordion-title plain\" href=\"#accordion-item-diverse-range-of-products\" aria-expanded=\"false\" aria-controls=\"accordion-762262103-content\">\n\t\t\t<button class=\"toggle\" aria-label=\"Comuta\u021bi\"><i class=\"icon-angle-down\" aria-hidden=\"true\"><\/i><\/button>\n\t\t\t<span>Gam\u0103 variat\u0103 de produse<\/span>\n\t\t<\/a>\n\t\t<div id=\"accordion-762262103-content\" class=\"accordion-inner\" aria-labelledby=\"accordion-762262103-label\">\n\t\t\t\n\n<p>Suntem m\u00e2ndri s\u0103 oferim o gam\u0103 larg\u0103 de vapuri premium de unic\u0103 folosin\u021b\u0103 pentru a satisface orice preferin\u021b\u0103. De la cele mai recente inova\u021bii la favoritele fanilor de lung\u0103 durat\u0103, selec\u021bia noastr\u0103 include m\u0103rci de \u00eencredere precum Waspe, Vapme, RandM Tornado, Bang Box, ELF Box \u0219i Bang King. Fie c\u0103 sunte\u021bi \u00een c\u0103utarea aromelor \u00eendr\u0103zne\u021be ale Vapme sau a designului elegant al RandM Tornado, colec\u021bia noastr\u0103 este creat\u0103 pentru a v\u0103 ajuta s\u0103 descoperi\u021bi vape-ul perfect pentru a se potrivi cu gustul \u0219i stilul dvs. de via\u021b\u0103.<\/p>\n\n\n\t\t<\/div>\n\t<\/div>\n\t\n\t<div id=\"accordion-1190736735\" class=\"accordion-item\">\n\t\t<a id=\"accordion-1190736735-label\" class=\"accordion-title plain\" href=\"#accordion-item-wholesale-and-retail-solutions\" aria-expanded=\"false\" aria-controls=\"accordion-1190736735-content\">\n\t\t\t<button class=\"toggle\" aria-label=\"Comuta\u021bi\"><i class=\"icon-angle-down\" aria-hidden=\"true\"><\/i><\/button>\n\t\t\t<span>Solu\u021bii de v\u00e2nzare cu ridicata \u0219i cu am\u0103nuntul<\/span>\n\t\t<\/a>\n\t\t<div id=\"accordion-1190736735-content\" class=\"accordion-inner\" aria-labelledby=\"accordion-1190736735-label\">\n\t\t\t\n\n<p>AiviouVape satisface at\u00e2t cerin\u021bele clien\u021bilor cu am\u0103nuntul, c\u00e2t \u0219i ale clien\u021bilor angro, oferind produse \u0219i servicii excep\u021bionale de fiecare dat\u0103. Dac\u0103 sunte\u021bi nou la noi, v\u0103 recomand\u0103m s\u0103 \u00eencepe\u021bi cu un lot mic pentru a experimenta calitatea noastr\u0103 direct. Cu pre\u021buri competitive \u0219i standarde premium, suntem alegerea de \u00eencredere \u00een industria de vape de unic\u0103 folosin\u021b\u0103.\u00a0<\/p>\n\n\t\t<\/div>\n\t<\/div>\n\t\n\t<div id=\"accordion-3066561148\" class=\"accordion-item\">\n\t\t<a id=\"accordion-3066561148-label\" class=\"accordion-title plain\" href=\"#accordion-item-continuous-improvement\" aria-expanded=\"false\" aria-controls=\"accordion-3066561148-content\">\n\t\t\t<button class=\"toggle\" aria-label=\"Comuta\u021bi\"><i class=\"icon-angle-down\" aria-hidden=\"true\"><\/i><\/button>\n\t\t\t<span>\u00cembun\u0103t\u0103\u021birea continu\u0103<\/span>\n\t\t<\/a>\n\t\t<div id=\"accordion-3066561148-content\" class=\"accordion-inner\" aria-labelledby=\"accordion-3066561148-label\">\n\t\t\t\n\n<p>Ceea ce diferen\u021biaz\u0103 AiviouVape este dedicarea noastr\u0103 pentru un serviciu excep\u021bional pentru clien\u021bi. Indiferent dac\u0103 ave\u021bi nevoie de sfaturi \u00eenainte de a cump\u0103ra sau de asisten\u021b\u0103 pentru o comand\u0103, echipa noastr\u0103 este \u00eentotdeauna disponibil\u0103 prin WhatsApp sau e-mail. Ne str\u0103duim s\u0103 construim rela\u021bii de durat\u0103 cu clien\u021bii no\u0219tri, asigur\u00e2ndu-v\u0103 satisfac\u021bia la fiecare pas.<\/p>\n\n\t\t<\/div>\n\t<\/div>\n\t\n\t<div id=\"accordion-3359290306\" class=\"accordion-item\">\n\t\t<a id=\"accordion-3359290306-label\" class=\"accordion-title plain\" href=\"#accordion-item-quality-assurance\" aria-expanded=\"false\" aria-controls=\"accordion-3359290306-content\">\n\t\t\t<button class=\"toggle\" aria-label=\"Comuta\u021bi\"><i class=\"icon-angle-down\" aria-hidden=\"true\"><\/i><\/button>\n\t\t\t<span>Asigurarea calit\u0103\u021bii<\/span>\n\t\t<\/a>\n\t\t<div id=\"accordion-3359290306-content\" class=\"accordion-inner\" aria-labelledby=\"accordion-3359290306-label\">\n\t\t\t\n\n<p>\u00cen fiecare etap\u0103 - dezvoltarea produsului, produc\u021bie, marketing \u0219i distribu\u021bie - angajamentul nostru fa\u021b\u0103 de calitate nu st\u0103 niciodat\u0103. Vapoarele noastre de unic\u0103 folosin\u021b\u0103 sunt supuse unor teste riguroase pentru a se asigura c\u0103 sunt netoxice, pure \u0219i ofer\u0103 o arom\u0103 excep\u021bional\u0103. Aceast\u0103 dedicare pentru excelen\u021b\u0103 formeaz\u0103 coloana vertebral\u0103 a culturii noastre corporative.<\/p>\n\n\t\t<\/div>\n\t<\/div>\n\t\n\t<div id=\"accordion-3511635500\" class=\"accordion-item\">\n\t\t<a id=\"accordion-3511635500-label\" class=\"accordion-title plain\" href=\"#accordion-item-efficient-logistics-and-delivery\" aria-expanded=\"false\" aria-controls=\"accordion-3511635500-content\">\n\t\t\t<button class=\"toggle\" aria-label=\"Comuta\u021bi\"><i class=\"icon-angle-down\" aria-hidden=\"true\"><\/i><\/button>\n\t\t\t<span>Logistic\u0103 \u0219i livrare eficient\u0103<\/span>\n\t\t<\/a>\n\t\t<div id=\"accordion-3511635500-content\" class=\"accordion-inner\" aria-labelledby=\"accordion-3511635500-label\">\n\t\t\t\n\n<p>AiviouVape ofer\u0103 logistic\u0103 \u0219i livrare eficient\u0103, inclusiv servicii DDP (Delivered Duty Paid), asigur\u00e2nd v\u0103muire f\u0103r\u0103 probleme \u0219i f\u0103r\u0103 taxe sau taxe. Cu livrare rapid\u0103 \u0219i asisten\u021b\u0103 excep\u021bional\u0103 pentru clien\u021bi, oferim o experien\u021b\u0103 fluid\u0103 \u0219i de \u00eencredere, f\u0103c\u00e2ndu-ne un partener de \u00eencredere \u00een industrie.<\/p>\n\n\t\t<\/div>\n\t<\/div>\n\t\n\t<div id=\"accordion-2040394676\" class=\"accordion-item\">\n\t\t<a id=\"accordion-2040394676-label\" class=\"accordion-title plain\" href=\"#accordion-item-odm-and-oem-services\" aria-expanded=\"false\" aria-controls=\"accordion-2040394676-content\">\n\t\t\t<button class=\"toggle\" aria-label=\"Comuta\u021bi\"><i class=\"icon-angle-down\" aria-hidden=\"true\"><\/i><\/button>\n\t\t\t<span>Servicii ODM \u0219i OEM<\/span>\n\t\t<\/a>\n\t\t<div id=\"accordion-2040394676-content\" class=\"accordion-inner\" aria-labelledby=\"accordion-2040394676-label\">\n\t\t\t\n\n<p>AiviouVapes ofer\u0103 servicii complete ODM (Original Design Manufacturing) \u0219i OEM (Original Equipment Manufacturing). Cu dou\u0103 facilit\u0103\u021bi mari, ajut\u0103m clien\u021bii s\u0103 proiecteze produse unice \u0219i logo-uri atr\u0103g\u0103toare pentru ambalare. De asemenea, oferim \u00eendrum\u0103ri gratuite pentru designul ambalajelor \u0219i sprijinim clien\u021bii care \u00ee\u0219i ambaleaz\u0103 propriile produse, asigur\u00e2ndu-ne c\u0103 marca lor str\u0103luce\u0219te pe pia\u021b\u0103.<\/p>\n\n\t\t<\/div>\n\t<\/div>\n\t\n\n<\/div>\n\n\t\t<\/div>\n\t\t\t\t\t<\/div>\n\n\t\n\n<\/div><\/div>","protected":false},"excerpt":{"rendered":"<p>ELFWORLD MX 25000 Puffs ofer\u0103 p\u00e2n\u0103 la 25.000 de pufuri cu un rezervor de e-lichid de 25 ml \u0219i flux de aer reglabil pentru o experien\u021b\u0103 personalizat\u0103. Alimentat de o baterie re\u00eenc\u0103rcabil\u0103 de 850 mAh, ofer\u0103 vapori netezi \u0219i arome diverse, ideale pentru vaping premium de lung\u0103 durat\u0103.<\/p>","protected":false},"featured_media":9479,"comment_status":"open","ping_status":"closed","template":"","meta":[],"product_brand":[],"product_cat":[45,130,90,117,81,76,134,135,133,136,137,146,138,139,140,141,142,143,144,145,79,132,82],"product_tag":[],"class_list":{"0":"post-8017","1":"product","2":"type-product","3":"status-publish","4":"has-post-thumbnail","6":"product_cat-elfworld","7":"product_cat-25000-puffs-disposable-vape","8":"product_cat-big-puffs-vapes","9":"product_cat-different-puffs-of-diposable-vapes","10":"product_cat-digital-box-vapes","11":"product_cat-disposable-vape-types","12":"product_cat-disposable-vapes-in-austria","13":"product_cat-disposable-vapes-in-belgium","14":"product_cat-disposable-vapes-in-europe","15":"product_cat-disposable-vapes-in-france","16":"product_cat-disposable-vapes-in-germany","17":"product_cat-disposable-vapes-in-hungary","18":"product_cat-disposable-vapes-in-ltaly","19":"product_cat-disposable-vapes-in-netherlands","20":"product_cat-disposable-vapes-in-norway","21":"product_cat-disposable-vapes-in-poland","22":"product_cat-disposable-vapes-in-portugal","23":"product_cat-disposable-vapes-in-spain","24":"product_cat-disposable-vapes-in-sweden","25":"product_cat-disposable-vapes-in-switzerland","26":"product_cat-dual-mesh-vapes","27":"product_cat-rechargeable-vapes","28":"product_cat-smart-screen-vapes","30":"first","31":"instock","32":"shipping-taxable","33":"purchasable","34":"product-type-variable","35":"has-default-attributes"},"jetpack_sharing_enabled":true,"tiered_pricing_type":"fixed","tiered_pricing_fixed_rules":{"2000":6.79000000000000003552713678800500929355621337890625},"tiered_pricing_product_settings":{"layout":"default","base_unit_name":{"singular":null,"plural":null},"default_variation":null},"tiered_pricing_minimum_quantity":1000,"tiered_pricing_roles_data":[],"tiered_pricing_percentage_rules":[],"tiered_pricing_maximum_quantity":null,"tiered_pricing_quantity_step":"10","_links":{"self":[{"href":"https:\/\/aiviouvapes.com\/ro\/wp-json\/wp\/v2\/product\/8017","targetHints":{"allow":["GET"]}}],"collection":[{"href":"https:\/\/aiviouvapes.com\/ro\/wp-json\/wp\/v2\/product"}],"about":[{"href":"https:\/\/aiviouvapes.com\/ro\/wp-json\/wp\/v2\/types\/product"}],"replies":[{"embeddable":true,"href":"https:\/\/aiviouvapes.com\/ro\/wp-json\/wp\/v2\/comments?post=8017"}],"wp:featuredmedia":[{"embeddable":true,"href":"https:\/\/aiviouvapes.com\/ro\/wp-json\/wp\/v2\/media\/9479"}],"wp:attachment":[{"href":"https:\/\/aiviouvapes.com\/ro\/wp-json\/wp\/v2\/media?parent=8017"}],"wp:term":[{"taxonomy":"product_brand","embeddable":true,"href":"https:\/\/aiviouvapes.com\/ro\/wp-json\/wp\/v2\/product_brand?post=8017"},{"taxonomy":"product_cat","embeddable":true,"href":"https:\/\/aiviouvapes.com\/ro\/wp-json\/wp\/v2\/product_cat?post=8017"},{"taxonomy":"product_tag","embeddable":true,"href":"https:\/\/aiviouvapes.com\/ro\/wp-json\/wp\/v2\/product_tag?post=8017"}],"curies":[{"name":"wp","href":"https:\/\/api.w.org\/{rel}","templated":true}]}}