{"id":74990,"date":"2025-10-18T14:41:39","date_gmt":"2025-10-18T06:41:39","guid":{"rendered":"https:\/\/aiviouvapes.com\/?post_type=product&#038;p=74990"},"modified":"2026-05-06T18:14:24","modified_gmt":"2026-05-06T10:14:24","slug":"waspe-40k-double-flavor-twins-40000-puffs-dual-flavor-disposable-vape-%f0%9f%92%a8-1-piece-trial-pack","status":"publish","type":"product","link":"https:\/\/aiviouvapes.com\/ro\/product\/waspe-40k-double-flavor-twins-40000-puffs-dual-flavor-disposable-vape-%f0%9f%92%a8-1-piece-trial-pack\/","title":{"rendered":"WASPE 40K Double Flavor Twins 40000 Puffs | vape de unic\u0103 folosin\u021b\u0103 cu arom\u0103 dubl\u0103 \ud83d\udca8 (pachet de \u00eencercare de 1 bucat\u0103)"},"content":{"rendered":"<p><img data-recalc-dims=\"1\" decoding=\"async\" style=\"max-width: 100%; height: auto; display: block; margin: 0 auto;\" src=\"https:\/\/i0.wp.com\/aiviouvapes.com\/wp-content\/uploads\/2025\/10\/%E5%9C%BA%E6%99%AF030150.jpg?w=1020&#038;ssl=1\" alt=\"WASPE 40K arom\u0103 dubl\u0103\" title=\"\"><\/p>\n<h1>WASPE 40K Double Flavor Twins 40000 Puffs | vape de unic\u0103 folosin\u021b\u0103 cu arom\u0103 dubl\u0103 \ud83d\udca8 (pachet de \u00eencercare de 1 bucat\u0103)<\/h1>\n<h2>Prezentare general\u0103 a produsului<\/h2>\n<p>The <strong>WASPE 40K gemeni cu arom\u0103 dubl\u0103<\/strong> este conceput pentru vaperii care iubesc varietatea, norii netezi \u0219i calitatea superioar\u0103 a aromei. Fiecare dispozitiv include <strong>dou\u0103 arome distincte<\/strong> pe care le pute\u021bi schimba cu u\u0219urin\u021b\u0103 - dubl\u00e2ndu-v\u0103 pl\u0103cerea f\u0103r\u0103 a purta mai multe vapoare.<br \/>\nCu un generos <strong>Capacitate e-lichid de 36 ml<\/strong> \u0219i o lung\u0103 durat\u0103 <strong>baterie de 850 mAh<\/strong>, ve\u021bi experimenta o arom\u0103 constant\u0103 pe tot parcursul zilei. Caracteristicile sale <strong>design dual mesh coil<\/strong> spore\u0219te fine\u021bea vaporilor \u0219i bog\u0103\u021bia aromelor, \u00een timp ce <strong>Re\u00eenc\u0103rcare de tip C<\/strong> asigur\u0103 o \u00eenc\u0103rcare rapid\u0103 \u0219i eficient\u0103 pentru o pl\u0103cere de a vaporiza non-stop.<\/p>\n<h3>Caracteristici cheie<\/h3>\n<ul>\n<li>\ud83d\udca8 <strong>P\u00e2n\u0103 la 40.000 de pufuri<\/strong> - bucura\u021bi-v\u0103 de o satisfac\u021bie de lung\u0103 durat\u0103.<\/li>\n<li>\ud83c\udf53 <strong>Sistem cu arom\u0103 dubl\u0103<\/strong> - comuta\u021bi oric\u00e2nd \u00eentre dou\u0103 gusturi interesante.<\/li>\n<li>\ud83d\udd25 <strong>Bobine cu plas\u0103 dubl\u0103<\/strong> - arom\u0103 mai puternic\u0103, vapori mai fini.<\/li>\n<li>\ud83e\uddc3 <strong>36mL e-lichid<\/strong> - utilizare prelungit\u0103 f\u0103r\u0103 reumplere.<\/li>\n<li>\ud83d\udd0b <strong>baterie re\u00eenc\u0103rcabil\u0103 de 850 mAh<\/strong> - putere constant\u0103, fiabil\u0103.<\/li>\n<li>\u26a1 <strong>\u00cenc\u0103rcare rapid\u0103 de tip C<\/strong> - re\u00eenc\u0103rca\u021bi eficient cu timp minim de oprire.<\/li>\n<li>\ud83d\udc4c <strong>Design compact \u0219i portabil<\/strong> - ideal pentru transportul zilnic.<\/li>\n<li>\ud83d\udecd\ufe0f <strong>Op\u021biune de v\u00e2nzare cu am\u0103nuntul 1 bucat\u0103<\/strong> - perfect pentru testare sau uz personal.<\/li>\n<\/ul>\n<h3>Specifica\u021bii<\/h3>\n<table>\n<tbody>\n<tr>\n<th>Caracteristic\u0103<\/th>\n<th>Caietul de sarcini<\/th>\n<\/tr>\n<tr>\n<td>Capacitate de puf<\/td>\n<td>P\u00e2n\u0103 la 40.000 de pufuri<\/td>\n<\/tr>\n<tr>\n<td>Capacitate de e-lichid<\/td>\n<td>36 ml<\/td>\n<\/tr>\n<tr>\n<td>Baterie<\/td>\n<td>850mAh (re\u00eenc\u0103rcabil\u0103)<\/td>\n<\/tr>\n<tr>\n<td>Op\u021biuni de nicotin\u0103<\/td>\n<td>0%, 2% sau 5%<\/td>\n<\/tr>\n<tr>\n<td>Tip bobin\u0103<\/td>\n<td>Bobine cu plas\u0103 dubl\u0103<\/td>\n<\/tr>\n<tr>\n<td>Sistem de arom\u0103<\/td>\n<td>2 arome pe dispozitiv (comutator cu dou\u0103 arome)<\/td>\n<\/tr>\n<tr>\n<td>\u00cenc\u0103rcare<\/td>\n<td>\u00cenc\u0103rcare rapid\u0103 de tip C<\/td>\n<\/tr>\n<tr>\n<td>Design<\/td>\n<td>Portabil, gata de utilizare, f\u0103r\u0103 \u00eentre\u021binere<\/td>\n<\/tr>\n<\/tbody>\n<\/table>\n<h3>Combina\u021bii de arome \ud83c\udf47\ud83c\udf49\ud83c\udf4b<\/h3>\n<ol>\n<li>Ghea\u021b\u0103 de pepene verde \u0219i l\u0103m\u00e2ie<\/li>\n<li>Bumbac de zah\u0103r cu cire\u0219e \u0219i afine<\/li>\n<li>C\u0103p\u0219uni, pepene verde \u0219i afine, zmeur\u0103<\/li>\n<li>Red Bull Ice &amp; Strawberry Mango<\/li>\n<li>Ghea\u021b\u0103 de piersici \u0219i ananas, mango, piersici<\/li>\n<li>Ghea\u021b\u0103 cu struguri \u0219i Kiwi cu c\u0103p\u0219uni<\/li>\n<li>Fructe de p\u0103dure amestecate \u0219i ghea\u021b\u0103 cu mere dubl\u0103<\/li>\n<li>Limonad\u0103 Zmeur\u0103 Albastr\u0103 \u0219i gum\u0103 de pepene verde<\/li>\n<li>Strawberry Rapberry Cherry &amp; Love 666<\/li>\n<li>Ghea\u021b\u0103 de c\u0103p\u0219uni, banane \u0219i ananas, nuc\u0103 de cocos<\/li>\n<li>C\u0103p\u0219uni, pepene verde \u0219i fructe mixte<\/li>\n<li>Cirea\u0219\u0103 Cola Ghea\u021b\u0103 &amp; Strawberry Zmeur\u0103 Bomboane<\/li>\n<li>Sour Apple Zmeur\u0103 \u0219i C\u0103p\u0219uni Big Bang<\/li>\n<li>Piersic\u0103 Fructe \u0219i Pepene Verde Mango Piersic\u0103<\/li>\n<li>Ghea\u021b\u0103 de afine \u0219i ghea\u021b\u0103 de dragon negru<\/li>\n<li>C\u0103p\u0219uni Cire\u0219e \u0219i Fructul pasiunii Kiwi<\/li>\n<li>Ursule\u021b de gum\u0103 &amp; Cola cu c\u0103p\u0219uni<\/li>\n<li>Banan\u0103 Ananas Ice &amp; Red Bull Ghea\u021b\u0103<\/li>\n<li>Red Bull c\u0103p\u0219uni \u0219i coac\u0103ze negre Ice<\/li>\n<li>Ghea\u021b\u0103 tripl\u0103 de pepene galben \u0219i pepene ro\u0219u cu zmeur\u0103<\/li>\n<\/ol>\n<h3>Perfect pentru<\/h3>\n<p>\u2714\ufe0f Cump\u0103r\u0103tori cu am\u0103nuntul care caut\u0103 o vape premium, u\u0219or de utilizat.<br \/>\n\u2714\ufe0f Clien\u021bi c\u0103rora le place s\u0103 comute \u00eentre dou\u0103 arome.<br \/>\n\u2714\ufe0f Distribuitori care deservesc pie\u021bele UE precum Germania, Fran\u021ba, Spania \u0219i \u021a\u0103rile de Jos.<br \/>\n\u2714\ufe0f Vapperii \u00eencep\u0103tori caut\u0103 dispozitive re\u00eenc\u0103rcabile, de mare capacitate.<\/p>\n<h3>\u00ceNTREB\u0102RI FRECVENTE<\/h3>\n<ul>\n<li><strong>Q:<\/strong> C\u00e2te arome sunt incluse?<br \/>\n<strong>A:<\/strong> Dou\u0103 - fiecare dispozitiv con\u021bine dou\u0103 arome preumplute pentru o experien\u021b\u0103 dubl\u0103.<\/li>\n<li><strong>Q:<\/strong> C\u00e2t timp dureaz\u0103?<br \/>\n<strong>A:<\/strong> P\u00e2n\u0103 la 40.000 de pufuri pe dispozitiv.<\/li>\n<li><strong>Q:<\/strong> Ce niveluri de nicotin\u0103 sunt disponibile?<br \/>\n<strong>A:<\/strong> 0%, 2% sau 5% - alege\u021bi rezisten\u021ba preferat\u0103.<\/li>\n<li><strong>Q:<\/strong> Este re\u00eenc\u0103rcabil\u0103?<br \/>\n<strong>A:<\/strong> Da, cu un port de \u00eenc\u0103rcare Type-C.<\/li>\n<li><strong>Q:<\/strong> Trebuie s\u0103 \u00eel reumplu sau s\u0103 \u00eel \u00eentre\u021bin?<br \/>\n<strong>A:<\/strong> Nu - este complet de unic\u0103 folosin\u021b\u0103 \u0219i nu necesit\u0103 \u00eentre\u021binere.<\/li>\n<\/ul>\n<p><strong>Concluzie:<\/strong> The <strong>WASPE 40K gemeni cu arom\u0103 dubl\u0103<\/strong> ofer\u0103 un confort de neegalat \u0219i flexibilitate a aromei \u00eentr-o form\u0103 compact\u0103.<br \/>\nBucura\u021bi-v\u0103 de libertatea de a comuta \u00eentre dou\u0103 arome semn\u0103tur\u0103, sus\u021binute de bobine cu plas\u0103 dubl\u0103 \u0219i putere de lung\u0103 durat\u0103 - disponibil acum ca un <strong>Pachet de \u00eencercare de 1 bucat\u0103<\/strong> pentru cump\u0103r\u0103torii cu am\u0103nuntul din \u00eentreaga Europ\u0103. \ud83d\udca8\u2728<\/p>\n<p>&nbsp;<\/p>","protected":false},"excerpt":{"rendered":"<p><em>Cantitatea minim\u0103 de comand\u0103 pentru acest produs este de o bucat\u0103.<\/em><br \/>\nDescoperi\u021bi <strong>WASPE 40K gemeni cu arom\u0103 dubl\u0103<\/strong> - un vape puternic de unic\u0103 folosin\u021b\u0103 care combin\u0103 <strong>dou\u0103 arome unice<\/strong> si pana la <strong>40.000 de puf\u0103turi<\/strong> de satisfac\u021bie. Cu <strong>36mL de e-lichid<\/strong>, <strong>bobine cu ochiuri duble<\/strong>, \u0219i <strong>\u00cenc\u0103rcare de tip C<\/strong>, este echilibrul perfect \u00eentre arom\u0103 \u0219i comoditate. Disponibil acum pentru <strong>Achizi\u021bie de prob\u0103 de 1 bucat\u0103<\/strong> \u00een Europa. \ud83c\udf08<\/p>\n<style>\n#moqsection1 {display:none}<br \/><\/style>\n<script>window.addEventListener(\"load\", function () {\r\n    setTimeout(function () {\r\n        var restricted = document.querySelector(\"p.restricted_country\");\r\n        if (!restricted) return;\r\n\r\n        var url = new URL(window.location.href);\r\n\r\n        \/\/ If \"new\" param is already present, do nothing\r\n        if (url.searchParams.has(\"new\")) return;\r\n\r\n        \/\/ Add ?new (or &new) once\r\n        url.searchParams.append(\"new\", \"\");\r\n\r\n        window.location.href = url.toString();\r\n    }, 5000); \/\/ 5 seconds\r\n});<\/script>","protected":false},"featured_media":74919,"comment_status":"open","ping_status":"closed","template":"","meta":[],"product_brand":[227],"product_cat":[19,137,146,138,141,143],"product_tag":[338],"class_list":{"0":"post-74990","1":"product","2":"type-product","3":"status-publish","4":"has-post-thumbnail","6":"product_brand-waspe","7":"product_cat-waspe","8":"product_cat-disposable-vapes-in-germany","9":"product_cat-disposable-vapes-in-hungary","10":"product_cat-disposable-vapes-in-ltaly","11":"product_cat-disposable-vapes-in-poland","12":"product_cat-disposable-vapes-in-spain","13":"product_tag-samples","15":"first","16":"instock","17":"shipping-taxable","18":"product-type-variable","19":"has-default-attributes"},"jetpack_sharing_enabled":true,"tiered_pricing_type":"fixed","tiered_pricing_fixed_rules":{"3":19.89999999999999857891452847979962825775146484375,"5":15.9000000000000003552713678800500929355621337890625},"tiered_pricing_product_settings":{"layout":"default","base_unit_name":{"singular":null,"plural":null},"default_variation":null},"tiered_pricing_minimum_quantity":null,"tiered_pricing_roles_data":[],"tiered_pricing_percentage_rules":[],"tiered_pricing_maximum_quantity":null,"tiered_pricing_quantity_step":null,"_links":{"self":[{"href":"https:\/\/aiviouvapes.com\/ro\/wp-json\/wp\/v2\/product\/74990","targetHints":{"allow":["GET"]}}],"collection":[{"href":"https:\/\/aiviouvapes.com\/ro\/wp-json\/wp\/v2\/product"}],"about":[{"href":"https:\/\/aiviouvapes.com\/ro\/wp-json\/wp\/v2\/types\/product"}],"replies":[{"embeddable":true,"href":"https:\/\/aiviouvapes.com\/ro\/wp-json\/wp\/v2\/comments?post=74990"}],"wp:featuredmedia":[{"embeddable":true,"href":"https:\/\/aiviouvapes.com\/ro\/wp-json\/wp\/v2\/media\/74919"}],"wp:attachment":[{"href":"https:\/\/aiviouvapes.com\/ro\/wp-json\/wp\/v2\/media?parent=74990"}],"wp:term":[{"taxonomy":"product_brand","embeddable":true,"href":"https:\/\/aiviouvapes.com\/ro\/wp-json\/wp\/v2\/product_brand?post=74990"},{"taxonomy":"product_cat","embeddable":true,"href":"https:\/\/aiviouvapes.com\/ro\/wp-json\/wp\/v2\/product_cat?post=74990"},{"taxonomy":"product_tag","embeddable":true,"href":"https:\/\/aiviouvapes.com\/ro\/wp-json\/wp\/v2\/product_tag?post=74990"}],"curies":[{"name":"wp","href":"https:\/\/api.w.org\/{rel}","templated":true}]}}