{"id":70613,"date":"2025-10-04T13:55:32","date_gmt":"2025-10-04T05:55:32","guid":{"rendered":"https:\/\/aiviouvapes.com\/?post_type=product&#038;p=70613"},"modified":"2026-04-04T14:55:35","modified_gmt":"2026-04-04T06:55:35","slug":"aiviou-waspe-6-in-1-150000-puffs","status":"publish","type":"product","link":"https:\/\/aiviouvapes.com\/ro\/product\/aiviou-waspe-6-in-1-150000-puffs\/","title":{"rendered":"WASPE AIVIOU 150K | 150000 puffs, 64mL, 6 arome \u00eentr-una, 6-in-1, cea mai lung\u0103 durat\u0103, vrac de unic\u0103 folosin\u021b\u0103 vape"},"content":{"rendered":"<h3>De ce s\u0103 alege\u021bi WASPE 150K 6-in-1 Puffs?<\/h3>\n<ul>\n<li>\ud83d\udca8 <strong>Ultra-durat\u0103 lung\u0103:<\/strong> Capacitate masiv\u0103 de 150000 de pufuri - mai pu\u021bine reumpleri, mai multe profituri pentru magazine.<\/li>\n<li>\ud83d\udd0b <strong>Putere re\u00eenc\u0103rcabil\u0103:<\/strong> Baterie \u00eencorporat\u0103 de 650 mAh cu \u00eenc\u0103rcare rapid\u0103 de tip C.<\/li>\n<li>\ud83c\udf08 <strong>Design cu bobin\u0103 cu ochiuri triple<\/strong> (1.0ohm x 3) v\u0103 permite s\u0103 comuta\u021bi \u00eentre mai multe combina\u021bii de arome \u00eentr-un singur dispozitiv.<\/li>\n<li>\ud83d\udcca <strong>Display LED:<\/strong> Afi\u0219eaz\u0103 \u00een mod clar nivelul bateriei \u0219i al e-lichidului pentru un vaping f\u0103r\u0103 stres.<\/li>\n<li>\u26a1 <strong>Rezervor mare:<\/strong> Preumplut cu 64 ml e-lichid premium pentru o pl\u0103cere de lung\u0103 durat\u0103.<\/li>\n<li>\ud83d\udc4c <strong>Op\u021biuni de nicotin\u0103:<\/strong> Alege\u021bi 0%, 2% sau 5% pentru a v\u0103 potrivi diferitelor nevoi ale clien\u021bilor.<\/li>\n<\/ul>\n<h3>Specifica\u021bii<\/h3>\n<table>\n<tbody>\n<tr>\n<td><strong>Num\u0103r de pufuri<\/strong><\/td>\n<td>150000 Puffs<\/td>\n<\/tr>\n<tr>\n<td><strong>Bobin\u0103<\/strong><\/td>\n<td>Bobin\u0103 Mesh 1.0\u03a9 x 3<\/td>\n<\/tr>\n<tr>\n<td><strong>Capacitate de e-lichid<\/strong><\/td>\n<td>64ml<\/td>\n<\/tr>\n<tr>\n<td><strong>Puterea nicotinei<\/strong><\/td>\n<td>0% \/ 2% \/ 5%<\/td>\n<\/tr>\n<tr>\n<td><strong>Baterie<\/strong><\/td>\n<td>650mAh re\u00eenc\u0103rcabil\u0103<\/td>\n<\/tr>\n<tr>\n<td><strong>\u00cenc\u0103rcare<\/strong><\/td>\n<td>Tip-C<\/td>\n<\/tr>\n<tr>\n<td><strong>Ecran<\/strong><\/td>\n<td>Indicator LED pentru baterie \u0219i E-Lichid<\/td>\n<\/tr>\n<\/tbody>\n<\/table>\n<h3>Arome disponibile<\/h3>\n<ul>\n<li>\ud83c\udf49 Ghea\u021b\u0103 de pepene ro\u0219u - L\u0103m\u00e2ie cu l\u0103m\u00e2ie - Piersic\u0103 cu l\u0103m\u00e2ie - Proasp\u0103t, citric \u0219i r\u0103coros.<\/li>\n<li>\ud83e\uded0 Blueberry Ice - Strawberry Kiwi - Cherry Strawberry Ice - Explozie de fructe dulce \u0219i r\u0103coritoare.<\/li>\n<li>\u26a1 Red Bull Ice - Raspberry Pomp - Sour Mango Strawberry - B\u0103utura energizant\u0103 vibreaz\u0103 cu un twist de fructe picante.<\/li>\n<li>\ud83c\udf53 Strawberry Watermelon - Juicy Peach Ice - Triple Berry Ice - Fructe clasice preferate, cu un final rece.<\/li>\n<li>\ud83e\udd64 Cherry Cola Ice - Strawberry Red Bull Ice - Watermelon Raspberry - Fizzy, dulce \u0219i energizant.<\/li>\n<li>\ud83c\udf47 Grape Ice - Blue Razz Cherry - Strawberry Ice - Fuziune \u00eendr\u0103znea\u021b\u0103 de fructe de p\u0103dure cu prospe\u021bime \u00eenghe\u021bat\u0103.<\/li>\n<li>\ud83c\udf52 Mixed Berries - Black Dragon Ice - Strawberry Cherry Cola - Exotic \u0219i satisf\u0103c\u0103tor.<\/li>\n<li>\ud83e\udd64 Fizzy Cola Ice - B\u0103utur\u0103 energizant\u0103 - Cherry Ice - B\u0103utur\u0103 r\u0103coritoare inspirat\u0103 de hituri.<\/li>\n<li>\ud83c\udf4c C\u0103p\u0219uni Banan\u0103 - Kiwi Pepene - Cocos C\u0103p\u0219uni - Deliciu tropical neted.<\/li>\n<li>\u26a1 Red Bull Cola Ice - C\u0103p\u0219uni Zmeur\u0103 Cire\u0219e - Mure Dragon Fruit - Mix \u00eendr\u0103zne\u021b pentru vaperi aventuro\u0219i.<\/li>\n<li>\ud83c\udf6c Bubblegum de pepene galben cu c\u0103p\u0219uni - Ghea\u021b\u0103 de mango acru - Ghea\u021b\u0103 de struguri cu c\u0103p\u0219uni - Experien\u021b\u0103 dulce \u0219i acidulat\u0103 ca o bomboan\u0103.<\/li>\n<li>\ud83c\udf48 Pepene fructul pasiunii - Mure ghea\u021b\u0103 - Mere Kiwi - Dulcea\u021b\u0103 tropical\u0103 cu o margine \u00eenghe\u021bat\u0103.<\/li>\n<\/ul>\n<h3>Perfect pentru<\/h3>\n<p>Acest vape de unic\u0103 folosin\u021b\u0103 este conceput pentru <strong>utilizatori \u00eenr\u0103i\u021bi, iubitori de arome, magazine de vape \u0219i cump\u0103r\u0103tori en-gros B2B<\/strong>. Cu <em>Design cu mai multe arome 6 \u00een 1<\/em>, reduce problemele de inventar pentru comercian\u021bii cu am\u0103nuntul \u0219i ofer\u0103 o valoare uria\u0219\u0103 pentru distribuitori. \ud83c\udf0d<\/p>\n<h3>\u00ceNTREB\u0102RI FRECVENTE<\/h3>\n<p><strong>\u00ce: C\u00e2te pufuri dureaz\u0103?<\/strong><br \/>\nR: P\u00e2n\u0103 la 150000 de pufuri datorit\u0103 bobinei sale cu ochiuri triple \u0219i rezervorului de 64 ml.<\/p>\n<p><strong>\u00ce: Este re\u00eenc\u0103rcabil\u0103?<\/strong><br \/>\nR: Da! Are o baterie de 650 mAh cu \u00eenc\u0103rcare Type-C pentru alimentare rapid\u0103.<\/p>\n<p><strong>\u00ce: Pot alege concentra\u021bia de nicotin\u0103?<\/strong><br \/>\nR: Da, disponibile \u00een op\u021biunile de nicotin\u0103 0%, 2% \u0219i 5% pentru a se potrivi tuturor pie\u021belor.<\/p>\n<p><strong>\u00ce: Cine ar trebui s\u0103 cumpere acest produs?<\/strong><br \/>\nR: Excelent pentru distribuitorii de vape, angrosi\u0219ti, proprietari de magazine \u0219i oricine dore\u0219te un <strong>de unic\u0103 folosin\u021b\u0103 de mare capacitate<\/strong> cu mai multe arome \u00eentr-un singur dispozitiv.<\/p>\n<p><strong>\u00ce: Are ecran?<\/strong><br \/>\nR: Dispune de o <strong>Afi\u0219aj LED<\/strong> pentru a v\u0103 verifica cu u\u0219urin\u021b\u0103 bateria \u0219i e-lichidul.<\/p>\n<p>&nbsp;<\/p>\n<p><strong>AIVIOU WASPE 6-in-1 150000 Puffs Vape de unic\u0103 folosin\u021b\u0103<\/strong> este <em>alegerea final\u0103<\/em> pentru cei care caut\u0103 varietate, putere \u0219i confort. Fie c\u0103 sunte\u021bi un <strong>v\u00e2n\u0103tor de arome, utilizator intensiv sau cump\u0103r\u0103tor cu ridicata<\/strong>, acest dispozitiv ofer\u0103 o valoare imbatabil\u0103 cu num\u0103rul s\u0103u imens de pufuri, arome multiple \u0219i caracteristici premium. \ud83d\ude80<\/p>","protected":false},"excerpt":{"rendered":"<p>Bucur\u0103-te <strong>150000 de pufuri de vaping non-stop<\/strong> cu 6 combina\u021bii de arome interesante \u00eentr-un singur dispozitiv, WASPE AIVIOU 6-in-1 150000 puffs vape de unic\u0103 folosin\u021b\u0103 - perfect pentru cump\u0103r\u0103torii en-gros \u0219i utilizatorii mari. \ud83d\ude80<\/p>\n<h3>\ud83d\udc49Acest produs este \u00een stoc la depozitul nostru din UE!<\/h3>\n<h4>\ud83c\udf89Scurta\u021bi a\u0219teptarea:\u00a0<strong>Livrare \u00een 5-7 zile de la sediul nostru din Europa<\/strong> depozit (pentru depozitul implicit <strong>2% puterea nicotinei<\/strong> numai versiunea).<\/h4>\n<p><span style=\"font-size: 75%;\"><em>\ud83d\udd39 Majoritatea comenzilor sunt expediate din depozitul nostru european, dac\u0103 este disponibil. Ocazional, dac\u0103 stocul este epuizat, expediem din China \u00een schimb.<\/em><\/span><\/p>","protected":false},"featured_media":72468,"comment_status":"open","ping_status":"closed","template":"","meta":[],"product_brand":[227],"product_cat":[19,336,320,280,137,146,138,141,143,505],"product_tag":[310,315,311,314,312,319,313,309,316,318,317],"class_list":{"0":"post-70613","1":"product","2":"type-product","3":"status-publish","4":"has-post-thumbnail","6":"product_brand-waspe","7":"product_cat-waspe","8":"product_cat-100k-puffs-disposable-vape","9":"product_cat-best-disposable-vapes","10":"product_cat-cheap-rechargeable-disposable-vapes","11":"product_cat-disposable-vapes-in-germany","12":"product_cat-disposable-vapes-in-hungary","13":"product_cat-disposable-vapes-in-ltaly","14":"product_cat-disposable-vapes-in-poland","15":"product_cat-disposable-vapes-in-spain","16":"product_cat-in-stock-at-eu-warehouse","17":"product_tag-150000-puffs-disposable-vape-rechargeable","18":"product_tag-150000-puffs-disposable-vape-wholesale","19":"product_tag-6-in-1-multi-flavor-disposable-vape","20":"product_tag-disposable-vape-with-led-display","21":"product_tag-disposable-vape-with-multiple-flavors","22":"product_tag-high-capacity-disposable-e-cig","23":"product_tag-highest-puff-count-disposable-vape","24":"product_tag-longest-lasting-disposable-vape-150000-puffs","25":"product_tag-multi-flavor-disposable-vape-wholesale-europe","26":"product_tag-ultra-long-lasting-vape","27":"product_tag-wholesale-disposable-vape-supplier-europe","29":"first","30":"instock","31":"shipping-taxable","32":"purchasable","33":"product-type-variable","34":"has-default-attributes"},"jetpack_sharing_enabled":true,"tiered_pricing_type":"fixed","tiered_pricing_fixed_rules":{"30":9.589999999999999857891452847979962825775146484375,"50":7.78000000000000024868995751603506505489349365234375,"100":7.519999999999999573674358543939888477325439453125,"200":6.87000000000000010658141036401502788066864013671875,"400":6.3499999999999996447286321199499070644378662109375},"tiered_pricing_product_settings":{"layout":"default","base_unit_name":{"singular":null,"plural":null},"default_variation":null},"tiered_pricing_minimum_quantity":10,"tiered_pricing_roles_data":[],"tiered_pricing_percentage_rules":[],"tiered_pricing_maximum_quantity":null,"tiered_pricing_quantity_step":"10","_links":{"self":[{"href":"https:\/\/aiviouvapes.com\/ro\/wp-json\/wp\/v2\/product\/70613","targetHints":{"allow":["GET"]}}],"collection":[{"href":"https:\/\/aiviouvapes.com\/ro\/wp-json\/wp\/v2\/product"}],"about":[{"href":"https:\/\/aiviouvapes.com\/ro\/wp-json\/wp\/v2\/types\/product"}],"replies":[{"embeddable":true,"href":"https:\/\/aiviouvapes.com\/ro\/wp-json\/wp\/v2\/comments?post=70613"}],"wp:featuredmedia":[{"embeddable":true,"href":"https:\/\/aiviouvapes.com\/ro\/wp-json\/wp\/v2\/media\/72468"}],"wp:attachment":[{"href":"https:\/\/aiviouvapes.com\/ro\/wp-json\/wp\/v2\/media?parent=70613"}],"wp:term":[{"taxonomy":"product_brand","embeddable":true,"href":"https:\/\/aiviouvapes.com\/ro\/wp-json\/wp\/v2\/product_brand?post=70613"},{"taxonomy":"product_cat","embeddable":true,"href":"https:\/\/aiviouvapes.com\/ro\/wp-json\/wp\/v2\/product_cat?post=70613"},{"taxonomy":"product_tag","embeddable":true,"href":"https:\/\/aiviouvapes.com\/ro\/wp-json\/wp\/v2\/product_tag?post=70613"}],"curies":[{"name":"wp","href":"https:\/\/api.w.org\/{rel}","templated":true}]}}