{"id":6125,"date":"2024-08-20T07:18:05","date_gmt":"2024-08-19T23:18:05","guid":{"rendered":"https:\/\/aiviouvapes.com\/?post_type=product&#038;p=6125"},"modified":"2026-04-09T16:15:33","modified_gmt":"2026-04-09T08:15:33","slug":"fumot-randm-tornado-15000-puffs-disposable-wholesale","status":"publish","type":"product","link":"https:\/\/aiviouvapes.com\/ro\/product\/fumot-randm-tornado-15000-puffs-disposable-wholesale\/","title":{"rendered":"RandM Tornado 15000 Puffs | 0%-5% nicotin\u0103, 25mL, vrac de unic\u0103 folosin\u021b\u0103 vape"},"content":{"rendered":"<p><iframe title=\"VideoPress Player video\" aria-label='VideoPress Player video' width='1020' height='574' src='https:\/\/videopress.com\/embed\/7J21Jg3n?hd=0&amp;cover=1' frameborder='0' allowfullscreen allow='clipboard-write'><\/iframe><script src='https:\/\/v0.wordpress.com\/js\/next\/videopress-iframe.js?m=1739540970'><\/script><\/p>\n<h2>RandM Tornado 15000 puf | 0% 2% 3% 5% nicotin\u0103, 25 ml e-lichid, bobin\u0103 plas\u0103, tip C re\u00eenc\u0103rcabil, vrac cump\u0103rare vape de unic\u0103 folosin\u021b\u0103 en-gros<\/h2>\n<h3>Prezentare general\u0103 a RandM Tornado 15000 Puff<\/h3>\n<ul>\n<li><strong>Capacitate de puf extins\u0103<\/strong>: P\u00e2n\u0103 la 15.000 de puf\u0103turi pentru o pl\u0103cere de lung\u0103 durat\u0103 \u0219i o valoare imbatabil\u0103.<\/li>\n<li><strong>Capacitate generoas\u0103 de E-Lichid<\/strong>: Rezervorul preumplut de 25 ml minimizeaz\u0103 reumplerile, maximiz\u00e2nd confortul.<\/li>\n<li><strong>Baterie robust\u0103<\/strong>: baterie re\u00eenc\u0103rcabil\u0103 de 850 mAh pentru sesiuni de vaping prelungite cu timp de nefunc\u021bionare minim.<\/li>\n<li><strong>Op\u021biuni de nicotin\u0103<\/strong>: Disponibil \u00een concentra\u021bii de nicotin\u0103 0%, 2%, 3% \u0219i 5% pentru a satisface diferite preferin\u021be.<\/li>\n<li><strong>Bobina de plas\u0103 avansat\u0103<\/strong>: bobina de rezisten\u021b\u0103 de 0,9\u03a9 ofer\u0103 vapori netezi, consistenti \u0219i o arom\u0103 bogat\u0103.<\/li>\n<li><strong>\u00cenc\u0103rcare rapid\u0103<\/strong>: Port de tip C pentru re\u00eenc\u0103rcare rapid\u0103, men\u021bin\u00e2ndu-v\u0103 gata s\u0103 vape.<\/li>\n<\/ul>\n<h3>RandM Tornado 15000 Puff Caracteristici<\/h3>\n<ul>\n<li><strong>Longevitate remarcabil\u0103<\/strong>: 15.000 de puf\u0103turi pe dispozitiv pentru o experien\u021b\u0103 premium de vaping extins\u0103.<\/li>\n<li><strong>Portabil \u0219i compact<\/strong>: Designul elegant asigur\u0103 c\u0103 este u\u0219or de transportat, perfect pentru vaping din mers.<\/li>\n<li><strong>Utilizare f\u0103r\u0103 efort<\/strong>: Design de unic\u0103 folosin\u021b\u0103 f\u0103r\u0103 nevoie de \u00eentre\u021binere sau reumplere.<\/li>\n<li><strong>Baterie re\u00eenc\u0103rcabil\u0103<\/strong>: \u00cenc\u0103rcare rapid\u0103 \u0219i eficient\u0103 de tip C pentru timp de nefunc\u021bionare minim.<\/li>\n<\/ul>\n<h3>RandM Tornado 15000 Puff Flavour Selec\u021bie<\/h3>\n<p>Limonada Blue Razz, ghea\u021b\u0103 de piersici, m\u0103r acru, ghea\u021b\u0103 de pepene verde, afine pe ghea\u021b\u0103, fructe de p\u0103dure amestecate, fructe de dragon, cola cu cire\u0219e, ursule\u021b gumos, kiwi cu c\u0103p\u0219uni<\/p>\n<h3>De ce s\u0103 alege\u021bi RandM Tornado 15000 Puffs Pro?<\/h3>\n<p>RandM Tornado 15000 Puffs Pro combin\u0103 performan\u021ba de \u00eenalt\u0103 capacitate cu o gam\u0103 extins\u0103 de arome, oferind o experien\u021b\u0103 de vaping premium, de lung\u0103 durat\u0103. Cu p\u00e2n\u0103 la 15.000 de pufuri, o baterie re\u00eenc\u0103rcabil\u0103 \u0219i un design elegant \u0219i portabil, acest dispozitiv este conceput pentru vaporii care apreciaz\u0103 at\u00e2t confortul, c\u00e2t \u0219i calitatea. Disponibil pentru comer\u021b cu ridicata \u00een vrac, Tornado 15000 Puffs Pro este ideal pentru comercian\u021bii cu am\u0103nuntul care caut\u0103 un produs de \u00eenalt\u0103 calitate, bogat \u00een arom\u0103, care iese \u00een eviden\u021b\u0103. \u00cembun\u0103t\u0103\u021bi\u021bi-v\u0103 ofertele cu RandM Tornado 15000 Puffs Pro \u0219i oferi\u021bi clien\u021bilor o experien\u021b\u0103 de vaping excep\u021bional\u0103.<\/p>\n<p><a href=\"https:\/\/i0.wp.com\/aiviouvapes.com\/wp-content\/uploads\/2024\/08\/RandM-Tornado-15000-Puffs-10.webp?ssl=1\"><img data-recalc-dims=\"1\" loading=\"lazy\" decoding=\"async\" class=\"alignnone size-full wp-image-8229\" title=\"RandM Tornado 15000 Puffs 0% 2% 3% 5% Nicotin\u0103 \u00een vrac Cump\u0103ra\u021bi Vape de unic\u0103 folosin\u021b\u0103 Comer\u021b cu ridicata\" src=\"https:\/\/i0.wp.com\/aiviouvapes.com\/wp-content\/uploads\/2024\/08\/RandM-Tornado-15000-Puffs-10.webp?resize=1020%2C531&#038;ssl=1\" alt=\"RandM Tornado 15000 Puffs 0% 2% 3% 5% Nicotin\u0103 \u00een vrac Cump\u0103ra\u021bi Vape de unic\u0103 folosin\u021b\u0103 Comer\u021b cu ridicata\" width=\"1020\" height=\"531\" srcset=\"https:\/\/i0.wp.com\/aiviouvapes.com\/wp-content\/uploads\/2024\/08\/RandM-Tornado-15000-Puffs-10.webp?w=1400&amp;ssl=1 1400w, https:\/\/i0.wp.com\/aiviouvapes.com\/wp-content\/uploads\/2024\/08\/RandM-Tornado-15000-Puffs-10.webp?resize=300%2C156&amp;ssl=1 300w, https:\/\/i0.wp.com\/aiviouvapes.com\/wp-content\/uploads\/2024\/08\/RandM-Tornado-15000-Puffs-10.webp?resize=1024%2C533&amp;ssl=1 1024w, https:\/\/i0.wp.com\/aiviouvapes.com\/wp-content\/uploads\/2024\/08\/RandM-Tornado-15000-Puffs-10.webp?resize=768%2C400&amp;ssl=1 768w, https:\/\/i0.wp.com\/aiviouvapes.com\/wp-content\/uploads\/2024\/08\/RandM-Tornado-15000-Puffs-10.webp?resize=18%2C9&amp;ssl=1 18w, https:\/\/i0.wp.com\/aiviouvapes.com\/wp-content\/uploads\/2024\/08\/RandM-Tornado-15000-Puffs-10.webp?resize=800%2C417&amp;ssl=1 800w\" sizes=\"auto, (max-width: 1020px) 100vw, 1020px\" \/><\/a><\/p>\n<h3>De ce s\u0103 alege\u021bi AiviouVapes<\/h3>\n<p>Bun venit la <a href=\"https:\/\/aiviouvapes.com\/ro\/\">AiviouVapes<\/a> - sursa dvs. de \u00eencredere pentru produse premium, accesibile <a href=\"https:\/\/aiviouvapes.com\/ro\/shop\/\">vapoare en-gros de unic\u0103 folosin\u021b\u0103<\/a> la pre\u021buri cu adev\u0103rat mici. Cu peste cinci ani de expertiz\u0103 \u00een industria de vape, oferim cu m\u00e2ndrie o selec\u021bie aleas\u0103 manual de m\u0103rci de top, inclusiv <a href=\"https:\/\/aiviouvapes.com\/ro\/categorie-produs\/waspe\/\">WASPE<\/a>, <a href=\"https:\/\/aiviouvapes.com\/ro\/categorie-produs\/bang\/\">Bang Vape<\/a>, <a href=\"https:\/\/aiviouvapes.com\/ro\/categorie-produs\/vapme-vapes\/\">Vapme<\/a>, \u0219i <a href=\"https:\/\/aiviouvapes.com\/ro\/categorie-produs\/mrvi\/\">MRVI<\/a>.<\/p>\n<p>De la dispozitive cu puf mare, cum ar fi <a href=\"https:\/\/aiviouvapes.com\/ro\/produs\/waspe-4-in-1-100000-puffs\/\">WASPE 100K 4-in-1 Arom\u0103<\/a> la favorite \u00eendr\u0103zne\u021be, cum ar fi <a href=\"https:\/\/aiviouvapes.com\/ro\/produs\/bang-king-triple-flavors-85000\/\">Bang 85,000 Triple Puff<\/a>, \u0219i chiar interesant <a class=\"woocommerce-LoopProduct-link woocommerce-loop-product__link\" href=\"https:\/\/aiviouvapes.com\/ro\/produs\/mystery-vape-blind-box\/\">Cutie misterioas\u0103 de unic\u0103 folosin\u021b\u0103 Vape Box<\/a>, fiecare produs este ales pentru calitate superioar\u0103 \u0219i valoare imbatabil\u0103. La AiviouVapes, v\u0103 ve\u021bi bucura de servicii excelente, economii en-gros \u0219i o colec\u021bie conceput\u0103 pentru a se potrivi nevoilor dvs. de vaping.<\/p>\n<div class=\"row row-large row-full-width align-middle\"  id=\"row-1567257716\">\n\n\n\t<div id=\"col-1753346183\" class=\"col medium-3 small-6 large-3\"  >\n\t\t\t\t<div class=\"col-inner text-center\"  >\n\t\t\t\n\t\t\t\n\n\n\t\t<div class=\"icon-box featured-box icon-box-top text-left\"  >\n\t\t\t\t\t<div class=\"icon-box-img\" style=\"width: 90px\">\n\t\t\t\t<div class=\"icon\">\n\t\t\t\t\t<div class=\"icon-inner\" >\n\t\t\t\t\t\t<img loading=\"lazy\" decoding=\"async\" width=\"200\" height=\"200\" src=\"https:\/\/i0.wp.com\/aiviouvapes.com\/wp-content\/uploads\/2024\/08\/vape-1-1.png?fit=200%2C200&amp;ssl=1\" class=\"attachment-medium size-medium\" alt=\"De ce s\u0103 alege\u021bi AIVIOUVAPES\" srcset=\"https:\/\/i0.wp.com\/aiviouvapes.com\/wp-content\/uploads\/2024\/08\/vape-1-1.png?w=200&amp;ssl=1 200w, https:\/\/i0.wp.com\/aiviouvapes.com\/wp-content\/uploads\/2024\/08\/vape-1-1.png?resize=150%2C150&amp;ssl=1 150w, https:\/\/i0.wp.com\/aiviouvapes.com\/wp-content\/uploads\/2024\/08\/vape-1-1.png?resize=12%2C12&amp;ssl=1 12w, https:\/\/i0.wp.com\/aiviouvapes.com\/wp-content\/uploads\/2024\/08\/vape-1-1.png?resize=100%2C100&amp;ssl=1 100w\" sizes=\"auto, (max-width: 200px) 100vw, 200px\" title=\"\">\t\t\t\t\t<\/div>\n\t\t\t\t<\/div>\n\t\t\t<\/div>\n\t\t\t\t<div class=\"icon-box-text last-reset\">\n\t\t\t\t\t\t\t\t\t\n\n\t<div id=\"text-78975290\" class=\"text\">\n\t\t\n\n<h3 style=\"text-align: center;\">Varietate extins\u0103 de vape<\/h3>\n<p style=\"text-align: center;\">Descoperi\u021bi gama noastr\u0103 larg\u0103 de produse, concepute pentru a se potrivi fiec\u0103rei preferin\u021be.<\/p>\n\t\t\n<style>\n#text-78975290 {\n  font-size: 0.9rem;\n}\n<\/style>\n\t<\/div>\n\t\n\n\t\t<\/div>\n\t<\/div>\n\t\n\t\n\n\t\t<\/div>\n\t\t\t\t\t<\/div>\n\n\t\n\n\t<div id=\"col-837594036\" class=\"col medium-3 small-6 large-3\"  >\n\t\t\t\t<div class=\"col-inner text-center\"  >\n\t\t\t\n\t\t\t\n\n\n\t\t<div class=\"icon-box featured-box icon-box-top text-left\"  >\n\t\t\t\t\t<div class=\"icon-box-img\" style=\"width: 90px\">\n\t\t\t\t<div class=\"icon\">\n\t\t\t\t\t<div class=\"icon-inner\" >\n\t\t\t\t\t\t<img loading=\"lazy\" decoding=\"async\" width=\"200\" height=\"200\" src=\"https:\/\/i0.wp.com\/aiviouvapes.com\/wp-content\/uploads\/2024\/08\/save-money-1-1-1.png?fit=200%2C200&amp;ssl=1\" class=\"attachment-medium size-medium\" alt=\"De ce s\u0103 alege\u021bi AIVIOUVAPES\" srcset=\"https:\/\/i0.wp.com\/aiviouvapes.com\/wp-content\/uploads\/2024\/08\/save-money-1-1-1.png?w=200&amp;ssl=1 200w, https:\/\/i0.wp.com\/aiviouvapes.com\/wp-content\/uploads\/2024\/08\/save-money-1-1-1.png?resize=150%2C150&amp;ssl=1 150w, https:\/\/i0.wp.com\/aiviouvapes.com\/wp-content\/uploads\/2024\/08\/save-money-1-1-1.png?resize=12%2C12&amp;ssl=1 12w, https:\/\/i0.wp.com\/aiviouvapes.com\/wp-content\/uploads\/2024\/08\/save-money-1-1-1.png?resize=100%2C100&amp;ssl=1 100w\" sizes=\"auto, (max-width: 200px) 100vw, 200px\" title=\"\">\t\t\t\t\t<\/div>\n\t\t\t\t<\/div>\n\t\t\t<\/div>\n\t\t\t\t<div class=\"icon-box-text last-reset\">\n\t\t\t\t\t\t\t\t\t\n\n\t<div id=\"text-1856082914\" class=\"text\">\n\t\t\n\n<h3 style=\"text-align: center;\">Valoare imbatabil\u0103<\/h3>\n<p style=\"text-align: center;\">Bucura\u021bi-v\u0103 de produse de cea mai bun\u0103 calitate la pre\u021buri care se potrivesc bugetului dvs.<\/p>\n\t\t\n<style>\n#text-1856082914 {\n  font-size: 0.9rem;\n}\n<\/style>\n\t<\/div>\n\t\n\n\t\t<\/div>\n\t<\/div>\n\t\n\t\n\n\t\t<\/div>\n\t\t\t\t\t<\/div>\n\n\t\n\n\t<div id=\"col-1448928514\" class=\"col medium-3 small-6 large-3\"  >\n\t\t\t\t<div class=\"col-inner text-center\"  >\n\t\t\t\n\t\t\t\n\n\n\t\t<div class=\"icon-box featured-box icon-box-top text-left\"  >\n\t\t\t\t\t<div class=\"icon-box-img\" style=\"width: 90px\">\n\t\t\t\t<div class=\"icon\">\n\t\t\t\t\t<div class=\"icon-inner\" >\n\t\t\t\t\t\t<img loading=\"lazy\" decoding=\"async\" width=\"200\" height=\"200\" src=\"https:\/\/i0.wp.com\/aiviouvapes.com\/wp-content\/uploads\/2024\/08\/delivery-truck-1-1.png?fit=200%2C200&amp;ssl=1\" class=\"attachment-medium size-medium\" alt=\"De ce s\u0103 alege\u021bi AIVIOUVAPES\" srcset=\"https:\/\/i0.wp.com\/aiviouvapes.com\/wp-content\/uploads\/2024\/08\/delivery-truck-1-1.png?w=200&amp;ssl=1 200w, https:\/\/i0.wp.com\/aiviouvapes.com\/wp-content\/uploads\/2024\/08\/delivery-truck-1-1.png?resize=150%2C150&amp;ssl=1 150w, https:\/\/i0.wp.com\/aiviouvapes.com\/wp-content\/uploads\/2024\/08\/delivery-truck-1-1.png?resize=12%2C12&amp;ssl=1 12w, https:\/\/i0.wp.com\/aiviouvapes.com\/wp-content\/uploads\/2024\/08\/delivery-truck-1-1.png?resize=100%2C100&amp;ssl=1 100w\" sizes=\"auto, (max-width: 200px) 100vw, 200px\" title=\"\">\t\t\t\t\t<\/div>\n\t\t\t\t<\/div>\n\t\t\t<\/div>\n\t\t\t\t<div class=\"icon-box-text last-reset\">\n\t\t\t\t\t\t\t\t\t\n\n\t<div id=\"text-1035986845\" class=\"text\">\n\t\t\n\n<h3 style=\"text-align: center;\">Livrare global\u0103 rapid\u0103<\/h3>\n<p style=\"text-align: center;\">Livr\u0103m \u00een toat\u0103 lumea cu v\u0103muire garantat\u0103 pentru o experien\u021b\u0103 f\u0103r\u0103 probleme.<\/p>\n\t\t\n<style>\n#text-1035986845 {\n  font-size: 0.9rem;\n}\n<\/style>\n\t<\/div>\n\t\n\n\t\t<\/div>\n\t<\/div>\n\t\n\t\n\n\t\t<\/div>\n\t\t\t\t\t<\/div>\n\n\t\n\n\t<div id=\"col-1643915828\" class=\"col medium-3 small-6 large-3\"  >\n\t\t\t\t<div class=\"col-inner text-center\"  >\n\t\t\t\n\t\t\t\n\n\n\t\t<div class=\"icon-box featured-box icon-box-top text-left\"  >\n\t\t\t\t\t<div class=\"icon-box-img\" style=\"width: 90px\">\n\t\t\t\t<div class=\"icon\">\n\t\t\t\t\t<div class=\"icon-inner\" >\n\t\t\t\t\t\t<img loading=\"lazy\" decoding=\"async\" width=\"200\" height=\"200\" src=\"https:\/\/i0.wp.com\/aiviouvapes.com\/wp-content\/uploads\/2024\/08\/support-1-1.png?fit=200%2C200&amp;ssl=1\" class=\"attachment-medium size-medium\" alt=\"De ce s\u0103 alege\u021bi AIVIOUVAPES\" srcset=\"https:\/\/i0.wp.com\/aiviouvapes.com\/wp-content\/uploads\/2024\/08\/support-1-1.png?w=200&amp;ssl=1 200w, https:\/\/i0.wp.com\/aiviouvapes.com\/wp-content\/uploads\/2024\/08\/support-1-1.png?resize=150%2C150&amp;ssl=1 150w, https:\/\/i0.wp.com\/aiviouvapes.com\/wp-content\/uploads\/2024\/08\/support-1-1.png?resize=12%2C12&amp;ssl=1 12w, https:\/\/i0.wp.com\/aiviouvapes.com\/wp-content\/uploads\/2024\/08\/support-1-1.png?resize=100%2C100&amp;ssl=1 100w\" sizes=\"auto, (max-width: 200px) 100vw, 200px\" title=\"\">\t\t\t\t\t<\/div>\n\t\t\t\t<\/div>\n\t\t\t<\/div>\n\t\t\t\t<div class=\"icon-box-text last-reset\">\n\t\t\t\t\t\t\t\t\t\n\n\t<div id=\"text-2197780862\" class=\"text\">\n\t\t\n\n<h3 style=\"text-align: center;\">Asisten\u021b\u0103 non-stop<\/h3>\n<p style=\"text-align: center;\">Contacta\u021bi echipa noastr\u0103 de asisten\u021b\u0103 oric\u00e2nd, 24\/7, prin WhatsApp sau e-mail.<\/p>\n\t\t\n<style>\n#text-2197780862 {\n  font-size: 0.9rem;\n}\n<\/style>\n\t<\/div>\n\t\n\n\t\t<\/div>\n\t<\/div>\n\t\n\t\n\n\t\t<\/div>\n\t\t\t\t\t<\/div>\n\n\t\n\n<\/div>\n<div class=\"row row-full-width align-middle\"  id=\"row-1693875624\">\n\n\n\t<div id=\"col-293920580\" class=\"col medium-6 small-12 large-6\"  >\n\t\t\t\t<div class=\"col-inner\"  >\n\t\t\t\n\t\t\t\n\n\t<div class=\"img has-hover x md-x lg-x y md-y lg-y\" id=\"image_1958872364\">\n\t\t\t\t\t\t\t\t<div class=\"img-inner dark\" >\n\t\t\t<img loading=\"lazy\" decoding=\"async\" width=\"930\" height=\"1024\" src=\"https:\/\/i0.wp.com\/aiviouvapes.com\/wp-content\/uploads\/2024\/08\/%E6%8B%BC%E5%9B%BE.jpg?fit=930%2C1024&amp;ssl=1\" class=\"attachment-large size-large\" alt=\"De ce s\u0103 alege\u021bi AIVIOUVAPES\" title=\"\">\t\t\t\t\t\t\n\t\t\t\t\t<\/div>\n\t\t\t\t\t\t\t\t\n<style>\n#image_1958872364 {\n  width: 100%;\n}\n<\/style>\n\t<\/div>\n\t\n\n\n\t\t<\/div>\n\t\t\t\t\t<\/div>\n\n\t\n\n\t<div id=\"col-1616091832\" class=\"col medium-6 small-12 large-6\"  >\n\t\t\t\t<div class=\"col-inner\"  >\n\t\t\t\n\t\t\t\n\n<div class=\"container section-title-container\" ><h4 class=\"section-title section-title-normal\"><b aria-hidden=\"true\"><\/b><span class=\"section-title-main\" style=\"font-size:91%;\">Avantajele noastre<\/span><b aria-hidden=\"true\"><\/b><\/h4><\/div>\n\n<div class=\"accordion\">\n\n\t<div id=\"accordion-1139930783\" class=\"accordion-item\">\n\t\t<a id=\"accordion-1139930783-label\" class=\"accordion-title plain\" href=\"#accordion-item-commitment-to-quality\" aria-expanded=\"false\" aria-controls=\"accordion-1139930783-content\">\n\t\t\t<button class=\"toggle\" aria-label=\"Comuta\u021bi\"><i class=\"icon-angle-down\" aria-hidden=\"true\"><\/i><\/button>\n\t\t\t<span>Angajamentul fa\u021b\u0103 de calitate<\/span>\n\t\t<\/a>\n\t\t<div id=\"accordion-1139930783-content\" class=\"accordion-inner\" aria-labelledby=\"accordion-1139930783-label\">\n\t\t\t\n\n<p>La <a href=\"https:\/\/aiviouvapes.com\/ro\/\">AiviouVape<\/a>, calitatea conduce tot ceea ce facem. Vaporatoarele noastre de unic\u0103 folosin\u021b\u0103 sunt realizate cu meticulozitate \u0219i testate riguros pentru a \u00eendeplini cele mai \u00eenalte standarde, asigur\u00e2nd de fiecare dat\u0103 o experien\u021b\u0103 de vaping lin\u0103 \u0219i fiabil\u0103. Prin angajamentul nostru fa\u021b\u0103 de zero defecte \u0219i zero reclama\u021bii, pute\u021bi avea \u00eencredere c\u0103 ob\u021bine\u021bi ce este mai bun.<\/p>\n\n\t\t<\/div>\n\t<\/div>\n\t\n\t<div id=\"accordion-1847213372\" class=\"accordion-item\">\n\t\t<a id=\"accordion-1847213372-label\" class=\"accordion-title plain\" href=\"#accordion-item-diverse-range-of-products\" aria-expanded=\"false\" aria-controls=\"accordion-1847213372-content\">\n\t\t\t<button class=\"toggle\" aria-label=\"Comuta\u021bi\"><i class=\"icon-angle-down\" aria-hidden=\"true\"><\/i><\/button>\n\t\t\t<span>Gam\u0103 variat\u0103 de produse<\/span>\n\t\t<\/a>\n\t\t<div id=\"accordion-1847213372-content\" class=\"accordion-inner\" aria-labelledby=\"accordion-1847213372-label\">\n\t\t\t\n\n<p>Suntem m\u00e2ndri s\u0103 oferim o gam\u0103 larg\u0103 de vapuri premium de unic\u0103 folosin\u021b\u0103 pentru a satisface orice preferin\u021b\u0103. De la cele mai recente inova\u021bii la favoritele fanilor de lung\u0103 durat\u0103, selec\u021bia noastr\u0103 include m\u0103rci de \u00eencredere precum Waspe, Vapme, RandM Tornado, Bang Box, ELF Box \u0219i Bang King. Fie c\u0103 sunte\u021bi \u00een c\u0103utarea aromelor \u00eendr\u0103zne\u021be ale Vapme sau a designului elegant al RandM Tornado, colec\u021bia noastr\u0103 este creat\u0103 pentru a v\u0103 ajuta s\u0103 descoperi\u021bi vape-ul perfect pentru a se potrivi cu gustul \u0219i stilul dvs. de via\u021b\u0103.<\/p>\n\n\n\t\t<\/div>\n\t<\/div>\n\t\n\t<div id=\"accordion-2320435569\" class=\"accordion-item\">\n\t\t<a id=\"accordion-2320435569-label\" class=\"accordion-title plain\" href=\"#accordion-item-wholesale-and-retail-solutions\" aria-expanded=\"false\" aria-controls=\"accordion-2320435569-content\">\n\t\t\t<button class=\"toggle\" aria-label=\"Comuta\u021bi\"><i class=\"icon-angle-down\" aria-hidden=\"true\"><\/i><\/button>\n\t\t\t<span>Solu\u021bii de v\u00e2nzare cu ridicata \u0219i cu am\u0103nuntul<\/span>\n\t\t<\/a>\n\t\t<div id=\"accordion-2320435569-content\" class=\"accordion-inner\" aria-labelledby=\"accordion-2320435569-label\">\n\t\t\t\n\n<p>AiviouVape satisface at\u00e2t cerin\u021bele clien\u021bilor cu am\u0103nuntul, c\u00e2t \u0219i ale clien\u021bilor angro, oferind produse \u0219i servicii excep\u021bionale de fiecare dat\u0103. Dac\u0103 sunte\u021bi nou la noi, v\u0103 recomand\u0103m s\u0103 \u00eencepe\u021bi cu un lot mic pentru a experimenta calitatea noastr\u0103 direct. Cu pre\u021buri competitive \u0219i standarde premium, suntem alegerea de \u00eencredere \u00een industria de vape de unic\u0103 folosin\u021b\u0103.\u00a0<\/p>\n\n\t\t<\/div>\n\t<\/div>\n\t\n\t<div id=\"accordion-370205151\" class=\"accordion-item\">\n\t\t<a id=\"accordion-370205151-label\" class=\"accordion-title plain\" href=\"#accordion-item-continuous-improvement\" aria-expanded=\"false\" aria-controls=\"accordion-370205151-content\">\n\t\t\t<button class=\"toggle\" aria-label=\"Comuta\u021bi\"><i class=\"icon-angle-down\" aria-hidden=\"true\"><\/i><\/button>\n\t\t\t<span>\u00cembun\u0103t\u0103\u021birea continu\u0103<\/span>\n\t\t<\/a>\n\t\t<div id=\"accordion-370205151-content\" class=\"accordion-inner\" aria-labelledby=\"accordion-370205151-label\">\n\t\t\t\n\n<p>Ceea ce diferen\u021biaz\u0103 AiviouVape este dedicarea noastr\u0103 pentru un serviciu excep\u021bional pentru clien\u021bi. Indiferent dac\u0103 ave\u021bi nevoie de sfaturi \u00eenainte de a cump\u0103ra sau de asisten\u021b\u0103 pentru o comand\u0103, echipa noastr\u0103 este \u00eentotdeauna disponibil\u0103 prin WhatsApp sau e-mail. Ne str\u0103duim s\u0103 construim rela\u021bii de durat\u0103 cu clien\u021bii no\u0219tri, asigur\u00e2ndu-v\u0103 satisfac\u021bia la fiecare pas.<\/p>\n\n\t\t<\/div>\n\t<\/div>\n\t\n\t<div id=\"accordion-1074207479\" class=\"accordion-item\">\n\t\t<a id=\"accordion-1074207479-label\" class=\"accordion-title plain\" href=\"#accordion-item-quality-assurance\" aria-expanded=\"false\" aria-controls=\"accordion-1074207479-content\">\n\t\t\t<button class=\"toggle\" aria-label=\"Comuta\u021bi\"><i class=\"icon-angle-down\" aria-hidden=\"true\"><\/i><\/button>\n\t\t\t<span>Asigurarea calit\u0103\u021bii<\/span>\n\t\t<\/a>\n\t\t<div id=\"accordion-1074207479-content\" class=\"accordion-inner\" aria-labelledby=\"accordion-1074207479-label\">\n\t\t\t\n\n<p>\u00cen fiecare etap\u0103 - dezvoltarea produsului, produc\u021bie, marketing \u0219i distribu\u021bie - angajamentul nostru fa\u021b\u0103 de calitate nu st\u0103 niciodat\u0103. Vapoarele noastre de unic\u0103 folosin\u021b\u0103 sunt supuse unor teste riguroase pentru a se asigura c\u0103 sunt netoxice, pure \u0219i ofer\u0103 o arom\u0103 excep\u021bional\u0103. Aceast\u0103 dedicare pentru excelen\u021b\u0103 formeaz\u0103 coloana vertebral\u0103 a culturii noastre corporative.<\/p>\n\n\t\t<\/div>\n\t<\/div>\n\t\n\t<div id=\"accordion-2818124741\" class=\"accordion-item\">\n\t\t<a id=\"accordion-2818124741-label\" class=\"accordion-title plain\" href=\"#accordion-item-efficient-logistics-and-delivery\" aria-expanded=\"false\" aria-controls=\"accordion-2818124741-content\">\n\t\t\t<button class=\"toggle\" aria-label=\"Comuta\u021bi\"><i class=\"icon-angle-down\" aria-hidden=\"true\"><\/i><\/button>\n\t\t\t<span>Logistic\u0103 \u0219i livrare eficient\u0103<\/span>\n\t\t<\/a>\n\t\t<div id=\"accordion-2818124741-content\" class=\"accordion-inner\" aria-labelledby=\"accordion-2818124741-label\">\n\t\t\t\n\n<p>AiviouVape ofer\u0103 logistic\u0103 \u0219i livrare eficient\u0103, inclusiv servicii DDP (Delivered Duty Paid), asigur\u00e2nd v\u0103muire f\u0103r\u0103 probleme \u0219i f\u0103r\u0103 taxe sau taxe. Cu livrare rapid\u0103 \u0219i asisten\u021b\u0103 excep\u021bional\u0103 pentru clien\u021bi, oferim o experien\u021b\u0103 fluid\u0103 \u0219i de \u00eencredere, f\u0103c\u00e2ndu-ne un partener de \u00eencredere \u00een industrie.<\/p>\n\n\t\t<\/div>\n\t<\/div>\n\t\n\t<div id=\"accordion-2012949680\" class=\"accordion-item\">\n\t\t<a id=\"accordion-2012949680-label\" class=\"accordion-title plain\" href=\"#accordion-item-odm-and-oem-services\" aria-expanded=\"false\" aria-controls=\"accordion-2012949680-content\">\n\t\t\t<button class=\"toggle\" aria-label=\"Comuta\u021bi\"><i class=\"icon-angle-down\" aria-hidden=\"true\"><\/i><\/button>\n\t\t\t<span>Servicii ODM \u0219i OEM<\/span>\n\t\t<\/a>\n\t\t<div id=\"accordion-2012949680-content\" class=\"accordion-inner\" aria-labelledby=\"accordion-2012949680-label\">\n\t\t\t\n\n<p>AiviouVapes ofer\u0103 servicii complete ODM (Original Design Manufacturing) \u0219i OEM (Original Equipment Manufacturing). Cu dou\u0103 facilit\u0103\u021bi mari, ajut\u0103m clien\u021bii s\u0103 proiecteze produse unice \u0219i logo-uri atr\u0103g\u0103toare pentru ambalare. De asemenea, oferim \u00eendrum\u0103ri gratuite pentru designul ambalajelor \u0219i sprijinim clien\u021bii care \u00ee\u0219i ambaleaz\u0103 propriile produse, asigur\u00e2ndu-ne c\u0103 marca lor str\u0103luce\u0219te pe pia\u021b\u0103.<\/p>\n\n\t\t<\/div>\n\t<\/div>\n\t\n\n<\/div>\n\n\t\t<\/div>\n\t\t\t\t\t<\/div>\n\n\t\n\n<\/div>","protected":false},"excerpt":{"rendered":"<p>RandM Tornado 15000 Puff ofer\u0103 p\u00e2n\u0103 la 15.000 de pufuri cu o capacitate de e-juice de 25 ml \u0219i niveluri de nicotin\u0103 de 0%, 2%, 3% sau 5%. Echipat cu o baterie re\u00eenc\u0103rcabil\u0103 de 850mAh, bobine cu ochiuri de 0,9\u03a9 \u0219i \u00eenc\u0103rcare rapid\u0103 de tip C, acesta asigur\u0103 vapori u\u0219ori \u0219i pl\u0103cere pe tot parcursul zilei.<\/p>","protected":false},"featured_media":8991,"comment_status":"open","ping_status":"closed","template":"","meta":[],"product_brand":[231],"product_cat":[35,126,320,90,117,76,134,135,133,136,137,146,138,139,140,141,142,143,144,145,132,82],"product_tag":[],"class_list":{"0":"post-6125","1":"product","2":"type-product","3":"status-publish","4":"has-post-thumbnail","6":"product_brand-randm","7":"product_cat-randm","8":"product_cat-15000-puffs-disposable-vape","9":"product_cat-best-disposable-vapes","10":"product_cat-big-puffs-vapes","11":"product_cat-different-puffs-of-diposable-vapes","12":"product_cat-disposable-vape-types","13":"product_cat-disposable-vapes-in-austria","14":"product_cat-disposable-vapes-in-belgium","15":"product_cat-disposable-vapes-in-europe","16":"product_cat-disposable-vapes-in-france","17":"product_cat-disposable-vapes-in-germany","18":"product_cat-disposable-vapes-in-hungary","19":"product_cat-disposable-vapes-in-ltaly","20":"product_cat-disposable-vapes-in-netherlands","21":"product_cat-disposable-vapes-in-norway","22":"product_cat-disposable-vapes-in-poland","23":"product_cat-disposable-vapes-in-portugal","24":"product_cat-disposable-vapes-in-spain","25":"product_cat-disposable-vapes-in-sweden","26":"product_cat-disposable-vapes-in-switzerland","27":"product_cat-rechargeable-vapes","28":"product_cat-smart-screen-vapes","30":"first","31":"instock","32":"shipping-taxable","33":"purchasable","34":"product-type-variable","35":"has-default-attributes"},"jetpack_sharing_enabled":true,"tiered_pricing_type":"fixed","tiered_pricing_fixed_rules":{"30":8.6899999999999995026200849679298698902130126953125,"50":7.519999999999999573674358543939888477325439453125,"100":6.7400000000000002131628207280300557613372802734375,"200":6.21999999999999975131004248396493494510650634765625,"400":5.769999999999999573674358543939888477325439453125},"tiered_pricing_product_settings":{"layout":"default","base_unit_name":{"singular":null,"plural":null},"default_variation":null},"tiered_pricing_minimum_quantity":10,"tiered_pricing_roles_data":[],"tiered_pricing_percentage_rules":[],"tiered_pricing_maximum_quantity":null,"tiered_pricing_quantity_step":"10","_links":{"self":[{"href":"https:\/\/aiviouvapes.com\/ro\/wp-json\/wp\/v2\/product\/6125","targetHints":{"allow":["GET"]}}],"collection":[{"href":"https:\/\/aiviouvapes.com\/ro\/wp-json\/wp\/v2\/product"}],"about":[{"href":"https:\/\/aiviouvapes.com\/ro\/wp-json\/wp\/v2\/types\/product"}],"replies":[{"embeddable":true,"href":"https:\/\/aiviouvapes.com\/ro\/wp-json\/wp\/v2\/comments?post=6125"}],"wp:featuredmedia":[{"embeddable":true,"href":"https:\/\/aiviouvapes.com\/ro\/wp-json\/wp\/v2\/media\/8991"}],"wp:attachment":[{"href":"https:\/\/aiviouvapes.com\/ro\/wp-json\/wp\/v2\/media?parent=6125"}],"wp:term":[{"taxonomy":"product_brand","embeddable":true,"href":"https:\/\/aiviouvapes.com\/ro\/wp-json\/wp\/v2\/product_brand?post=6125"},{"taxonomy":"product_cat","embeddable":true,"href":"https:\/\/aiviouvapes.com\/ro\/wp-json\/wp\/v2\/product_cat?post=6125"},{"taxonomy":"product_tag","embeddable":true,"href":"https:\/\/aiviouvapes.com\/ro\/wp-json\/wp\/v2\/product_tag?post=6125"}],"curies":[{"name":"wp","href":"https:\/\/api.w.org\/{rel}","templated":true}]}}